{"id":1138,"date":"2018-01-08T16:59:03","date_gmt":"2018-01-08T15:59:03","guid":{"rendered":"https:\/\/missbowel.com\/?page_id=1138"},"modified":"2019-06-07T12:41:39","modified_gmt":"2019-06-07T10:41:39","slug":"preguntas-dudas-frecuentes-ostomia","status":"publish","type":"page","link":"https:\/\/missbowel.com\/en\/preguntas-dudas-frecuentes-ostomia\/","title":{"rendered":"Preguntas y dudas frecuentes"},"content":{"rendered":"<div class=\"wpb-content-wrapper\"><div      class=\"vc_row wpb_row section vc_row-fluid\" style=' text-align:left;'><div class=\"full_section_inner clearfix\"><div class=\"wpb_column vc_column_container vc_col-sm-12\"><div class=\"vc_column-inner\"><div class=\"wpb_wrapper\">\n\t<div class=\"wpb_text_column wpb_content_element\">\n\t\t<div class=\"wpb_wrapper\">\n\t\t\t<h3 style=\"text-align: center;\">Colostom\u00eda, urostom\u00eda o ileostom\u00eda,<br \/>\naqu\u00ed tienes todas las respuestas<\/h3>\n<p>&nbsp;<\/p>\n<h4>\u00bfUsar\u00e9 siempre la misma bolsa con la que salgo del hospital?<\/h4>\n<p>Lo m\u00e1s habitual es que te hayan dado de alta con una bolsa transparente. El motivo de que la bolsa sea transparente es para poder visualizar mejor el estoma y asegurarse que todo va bien y es correcto.<\/p>\n<p>&nbsp;<\/p>\n<p>Una vez que han pasado los primeros meses, ya puedes utilizar bolsas opacas, que son mucho m\u00e1s discretas. Hay muchos tama\u00f1os y tipos. Junto a tu estomaterapeuta, descubrir\u00e1s cual es la que m\u00e1s se ajusta a tus necesidades.<\/p>\n<p>&nbsp;<\/p>\n<h4>\u00bfCon qu\u00e9 frecuencia debo cambiar mi bolsa?<\/h4>\n<p>Tantas veces como quieras o sea necesario. Ir\u00e1s adaptando el cambio de bolsa a tu rutina habitual. La mayor\u00eda de las personas lo hacen 4-5 veces al d\u00eda para no tener una bolsa muy voluminosa en el abdomen.<\/p>\n<p>&nbsp;<\/p>\n<h4>\u00bfEl estoma duele?<\/h4>\n<p>En la mucosa del estoma no existen terminaciones nerviosas, por ello nunca sentir\u00e1s dolor al tocarlo. No tengas miedo, l\u00e1valo, s\u00e9calo y t\u00f3calo con confianza, el estoma no es una herida.<\/p>\n<p>&nbsp;<\/p>\n<p>Si crees sentir dolor seguramente ser\u00e1 la piel de alrededor, entonces lo mejor es consultarlo con tu estomaterapeuta.<\/p>\n<p>&nbsp;<\/p>\n<h4>\u00bfEl estoma puede sangrar?<\/h4>\n<p>El estoma es una mucosa muy vascularizada (con muchos vasos sangu\u00edneos) y en la manipulaci\u00f3n diaria durante la higiene, colocaci\u00f3n y retirada del dispositivo el estoma puede sangrar, pero no hay que alarmarse por ello, normalmente el sangrado cede al dejar de tocarlo. Si no deja de sangrar o incluso si ves sangre dentro de la bolsa, entonces s\u00ed que debes consultarlo con tu estomaterapeuta.<\/p>\n<p>&nbsp;<\/p>\n<h4>\u00bfPuede el estoma estar en contacto con el agua?<\/h4>\n<p>Evidentemente que s\u00ed. El estoma no se da\u00f1a con el agua, ni hay peligro de que el agua entre en su interior. Puedes ducharte a diario con o sin bolsa. Debes realizar la higiene sin miedo. Puedes ba\u00f1arte en la playa y en las piscinas, en este caso, te recomendamos que te ba\u00f1es siempre con bolsa.<\/p>\n<p>&nbsp;<\/p>\n<h4>\u00a0<strong>\u00bfEs normal sentir ganas de defecar por el ano?<\/strong><\/h4>\n<p>Despu\u00e9s de que te realicen una ostom\u00eda, es posible sentir impulsos de defecar por la v\u00eda natural\/ano. Es normal que ocurra. No debes asustarte. Sentarte en el inodoro y simular la defecaci\u00f3n puede aliviarte. A veces se puede llegar a expulsar mucosidad.<\/p>\n<p>&nbsp;<\/p>\n<h4>\u00a0\u00bfEl disco puede despegarse y tener un escape?<\/h4>\n<p>En general los adhesivos de los discos de las bolsas de ostom\u00eda est\u00e1n dise\u00f1ados para que se adhieran a la piel y se mantengan bien pegados. Aun as\u00ed, hay veces que se despegan. Si tienes despegues continuos y frecuentes puede ser debido a varios motivos: que no lo pegues bien, que tengas la piel h\u00fameda, que el dispositivo no sea el m\u00e1s adecuado&#8230; Lo mejor es que lo consultes con tu estomaterapeuta y juntos valor\u00e9is todas las situaciones.<\/p>\n<p>&nbsp;<\/p>\n<h4>\u00bfQue puedo hacer para disimular los gases y olores?<\/h4>\n<p>Las bolsas de ostom\u00eda llevan un filtro de carb\u00f3n activo que minimiza el olor y por el que se expulsan los gases. Tambi\u00e9n existen desodarantes que se pueden introducir dentro de la bolsa.<\/p>\n<p>&nbsp;<\/p>\n<p>Es importante poner atenci\u00f3n en la dieta. Conocer qu\u00e9 alimentos es mejor evitar para prevenir los gases y el olor, y qu\u00e9 alimentos se aconsejan para que ayuden a minimizar estos problemas.<\/p>\n<p>&nbsp;<\/p>\n<h4>\u00bfPor qu\u00e9 se recomienda no ganar mucho peso?<\/h4>\n<p>Es normal que despu\u00e9s de la intervenci\u00f3n y tras liberarse de la enfermedad y los tratamientos se gane algo de peso.<\/p>\n<p>&nbsp;<\/p>\n<p>Si engordas demasiado, puede ocurrir que la pared abdominal se expanda y se produzca alg\u00fan cambio en el estoma (hundimiento, prolapso, hernias..). Adem\u00e1s los pliegues en el abdomen pueden dificultar la colocaci\u00f3n del dispositivo provocando que no se pegue correctamente y d\u00e9 lugar a fugas o escapes.<\/p>\n<p>&nbsp;<\/p>\n<h4>\u00bfPuedo taponar el estoma, usar el obturador o hacer la irrigaci\u00f3n?<\/h4>\n<p>El uso de tapones\/obturadores e irrigaci\u00f3n s\u00f3lo est\u00e1 indicado en el caso de colostom\u00eda descendente y\/o sigmoide con un h\u00e1bito regular y peri\u00f3dico.<\/p>\n<p>&nbsp;<\/p>\n<p>El obturador y la irrigaci\u00f3n forman parte del grupo de dispositivos continentes, esto quiere decir que si los usamos bien nos van a ayudar a recuperar el autocontrol en el momento de la evacuaci\u00f3n. Ambos sistemas se pueden usar en conjunto o por separado.<\/p>\n<p>&nbsp;<\/p>\n<p>En los estomas de una colostom\u00eda derecha, ileostom\u00eda y urostom\u00eda que son m\u00e1s productivos y carecen de regularidad, no se puede hacer uso de los dispositivos continentes.<\/p>\n<p>&nbsp;<\/p>\n<p>Antes de usar cualquiera de estos dispositivos debes consultarlo con tu estomaterapeuta.<\/p>\n<p>&nbsp;<\/p>\n<h4>Si bebo menos, \u00bfconseguir\u00e9 tener unas heces m\u00e1s espesas?<\/h4>\n<p>Algunas personas ostomizadas piensan que bebiendo menos consiguen espesar las heces o que el estoma sea menos productivo. Este es un grave error que puede tener repercusiones negativas.<\/p>\n<p>&nbsp;<\/p>\n<p>En las urostom\u00edas, beber menos puede provocar mayor riesgo de c\u00e1lculos al tener la orina m\u00e1s concentrada y provocar infecci\u00f3n. Y en las ileostom\u00edas, beber menos, puede provocar deshidrataci\u00f3n.<\/p>\n<p>&nbsp;<\/p>\n<p>Por tanto, es muy importante beber agua y otros l\u00edquidos como infusiones.<\/p>\n<p>&nbsp;<\/p>\n<h4>\u00bfDebo tener cuidado si tomo alg\u00fan medicamento?<\/h4>\n<p>Es importante saber que la ostom\u00eda puede afectar a la absorci\u00f3n de algunos medicamentos. Es mejor que informes siempre\u00a0 de que llevas una ostom\u00eda si has de iniciar un tratamiento nuevo. Algunos f\u00e1rmacos pueden producir diarreas, estre\u00f1imiento o cambios de color y olor en las heces o en la orina.<\/p>\n<p>&nbsp;<\/p>\n<h4>\u00bfPodr\u00e9 trabajar con una ostom\u00eda?<\/h4>\n<p>La recuperaci\u00f3n tras la intervenci\u00f3n puede obligarte a permanecer durante un tiempo apartado del trabajo, pero en cuanto est\u00e9s recuperado podr\u00e1s volver a tu rutina de vida habitual, tanto en el trabajo como en tu vida social y familiar. Visita nuestro apartado de <strong><a style=\"color: #e84545; text-decoration: underline;\" href=\"https:\/\/missbowel.com\/en\/dia-dia-una-ostomia\/\">d\u00eda a d\u00eda<\/a><\/strong>.<\/p>\n<p>&nbsp;<\/p>\n<h4>\u00bfPuedo quedarme embarazada con una ostom\u00eda?<\/h4>\n<p>Las mujeres en edad f\u00e9rtil pueden perfectamente plantearse la posibilidad de quedarse embarazadas, aunque se recomienda esperar entre 1 y 2 a\u00f1os tras la intervenci\u00f3n quir\u00fargica.<\/p>\n<p>&nbsp;<\/p>\n<h4>\u00bfPuedo practicar sexo con una ostom\u00eda?<\/h4>\n<p>\u00a1Claro que s\u00ed! La sexualidad es parte de la vida de todas las personas y por lo tanto debe recuperarse lo antes posible.<\/p>\n<p>&nbsp;<\/p>\n<p>Es normal que tras la cirug\u00eda necesites un tiempo para recuperarte, sentirte seguro y que\u00a0 aumente tu deseo sexual, pero siguiendo algunos consejos es casi seguro que tus relaciones sexuales volver\u00e1n a ser igual de satisfactorias que antes de llevar una ostom\u00eda. Te animamos a visitar nuestro apartado de<strong> <a style=\"color: #e84545; text-decoration: underline;\" href=\"https:\/\/missbowel.com\/en\/sexo-ostomias\/\">vida sexual<\/a><\/strong>.<\/p>\n<p>&nbsp;<\/p>\n<h4>\u00bfPuedo ir de viaje?<\/h4>\n<p>Puedes dar la vuelta al mundo si lo deseas. Llevar una ostom\u00eda no te impide viajar, compru\u00e9balo en nuestro apartado de <a href=\"https:\/\/missbowel.com\/en\/viajes-y-ostomia\/\"><strong>viajes<\/strong><\/a>.<\/p>\n<p>&nbsp;<\/p>\n<h4>Cu\u00e1ndo contactar con un profesional sanitario<\/h4>\n<p>Contacta con tu estomaterapeuta si:<\/p>\n<p>&nbsp;<\/p>\n<ul>\n<li>El estoma huele mal, est\u00e1 drenando pus o est\u00e1 sangrando mucho.<\/li>\n<li>El estoma est\u00e1 cambiando de alguna manera. Es de un color diferente, se est\u00e1 alargando, se ha hundido o crees tener una hernia.<\/li>\n<li>La piel de alrededor del estoma est\u00e1 muy irritada.<\/li>\n<li>Hay sangre en las heces.<\/li>\n<li>Tienes una fiebre o sensaci\u00f3n de escalofr\u00edos.<\/li>\n<li>Tienes n\u00e1useas o v\u00f3mitos.<\/li>\n<li>Tienes diarreas o tus heces son m\u00e1s l\u00edquidas de lo habitual.<\/li>\n<li>Tienes mucho dolor abdominal o te sientes muy inflamado.<\/li>\n<li>Est\u00e1s muy estre\u00f1ido y hace horas que la bolsa no es productiva.<\/li>\n<\/ul>\n<p>&nbsp;<\/p>\n<p>&nbsp;<\/p>\n<p style=\"text-align: center;\"><strong>Comparte esta informaci\u00f3n si crees que puede ayudar a otros<\/strong><\/p>\n\n\t\t<\/div> \n\t<\/div> <\/div><\/div><\/div><\/div><\/div>\n<\/div>","protected":false},"excerpt":{"rendered":"Colostom\u00eda, urostom\u00eda o ileostom\u00eda, aqu\u00ed tienes todas las respuestas &nbsp;...","protected":false},"author":2,"featured_media":0,"parent":0,"menu_order":0,"comment_status":"closed","ping_status":"closed","template":"","meta":{"footnotes":""},"class_list":["post-1138","page","type-page","status-publish","hentry"],"yoast_head":"<!-- This site is optimized with the Yoast SEO plugin v26.5 - https:\/\/yoast.com\/wordpress\/plugins\/seo\/ -->\n<title>Preguntas y dudas frecuentes - Miss Bowel<\/title>\n<meta name=\"robots\" content=\"index, follow, max-snippet:-1, max-image-preview:large, max-video-preview:-1\" \/>\n<link rel=\"canonical\" href=\"https:\/\/missbowel.com\/en\/preguntas-dudas-frecuentes-ostomia\/\" \/>\n<meta property=\"og:locale\" content=\"en_GB\" \/>\n<meta property=\"og:type\" content=\"article\" \/>\n<meta property=\"og:title\" content=\"Preguntas y dudas frecuentes - Miss Bowel\" \/>\n<meta property=\"og:url\" content=\"https:\/\/missbowel.com\/en\/preguntas-dudas-frecuentes-ostomia\/\" \/>\n<meta property=\"og:site_name\" content=\"Miss Bowel\" \/>\n<meta property=\"article:modified_time\" content=\"2019-06-07T10:41:39+00:00\" \/>\n<meta name=\"twitter:card\" content=\"summary_large_image\" \/>\n<meta name=\"twitter:label1\" content=\"Estimated reading time\" \/>\n\t<meta name=\"twitter:data1\" content=\"7 minutes\" \/>\n<script type=\"application\/ld+json\" class=\"yoast-schema-graph\">{\"@context\":\"https:\/\/schema.org\",\"@graph\":[{\"@type\":\"WebPage\",\"@id\":\"https:\/\/missbowel.com\/preguntas-dudas-frecuentes-ostomia\/\",\"url\":\"https:\/\/missbowel.com\/preguntas-dudas-frecuentes-ostomia\/\",\"name\":\"Preguntas y dudas frecuentes - Miss Bowel\",\"isPartOf\":{\"@id\":\"https:\/\/missbowel.com\/#website\"},\"datePublished\":\"2018-01-08T15:59:03+00:00\",\"dateModified\":\"2019-06-07T10:41:39+00:00\",\"breadcrumb\":{\"@id\":\"https:\/\/missbowel.com\/preguntas-dudas-frecuentes-ostomia\/#breadcrumb\"},\"inLanguage\":\"en-GB\",\"potentialAction\":[{\"@type\":\"ReadAction\",\"target\":[\"https:\/\/missbowel.com\/preguntas-dudas-frecuentes-ostomia\/\"]}]},{\"@type\":\"BreadcrumbList\",\"@id\":\"https:\/\/missbowel.com\/preguntas-dudas-frecuentes-ostomia\/#breadcrumb\",\"itemListElement\":[{\"@type\":\"ListItem\",\"position\":1,\"name\":\"Portada\",\"item\":\"https:\/\/missbowel.com\/\"},{\"@type\":\"ListItem\",\"position\":2,\"name\":\"Preguntas y dudas frecuentes\"}]},{\"@type\":\"WebSite\",\"@id\":\"https:\/\/missbowel.com\/#website\",\"url\":\"https:\/\/missbowel.com\/\",\"name\":\"Miss Bowel\",\"description\":\"Productos para ostomias\",\"potentialAction\":[{\"@type\":\"SearchAction\",\"target\":{\"@type\":\"EntryPoint\",\"urlTemplate\":\"https:\/\/missbowel.com\/?s={search_term_string}\"},\"query-input\":{\"@type\":\"PropertyValueSpecification\",\"valueRequired\":true,\"valueName\":\"search_term_string\"}}],\"inLanguage\":\"en-GB\"}]}<\/script>\n<!-- \/ Yoast SEO plugin. -->","yoast_head_json":{"title":"Preguntas y dudas frecuentes - Miss Bowel","robots":{"index":"index","follow":"follow","max-snippet":"max-snippet:-1","max-image-preview":"max-image-preview:large","max-video-preview":"max-video-preview:-1"},"canonical":"https:\/\/missbowel.com\/en\/preguntas-dudas-frecuentes-ostomia\/","og_locale":"en_GB","og_type":"article","og_title":"Preguntas y dudas frecuentes - Miss Bowel","og_url":"https:\/\/missbowel.com\/en\/preguntas-dudas-frecuentes-ostomia\/","og_site_name":"Miss Bowel","article_modified_time":"2019-06-07T10:41:39+00:00","twitter_card":"summary_large_image","twitter_misc":{"Estimated reading time":"7 minutes"},"schema":{"@context":"https:\/\/schema.org","@graph":[{"@type":"WebPage","@id":"https:\/\/missbowel.com\/preguntas-dudas-frecuentes-ostomia\/","url":"https:\/\/missbowel.com\/preguntas-dudas-frecuentes-ostomia\/","name":"Preguntas y dudas frecuentes - Miss Bowel","isPartOf":{"@id":"https:\/\/missbowel.com\/#website"},"datePublished":"2018-01-08T15:59:03+00:00","dateModified":"2019-06-07T10:41:39+00:00","breadcrumb":{"@id":"https:\/\/missbowel.com\/preguntas-dudas-frecuentes-ostomia\/#breadcrumb"},"inLanguage":"en-GB","potentialAction":[{"@type":"ReadAction","target":["https:\/\/missbowel.com\/preguntas-dudas-frecuentes-ostomia\/"]}]},{"@type":"BreadcrumbList","@id":"https:\/\/missbowel.com\/preguntas-dudas-frecuentes-ostomia\/#breadcrumb","itemListElement":[{"@type":"ListItem","position":1,"name":"Portada","item":"https:\/\/missbowel.com\/"},{"@type":"ListItem","position":2,"name":"Preguntas y dudas frecuentes"}]},{"@type":"WebSite","@id":"https:\/\/missbowel.com\/#website","url":"https:\/\/missbowel.com\/","name":"Miss Bowel","description":"Productos para ostomias","potentialAction":[{"@type":"SearchAction","target":{"@type":"EntryPoint","urlTemplate":"https:\/\/missbowel.com\/?s={search_term_string}"},"query-input":{"@type":"PropertyValueSpecification","valueRequired":true,"valueName":"search_term_string"}}],"inLanguage":"en-GB"}]}},"_links":{"self":[{"href":"https:\/\/missbowel.com\/en\/wp-json\/wp\/v2\/pages\/1138","targetHints":{"allow":["GET"]}}],"collection":[{"href":"https:\/\/missbowel.com\/en\/wp-json\/wp\/v2\/pages"}],"about":[{"href":"https:\/\/missbowel.com\/en\/wp-json\/wp\/v2\/types\/page"}],"author":[{"embeddable":true,"href":"https:\/\/missbowel.com\/en\/wp-json\/wp\/v2\/users\/2"}],"replies":[{"embeddable":true,"href":"https:\/\/missbowel.com\/en\/wp-json\/wp\/v2\/comments?post=1138"}],"version-history":[{"count":17,"href":"https:\/\/missbowel.com\/en\/wp-json\/wp\/v2\/pages\/1138\/revisions"}],"predecessor-version":[{"id":12807,"href":"https:\/\/missbowel.com\/en\/wp-json\/wp\/v2\/pages\/1138\/revisions\/12807"}],"wp:attachment":[{"href":"https:\/\/missbowel.com\/en\/wp-json\/wp\/v2\/media?parent=1138"}],"curies":[{"name":"wp","href":"https:\/\/api.w.org\/{rel}","templated":true}]}}