{"id":254,"date":"2017-11-20T17:59:01","date_gmt":"2017-11-20T16:59:01","guid":{"rendered":"http:\/\/francastillo.com\/missbowel\/?page_id=254"},"modified":"2018-05-22T19:15:06","modified_gmt":"2018-05-22T17:15:06","slug":"politica-de-privacidad","status":"publish","type":"page","link":"https:\/\/missbowel.com\/en\/politica-de-privacidad\/","title":{"rendered":"Privacy Policy"},"content":{"rendered":"<p>Seg\u00fan lo establecido en el RGPD (Reglamento (UE) 2016\/679), les proporcionamos la Informaci\u00f3n Detallada de Protecci\u00f3n de Datos que se expone a continuaci\u00f3n:<\/p>\n<p><strong>Responsable:<\/strong><\/p>\n<p>Raz\u00f3n Social: Miss Bowel &#8211; Bowel, S.C.P.<\/p>\n<p>C.I.F.: J66369695.<\/p>\n<p>Direcci\u00f3n: C\/ Sant Miquel, 28, 3\u00ba 4\u00aa, 08320 \u2013 El Masnou (Barcelona).<\/p>\n<p>Correo Electr\u00f3nico: info@missbowel.com.<\/p>\n<p><strong>Finalidad:<\/strong><\/p>\n<p>Le informamos que los Datos de Car\u00e1cter Personal recogidos, ser\u00e1n incorporados a un Fichero bajo nuestra responsabilidad, con la finalidad de gestionar el env\u00edo de la informaci\u00f3n que nos soliciten y facilitar a los interesados ofertas de productos y servicios de su inter\u00e9s, as\u00ed como realizar la facturaci\u00f3n de los productos adquiridos en nuestra P\u00e1gina Web. Los datos proporcionados se conservar\u00e1n mientras se mantenga la relaci\u00f3n comercial, durante los a\u00f1os necesarios para cumplir con las obligaciones legales o se solicite su supresi\u00f3n por el interesado.<\/p>\n<p><strong>Legitimaci\u00f3n:<\/strong><\/p>\n<p>Los Datos de Car\u00e1cter Personal obtenidos en esta P\u00e1gina Web, as\u00ed como la oferta de productos y servicios ofrecidos, est\u00e1 basada en el consentimiento que se le solicita al interesado.<\/p>\n<p>El interesado tendr\u00e1 derecho a retirar su consentimiento en cualquier momento. La retirada del consentimiento no afectar\u00e1 a la licitud del tratamiento basada en el consentimiento previo a su retirada.<\/p>\n<p><strong>Destinatarios:<\/strong><\/p>\n<p>No se ceder\u00e1n datos a terceros, salvo obligaci\u00f3n legal.<\/p>\n<p><strong>Derechos:<\/strong><\/p>\n<p>Usted como interesado directo, tiene derecho a obtener confirmaci\u00f3n sobre si en Miss Bowel &#8211; Bowel, S.C.P. estamos tratando datos personales que le conciernen, o no. Usted tiene derecho a acceder a sus datos personales, as\u00ed como a solicitar la rectificaci\u00f3n de los datos inexactos o, en su caso, solicitar su supresi\u00f3n cuando, entre otros motivos, los datos ya no sean necesarios para los fines que fueron recogidos.<\/p>\n<p>En determinadas circunstancias, usted podr\u00e1 solicitar la limitaci\u00f3n del tratamiento de sus datos, en cuyo caso \u00fanicamente los conservaremos para el ejercicio o la defensa de reclamaciones.<\/p>\n<p>En determinadas circunstancias y por motivos relacionados con su situaci\u00f3n particular, usted podr\u00e1 oponerse al tratamiento de sus datos. Miss Bowel &#8211; Bowel, S.C.P. dejar\u00e1 de tratar los datos, salvo por motivos leg\u00edtimos imperiosos, o el ejercicio o la defensa de posibles reclamaciones.<\/p>\n<p>En determinadas circunstancias, usted tendr\u00e1 derecho a recibir los datos personales que le incumban y que nos haya facilitado, y transmitirlos o solicitar que se los proporcionemos a un tercero sin objeci\u00f3n por nuestra parte (derecho a la portabilidad de datos).<\/p>\n<p>En determinadas circunstancias, le informamos que tendr\u00e1 derecho a no ser objeto de un decisi\u00f3n basada \u00fanicamente en el tratamiento automatizado, incluida la elaboraci\u00f3n de perfiles, que produzca efectos jur\u00eddicos sobre usted o le afecte significativamente de modo similar.<\/p>\n<p>&nbsp;<\/p>\n<p><span style=\"font-size: 18pt; color: #000000;\">Consentimiento de Newsletter<\/span><\/p>\n<p>En nombre de Miss Bowel &#8211; Bowel, S.C.P., le informamos que los Datos de Car\u00e1cter Personal recogidos, ser\u00e1n incorporados a un Fichero bajo nuestra responsabilidad, con la finalidad de mantenerle informado sobre las novedades de los productos y servicios que ofrecemos. Los datos proporcionados se conservar\u00e1n mientras se mantenga la relaci\u00f3n comercial o durante los a\u00f1os necesarios para cumplir con las obligaciones legales. Los datos no se ceder\u00e1n a terceros salvo en los casos en que exista una obligaci\u00f3n legal.<\/p>\n<p>Usted tiene derecho a obtener confirmaci\u00f3n sobre si Miss Bowel &#8211; Bowel, S.C.P. est\u00e1 tratando sus datos personales, por tanto tiene derecho a acceder a sus datos personales, rectificar los datos inexactos o solicitar su supresi\u00f3n cuando los datos ya no sean necesarios.<\/p>","protected":false},"excerpt":{"rendered":"<p>Seg\u00fan lo establecido en el RGPD (Reglamento (UE) 2016\/679), les&#8230;<\/p>","protected":false},"author":1,"featured_media":0,"parent":0,"menu_order":0,"comment_status":"closed","ping_status":"closed","template":"","meta":{"footnotes":""},"class_list":["post-254","page","type-page","status-publish","hentry"],"yoast_head":"<!-- This site is optimized with the Yoast SEO plugin v26.5 - https:\/\/yoast.com\/wordpress\/plugins\/seo\/ -->\n<title>Pol\u00edtica de privacidad - Miss Bowel<\/title>\n<meta name=\"robots\" content=\"index, follow, max-snippet:-1, max-image-preview:large, max-video-preview:-1\" \/>\n<link rel=\"canonical\" href=\"https:\/\/missbowel.com\/en\/politica-de-privacidad\/\" \/>\n<meta property=\"og:locale\" content=\"en_GB\" \/>\n<meta property=\"og:type\" content=\"article\" \/>\n<meta property=\"og:title\" content=\"Pol\u00edtica de privacidad - Miss Bowel\" \/>\n<meta property=\"og:description\" content=\"Seg\u00fan lo establecido en el RGPD (Reglamento (UE) 2016\/679), les...\" \/>\n<meta property=\"og:url\" content=\"https:\/\/missbowel.com\/en\/politica-de-privacidad\/\" \/>\n<meta property=\"og:site_name\" content=\"Miss Bowel\" \/>\n<meta property=\"article:modified_time\" content=\"2018-05-22T17:15:06+00:00\" \/>\n<meta name=\"twitter:card\" content=\"summary_large_image\" \/>\n<meta name=\"twitter:label1\" content=\"Estimated reading time\" \/>\n\t<meta name=\"twitter:data1\" content=\"3 minutes\" \/>\n<script type=\"application\/ld+json\" class=\"yoast-schema-graph\">{\"@context\":\"https:\/\/schema.org\",\"@graph\":[{\"@type\":\"WebPage\",\"@id\":\"https:\/\/missbowel.com\/politica-de-privacidad\/\",\"url\":\"https:\/\/missbowel.com\/politica-de-privacidad\/\",\"name\":\"Pol\u00edtica de privacidad - Miss Bowel\",\"isPartOf\":{\"@id\":\"https:\/\/missbowel.com\/#website\"},\"datePublished\":\"2017-11-20T16:59:01+00:00\",\"dateModified\":\"2018-05-22T17:15:06+00:00\",\"breadcrumb\":{\"@id\":\"https:\/\/missbowel.com\/politica-de-privacidad\/#breadcrumb\"},\"inLanguage\":\"en-GB\",\"potentialAction\":[{\"@type\":\"ReadAction\",\"target\":[\"https:\/\/missbowel.com\/politica-de-privacidad\/\"]}]},{\"@type\":\"BreadcrumbList\",\"@id\":\"https:\/\/missbowel.com\/politica-de-privacidad\/#breadcrumb\",\"itemListElement\":[{\"@type\":\"ListItem\",\"position\":1,\"name\":\"Portada\",\"item\":\"https:\/\/missbowel.com\/\"},{\"@type\":\"ListItem\",\"position\":2,\"name\":\"Pol\u00edtica de privacidad\"}]},{\"@type\":\"WebSite\",\"@id\":\"https:\/\/missbowel.com\/#website\",\"url\":\"https:\/\/missbowel.com\/\",\"name\":\"Miss Bowel\",\"description\":\"Productos para ostomias\",\"potentialAction\":[{\"@type\":\"SearchAction\",\"target\":{\"@type\":\"EntryPoint\",\"urlTemplate\":\"https:\/\/missbowel.com\/?s={search_term_string}\"},\"query-input\":{\"@type\":\"PropertyValueSpecification\",\"valueRequired\":true,\"valueName\":\"search_term_string\"}}],\"inLanguage\":\"en-GB\"}]}<\/script>\n<!-- \/ Yoast SEO plugin. -->","yoast_head_json":{"title":"Pol\u00edtica de privacidad - Miss Bowel","robots":{"index":"index","follow":"follow","max-snippet":"max-snippet:-1","max-image-preview":"max-image-preview:large","max-video-preview":"max-video-preview:-1"},"canonical":"https:\/\/missbowel.com\/en\/politica-de-privacidad\/","og_locale":"en_GB","og_type":"article","og_title":"Pol\u00edtica de privacidad - Miss Bowel","og_description":"Seg\u00fan lo establecido en el RGPD (Reglamento (UE) 2016\/679), les...","og_url":"https:\/\/missbowel.com\/en\/politica-de-privacidad\/","og_site_name":"Miss Bowel","article_modified_time":"2018-05-22T17:15:06+00:00","twitter_card":"summary_large_image","twitter_misc":{"Estimated reading time":"3 minutes"},"schema":{"@context":"https:\/\/schema.org","@graph":[{"@type":"WebPage","@id":"https:\/\/missbowel.com\/politica-de-privacidad\/","url":"https:\/\/missbowel.com\/politica-de-privacidad\/","name":"Pol\u00edtica de privacidad - Miss Bowel","isPartOf":{"@id":"https:\/\/missbowel.com\/#website"},"datePublished":"2017-11-20T16:59:01+00:00","dateModified":"2018-05-22T17:15:06+00:00","breadcrumb":{"@id":"https:\/\/missbowel.com\/politica-de-privacidad\/#breadcrumb"},"inLanguage":"en-GB","potentialAction":[{"@type":"ReadAction","target":["https:\/\/missbowel.com\/politica-de-privacidad\/"]}]},{"@type":"BreadcrumbList","@id":"https:\/\/missbowel.com\/politica-de-privacidad\/#breadcrumb","itemListElement":[{"@type":"ListItem","position":1,"name":"Portada","item":"https:\/\/missbowel.com\/"},{"@type":"ListItem","position":2,"name":"Pol\u00edtica de privacidad"}]},{"@type":"WebSite","@id":"https:\/\/missbowel.com\/#website","url":"https:\/\/missbowel.com\/","name":"Miss Bowel","description":"Productos para ostomias","potentialAction":[{"@type":"SearchAction","target":{"@type":"EntryPoint","urlTemplate":"https:\/\/missbowel.com\/?s={search_term_string}"},"query-input":{"@type":"PropertyValueSpecification","valueRequired":true,"valueName":"search_term_string"}}],"inLanguage":"en-GB"}]}},"_links":{"self":[{"href":"https:\/\/missbowel.com\/en\/wp-json\/wp\/v2\/pages\/254","targetHints":{"allow":["GET"]}}],"collection":[{"href":"https:\/\/missbowel.com\/en\/wp-json\/wp\/v2\/pages"}],"about":[{"href":"https:\/\/missbowel.com\/en\/wp-json\/wp\/v2\/types\/page"}],"author":[{"embeddable":true,"href":"https:\/\/missbowel.com\/en\/wp-json\/wp\/v2\/users\/1"}],"replies":[{"embeddable":true,"href":"https:\/\/missbowel.com\/en\/wp-json\/wp\/v2\/comments?post=254"}],"version-history":[{"count":9,"href":"https:\/\/missbowel.com\/en\/wp-json\/wp\/v2\/pages\/254\/revisions"}],"predecessor-version":[{"id":2066,"href":"https:\/\/missbowel.com\/en\/wp-json\/wp\/v2\/pages\/254\/revisions\/2066"}],"wp:attachment":[{"href":"https:\/\/missbowel.com\/en\/wp-json\/wp\/v2\/media?parent=254"}],"curies":[{"name":"wp","href":"https:\/\/api.w.org\/{rel}","templated":true}]}}