{"id":256,"date":"2017-11-20T18:06:06","date_gmt":"2017-11-20T17:06:06","guid":{"rendered":"http:\/\/francastillo.com\/missbowel\/?page_id=256"},"modified":"2022-08-02T22:59:49","modified_gmt":"2022-08-02T20:59:49","slug":"condiciones-generales-contratacion","status":"publish","type":"page","link":"https:\/\/missbowel.com\/en\/condiciones-generales-contratacion\/","title":{"rendered":"General Terms and Conditions of Service"},"content":{"rendered":"<h2>Generalidades<\/h2>\n<p>En adelante se establecen las Condiciones Generales de Contrataci\u00f3n (en adelante, \u201cCGC\u201d) de la relaci\u00f3n contractual que tiene por objeto la compraventa de productos ofrecidos desde la p\u00e1gina web\u00a0www.missbowel.com, titularidad de Bowel SCP (en adelante, \u201cMiss Bowel\u201d), con domicilio en Calle Sant Miquel n\u00ba 28, 3\u00ba4\u00ba, 08320 El Masnou,\u00a0Barcelona, Espa\u00f1a, con CIF: J-66369695, y las personas f\u00edsicas o jur\u00eddicas (en adelante, \u201cclientes\u201d) que manifiesten la voluntad de comprar dichos productos mediante la solicitud realizada v\u00eda Internet, a trav\u00e9s de este sitio web.<br \/>\nLa solicitud del cliente constituye las condiciones particulares a las que van asociadas las presentes CGC, que el cliente debe consultar con car\u00e1cter previo a la compra del producto. Al cliente se le exponen a trav\u00e9s del sitio web www.missbowel.com\u00a0las presentes CGC, para que las lea, las imprima, archive y acepte, no pudiendo el cliente comprar el producto sin que se haya producido dicha consulta. El cliente siempre dispondr\u00e1 de estas CGC en un sitio visible y libremente accesible de la web.<br \/>\nLas presentes CGC unidas a la solicitud de los productos concretos realizada por el cliente implican la formalizaci\u00f3n del contrato de compraventa entre Miss Bowel\u00a0y el cliente que afirma:<br \/>\na) haber le\u00eddo, entendido y aceptado las presentes Condiciones Generales de Contrataci\u00f3n.<br \/>\nb) que es una persona mayor de edad y con plena capacidad para contratar.<\/p>\n<h2>Legislaci\u00f3n aplicable y alteraci\u00f3n de las CGC<\/h2>\n<p>Las presentes CGC, est\u00e1n sujetas a lo dispuesto en la Ley 7\/1998, de 13 de abril, sobre Condiciones Generales de Contrataci\u00f3n, el RDL 1\/2007, de 16 de noviembre, General para la Defensa de Consumidores y Usuarios, al Real Decreto 1906\/1999, de 17 de diciembre de 1999, por el que se regula la Contrataci\u00f3n Telef\u00f3nica o Electr\u00f3nica con condiciones generales, la Ley Org\u00e1nica 15\/1999, de 13 de diciembre, de Protecci\u00f3n de Datos de Car\u00e1cter Personal, la Ley 7\/1996, de 15 de enero de Ordenaci\u00f3n del Comercio Minorista y a la Ley 34\/2002 de 11 de julio, de Servicios de la Sociedad de la Informaci\u00f3n y de Comercio Electr\u00f3nico.<br \/>\nMiss Bowel se reserva el derecho de modificar las presentes CGC en cualquier momento, sin necesidad de comunicarlo previamente al cliente, que en cualquier caso, es el \u00fanico responsable de revisarlas como requisito previo e indispensable a la adquisici\u00f3n de cualquier producto disponible a trav\u00e9s de la p\u00e1gina web Miss Bowel. En cualquier caso, se considerar\u00e1n como v\u00e1lidas y aplicables las CGC que estuvieran expuestas en la web en el momento que el cliente adquiera los correspondientes productos.<\/p>\n<h2>Informaci\u00f3n sobre los productos puestos a la venta<\/h2>\n<p>Las descripciones de los productos ofrecidas por Miss Bowel se corresponden con las proporcionadas por las propias marcas y cumplen una funci\u00f3n informativa. Miss Bowel pone a disposici\u00f3n de sus clientes un servicio de asesoramiento personalizado que podr\u00e1 ampliar la informaci\u00f3n respecto a los productos ofrecidos, as\u00ed como un servicio de atenci\u00f3n al cliente que podr\u00e1 aclarar las dudas o discrepancias que pudieran presentarse durante y despu\u00e9s de la venta. Todos los clientes disponen de un derecho de retractaci\u00f3n de 14 d\u00edas naturales, tal y como establece el RDL 1\/2007, de 16 de noviembre.<\/p>\n<h2>Modalidades de pedidos<\/h2>\n<p>Los clientes podr\u00e1n realizar sus pedidos a trav\u00e9s del escaparate de\u00a0www.missbowel.com. Para ello deben garantizar que est\u00e1n plenamente autorizados a utilizar la tarjeta o cuenta de pago suministrada. S\u00f3lo las personas con la capacidad jur\u00eddica necesaria para suscribir contratos relativos a la clase de bienes y servicios propuestos en esta p\u00e1gina web pueden realizar pedidos en Miss Bowel. Los datos archivados por Miss Bowel constituyen la prueba de todas las transacciones realizadas entre Miss Bowel y sus clientes.<br \/>\nMiss Bowel confirmar\u00e1 al cliente, en un plazo m\u00e1ximo de 24 horas, que su pedido ha sido registrado.<br \/>\nLa informaci\u00f3n contractual ser\u00e1 facilitada por Miss Bowel a los clientes a trav\u00e9s de su web. En caso de que Miss Bowel tenga la intenci\u00f3n de utilizar la direcci\u00f3n de correo electr\u00f3nico facilitada por el cliente en el marco de la suscripci\u00f3n de sus pedidos, para el env\u00edo de posteriores comunicaciones comerciales, no deber\u00e1 ponerlo en conocimiento del cliente de manera expresa ni solicitar su consentimiento. Dicho consentimiento podr\u00e1 ser revocado por el cliente en cualquier momento que lo considere oportuno, mediante el simple env\u00edo de un e-mail a Miss Bowel.<\/p>\n<h2>Precios<\/h2>\n<p>Los precios de los productos expuestos se indican con todos los impuestos incluidos y sin incluir los costes de preparaci\u00f3n y de env\u00edo.<br \/>\nLa participaci\u00f3n en los costes de preparaci\u00f3n y de env\u00edo se entiende tambi\u00e9n con todos los impuestos incluidos.<br \/>\nLos gastos de transporte se consignan siempre por separado y pueden verse antes de finalizar la compra.<\/p>\n<p>El c\u00e1lculo de los gastos de env\u00edo se realiza en funci\u00f3n de una base gen\u00e9rica, m\u00e1s la inclusi\u00f3n de cada art\u00edculo.<\/p>\n<p>En lo que se refiere a los precios comparativos indicados al lado del precio de venta, se establecen utilizando o bien el precio de cat\u00e1logo calculado por el proveedor o bien los precios constatados por los servicios de Miss Bowel en uno o varios puntos de venta de todo el pa\u00eds. Miss Bowel se reserva el derecho de modificar estos precios en cualquier momento, sin embargo, los productos se facturar\u00e1n sobre la base de las tarifas en vigor en el momento del registro de los pedidos (siempre que no existan erratas y queden existencias). En el caso de que estas modificaciones derivasen en la anulaci\u00f3n del pedido \/ producto o en un reintegro hacia el comprador, ser\u00eda notificado inmediatamente.<\/p>\n<p>Los productos seguir\u00e1n siendo de la propiedad del proveedor hasta que tenga lugar el pago \u00edntegro del precio.<\/p>\n<p>Miss Bowel se reserva el derecho de rechazar cualquier pedido de un cliente con quien exista un litigio o tenga dudas razonables sobre la legitimidad del mismo.<\/p>\n<h2>Disponibilidad de los productos<\/h2>\n<p>Miss Bowel garantiza a sus clientes un stock m\u00ednimo de cada uno de los productos que actualmente se encuentran disponibles. Sin embargo, si se diese el caso de indisponibilidad de un producto una vez realizado el pedido y antes del fin del proceso de env\u00edo de la venta en cuesti\u00f3n, el cliente ser\u00e1 informado por e-mail o por tel\u00e9fono del env\u00edo parcial o de la anulaci\u00f3n de su pedido. Si ya se hubiese efectuado el cargo en cuenta en el momento de dar la informaci\u00f3n relativa a la indisponibilidad del producto, se realizar\u00e1 un reembolso por los importes correspondientes, informando al cliente acerca del mismo mediante el env\u00edo de un e-mail. Iniciado dicho procedimiento, Miss Bowel proceder\u00e1 al reintegro del importe satisfecho por el cliente a trav\u00e9s de transferencia bancaria, para la cual necesitaremos un n\u00famero de cuenta que el cliente deber\u00e1 facilitar a Miss Bowel. Asimismo, Miss Bowel garantiza que todos los productos que tiene en stock se encuentran almacenados en condiciones \u00f3ptimas, garantizando la humedad y luz adecuada a cada producto seg\u00fan sus caracter\u00edsticas.<\/p>\n<h2>Pago<\/h2>\n<p>El pago de las compras se efect\u00faa mediante tarjeta de cr\u00e9dito o Paypal . Las tarjetas de cr\u00e9dito aceptadas son: Visa, Mastercard y 4B. El importe de las compras ser\u00e1 cargado en la cuenta del cliente\u00a0 una vez recibida la confirmaci\u00f3n de autorizaci\u00f3n por parte de la pasarela de pago. En caso de producirse un rechazo del banco o Paypal, el pedido ser\u00e1 anulado de forma autom\u00e1tica. Si una compra se ha realizado efectivamente y en conformidad del cliente que exige retroceder un cargo en su entidad de pago, \u00e9ste deber\u00e1 resarcir a Miss Bowel de los da\u00f1os y perjuicios ocasionados con motivo de dicha retrocesi\u00f3n.<\/p>\n<h2>Entrega<\/h2>\n<p><strong>Modalidades y lugar de entrega<\/strong><br \/>\nLos productos se enviar\u00e1n a la direcci\u00f3n de env\u00edo que el cliente haya indicado en el transcurso del proceso de realizaci\u00f3n del pedido.<\/p>\n<p>Miss Bowel\u00a0 realiza env\u00edos en Espa\u00f1a peninsular,\u00a0 Baleares y Canarias.<\/p>\n<p>Los pedidos a Canarias se realizar\u00e1n mediante correo postal.<\/p>\n<p>Con el fin de optimizar la entrega a todas las partes, agradecemos al cliente que indique una direcci\u00f3n en la cual el pedido pueda ser entregado dentro del horario laboral habitual. Es imprescindible indicar tambi\u00e9n un n\u00famero de tel\u00e9fono de contacto.<\/p>\n<p><strong>Plazo de entrega<\/strong><\/p>\n<p>El plazo de entrega aproximado ser\u00e1 normalmente entre 48-72 horas despu\u00e9s de realizar el pedido. Nunca ser\u00e1 superior a 21 d\u00edas laborables.\u00a0 En el caso del vencimiento de estos plazos sin haber recibido el producto, el cliente puede anular su pedido.<\/p>\n<p>Los plazos de entrega son plazos medios correspondientes a los plazos de preparaci\u00f3n y de env\u00edo de los productos, calculados en funci\u00f3n de la fecha estimada de recepci\u00f3n de la mercanc\u00eda en nuestros almacenes. Estos plazos pueden variar en funci\u00f3n del destino.<\/p>\n<p>Cada entrega se considera efectuada a partir del momento en el cual la empresa de transportes pone el producto a disposici\u00f3n del cliente o persona autorizada por este, que se materializa a trav\u00e9s del sistema de control utilizado por la empresa de transportes.<\/p>\n<p><strong>Precauciones a tener en cuenta en el momento de la entrega<\/strong><\/p>\n<p>Corresponde al destinatario comprobar los env\u00edos a su llegada, expresar las observaciones y presentar todas las reclamaciones que estime oportunas, puede incluso rechazar el paquete, si este \u00faltimo es susceptible de haber sido abierto o si muestra indicios claros de deterioro. Dichas observaciones o reclamaciones deben hacerse llegar a la empresa de transportes y a Miss Bowel de manera inmediata.<\/p>\n<h2>Devoluci\u00f3n<\/h2>\n<p><strong>Por medidas de seguridad sanitaria \u00a0no se \u00a0har\u00e1n devoluciones de los accesorios de Miss Bowel al ser considerados de car\u00e1cter \u00edntimo y suponer el intercambio de los mismos un riesgo para \u00a0todos. <\/strong><\/p>\n<p>En caso de error de accesorio, \u00a0talla o color por parte de Miss Bowel, \u00a0los clientes podr\u00e1n comunicar la decisi\u00f3n de devolver su pedido durante los 14 d\u00edas h\u00e1biles siguientes a su recepci\u00f3n. De haber otros productos que por sus propias caracter\u00edsticas no pudieran ser devueltos, se notificar\u00eda durante la venta. Los productos devueltos han de conservar todo lo que sea propio de la marca como su embalaje original, etiquetas, certificados, manuales, accesorios o regalos promocionales.\u00a0 Conforme a lo anterior Miss Bowel establece el siguiente procedimiento de devoluci\u00f3n detallado a continuaci\u00f3n: Durante los 14 d\u00edas h\u00e1biles posteriores a la recepci\u00f3n de su pedido los clientes podr\u00e1n comunicar la devoluci\u00f3n del mismo.<\/p>\n<p>La devoluci\u00f3n debe realizarse por CORREO CERTIFICADO a entregar directamente en destino o a trav\u00e9s de una empresa de paqueter\u00eda especializada.<\/p>\n<p>Te rogamos que compruebes antes de enviar el producto, que \u00e9ste permanezca nuevo, en buen estado y con su embalaje y etiquetado original. Evitando que el envoltorio propio de la marca se ensucie, presente escrituras, pegatinas o cualquier otro tipo de vulneraci\u00f3n que dificulte su posterior devoluci\u00f3n al fabricante.<\/p>\n<p>Salvo en el caso que el producto entregado sea defectuoso o incorrecto, los gastos y riesgos vinculados a su devoluci\u00f3n ser\u00e1n a cargo del cliente, quien deber\u00e1 enviarlos de forma segura y con las garant\u00edas necesarias para que la mercanc\u00eda devuelta llegue en perfecto estado de conservaci\u00f3n. Cuando el producto entregado sea defectuoso o incorrecto, Miss Bowel se har\u00e1 responsable de la recogida del producto en la direcci\u00f3n que indique el cliente, tomando en cuenta que la base de los gastos de env\u00edo s\u00f3lo se reintegrar\u00e1 en el caso de que se recoja la totalidad del pedido.<\/p>\n<p>El reembolso en la cuenta del cliente como consecuencia de esta devoluci\u00f3n se efectuar\u00e1 en el menor plazo posible a partir de la recepci\u00f3n de las mercanc\u00edas por parte de Miss Bowel. La devoluci\u00f3n de los productos dar\u00e1 lugar a un reembolso igual al precio de compra del producto\/s devuelto\/s deducidos. El reembolso no incluye los posibles gastos de preparaci\u00f3n y entrega. La devoluci\u00f3n del importe se har\u00e1 mediante transferencia bancaria al n\u00famero de cuenta que el cliente facilite.<\/p>\n<h2>Garant\u00eda<\/h2>\n<p>Miss Bowel ofrece productos de gran calidad.\u00a0 Miss Bowel ofrece para todos sus clientes un servicio posventa encargado de tramitar cualquier duda al respecto o deficiencia en los productos vendidos a trav\u00e9s de este sitio web. Para cualquier pregunta o solicitud de informaci\u00f3n, el cliente puede ponerse en contacto con Miss Bowel a trav\u00e9s del mail\u00a0 info@missbowel.com.<\/p>\n<h2>Protecci\u00f3n de datos personales<\/h2>\n<p><strong>Informaci\u00f3n al cliente de la existencia del fichero y solicitud del consentimiento para el tratamiento automatizado de los datos:\u00a0<\/strong>en relaci\u00f3n con los datos de car\u00e1cter personal facilitados por el socio en los formularios que puedan existir en el sitio web, Miss Bowel cumple la normativa vigente establecida en la Ley Org\u00e1nica 15\/1999, de 13 de diciembre, de Protecci\u00f3n de Datos de Car\u00e1cter Personal y dem\u00e1s legislaci\u00f3n que la desarrolla e informa al socio que los referidos datos ser\u00e1n incluidos en ficheros automatizados bajo responsabilidad y titularidad de la compa\u00f1\u00eda Miss Bowel,\u00a0 prestando el cliente su consentimiento mediante la aceptaci\u00f3n de estas CGC a dicho tratamiento.<\/p>\n<p><strong>Finalidad del tratamiento:<\/strong>\u00a0Miss Bowel recoge determinados datos personales que son introducidos por el cliente en el formulario para formalizar la compraventa de los productos. Miss Bowel tratar\u00e1 estos datos para la facturaci\u00f3n y el env\u00edo del producto, as\u00ed como para el env\u00edo peri\u00f3dico de ofertas y de informaci\u00f3n comercial al cliente. En ocasiones el env\u00edo de las ofertas e informaci\u00f3n comercial puede ser realizado directamente por empresas autorizadas por Miss Bowel. Asimismo sus datos podr\u00e1n ser comunicados a empresas del sector e-commerce. En este caso, el cliente consiente expresamente y autoriza a Miss Bowel la comunicaci\u00f3n de su direcci\u00f3n de correo electr\u00f3nicco para el cumplimiento de dicha finalidad.<\/p>\n<p><strong>Derechos de acceso, rectificaci\u00f3n, cancelaci\u00f3n y oposici\u00f3n:<\/strong>\u00a0el cliente que introduzca sus datos personales en los distintos formularios de alta, est\u00e1 facultado a ejercitar sus derechos de acceso, rectificaci\u00f3n, cancelaci\u00f3n y oposici\u00f3n solicit\u00e1ndolo por correo postal a Miss Bowel incluyendo copia del DNI, o documento identificativo equivalente, del titular de los datos. Miss Bowel se compromete al respeto y confidencialidad absoluta en la recogida y tratamiento de los datos personales del cliente.<\/p>\n<p><strong>Seguridad:<\/strong>\u00a0Miss Bowel asegura la absoluta confidencialidad y privacidad de los datos personales recogidos y por ello se han adoptado medidas de seguridad para evitar la alteraci\u00f3n, p\u00e9rdida, tratamiento o acceso no autorizado y garantizar as\u00ed su integridad y seguridad, especialmente las previstas en el Real Decreto 1720\/2007 de 21 de diciembre, por el que se aprueba el Reglamento de desarrollo de la Ley Org\u00e1nica 15\/1999 de 13 de diciembre de Protecci\u00f3n de Datos de Car\u00e1cter Personal. Miss Bowel no ser\u00e1 responsable en ning\u00fan caso de las incidencias que puedan surgir en torno a los datos personales cuando se deriven bien de un ataque o acceso no autorizado a los sistemas de tal forma que sea imposible de detectar por las medidas de seguridad implantadas o bien cuando se deba a una falta de diligencia del cliente en cuanto a la guardia y custodia de sus claves de acceso o de sus propios datos personales.<\/p>\n<p><strong>Veracidad de los datos:\u00a0<\/strong>el cliente es responsable de la veracidad de sus datos, comprometi\u00e9ndose a no introducir datos falsos y a proceder a la modificaci\u00f3n de los mismos si fuera necesario.<\/p>\n<h2>Legislaci\u00f3n aplicable<\/h2>\n<p>Las fotograf\u00edas y los textos reproducidos y que presentan los productos ofertados tienen car\u00e1cter meramente informativo. No obstante, los clientes podr\u00e1n ejercer su derecho de devoluci\u00f3n de conformidad con la legislaci\u00f3n vigente.<\/p>\n<p>Miss Bowel no podr\u00e1 ser considerada responsable de los da\u00f1os, sea cual sea su naturaleza, tanto materiales como no materiales o corporales, que pudieran resultar de un funcionamiento o un uso inadecuado de los productos comercializados. Lo mismo se aplica a las posibles modificaciones realizadas a los productos por los proveedores.<\/p>\n<p>La responsabilidad de Miss Bowel quedar\u00e1 limitada, en cualquier caso, al importe del pedido y no se ver\u00e1 comprometida por simples errores u omisiones que hayan podido tener lugar, cuando se hayan tomado todas las precauciones necesarias en la presentaci\u00f3n de los productos.<\/p>\n<p>Miss Bowel no podr\u00e1 ser considerada responsable por un cliente o un tercero, de da\u00f1os indirectos, p\u00e9rdidas de explotaci\u00f3n o lucro cesante ocurridos por el medio que fuere.<\/p>\n<p>A reserva de lo dispuesto en los p\u00e1rrafos precedentes, la responsabilidad de Miss Bowel en virtud de las presentes CGC no podr\u00e1 exceder a un importe igual a las sumas pagadas o pagaderas tras la transacci\u00f3n que se encuentre en el origen de dicha responsabilidad, sea cual sea la causa o la forma de la acci\u00f3n en cuesti\u00f3n. Miss Bowel no podr\u00e1 ser considerada responsable del incumplimiento del contrato suscrito en caso de agotamiento de las existencias o de indisponibilidad del producto, de fuerza mayor, de interrupci\u00f3n de la actividad o huelga total o parcial, en especial, de los servicios y medios de transporte o comunicaciones, inundaciones o incendio.<\/p>\n<p><strong>Ley aplicable y jurisdicci\u00f3n:\u00a0<\/strong>estas Condiciones Generales de Uso se rigen por la ley espa\u00f1ola. En caso de controversia que se derive de las presentes condiciones generales de uso y para la resoluci\u00f3n de los conflictos, las partes se someten, a su libre elecci\u00f3n, a los juzgados y tribunales del domicilio del socio.<\/p>\n<h2>Derechos de autor y marca<\/h2>\n<p>Miss Bowel informa que el sitio web\u00a0www.missbowel.com\u00a0se encuentra plenamente protegido por los derechos de propiedad intelectual e industrial quedando expresamente prohibida toda reproducci\u00f3n, comunicaci\u00f3n, distribuci\u00f3n y transformaci\u00f3n de los referidos elementos protegidos salvo consentimiento expreso de Miss Bowel o de sus leg\u00edtimos titulares. Las marcas de los productos comercializados por Miss Bowel, que vende a trav\u00e9s del sitio web, pertenecen a sus leg\u00edtimos propietarios, as\u00ed como la marca Miss Bowel que pertenece a Bowel SCP<\/p>\n<h2>Modificaci\u00f3n de las condiciones generales de venta<\/h2>\n<p>En caso de cesi\u00f3n de los archivos por transferencia de actividad a un tercero, y en caso de que esta actividad fuese la misma que la de Miss Bowel, este no estar\u00e1 obligado a informar previamente al usuario de la p\u00e1gina web.<\/p>\n<p>Miss Bowel se reserva el derecho de modificar las condiciones generales de venta. En el supuesto de que alguno de los t\u00e9rminos de las condiciones generales de venta sea declarado ilegal o no oponible por una decisi\u00f3n judicial, las dem\u00e1s disposiciones mantendr\u00e1n su vigencia.<\/p>","protected":false},"excerpt":{"rendered":"<p>Generalidades En adelante se establecen las Condiciones Generales de Contrataci\u00f3n&#8230;<\/p>","protected":false},"author":1,"featured_media":0,"parent":0,"menu_order":0,"comment_status":"closed","ping_status":"closed","template":"","meta":{"footnotes":""},"class_list":["post-256","page","type-page","status-publish","hentry"],"yoast_head":"<!-- This site is optimized with the Yoast SEO plugin v26.5 - https:\/\/yoast.com\/wordpress\/plugins\/seo\/ -->\n<title>Condiciones generales de contrataci\u00f3n - Miss Bowel<\/title>\n<meta name=\"robots\" content=\"index, follow, max-snippet:-1, max-image-preview:large, max-video-preview:-1\" \/>\n<link rel=\"canonical\" href=\"https:\/\/missbowel.com\/en\/condiciones-generales-contratacion\/\" \/>\n<meta property=\"og:locale\" content=\"en_GB\" \/>\n<meta property=\"og:type\" content=\"article\" \/>\n<meta property=\"og:title\" content=\"Condiciones generales de contrataci\u00f3n - Miss Bowel\" \/>\n<meta property=\"og:description\" content=\"Generalidades En adelante se establecen las Condiciones Generales de Contrataci\u00f3n...\" \/>\n<meta property=\"og:url\" content=\"https:\/\/missbowel.com\/en\/condiciones-generales-contratacion\/\" \/>\n<meta property=\"og:site_name\" content=\"Miss Bowel\" \/>\n<meta property=\"article:modified_time\" content=\"2022-08-02T20:59:49+00:00\" \/>\n<meta name=\"twitter:card\" content=\"summary_large_image\" \/>\n<meta name=\"twitter:label1\" content=\"Estimated reading time\" \/>\n\t<meta name=\"twitter:data1\" content=\"14 minutes\" \/>\n<script type=\"application\/ld+json\" class=\"yoast-schema-graph\">{\"@context\":\"https:\/\/schema.org\",\"@graph\":[{\"@type\":\"WebPage\",\"@id\":\"https:\/\/missbowel.com\/condiciones-generales-contratacion\/\",\"url\":\"https:\/\/missbowel.com\/condiciones-generales-contratacion\/\",\"name\":\"Condiciones generales de contrataci\u00f3n - Miss Bowel\",\"isPartOf\":{\"@id\":\"https:\/\/missbowel.com\/#website\"},\"datePublished\":\"2017-11-20T17:06:06+00:00\",\"dateModified\":\"2022-08-02T20:59:49+00:00\",\"breadcrumb\":{\"@id\":\"https:\/\/missbowel.com\/condiciones-generales-contratacion\/#breadcrumb\"},\"inLanguage\":\"en-GB\",\"potentialAction\":[{\"@type\":\"ReadAction\",\"target\":[\"https:\/\/missbowel.com\/condiciones-generales-contratacion\/\"]}]},{\"@type\":\"BreadcrumbList\",\"@id\":\"https:\/\/missbowel.com\/condiciones-generales-contratacion\/#breadcrumb\",\"itemListElement\":[{\"@type\":\"ListItem\",\"position\":1,\"name\":\"Portada\",\"item\":\"https:\/\/missbowel.com\/\"},{\"@type\":\"ListItem\",\"position\":2,\"name\":\"Condiciones generales de contrataci\u00f3n\"}]},{\"@type\":\"WebSite\",\"@id\":\"https:\/\/missbowel.com\/#website\",\"url\":\"https:\/\/missbowel.com\/\",\"name\":\"Miss Bowel\",\"description\":\"Productos para ostomias\",\"potentialAction\":[{\"@type\":\"SearchAction\",\"target\":{\"@type\":\"EntryPoint\",\"urlTemplate\":\"https:\/\/missbowel.com\/?s={search_term_string}\"},\"query-input\":{\"@type\":\"PropertyValueSpecification\",\"valueRequired\":true,\"valueName\":\"search_term_string\"}}],\"inLanguage\":\"en-GB\"}]}<\/script>\n<!-- \/ Yoast SEO plugin. -->","yoast_head_json":{"title":"Condiciones generales de contrataci\u00f3n - Miss Bowel","robots":{"index":"index","follow":"follow","max-snippet":"max-snippet:-1","max-image-preview":"max-image-preview:large","max-video-preview":"max-video-preview:-1"},"canonical":"https:\/\/missbowel.com\/en\/condiciones-generales-contratacion\/","og_locale":"en_GB","og_type":"article","og_title":"Condiciones generales de contrataci\u00f3n - Miss Bowel","og_description":"Generalidades En adelante se establecen las Condiciones Generales de Contrataci\u00f3n...","og_url":"https:\/\/missbowel.com\/en\/condiciones-generales-contratacion\/","og_site_name":"Miss Bowel","article_modified_time":"2022-08-02T20:59:49+00:00","twitter_card":"summary_large_image","twitter_misc":{"Estimated reading time":"14 minutes"},"schema":{"@context":"https:\/\/schema.org","@graph":[{"@type":"WebPage","@id":"https:\/\/missbowel.com\/condiciones-generales-contratacion\/","url":"https:\/\/missbowel.com\/condiciones-generales-contratacion\/","name":"Condiciones generales de contrataci\u00f3n - Miss Bowel","isPartOf":{"@id":"https:\/\/missbowel.com\/#website"},"datePublished":"2017-11-20T17:06:06+00:00","dateModified":"2022-08-02T20:59:49+00:00","breadcrumb":{"@id":"https:\/\/missbowel.com\/condiciones-generales-contratacion\/#breadcrumb"},"inLanguage":"en-GB","potentialAction":[{"@type":"ReadAction","target":["https:\/\/missbowel.com\/condiciones-generales-contratacion\/"]}]},{"@type":"BreadcrumbList","@id":"https:\/\/missbowel.com\/condiciones-generales-contratacion\/#breadcrumb","itemListElement":[{"@type":"ListItem","position":1,"name":"Portada","item":"https:\/\/missbowel.com\/"},{"@type":"ListItem","position":2,"name":"Condiciones generales de contrataci\u00f3n"}]},{"@type":"WebSite","@id":"https:\/\/missbowel.com\/#website","url":"https:\/\/missbowel.com\/","name":"Miss Bowel","description":"Productos para ostomias","potentialAction":[{"@type":"SearchAction","target":{"@type":"EntryPoint","urlTemplate":"https:\/\/missbowel.com\/?s={search_term_string}"},"query-input":{"@type":"PropertyValueSpecification","valueRequired":true,"valueName":"search_term_string"}}],"inLanguage":"en-GB"}]}},"_links":{"self":[{"href":"https:\/\/missbowel.com\/en\/wp-json\/wp\/v2\/pages\/256","targetHints":{"allow":["GET"]}}],"collection":[{"href":"https:\/\/missbowel.com\/en\/wp-json\/wp\/v2\/pages"}],"about":[{"href":"https:\/\/missbowel.com\/en\/wp-json\/wp\/v2\/types\/page"}],"author":[{"embeddable":true,"href":"https:\/\/missbowel.com\/en\/wp-json\/wp\/v2\/users\/1"}],"replies":[{"embeddable":true,"href":"https:\/\/missbowel.com\/en\/wp-json\/wp\/v2\/comments?post=256"}],"version-history":[{"count":8,"href":"https:\/\/missbowel.com\/en\/wp-json\/wp\/v2\/pages\/256\/revisions"}],"predecessor-version":[{"id":26430,"href":"https:\/\/missbowel.com\/en\/wp-json\/wp\/v2\/pages\/256\/revisions\/26430"}],"wp:attachment":[{"href":"https:\/\/missbowel.com\/en\/wp-json\/wp\/v2\/media?parent=256"}],"curies":[{"name":"wp","href":"https:\/\/api.w.org\/{rel}","templated":true}]}}