{"id":259,"date":"2017-11-20T18:15:22","date_gmt":"2017-11-20T17:15:22","guid":{"rendered":"http:\/\/francastillo.com\/missbowel\/?page_id=259"},"modified":"2020-11-07T19:17:24","modified_gmt":"2020-11-07T18:17:24","slug":"condiciones-de-envio","status":"publish","type":"page","link":"https:\/\/missbowel.com\/en\/condiciones-de-envio\/","title":{"rendered":"Shipping terms"},"content":{"rendered":"<p><strong>Env\u00edo nacional<\/strong><br \/>\r\nDesde el momento en el que realices la compra intentaremos que recibas tu pedido en un plazo de 3-4 d\u00edas (d\u00edas laborables). Nuca ser\u00e1 superior a 21\u00a0d\u00edas\u00a0 si te encuentras en la Pen\u00ednsula.<\/p>\r\n<p>Los env\u00edos \u00a0a Canarias se har\u00e1n por correo postal (cualquier gasto de aduana que conlleve la recepci\u00f3n de la mercanc\u00eda correr\u00e1 a cargo del cliente).<\/p>\r\n<p>Durante los meses vacacionales (julio y agosto), semana santa y el mes de diciembre\u00a0 los plazos de entrega pueden variar ligeramente por la enorme cantidad de env\u00edos y las fiestas.<\/p>\r\n<p>El horario de entrega ser\u00e1 de lunes a viernes de 9:00h a 20:00h (te aconsejamos que facilites una direcci\u00f3n de env\u00edo en la que siempre haya alguien para recepcionar el paquete).\u00a0Es muy importante que facilites tu n\u00famero de tel\u00e9fono en el momento de la compra para poder estar en contacto contigo.\u00a0La empresa de mensajer\u00eda har\u00e1 dos intentos de entrega, el segundo de ellos a los dos d\u00edas del primer intento. Si tras los dos intentos no se puede localizar al destinatario el paquete permanecer\u00e1 guardado durante 15 d\u00edas en la oficina de MRW m\u00e1s pr\u00f3xima a tu domicilio a la espera de ser recogido. Si tras los dos intentos de entrega y la espera de 15 d\u00edas el paquete no ha podido ser entregado nos ser\u00e1 devuelto a Miss Bowel y, en ese caso, nos pondremos en contacto contigo para gestionar un tercer env\u00edo, si as\u00ed lo deseas\u00a0 (coste a soportar por el cliente).<\/p>\r\n<p><strong>Env\u00edo internacional<\/strong><br \/>\r\nEnv\u00edos por correo postal. Te facilitaremos un localizador para seguir tu pedido \u00a0durante el viaje pero una vez llegue al pa\u00eds de destino no nos responsabilizamos del paquete. Ser\u00e1 responsabilidad del cliente \u00a0recogerlo \u00a0o cualquier acontecimiento que pudiera suceder en el pa\u00eds de destino.<\/p>\r\n<p>NO SE ADMITEN DEVOLUCIONES EN LOS ENV\u00cdOS INTERNACIONALES.<\/p>\r\n\r\n<p>&nbsp;<\/p>","protected":false},"excerpt":{"rendered":"<p>Env\u00edo nacional Desde el momento en el que realices la&#8230;<\/p>","protected":false},"author":1,"featured_media":0,"parent":0,"menu_order":0,"comment_status":"closed","ping_status":"closed","template":"","meta":{"footnotes":""},"class_list":["post-259","page","type-page","status-publish","hentry"],"yoast_head":"<!-- This site is optimized with the Yoast SEO plugin v26.5 - https:\/\/yoast.com\/wordpress\/plugins\/seo\/ -->\n<title>Condiciones de env\u00edo - Miss Bowel<\/title>\n<meta name=\"robots\" content=\"index, follow, max-snippet:-1, max-image-preview:large, max-video-preview:-1\" \/>\n<link rel=\"canonical\" href=\"https:\/\/missbowel.com\/en\/condiciones-de-envio\/\" \/>\n<meta property=\"og:locale\" content=\"en_GB\" \/>\n<meta property=\"og:type\" content=\"article\" \/>\n<meta property=\"og:title\" content=\"Condiciones de env\u00edo - Miss Bowel\" \/>\n<meta property=\"og:description\" content=\"Env\u00edo nacional Desde el momento en el que realices la...\" \/>\n<meta property=\"og:url\" content=\"https:\/\/missbowel.com\/en\/condiciones-de-envio\/\" \/>\n<meta property=\"og:site_name\" content=\"Miss Bowel\" \/>\n<meta property=\"article:modified_time\" content=\"2020-11-07T18:17:24+00:00\" \/>\n<meta name=\"twitter:card\" content=\"summary_large_image\" \/>\n<meta name=\"twitter:label1\" content=\"Estimated reading time\" \/>\n\t<meta name=\"twitter:data1\" content=\"2 minutes\" \/>\n<script type=\"application\/ld+json\" class=\"yoast-schema-graph\">{\"@context\":\"https:\/\/schema.org\",\"@graph\":[{\"@type\":\"WebPage\",\"@id\":\"https:\/\/missbowel.com\/condiciones-de-envio\/\",\"url\":\"https:\/\/missbowel.com\/condiciones-de-envio\/\",\"name\":\"Condiciones de env\u00edo - Miss Bowel\",\"isPartOf\":{\"@id\":\"https:\/\/missbowel.com\/#website\"},\"datePublished\":\"2017-11-20T17:15:22+00:00\",\"dateModified\":\"2020-11-07T18:17:24+00:00\",\"breadcrumb\":{\"@id\":\"https:\/\/missbowel.com\/condiciones-de-envio\/#breadcrumb\"},\"inLanguage\":\"en-GB\",\"potentialAction\":[{\"@type\":\"ReadAction\",\"target\":[\"https:\/\/missbowel.com\/condiciones-de-envio\/\"]}]},{\"@type\":\"BreadcrumbList\",\"@id\":\"https:\/\/missbowel.com\/condiciones-de-envio\/#breadcrumb\",\"itemListElement\":[{\"@type\":\"ListItem\",\"position\":1,\"name\":\"Portada\",\"item\":\"https:\/\/missbowel.com\/\"},{\"@type\":\"ListItem\",\"position\":2,\"name\":\"Condiciones de env\u00edo\"}]},{\"@type\":\"WebSite\",\"@id\":\"https:\/\/missbowel.com\/#website\",\"url\":\"https:\/\/missbowel.com\/\",\"name\":\"Miss Bowel\",\"description\":\"Productos para ostomias\",\"potentialAction\":[{\"@type\":\"SearchAction\",\"target\":{\"@type\":\"EntryPoint\",\"urlTemplate\":\"https:\/\/missbowel.com\/?s={search_term_string}\"},\"query-input\":{\"@type\":\"PropertyValueSpecification\",\"valueRequired\":true,\"valueName\":\"search_term_string\"}}],\"inLanguage\":\"en-GB\"}]}<\/script>\n<!-- \/ Yoast SEO plugin. -->","yoast_head_json":{"title":"Condiciones de env\u00edo - Miss Bowel","robots":{"index":"index","follow":"follow","max-snippet":"max-snippet:-1","max-image-preview":"max-image-preview:large","max-video-preview":"max-video-preview:-1"},"canonical":"https:\/\/missbowel.com\/en\/condiciones-de-envio\/","og_locale":"en_GB","og_type":"article","og_title":"Condiciones de env\u00edo - Miss Bowel","og_description":"Env\u00edo nacional Desde el momento en el que realices la...","og_url":"https:\/\/missbowel.com\/en\/condiciones-de-envio\/","og_site_name":"Miss Bowel","article_modified_time":"2020-11-07T18:17:24+00:00","twitter_card":"summary_large_image","twitter_misc":{"Estimated reading time":"2 minutes"},"schema":{"@context":"https:\/\/schema.org","@graph":[{"@type":"WebPage","@id":"https:\/\/missbowel.com\/condiciones-de-envio\/","url":"https:\/\/missbowel.com\/condiciones-de-envio\/","name":"Condiciones de env\u00edo - Miss Bowel","isPartOf":{"@id":"https:\/\/missbowel.com\/#website"},"datePublished":"2017-11-20T17:15:22+00:00","dateModified":"2020-11-07T18:17:24+00:00","breadcrumb":{"@id":"https:\/\/missbowel.com\/condiciones-de-envio\/#breadcrumb"},"inLanguage":"en-GB","potentialAction":[{"@type":"ReadAction","target":["https:\/\/missbowel.com\/condiciones-de-envio\/"]}]},{"@type":"BreadcrumbList","@id":"https:\/\/missbowel.com\/condiciones-de-envio\/#breadcrumb","itemListElement":[{"@type":"ListItem","position":1,"name":"Portada","item":"https:\/\/missbowel.com\/"},{"@type":"ListItem","position":2,"name":"Condiciones de env\u00edo"}]},{"@type":"WebSite","@id":"https:\/\/missbowel.com\/#website","url":"https:\/\/missbowel.com\/","name":"Miss Bowel","description":"Productos para ostomias","potentialAction":[{"@type":"SearchAction","target":{"@type":"EntryPoint","urlTemplate":"https:\/\/missbowel.com\/?s={search_term_string}"},"query-input":{"@type":"PropertyValueSpecification","valueRequired":true,"valueName":"search_term_string"}}],"inLanguage":"en-GB"}]}},"_links":{"self":[{"href":"https:\/\/missbowel.com\/en\/wp-json\/wp\/v2\/pages\/259","targetHints":{"allow":["GET"]}}],"collection":[{"href":"https:\/\/missbowel.com\/en\/wp-json\/wp\/v2\/pages"}],"about":[{"href":"https:\/\/missbowel.com\/en\/wp-json\/wp\/v2\/types\/page"}],"author":[{"embeddable":true,"href":"https:\/\/missbowel.com\/en\/wp-json\/wp\/v2\/users\/1"}],"replies":[{"embeddable":true,"href":"https:\/\/missbowel.com\/en\/wp-json\/wp\/v2\/comments?post=259"}],"version-history":[{"count":6,"href":"https:\/\/missbowel.com\/en\/wp-json\/wp\/v2\/pages\/259\/revisions"}],"predecessor-version":[{"id":24315,"href":"https:\/\/missbowel.com\/en\/wp-json\/wp\/v2\/pages\/259\/revisions\/24315"}],"wp:attachment":[{"href":"https:\/\/missbowel.com\/en\/wp-json\/wp\/v2\/media?parent=259"}],"curies":[{"name":"wp","href":"https:\/\/api.w.org\/{rel}","templated":true}]}}