{"id":262,"date":"2017-11-20T18:22:03","date_gmt":"2017-11-20T17:22:03","guid":{"rendered":"http:\/\/francastillo.com\/missbowel\/?page_id=262"},"modified":"2017-11-20T18:22:03","modified_gmt":"2017-11-20T17:22:03","slug":"politica-de-cookies","status":"publish","type":"page","link":"https:\/\/missbowel.com\/en\/politica-de-cookies\/","title":{"rendered":"Pol\u00edtica de cookies"},"content":{"rendered":"<p>Esta web utiliza cookies de terceros para analizar la navegaci\u00f3n del usuario. Con la mera navegaci\u00f3n (con el navegador habilitado para aceptar cookies), el usuario acepta la instalaci\u00f3n de cookies, salvo que se oponga, seg\u00fan se detalla en esta Pol\u00edtica de Cookies.<\/p>\n<p>La presente pol\u00edtica tiene como finalidad informarle de manera clara y concisa sobre las cookies que se usan en nuestro sitio web.<\/p>\n<h1>\u00bfQue es una cookie?<\/h1>\n<p>Una cookie es un fichero que se descarga en el ordenador\/Smartphone\/tablet del usuario al acceder a determinadas p\u00e1ginas web para almacenar y recuperar informaci\u00f3n sobre la navegaci\u00f3n que se efect\u00faa desde dicho equipo.<\/p>\n<h1>Cookies utilizadas<\/h1>\n<p>Esta web utiliza cookies anal\u00edticas de terceros (Google Analytics) para recabar estad\u00edsticas sobre la actividad del usuario al visitar la p\u00e1gina y la actividad general de la misma. La informaci\u00f3n recopilada es an\u00f3nima y permite optimizar la navegaci\u00f3n por nuestra web. Gracias a ello podemos estudiar la navegaci\u00f3n por el sitio web y mejorar as\u00ed la oferta de productos o servicios que ofrecemos.<\/p>\n<h1>Configuraci\u00f3n de cookies<\/h1>\n<p>En todo momento puede permitir, bloquear o eliminar las cookies instaladas en su equipo mediante la configuraci\u00f3n de las opciones de su navegador de Internet. Asimismo el usuario puede activar:<\/p>\n<ul>\n<li>La navegaci\u00f3n privada, mediante la cual su navegador deja de actuar en el historial de navegaci\u00f3n, contrase\u00f1as de sitios web, cookies y otra informaci\u00f3n de la p\u00e1ginas que visita, o<\/li>\n<li>La funci\u00f3n de no rastrear, por la que el navegador pide a los sitios web que visita no rastreen sus h\u00e1bitos de navegaci\u00f3n, para por ejemplo, servirle publicidad de su inter\u00e9s en los sitios que visita.<\/li>\n<\/ul>\n<p>A continuaci\u00f3n incluimos los v\u00ednculos para gestionar cookies en los navegadores m\u00e1s relevantes:<\/p>\n<ul>\n<li>Google Chrome<br \/>\n<a href=\"https:\/\/support.google.com\/chrome\/answer\/95647?hl=es\">https:\/\/support.google.com\/chrome\/answer\/95647?hl=es<\/a><\/li>\n<li>Mozilla Firefox<br \/>\n<a href=\"http:\/\/support.mozilla.org\/es\/kb\/habilitar-y-deshabilitar-cookies-que-los-sitios-we\">http:\/\/support.mozilla.org\/es\/kb\/habilitar-y-deshabilitar-cookies-que-los-sitios-we<\/a><\/li>\n<li>Internet Explorer<br \/>\n<a href=\"http:\/\/windows.microsoft.com\/es-es\/windows-vista\/block-or-allow-cookies\">http:\/\/windows.microsoft.com\/es-es\/windows-vista\/block-or-allow-cookies<\/a><\/li>\n<li>Safari<br \/>\n<a href=\"http:\/\/support.apple.com\/kb\/ph5042\">http:\/\/support.apple.com\/kb\/ph5042<\/a><\/li>\n<\/ul>\n<p>Tenga en cuenta que si rechaza la instalaci\u00f3n de cookies podr\u00e1 seguir usando el sitio web, aunque el uso de algunos de sus servicios podr\u00e1 ser limitado.<\/p>\n<h1>Descripci\u00f3n t\u00e9cnica de cookies utilizadas<\/h1>\n<table style=\"font-size: 12px;\" border=\"0\" cellspacing=\"0\" cellpadding=\"0\">\n<tbody>\n<tr>\n<td class=\"tit\" style=\"width: 60px;\">Nombre<\/td>\n<td class=\"tit\" style=\"width: 60px;\">Titular<\/td>\n<td class=\"tit\" style=\"width: 220px;\">Duraci\u00f3n<\/td>\n<td class=\"tit\" style=\"width: 580px;\">Finalidad<\/td>\n<\/tr>\n<tr class=\"alt-table-row\">\n<td>_ga<\/td>\n<td>google<\/td>\n<td>2 a\u00f1os<\/td>\n<td>Se utiliza para distinguir a los usuarios.<\/td>\n<\/tr>\n<tr>\n<td>_utma<\/td>\n<td>google<\/td>\n<td>2 a\u00f1os a partir de sistema\/actualizaci\u00f3n<\/td>\n<td>Se utiliza para distinguir a los usuarios y sesiones. La cookie se actualiza cada vez que los datos se env\u00edan a Google Analytics.<\/td>\n<\/tr>\n<tr class=\"alt-table-row\">\n<td>_utmb<\/td>\n<td>google<\/td>\n<td>30 min a partir de sistema\/actualizaci\u00f3n<\/td>\n<td>Se utiliza para determinar nuevas sesiones\/visitas. La cookie se actualiza cada vez que los datos se env\u00edan a Google Analytics.<\/td>\n<\/tr>\n<tr>\n<td>_utmc<\/td>\n<td>google<\/td>\n<td>Sesi\u00f3n<\/td>\n<td>Esta cookie opera en conjunto con la cookie _utmb para determinar si el usuario estaba en una nueva sesi\u00f3n \/ visita.<\/td>\n<\/tr>\n<tr class=\"alt-table-row\">\n<td>_utmz<\/td>\n<td>google<\/td>\n<td>6 meses a partir de sistema\/actualizaci\u00f3n<\/td>\n<td>Almacena la fuente de tr\u00e1fico o una campa\u00f1a que explica c\u00f3mo el usuario lleg\u00f3 a su sitio. Se crea la cookie cuando se ejecuta la biblioteca de JavaScript y se actualiza cada vez que los datos se env\u00edan a Google Analytics.<\/td>\n<\/tr>\n<tr>\n<td>_utmv<\/td>\n<td>google<\/td>\n<td>2 a\u00f1os a partir de sistema\/actualizaci\u00f3n<\/td>\n<td>Se utiliza para almacenar los datos a nivel de visitante variable personalizados. La cookie se actualiza cada vez que los datos se env\u00edan a Google Analytics.<\/td>\n<\/tr>\n<\/tbody>\n<\/table>\n<p>informaci\u00f3n de cookies utilizadas extra\u00edda de:<br \/>\n<a href=\"https:\/\/developers.google.com\/analytics\/devguides\/collection\/analyticsjs\/cookie-usage#gajs\">https:\/\/developers.google.com\/analytics\/devguides\/collection\/analyticsjs\/cookie-usage#gajs<\/a><\/p>","protected":false},"excerpt":{"rendered":"<p>Esta web utiliza cookies de terceros para analizar la navegaci\u00f3n&#8230;<\/p>","protected":false},"author":1,"featured_media":0,"parent":0,"menu_order":0,"comment_status":"closed","ping_status":"closed","template":"","meta":{"footnotes":""},"class_list":["post-262","page","type-page","status-publish","hentry"],"yoast_head":"<!-- This site is optimized with the Yoast SEO plugin v26.5 - https:\/\/yoast.com\/wordpress\/plugins\/seo\/ -->\n<title>Pol\u00edtica de cookies - Miss Bowel<\/title>\n<meta name=\"robots\" content=\"index, follow, max-snippet:-1, max-image-preview:large, max-video-preview:-1\" \/>\n<link rel=\"canonical\" href=\"https:\/\/missbowel.com\/en\/politica-de-cookies\/\" \/>\n<meta property=\"og:locale\" content=\"en_GB\" \/>\n<meta property=\"og:type\" content=\"article\" \/>\n<meta property=\"og:title\" content=\"Pol\u00edtica de cookies - Miss Bowel\" \/>\n<meta property=\"og:description\" content=\"Esta web utiliza cookies de terceros para analizar la navegaci\u00f3n...\" \/>\n<meta property=\"og:url\" content=\"https:\/\/missbowel.com\/en\/politica-de-cookies\/\" \/>\n<meta property=\"og:site_name\" content=\"Miss Bowel\" \/>\n<meta name=\"twitter:card\" content=\"summary_large_image\" \/>\n<meta name=\"twitter:label1\" content=\"Estimated reading time\" \/>\n\t<meta name=\"twitter:data1\" content=\"3 minutes\" \/>\n<script type=\"application\/ld+json\" class=\"yoast-schema-graph\">{\"@context\":\"https:\/\/schema.org\",\"@graph\":[{\"@type\":\"WebPage\",\"@id\":\"https:\/\/missbowel.com\/politica-de-cookies\/\",\"url\":\"https:\/\/missbowel.com\/politica-de-cookies\/\",\"name\":\"Pol\u00edtica de cookies - Miss Bowel\",\"isPartOf\":{\"@id\":\"https:\/\/missbowel.com\/#website\"},\"datePublished\":\"2017-11-20T17:22:03+00:00\",\"breadcrumb\":{\"@id\":\"https:\/\/missbowel.com\/politica-de-cookies\/#breadcrumb\"},\"inLanguage\":\"en-GB\",\"potentialAction\":[{\"@type\":\"ReadAction\",\"target\":[\"https:\/\/missbowel.com\/politica-de-cookies\/\"]}]},{\"@type\":\"BreadcrumbList\",\"@id\":\"https:\/\/missbowel.com\/politica-de-cookies\/#breadcrumb\",\"itemListElement\":[{\"@type\":\"ListItem\",\"position\":1,\"name\":\"Portada\",\"item\":\"https:\/\/missbowel.com\/\"},{\"@type\":\"ListItem\",\"position\":2,\"name\":\"Pol\u00edtica de cookies\"}]},{\"@type\":\"WebSite\",\"@id\":\"https:\/\/missbowel.com\/#website\",\"url\":\"https:\/\/missbowel.com\/\",\"name\":\"Miss Bowel\",\"description\":\"Productos para ostomias\",\"potentialAction\":[{\"@type\":\"SearchAction\",\"target\":{\"@type\":\"EntryPoint\",\"urlTemplate\":\"https:\/\/missbowel.com\/?s={search_term_string}\"},\"query-input\":{\"@type\":\"PropertyValueSpecification\",\"valueRequired\":true,\"valueName\":\"search_term_string\"}}],\"inLanguage\":\"en-GB\"}]}<\/script>\n<!-- \/ Yoast SEO plugin. -->","yoast_head_json":{"title":"Pol\u00edtica de cookies - Miss Bowel","robots":{"index":"index","follow":"follow","max-snippet":"max-snippet:-1","max-image-preview":"max-image-preview:large","max-video-preview":"max-video-preview:-1"},"canonical":"https:\/\/missbowel.com\/en\/politica-de-cookies\/","og_locale":"en_GB","og_type":"article","og_title":"Pol\u00edtica de cookies - Miss Bowel","og_description":"Esta web utiliza cookies de terceros para analizar la navegaci\u00f3n...","og_url":"https:\/\/missbowel.com\/en\/politica-de-cookies\/","og_site_name":"Miss Bowel","twitter_card":"summary_large_image","twitter_misc":{"Estimated reading time":"3 minutes"},"schema":{"@context":"https:\/\/schema.org","@graph":[{"@type":"WebPage","@id":"https:\/\/missbowel.com\/politica-de-cookies\/","url":"https:\/\/missbowel.com\/politica-de-cookies\/","name":"Pol\u00edtica de cookies - Miss Bowel","isPartOf":{"@id":"https:\/\/missbowel.com\/#website"},"datePublished":"2017-11-20T17:22:03+00:00","breadcrumb":{"@id":"https:\/\/missbowel.com\/politica-de-cookies\/#breadcrumb"},"inLanguage":"en-GB","potentialAction":[{"@type":"ReadAction","target":["https:\/\/missbowel.com\/politica-de-cookies\/"]}]},{"@type":"BreadcrumbList","@id":"https:\/\/missbowel.com\/politica-de-cookies\/#breadcrumb","itemListElement":[{"@type":"ListItem","position":1,"name":"Portada","item":"https:\/\/missbowel.com\/"},{"@type":"ListItem","position":2,"name":"Pol\u00edtica de cookies"}]},{"@type":"WebSite","@id":"https:\/\/missbowel.com\/#website","url":"https:\/\/missbowel.com\/","name":"Miss Bowel","description":"Productos para ostomias","potentialAction":[{"@type":"SearchAction","target":{"@type":"EntryPoint","urlTemplate":"https:\/\/missbowel.com\/?s={search_term_string}"},"query-input":{"@type":"PropertyValueSpecification","valueRequired":true,"valueName":"search_term_string"}}],"inLanguage":"en-GB"}]}},"_links":{"self":[{"href":"https:\/\/missbowel.com\/en\/wp-json\/wp\/v2\/pages\/262","targetHints":{"allow":["GET"]}}],"collection":[{"href":"https:\/\/missbowel.com\/en\/wp-json\/wp\/v2\/pages"}],"about":[{"href":"https:\/\/missbowel.com\/en\/wp-json\/wp\/v2\/types\/page"}],"author":[{"embeddable":true,"href":"https:\/\/missbowel.com\/en\/wp-json\/wp\/v2\/users\/1"}],"replies":[{"embeddable":true,"href":"https:\/\/missbowel.com\/en\/wp-json\/wp\/v2\/comments?post=262"}],"version-history":[{"count":1,"href":"https:\/\/missbowel.com\/en\/wp-json\/wp\/v2\/pages\/262\/revisions"}],"predecessor-version":[{"id":263,"href":"https:\/\/missbowel.com\/en\/wp-json\/wp\/v2\/pages\/262\/revisions\/263"}],"wp:attachment":[{"href":"https:\/\/missbowel.com\/en\/wp-json\/wp\/v2\/media?parent=262"}],"curies":[{"name":"wp","href":"https:\/\/api.w.org\/{rel}","templated":true}]}}