{"id":59,"date":"2017-11-13T18:20:00","date_gmt":"2017-11-13T17:20:00","guid":{"rendered":"http:\/\/missbowel.francastillo.com\/?page_id=59"},"modified":"2019-06-07T12:36:06","modified_gmt":"2019-06-07T10:36:06","slug":"viajes-y-ostomia","status":"publish","type":"page","link":"https:\/\/missbowel.com\/en\/viajes-y-ostomia\/","title":{"rendered":"Viajes y ostom\u00eda"},"content":{"rendered":"<div class=\"wpb-content-wrapper\"><div class=\"vc_row wpb_row section vc_row-fluid\" style=' text-align:left;'><div class=\"full_section_inner clearfix\"><div class=\"wpb_column vc_column_container vc_col-sm-12\"><div class=\"vc_column-inner\"><div class=\"wpb_wrapper\">\n\t<div class=\"wpb_single_image wpb_content_element vc_align_left\">\n\t\t<div class=\"wpb_wrapper\">\n\t\t\t\n\t\t\t<div class=\"vc_single_image-wrapper   vc_box_border_grey\"><img loading=\"lazy\" decoding=\"async\" width=\"1915\" height=\"355\" src=\"https:\/\/missbowel.com\/wp-content\/uploads\/Viaje-ostomia-e1511452424386.jpeg\" class=\"vc_single_image-img attachment-full\" alt=\"Viajar con una ostomia por el mundo\" title=\"Viaje-ostomia\" srcset=\"https:\/\/missbowel.com\/wp-content\/uploads\/Viaje-ostomia-e1511452424386.jpeg 1915w, https:\/\/missbowel.com\/wp-content\/uploads\/Viaje-ostomia-e1511452424386-300x56.jpeg 300w, https:\/\/missbowel.com\/wp-content\/uploads\/Viaje-ostomia-e1511452424386-768x142.jpeg 768w, https:\/\/missbowel.com\/wp-content\/uploads\/Viaje-ostomia-e1511452424386-1024x190.jpeg 1024w\" sizes=\"auto, (max-width: 1915px) 100vw, 1915px\" \/><\/div>\n\t\t<\/div>\n\t<\/div>\n<div class=\"separator  transparent\" style=\"margin-top: 30px;\"><\/div>\n<\/div><\/div><\/div><\/div><\/div><div      class=\"vc_row wpb_row section vc_row-fluid\" style=' text-align:left;'><div class=\"full_section_inner clearfix\"><div class=\"wpb_column vc_column_container vc_col-sm-12\"><div class=\"vc_column-inner\"><div class=\"wpb_wrapper\">\n\t<div class=\"wpb_text_column wpb_content_element\">\n\t\t<div class=\"wpb_wrapper\">\n\t\t\t<h3 style=\"text-align: center;\">Da la vuelta al mundo con tu ostom\u00eda.<\/h3>\n<h3 style=\"text-align: center;\">\u00bfQu\u00e9 te lo impide?<\/h3>\n<p>&nbsp;<\/p>\n<p>Escoge el lugar que desees, con playa o monta\u00f1a, con fr\u00edo o calor, en coche o en avi\u00f3n\u2026 siempre que cuides de tu estoma. Viajar debe ser sin\u00f3nimo de disfrutar, por eso aqu\u00ed encontrar\u00e1s todas las pautas para que tu viaje con una ostom\u00eda sea un \u00e9xito. En primer lugar, debes tener en cuenta que todo con calma se hace mejor, as\u00ed que no tengas prisa en viajar. Lo m\u00e1s prudente es esperar al menos seis meses tras la cirug\u00eda, estar\u00e1s mejor adaptado a tu ostom\u00eda y controlar\u00e1s mejor todo tipo de situaciones.<\/p>\n<p>&nbsp;<\/p>\n<h4>Viajes en coche<\/h4>\n<p>&nbsp;<\/p>\n<ul>\n<li>Vigila que el cintur\u00f3n de seguridad no oprima tu estoma. Puedes utilizar un adaptador parecido al que utilizan las embarazadas para proteger tu bolsa de ostom\u00eda.<\/li>\n<li>Es recomendable llevar el neceser con los dispositivos o bolsas dentro del coche y no en el maletero, as\u00ed podr\u00e1s controlar mejor la temperatura a la que se exponen.<\/li>\n<li>Planifica la ruta con algunas paradas, te ayudar\u00e1 a sentirte m\u00e1s c\u00f3modo y seguro.<\/li>\n<\/ul>\n<p>&nbsp;<\/p>\n<h4>Viajes en avi\u00f3n<\/h4>\n<p>&nbsp;<\/p>\n<ul>\n<li>Cambia el dispositivo del estoma antes de atravesar el control de seguridad, as\u00ed los registros de seguridad ser\u00e1n m\u00e1s discretos y menos embarazosos.<\/li>\n<li>El cambio de presi\u00f3n atmosf\u00e9rica durante el vuelo, puede provocar un aumento de gases. Prepara tu viaje con antelaci\u00f3n y desde el d\u00eda anterior no tomes bebidas gaseosas o alimentos flatulentos. Es recomendable que utilices bolsas con filtro que te ayudar\u00e1n a<span style=\"text-decoration: underline; color: #e84545;\"><strong> <a style=\"color: #e84545; text-decoration: underline;\" href=\"\/en\/dia-dia-una-ostomia\/\">controlar los gases y los malos olores<\/a><\/strong><\/span>.<\/li>\n<li>Vayas donde vayas, siempre es aconsejable llevar material de recambio, ropa y dispositivos ya cortados, tanto en el equipaje facturado, como en el equipaje de mano. Ten en cuenta que no podr\u00e1s subir tijeras al avi\u00f3n, por lo que es importante llevar los discos ya preparados.<\/li>\n<li>Se precavido y lleva suficiente material para todo el viaje y para posibles imprevistos.<\/li>\n<li>Una buena idea es incorporar a tu neceser un par de bolsas de basura para poder desechar tu bolsa de ostom\u00eda y el material utilizado en cualquier lugar, aunque no est\u00e9 acondicionado para ello. Te ahorrar\u00e1s situaciones inc\u00f3modas.<\/li>\n<li>Es importante que lleves contigo en todo momento un certificado de viaje, firmado por tu m\u00e9dico. Te lo pueden pedir, por ejemplo, en controles de aeropuerto.<\/li>\n<li>Si vas a realizar un viaje largo, pregunta a la aerol\u00ednea si puedes viajar a bordo con bebidas que contengan electrolitos para mantenerte hidratado durante todo el vuelo.<\/li>\n<\/ul>\n<p>&nbsp;<\/p>\n<p><img loading=\"lazy\" decoding=\"async\" class=\"wp-image-910 aligncenter\" src=\"\/wp-content\/uploads\/pexels-photo-587063-300x98.jpg\" alt=\"\" width=\"520\" height=\"170\" srcset=\"https:\/\/missbowel.com\/wp-content\/uploads\/pexels-photo-587063-300x98.jpg 300w, https:\/\/missbowel.com\/wp-content\/uploads\/pexels-photo-587063-768x251.jpg 768w, https:\/\/missbowel.com\/wp-content\/uploads\/pexels-photo-587063-1024x335.jpg 1024w, https:\/\/missbowel.com\/wp-content\/uploads\/pexels-photo-587063.jpg 1069w\" sizes=\"auto, (max-width: 520px) 100vw, 520px\" \/><\/p>\n<h4>\u00a0<\/h4>\n<h4>Al llegar a tu destino<\/h4>\n<p>&nbsp;<\/p>\n<p>\u00a1IMPORTANTE! Ten especial cuidado en<span style=\"text-decoration: underline;\"><strong><span style=\"color: #e84545;\"> <a style=\"color: #e84545; text-decoration: underline;\" href=\"https:\/\/www.educainflamatoria.com\/recomendaciones-para-planificar-un-viaje#diarrea\">prevenir la deshidrataci\u00f3n<\/a><\/span><\/strong><\/span>. Las personas ostomizadas pueden ser m\u00e1s susceptibles de sufrir deshidrataci\u00f3n, ya que el organismo no puede absorber con la misma eficacia los electrolitos (sales minerales esenciales) y l\u00edquidos procedentes de los alimentos. Vigila la calidad del agua. Es aconsejable que bebas siempre agua embotellada, evites los cubitos de hielo en las bebidas y tengas cuidado con los alimentos crudos.<\/p>\n<h4>\u00a0<\/h4>\n<h4>Consejos generales para viajar con tu bolsa de ostom\u00eda<\/h4>\n<p>&nbsp;<\/p>\n<p>Aunque siempre utilices bolsas cerradas, lleva alguna abierta (que se pueda vaciar) por si tuvieras diarrea, ser\u00e1 de gran ayuda y te facilitar\u00e1 mucho las cosas.<\/p>\n<p>Si viajas en verano, la piel transpira m\u00e1s y puede precisar cambios m\u00e1s frecuentes de tu dispositivo de ostom\u00eda.<\/p>\n<p>Guarda las bolsas de ostom\u00eda siempre en un lugar fresco para que los cambios de temperatura, especialmente las altas, no afecten a la permeabilidad de la bolsa y la calidad del disco .<\/p>\n<p>Si tienes que aplicarte crema solar, hazlo siempre despu\u00e9s de haberte colocado la bolsa, ya que las cremas pueden afectar al adhesivo.<\/p>\n<p>Cuando prepares tu viaje, es importante que averig\u00fces con antelaci\u00f3n d\u00f3nde recibir asistencia sanitaria en el lugar de destino, por si la necesitaras.<\/p>\n<p>&nbsp;<\/p>\n<p><span style=\"color: #000000;\"><strong>Las listas de viaje son una muy buena opci\u00f3n para asegurarte de que no se te olvida nada.\u00a0<\/strong><\/span><\/p>\n\n\t\t<\/div> \n\t<\/div> <div class=\"separator  transparent\" style=\"margin-top: 80px;\"><\/div>\n<\/div><\/div><\/div><\/div><\/div>\n<\/div>","protected":false},"excerpt":{"rendered":"Da la vuelta al mundo con tu ostom\u00eda. \u00bfQu\u00e9 te...","protected":false},"author":1,"featured_media":479,"parent":0,"menu_order":0,"comment_status":"closed","ping_status":"closed","template":"","meta":{"footnotes":""},"class_list":["post-59","page","type-page","status-publish","has-post-thumbnail","hentry"],"yoast_head":"<!-- This site is optimized with the Yoast SEO plugin v26.5 - https:\/\/yoast.com\/wordpress\/plugins\/seo\/ -->\n<title>Viajes y ostom\u00eda - Miss Bowel<\/title>\n<meta name=\"robots\" content=\"index, follow, max-snippet:-1, max-image-preview:large, max-video-preview:-1\" \/>\n<link rel=\"canonical\" href=\"https:\/\/missbowel.com\/en\/viajes-y-ostomia\/\" \/>\n<meta property=\"og:locale\" content=\"en_GB\" \/>\n<meta property=\"og:type\" content=\"article\" \/>\n<meta property=\"og:title\" content=\"Viajes y ostom\u00eda - Miss Bowel\" \/>\n<meta property=\"og:url\" content=\"https:\/\/missbowel.com\/en\/viajes-y-ostomia\/\" \/>\n<meta property=\"og:site_name\" content=\"Miss Bowel\" \/>\n<meta property=\"article:modified_time\" content=\"2019-06-07T10:36:06+00:00\" \/>\n<meta property=\"og:image\" content=\"https:\/\/missbowel.com\/wp-content\/uploads\/Viaje-ostomia-e1511452424386.jpeg\" \/>\n\t<meta property=\"og:image:width\" content=\"1915\" \/>\n\t<meta property=\"og:image:height\" content=\"355\" \/>\n\t<meta property=\"og:image:type\" content=\"image\/jpeg\" \/>\n<meta name=\"twitter:card\" content=\"summary_large_image\" \/>\n<meta name=\"twitter:label1\" content=\"Estimated reading time\" \/>\n\t<meta name=\"twitter:data1\" content=\"4 minutes\" \/>\n<script type=\"application\/ld+json\" class=\"yoast-schema-graph\">{\"@context\":\"https:\/\/schema.org\",\"@graph\":[{\"@type\":\"WebPage\",\"@id\":\"https:\/\/missbowel.com\/viajes-y-ostomia\/\",\"url\":\"https:\/\/missbowel.com\/viajes-y-ostomia\/\",\"name\":\"Viajes y ostom\u00eda - Miss Bowel\",\"isPartOf\":{\"@id\":\"https:\/\/missbowel.com\/#website\"},\"primaryImageOfPage\":{\"@id\":\"https:\/\/missbowel.com\/viajes-y-ostomia\/#primaryimage\"},\"image\":{\"@id\":\"https:\/\/missbowel.com\/viajes-y-ostomia\/#primaryimage\"},\"thumbnailUrl\":\"https:\/\/missbowel.com\/wp-content\/uploads\/Viaje-ostomia-e1511452424386.jpeg\",\"datePublished\":\"2017-11-13T17:20:00+00:00\",\"dateModified\":\"2019-06-07T10:36:06+00:00\",\"breadcrumb\":{\"@id\":\"https:\/\/missbowel.com\/viajes-y-ostomia\/#breadcrumb\"},\"inLanguage\":\"en-GB\",\"potentialAction\":[{\"@type\":\"ReadAction\",\"target\":[\"https:\/\/missbowel.com\/viajes-y-ostomia\/\"]}]},{\"@type\":\"ImageObject\",\"inLanguage\":\"en-GB\",\"@id\":\"https:\/\/missbowel.com\/viajes-y-ostomia\/#primaryimage\",\"url\":\"https:\/\/missbowel.com\/wp-content\/uploads\/Viaje-ostomia-e1511452424386.jpeg\",\"contentUrl\":\"https:\/\/missbowel.com\/wp-content\/uploads\/Viaje-ostomia-e1511452424386.jpeg\",\"width\":1915,\"height\":355,\"caption\":\"Viajar con una ostomia por el mundo\"},{\"@type\":\"BreadcrumbList\",\"@id\":\"https:\/\/missbowel.com\/viajes-y-ostomia\/#breadcrumb\",\"itemListElement\":[{\"@type\":\"ListItem\",\"position\":1,\"name\":\"Portada\",\"item\":\"https:\/\/missbowel.com\/\"},{\"@type\":\"ListItem\",\"position\":2,\"name\":\"Viajes y ostom\u00eda\"}]},{\"@type\":\"WebSite\",\"@id\":\"https:\/\/missbowel.com\/#website\",\"url\":\"https:\/\/missbowel.com\/\",\"name\":\"Miss Bowel\",\"description\":\"Productos para ostomias\",\"potentialAction\":[{\"@type\":\"SearchAction\",\"target\":{\"@type\":\"EntryPoint\",\"urlTemplate\":\"https:\/\/missbowel.com\/?s={search_term_string}\"},\"query-input\":{\"@type\":\"PropertyValueSpecification\",\"valueRequired\":true,\"valueName\":\"search_term_string\"}}],\"inLanguage\":\"en-GB\"}]}<\/script>\n<!-- \/ Yoast SEO plugin. -->","yoast_head_json":{"title":"Viajes y ostom\u00eda - Miss Bowel","robots":{"index":"index","follow":"follow","max-snippet":"max-snippet:-1","max-image-preview":"max-image-preview:large","max-video-preview":"max-video-preview:-1"},"canonical":"https:\/\/missbowel.com\/en\/viajes-y-ostomia\/","og_locale":"en_GB","og_type":"article","og_title":"Viajes y ostom\u00eda - Miss Bowel","og_url":"https:\/\/missbowel.com\/en\/viajes-y-ostomia\/","og_site_name":"Miss Bowel","article_modified_time":"2019-06-07T10:36:06+00:00","og_image":[{"width":1915,"height":355,"url":"https:\/\/missbowel.com\/wp-content\/uploads\/Viaje-ostomia-e1511452424386.jpeg","type":"image\/jpeg"}],"twitter_card":"summary_large_image","twitter_misc":{"Estimated reading time":"4 minutes"},"schema":{"@context":"https:\/\/schema.org","@graph":[{"@type":"WebPage","@id":"https:\/\/missbowel.com\/viajes-y-ostomia\/","url":"https:\/\/missbowel.com\/viajes-y-ostomia\/","name":"Viajes y ostom\u00eda - Miss Bowel","isPartOf":{"@id":"https:\/\/missbowel.com\/#website"},"primaryImageOfPage":{"@id":"https:\/\/missbowel.com\/viajes-y-ostomia\/#primaryimage"},"image":{"@id":"https:\/\/missbowel.com\/viajes-y-ostomia\/#primaryimage"},"thumbnailUrl":"https:\/\/missbowel.com\/wp-content\/uploads\/Viaje-ostomia-e1511452424386.jpeg","datePublished":"2017-11-13T17:20:00+00:00","dateModified":"2019-06-07T10:36:06+00:00","breadcrumb":{"@id":"https:\/\/missbowel.com\/viajes-y-ostomia\/#breadcrumb"},"inLanguage":"en-GB","potentialAction":[{"@type":"ReadAction","target":["https:\/\/missbowel.com\/viajes-y-ostomia\/"]}]},{"@type":"ImageObject","inLanguage":"en-GB","@id":"https:\/\/missbowel.com\/viajes-y-ostomia\/#primaryimage","url":"https:\/\/missbowel.com\/wp-content\/uploads\/Viaje-ostomia-e1511452424386.jpeg","contentUrl":"https:\/\/missbowel.com\/wp-content\/uploads\/Viaje-ostomia-e1511452424386.jpeg","width":1915,"height":355,"caption":"Viajar con una ostomia por el mundo"},{"@type":"BreadcrumbList","@id":"https:\/\/missbowel.com\/viajes-y-ostomia\/#breadcrumb","itemListElement":[{"@type":"ListItem","position":1,"name":"Portada","item":"https:\/\/missbowel.com\/"},{"@type":"ListItem","position":2,"name":"Viajes y ostom\u00eda"}]},{"@type":"WebSite","@id":"https:\/\/missbowel.com\/#website","url":"https:\/\/missbowel.com\/","name":"Miss Bowel","description":"Productos para ostomias","potentialAction":[{"@type":"SearchAction","target":{"@type":"EntryPoint","urlTemplate":"https:\/\/missbowel.com\/?s={search_term_string}"},"query-input":{"@type":"PropertyValueSpecification","valueRequired":true,"valueName":"search_term_string"}}],"inLanguage":"en-GB"}]}},"_links":{"self":[{"href":"https:\/\/missbowel.com\/en\/wp-json\/wp\/v2\/pages\/59","targetHints":{"allow":["GET"]}}],"collection":[{"href":"https:\/\/missbowel.com\/en\/wp-json\/wp\/v2\/pages"}],"about":[{"href":"https:\/\/missbowel.com\/en\/wp-json\/wp\/v2\/types\/page"}],"author":[{"embeddable":true,"href":"https:\/\/missbowel.com\/en\/wp-json\/wp\/v2\/users\/1"}],"replies":[{"embeddable":true,"href":"https:\/\/missbowel.com\/en\/wp-json\/wp\/v2\/comments?post=59"}],"version-history":[{"count":15,"href":"https:\/\/missbowel.com\/en\/wp-json\/wp\/v2\/pages\/59\/revisions"}],"predecessor-version":[{"id":12801,"href":"https:\/\/missbowel.com\/en\/wp-json\/wp\/v2\/pages\/59\/revisions\/12801"}],"wp:featuredmedia":[{"embeddable":true,"href":"https:\/\/missbowel.com\/en\/wp-json\/wp\/v2\/media\/479"}],"wp:attachment":[{"href":"https:\/\/missbowel.com\/en\/wp-json\/wp\/v2\/media?parent=59"}],"curies":[{"name":"wp","href":"https:\/\/api.w.org\/{rel}","templated":true}]}}