{"id":70,"date":"2017-11-13T18:26:50","date_gmt":"2017-11-13T17:26:50","guid":{"rendered":"http:\/\/missbowel.francastillo.com\/?page_id=70"},"modified":"2019-06-07T12:36:41","modified_gmt":"2019-06-07T10:36:41","slug":"sexo-ostomias","status":"publish","type":"page","link":"https:\/\/missbowel.com\/en\/sexo-ostomias\/","title":{"rendered":"Sexo y vida en pareja"},"content":{"rendered":"<div class=\"wpb-content-wrapper\"><div class=\"vc_row wpb_row section vc_row-fluid\" style=' text-align:left;'><div class=\"full_section_inner clearfix\"><div class=\"wpb_column vc_column_container vc_col-sm-12\"><div class=\"vc_column-inner\"><div class=\"wpb_wrapper\">\n\t<div class=\"wpb_single_image wpb_content_element vc_align_left\">\n\t\t<div class=\"wpb_wrapper\">\n\t\t\t\n\t\t\t<div class=\"vc_single_image-wrapper   vc_box_border_grey\"><img loading=\"lazy\" decoding=\"async\" width=\"1500\" height=\"278\" src=\"https:\/\/missbowel.com\/wp-content\/uploads\/sexo-con-ostomia.jpg\" class=\"vc_single_image-img attachment-full\" alt=\"\" title=\"sexo-con-ostomia\" srcset=\"https:\/\/missbowel.com\/wp-content\/uploads\/sexo-con-ostomia.jpg 1500w, https:\/\/missbowel.com\/wp-content\/uploads\/sexo-con-ostomia-300x56.jpg 300w, https:\/\/missbowel.com\/wp-content\/uploads\/sexo-con-ostomia-768x142.jpg 768w, https:\/\/missbowel.com\/wp-content\/uploads\/sexo-con-ostomia-1024x190.jpg 1024w\" sizes=\"auto, (max-width: 1500px) 100vw, 1500px\" \/><\/div>\n\t\t<\/div>\n\t<\/div>\n<div class=\"separator  transparent\" style=\"margin-top: 30px;\"><\/div>\n<\/div><\/div><\/div><\/div><\/div><div      class=\"vc_row wpb_row section vc_row-fluid\" style=' text-align:left;'><div class=\"full_section_inner clearfix\"><div class=\"wpb_column vc_column_container vc_col-sm-12\"><div class=\"vc_column-inner\"><div class=\"wpb_wrapper\">\n\t<div class=\"wpb_text_column wpb_content_element\">\n\t\t<div class=\"wpb_wrapper\">\n\t\t\t<h3 style=\"text-align: center;\">Recupera la intimidad con tu pareja<\/h3>\n<h3 style=\"text-align: center;\">Sin miedo al sexo<\/h3>\n<p>&nbsp;<\/p>\n<p>&nbsp;<\/p>\n<p style=\"text-align: justify;\"><span style=\"color: #333333; font-size: 12pt;\">Cuando se trata de sexo y ostom\u00eda, es importante que te sientas c\u00f3modo con tu pareja. Hablar y fomentar la confianza son las claves para establecer una relaci\u00f3n sexual satisfactoria despu\u00e9s de la cirug\u00eda.<\/span><\/p>\n<p>&nbsp;<\/p>\n<p style=\"text-align: justify;\"><span style=\"font-size: 12pt;\">No tengas miedo de abrirte y reconocer c\u00f3mo te sientes, compartirlo te ayudar\u00e1 a tu recuperaci\u00f3n. Ten en cuenta que es probable que necesites una etapa de adaptaci\u00f3n. Esta ser\u00e1 m\u00e1s o menos complicada dependiendo de tu actitud y de la situaci\u00f3n en la que te encuentres. Pese a esta etapa de adaptaci\u00f3n, ver\u00e1s que poco a poco volver\u00e1s a retomar todos los aspectos de tu vida, incluido tu vida sexual.<\/span><\/p>\n<p>&nbsp;<\/p>\n<p style=\"text-align: justify;\"><span style=\"font-size: 12pt;\">El sexo y la intimidad son aspectos muy importantes y de plenitud en la vida que deben continuar tras una cirug\u00eda de ostom\u00eda.<strong>\u00a0<\/strong>Sin agobios y d\u00e1ndote el tiempo que necesites, debes volver a disfrutar del placer del contacto \u00a0f\u00edsico y del erotismo.\u00a0No te condiciones ni te sometas a presi\u00f3n extra por la ostom\u00eda; como en otros aspectos de tu vida, t\u00fa has de decidir tambi\u00e9n en tus relaciones de pareja.<\/span><\/p>\n<p>&nbsp;<\/p>\n<p>&nbsp;<\/p>\n<p><img loading=\"lazy\" decoding=\"async\" class=\"padding10 alignleft wp-image-451\" src=\"\/wp-content\/uploads\/Sexo-ostomia-e1511440310479.jpg\" alt=\"El sexo en la persona ostomizado\" width=\"330\" height=\"494\" \/><span style=\"color: #000000; font-size: 12pt;\">ALGUNOS CONSEJOS:<\/span><\/p>\n<p>&nbsp;<\/p>\n<ul style=\"list-style-type: disc;\">\n<li>Ten en cuenta que las primeras relaciones despu\u00e9s de la ostom\u00eda seguramente no sean perfectas.<\/li>\n<li>Comunicaci\u00f3n. Tanto si tienes pareja estable como espor\u00e1dica, es muy importante que habl\u00e9is de tus preocupaciones y las suyas con sinceridad, os ayudar\u00e1 a relajaros.<\/li>\n<li>Convierte tus debilidades en fortalezas. Erotiza tu nuevo cuerpo, tus cicatrices, incluso tu bolsa. Busca nuevos est\u00edmulos que te ayuden a mantener vivo el erotismo. Siente todo tu cuerpo como un instrumento er\u00f3tico no solo los \u00f3rganos genitales. La piel es el mayor \u00f3rgano para dar y recibir placer.<\/li>\n<\/ul>\n<p>&nbsp;<\/p>\n<h4 style=\"text-align: center;\">Llevar una bolsa no significa no ser sexy ni atractivo<\/h4>\n<p>&nbsp;<\/p>\n<ul>\n<li style=\"text-align: justify;\">J<span style=\"font-size: 12pt;\">uegos er\u00f3ticos. Potencia los masajes, el baile, los juguetes, utiliza la fantas\u00eda y prueba nuevas posturas a medida que cojas confianza.<\/span><\/li>\n<li style=\"text-align: justify;\"><span style=\"font-size: 12pt;\">Prepararte para el encuentro sexual puede ayudarte a tener m\u00e1s seguridad y sentirte m\u00e1s relajado.<\/span><\/li>\n<li style=\"text-align: justify;\"><span style=\"font-size: 12pt;\">Vaciar la bolsa. Vac\u00eda la bolsa antes de tener relaciones sexuales. Aseg\u00farate que est\u00e1 limpia y bien adherida a la piel. Si puedes anticiparte, es mejor no haber comido alimentos que puedan favorecer los gases. Si te da m\u00e1s confianza, an\u00edmate a usar desodorantes espec\u00edficos para bolsas de ostom\u00eda.<\/span><\/li>\n<li style=\"text-align: justify;\"><span style=\"font-size: 12pt;\">Bolsas de menor tama\u00f1o. La bolsa puede verse como un estorbo durante las relaciones sexuales. Puede resultar pr\u00e1ctico utilizar bolsas de un tama\u00f1o m\u00e1s peque\u00f1o de lo habitual.<\/span><\/li>\n<li style=\"text-align: justify;\"><span style=\"font-size: 12pt;\">Accesorios. Utiliza accesorios para tus bolsas que te ayuden a cubrirlas y mantenerlas fijas para evitar movimientos y fugas. El <span style=\"text-decoration: underline;\"><span style=\"color: #e36666;\"><a style=\"color: #e36666; text-decoration: underline;\" href=\"\/en\/product\/ostomylove-color-negro\/\">Ostomylove<\/a><\/span><\/span> es una buena opci\u00f3n si buscas sentirte seguro y confiado durante la relaci\u00f3n.<\/span><\/li>\n<li style=\"text-align: justify;\"><span style=\"font-size: 12pt;\">Prendas er\u00f3ticas. Algunas prendas pueden resultar muy sexys y atractivas. Juega con ellas como si fuera ropa interior.<\/span><\/li>\n<\/ul>\n<p>&nbsp;<\/p>\n<h4 style=\"text-align: center;\">Posturas<\/h4>\n<p>&nbsp;<\/p>\n<p style=\"text-align: justify;\"><span style=\"font-size: 12pt;\">Si te sientes m\u00e1s d\u00e9bil de lo normal prueba posturas que te faciliten el encuentro. Recostado de lado, ya sea frente a frente o la mujer de espaldas al hombre (\u201cla cucharita\u201d) son posturas que te resultar\u00e1n muy c\u00f3modas cuando no est\u00e9s al cien por cien.<\/span><\/p>\n<p>&nbsp;<\/p>\n<p style=\"text-align: justify;\"><span style=\"font-size: 12pt;\">Intenta recostarte del lado donde est\u00e9 la ostom\u00eda para que la bolsa quede apoyada hacia abajo y no sea un obst\u00e1culo.<\/span><\/p>\n<p>&nbsp;<\/p>\n<p style=\"text-align: justify;\"><span style=\"font-size: 12pt;\">Es aconsejable que evites posturas en las que la bolsa quede oprimida.<\/span><\/p>\n<p>&nbsp;<\/p>\n<p style=\"text-align: justify;\"><span style=\"font-size: 12pt;\">Usar cojines o almohadas puede ayudarte a encontrar posturas m\u00e1s c\u00f3modas.<\/span><\/p>\n<p>&nbsp;<\/p>\n<p style=\"text-align: justify;\"><span style=\"font-size: 12pt;\">Si eres mujer, utiliza lubricante en caso de sequedad o molestias. Suele ser muy com\u00fan la sequedad vaginal en el caso de las urostom\u00edas.<\/span><\/p>\n<p>&nbsp;<\/p>\n<p style=\"text-align: justify;\"><span style=\"font-size: 12pt;\">*Hay personas ostomizadas que preguntan si pueden utilizar el estoma con fines er\u00f3ticos y si es posible introducir el dedo o el pene. Recomendamos no introducir ning\u00fan tipo de objeto en el estoma por el posible riesgo de lesionarlo.<\/span><\/p>\n<p>&nbsp;<\/p>\n<h4 style=\"text-align: center;\">\u00bfCon qu\u00e9 problemas puedes encontrarte<\/h4>\n<h4 style=\"text-align: center;\">al practicar sexo tras una ostom\u00eda?<\/h4>\n<p>&nbsp;<\/p>\n<p style=\"text-align: justify;\"><span style=\"font-size: 12pt;\">La cirug\u00eda que deriva en una ostom\u00eda puede afectar a los nervios y vasos sangu\u00edneos que controlan la funci\u00f3n de los \u00f3rganos sexuales. Como consecuencia puede provocar secuelas que condicionen un cambio en el funcionamiento sexual durante un periodo de tiempo de duraci\u00f3n variable. Seg\u00fan el tipo de ostom\u00eda practicado habr\u00e1 mayor o menor afectaci\u00f3n.<\/span><\/p>\n<p>&nbsp;<\/p>\n<p style=\"padding-left: 60px; text-align: justify;\"><span style=\"color: #000000; font-size: 12pt;\"><strong>Colostom\u00eda<\/strong><\/span><br \/>\n<span style=\"font-size: 12pt;\"> El efecto sobre las funciones sexuales puede ser muy variado. La amputaci\u00f3n abdomino-perineal puede ocasionar disfunci\u00f3n er\u00e9ctil en los hombres (entre el 50% y 100%), porque el recto extirpado est\u00e1 muy cercano a los nervios que regulan el funcionamiento genital. Sin embargo, si la intervenci\u00f3n elimina partes m\u00e1s altas del colon, no suele haber disfunci\u00f3n sexual de origen org\u00e1nico.<\/span><\/p>\n<p>&nbsp;<\/p>\n<p style=\"padding-left: 60px; text-align: justify;\"><span style=\"color: #000000; font-size: 12pt;\"><strong>Ileostom\u00eda<\/strong><\/span><br \/>\n<span style=\"font-size: 12pt;\"> No es frecuente la disfunci\u00f3n en estos casos. Por lo general, la disfunci\u00f3n sexual que se aprecia en estos casos suele tener origen psicol\u00f3gico.<\/span><\/p>\n<p>&nbsp;<\/p>\n<p style=\"padding-left: 60px; text-align: justify;\"><span style=\"color: #000000; font-size: 12pt;\"><strong>Urostom\u00eda<\/strong><\/span><br \/>\n<span style=\"font-size: 12pt;\"> La extirpaci\u00f3n radical de la vejiga para instaurar una urostom\u00eda produce lesiones irremediables que causan disfunci\u00f3n er\u00e9ctil en el hombre al cortar las v\u00edas nerviosas que regulan la erecci\u00f3n y la eyaculaci\u00f3n. En la mujer, esta cirug\u00eda suele causar falta de lubricaci\u00f3n de la pared vaginal y una sensaci\u00f3n dolorosa durante el coito.<\/span><\/p>\n<p>&nbsp;<\/p>\n<h4 style=\"text-align: left;\"><img loading=\"lazy\" decoding=\"async\" class=\"alignleft wp-image-460\" src=\"\/wp-content\/uploads\/disminucion-deseo-sexual-ostomizado-1-1024x938.jpg\" alt=\"Disminuci\u00f3n del deseo sexual en el paciente ostomizado\" width=\"391\" height=\"358\" srcset=\"https:\/\/missbowel.com\/wp-content\/uploads\/disminucion-deseo-sexual-ostomizado-1-1024x938.jpg 1024w, https:\/\/missbowel.com\/wp-content\/uploads\/disminucion-deseo-sexual-ostomizado-1-300x275.jpg 300w, https:\/\/missbowel.com\/wp-content\/uploads\/disminucion-deseo-sexual-ostomizado-1-768x703.jpg 768w, https:\/\/missbowel.com\/wp-content\/uploads\/disminucion-deseo-sexual-ostomizado-1.jpg 1602w\" sizes=\"auto, (max-width: 391px) 100vw, 391px\" \/>Disminuci\u00f3n del deseo sexual<\/h4>\n<p>&nbsp;<\/p>\n<p style=\"text-align: justify;\"><span style=\"font-size: 14pt;\"><span style=\"color: #000000;\">El deseo sexual despu\u00e9s de una ostom\u00eda es natural que desaparezca temporalmente. Durante la recuperaci\u00f3n f\u00edsica y emocional posterior a la cirug\u00eda es normal que no haya respuesta sexual al est\u00edmulo er\u00f3tico. Puede ser efecto de la cirug\u00eda, del tratamiento de quimioterapia o radioterapia, e incluso estar motivado por el estr\u00e9s del proceso. No hay que olvidar que el deseo est\u00e1 \u00edntimamente ligado con la mayor o menor salud mental que experimenta la persona en un determinado momento.<\/span><\/span><\/p>\n<h4>\u00a0<\/h4>\n\n\t\t<\/div> \n\t<\/div> <\/div><\/div><\/div><\/div><\/div><div      class=\"vc_row wpb_row section vc_row-fluid\" style=' text-align:left;'><div class=\"full_section_inner clearfix\"><div class=\"wpb_column vc_column_container vc_col-sm-12\"><div class=\"vc_column-inner\"><div class=\"wpb_wrapper\"><div class=\"separator  transparent\" style=\"margin-top: 30px;\"><\/div>\n\n\t<div class=\"wpb_text_column wpb_content_element\">\n\t\t<div class=\"wpb_wrapper\">\n\t\t\t<h4 style=\"text-align: center;\">Mujer ostomizada y sexualidad<\/h4>\n<p>&nbsp;<\/p>\n<p><span style=\"font-size: 12pt;\">A veces puede suceder que los nervios del cl\u00edtoris, sensible a los est\u00edmulos sexuales, queden afectados tras la cirug\u00eda, por lo que puede disminuir la sensibilidad. En este caso, la mujer necesitar\u00e1 m\u00e1s tiempo para alcanzar el orgasmo.<\/span><\/p>\n<p>&nbsp;<\/p>\n<p><span style=\"font-size: 12pt;\">A veces, la zona de la vagina puede tener hipersensiblidad y hasta el m\u00ednimo roce cause dolor. En estos casos, utilizar un gel con anest\u00e9sico (de venta en farmacias) puede ayudar a disminuir el dolor. Hay que tener en cuenta que la mujer tambi\u00e9n puede obtener placer sexual si se le estimulan otras zonas distintas al cl\u00edtoris.<\/span><\/p>\n<p>&nbsp;<\/p>\n<p><span style=\"font-size: 12pt;\">La estimulaci\u00f3n t\u00e1ctil del llamado \u201cpunto G\u201d produce una sensaci\u00f3n parecida, aunque menos intensa a la estimulaci\u00f3n del cl\u00edtoris. Encontramos el \u201cpunto G\u201d estimulando el \u00a0nervio pudendo interno, situado entre 3 y 5 cm \u00a0en el interior de la vagina (con la vejiga medio llena se localiza f\u00e1cilmente con un poco de entrenamiento).<\/span><\/p>\n<p>&nbsp;<\/p>\n<h4 style=\"text-align: center;\">Hombre ostomizado y sexualidad<\/h4>\n<p>&nbsp;<\/p>\n<p style=\"text-align: justify;\"><span style=\"font-size: 12pt;\">La cirug\u00eda puede lesionar los nervios de la pelvis que llevan el impulso nervioso desde el cerebro al pene o los vasos que llevan la sangre necesaria para la erecci\u00f3n. Como consecuencia, la erecci\u00f3n puede perder rigidez o incluso desaparecer.<\/span><\/p>\n<p>&nbsp;<\/p>\n<p style=\"text-align: justify;\"><span style=\"font-size: 12pt;\">Cuando el pene no tiene suficiente rigidez como para llevar a cabo una penetraci\u00f3n satisfactoria, se habla de impotencia o disfunci\u00f3n er\u00e9ctil.<\/span><\/p>\n<p>&nbsp;<\/p>\n<p style=\"text-align: justify;\"><span style=\"font-size: 12pt;\">Aunque la disfunci\u00f3n er\u00e9ctil tiene un car\u00e1cter org\u00e1nico, puede provocar un grave conflicto psicol\u00f3gico como: sentimientos de falta de autoestima, depresi\u00f3n, miedo o rechazo al contacto f\u00edsico y sexual. Todo ello se agudiza por el mensaje socio-cultural y los mitos sobre \u201clo que se espera\u201d del hombre, con lo que contribuye a su aislamiento en un momento en que lo que m\u00e1s necesita es apoyo, cari\u00f1o y seguridad.<\/span><\/p>\n<p>&nbsp;<\/p>\n<p style=\"text-align: justify;\"><span style=\"font-size: 12pt;\">Dependiendo de la intervenci\u00f3n, la disfunci\u00f3n er\u00e9ctil puede ser transitoria, por lo que la erecci\u00f3n se ir\u00e1 recuperando poco a poco, o puede ser definitiva. En cada caso es importante mantener un seguimiento con el profesional sanitario adecuado.<\/span><\/p>\n<p>&nbsp;<\/p>\n<h4 style=\"text-align: center;\">Falta de eyaculaci\u00f3n<\/h4>\n<p>&nbsp;<\/p>\n<p><span style=\"font-size: 12pt;\"> Cuando la cirug\u00eda extirpa la pr\u00f3stata y las ves\u00edculas seminales, el semen no puede salir al exterior y, aunque los espermatozoides siguen madurando en los test\u00edculos, se reabsorben ante la imposibilidad de expulsi\u00f3n. Esta alteraci\u00f3n, tambi\u00e9n llamada \u201corgasmo seco\u201d, no resulta perjudicial para el hombre en ning\u00fan sentido, y en la mayor\u00eda no reduce la sensaci\u00f3n de orgasmo, aunque psicol\u00f3gicamente puede ser dif\u00edcil de aceptar. En ese caso es importante desdramatizar el tema permaneciendo abierto a las sensaciones distintas que se producen y contar con el apoyo de la pareja.<\/span><\/p>\n<p>&nbsp;<\/p>\n<h4 style=\"text-align: center;\">Sexo anal<\/h4>\n<p>&nbsp;<\/p>\n<p style=\"text-align: justify;\"><span style=\"font-size: 12pt;\">El cierre del ano ser\u00e1 un impedimento para la pr\u00e1ctica del sexo anal, por lo que deber\u00e1s investigar y poner en pr\u00e1ctica otros m\u00e9todos alternativos para obtener placer sexual. Si eres homosexual y llevas una ostom\u00eda tendr\u00e1s las mismas preocupaciones e inquietudes que cualquier heterosexual. Quiz\u00e1s la \u00fanica diferencia es la pr\u00e1ctica del sexo anal, que aunque no es exclusiva del sexo entre dos hombres, s\u00ed se practica con mayor asiduidad que en las relaciones heterosexuales.<\/span><\/p>\n<p>&nbsp;<\/p>\n<p>&nbsp;<\/p>\n<p style=\"text-align: center;\"><span style=\"font-size: 14pt;\"><em>Si tienes m\u00e1s dudas sobre sexualidad y tu ostom\u00eda, consulta con tu estomaterapeuta y\/o tu m\u00e9dico.<\/em><\/span><\/p>\n\n\t\t<\/div> \n\t<\/div> <div class=\"separator  transparent\" style=\"margin-top: 80px;\"><\/div>\n<\/div><\/div><\/div><\/div><\/div>\n<\/div>","protected":false},"excerpt":{"rendered":"Recupera la intimidad con tu pareja Sin miedo al sexo...","protected":false},"author":1,"featured_media":511,"parent":0,"menu_order":0,"comment_status":"closed","ping_status":"closed","template":"","meta":{"footnotes":""},"class_list":["post-70","page","type-page","status-publish","has-post-thumbnail","hentry"],"yoast_head":"<!-- This site is optimized with the Yoast SEO plugin v26.5 - https:\/\/yoast.com\/wordpress\/plugins\/seo\/ -->\n<title>Sexualidad y vida en pareja en el paciente ostomizado - Miss Bowel<\/title>\n<meta name=\"description\" content=\"El sexo tras una cirug\u00eda de ostom\u00eda es uno de los temas tab\u00fa a plantear en la consulta. Si tienes dudas, este es tu espacio.\" \/>\n<meta name=\"robots\" content=\"index, follow, max-snippet:-1, max-image-preview:large, max-video-preview:-1\" \/>\n<link rel=\"canonical\" href=\"https:\/\/missbowel.com\/en\/sexo-ostomias\/\" \/>\n<meta property=\"og:locale\" content=\"en_GB\" \/>\n<meta property=\"og:type\" content=\"article\" \/>\n<meta property=\"og:title\" content=\"Sexualidad y vida en pareja en el paciente ostomizado - Miss Bowel\" \/>\n<meta property=\"og:description\" content=\"El sexo tras una cirug\u00eda de ostom\u00eda es uno de los temas tab\u00fa a plantear en la consulta. Si tienes dudas, este es tu espacio.\" \/>\n<meta property=\"og:url\" content=\"https:\/\/missbowel.com\/en\/sexo-ostomias\/\" \/>\n<meta property=\"og:site_name\" content=\"Miss Bowel\" \/>\n<meta property=\"article:modified_time\" content=\"2019-06-07T10:36:41+00:00\" \/>\n<meta property=\"og:image\" content=\"https:\/\/missbowel.com\/wp-content\/uploads\/sexo-con-ostomia.jpg\" \/>\n\t<meta property=\"og:image:width\" content=\"1500\" \/>\n\t<meta property=\"og:image:height\" content=\"278\" \/>\n\t<meta property=\"og:image:type\" content=\"image\/jpeg\" \/>\n<meta name=\"twitter:card\" content=\"summary_large_image\" \/>\n<meta name=\"twitter:label1\" content=\"Estimated reading time\" \/>\n\t<meta name=\"twitter:data1\" content=\"9 minutes\" \/>\n<script type=\"application\/ld+json\" class=\"yoast-schema-graph\">{\"@context\":\"https:\/\/schema.org\",\"@graph\":[{\"@type\":\"WebPage\",\"@id\":\"https:\/\/missbowel.com\/sexo-ostomias\/\",\"url\":\"https:\/\/missbowel.com\/sexo-ostomias\/\",\"name\":\"Sexualidad y vida en pareja en el paciente ostomizado - Miss Bowel\",\"isPartOf\":{\"@id\":\"https:\/\/missbowel.com\/#website\"},\"primaryImageOfPage\":{\"@id\":\"https:\/\/missbowel.com\/sexo-ostomias\/#primaryimage\"},\"image\":{\"@id\":\"https:\/\/missbowel.com\/sexo-ostomias\/#primaryimage\"},\"thumbnailUrl\":\"https:\/\/missbowel.com\/wp-content\/uploads\/sexo-con-ostomia.jpg\",\"datePublished\":\"2017-11-13T17:26:50+00:00\",\"dateModified\":\"2019-06-07T10:36:41+00:00\",\"description\":\"El sexo tras una cirug\u00eda de ostom\u00eda es uno de los temas tab\u00fa a plantear en la consulta. Si tienes dudas, este es tu espacio.\",\"breadcrumb\":{\"@id\":\"https:\/\/missbowel.com\/sexo-ostomias\/#breadcrumb\"},\"inLanguage\":\"en-GB\",\"potentialAction\":[{\"@type\":\"ReadAction\",\"target\":[\"https:\/\/missbowel.com\/sexo-ostomias\/\"]}]},{\"@type\":\"ImageObject\",\"inLanguage\":\"en-GB\",\"@id\":\"https:\/\/missbowel.com\/sexo-ostomias\/#primaryimage\",\"url\":\"https:\/\/missbowel.com\/wp-content\/uploads\/sexo-con-ostomia.jpg\",\"contentUrl\":\"https:\/\/missbowel.com\/wp-content\/uploads\/sexo-con-ostomia.jpg\",\"width\":1500,\"height\":278},{\"@type\":\"BreadcrumbList\",\"@id\":\"https:\/\/missbowel.com\/sexo-ostomias\/#breadcrumb\",\"itemListElement\":[{\"@type\":\"ListItem\",\"position\":1,\"name\":\"Portada\",\"item\":\"https:\/\/missbowel.com\/\"},{\"@type\":\"ListItem\",\"position\":2,\"name\":\"Sexo y vida en pareja\"}]},{\"@type\":\"WebSite\",\"@id\":\"https:\/\/missbowel.com\/#website\",\"url\":\"https:\/\/missbowel.com\/\",\"name\":\"Miss Bowel\",\"description\":\"Productos para ostomias\",\"potentialAction\":[{\"@type\":\"SearchAction\",\"target\":{\"@type\":\"EntryPoint\",\"urlTemplate\":\"https:\/\/missbowel.com\/?s={search_term_string}\"},\"query-input\":{\"@type\":\"PropertyValueSpecification\",\"valueRequired\":true,\"valueName\":\"search_term_string\"}}],\"inLanguage\":\"en-GB\"}]}<\/script>\n<!-- \/ Yoast SEO plugin. -->","yoast_head_json":{"title":"Sexualidad y vida en pareja en el paciente ostomizado - Miss Bowel","description":"El sexo tras una cirug\u00eda de ostom\u00eda es uno de los temas tab\u00fa a plantear en la consulta. Si tienes dudas, este es tu espacio.","robots":{"index":"index","follow":"follow","max-snippet":"max-snippet:-1","max-image-preview":"max-image-preview:large","max-video-preview":"max-video-preview:-1"},"canonical":"https:\/\/missbowel.com\/en\/sexo-ostomias\/","og_locale":"en_GB","og_type":"article","og_title":"Sexualidad y vida en pareja en el paciente ostomizado - Miss Bowel","og_description":"El sexo tras una cirug\u00eda de ostom\u00eda es uno de los temas tab\u00fa a plantear en la consulta. Si tienes dudas, este es tu espacio.","og_url":"https:\/\/missbowel.com\/en\/sexo-ostomias\/","og_site_name":"Miss Bowel","article_modified_time":"2019-06-07T10:36:41+00:00","og_image":[{"width":1500,"height":278,"url":"https:\/\/missbowel.com\/wp-content\/uploads\/sexo-con-ostomia.jpg","type":"image\/jpeg"}],"twitter_card":"summary_large_image","twitter_misc":{"Estimated reading time":"9 minutes"},"schema":{"@context":"https:\/\/schema.org","@graph":[{"@type":"WebPage","@id":"https:\/\/missbowel.com\/sexo-ostomias\/","url":"https:\/\/missbowel.com\/sexo-ostomias\/","name":"Sexualidad y vida en pareja en el paciente ostomizado - Miss Bowel","isPartOf":{"@id":"https:\/\/missbowel.com\/#website"},"primaryImageOfPage":{"@id":"https:\/\/missbowel.com\/sexo-ostomias\/#primaryimage"},"image":{"@id":"https:\/\/missbowel.com\/sexo-ostomias\/#primaryimage"},"thumbnailUrl":"https:\/\/missbowel.com\/wp-content\/uploads\/sexo-con-ostomia.jpg","datePublished":"2017-11-13T17:26:50+00:00","dateModified":"2019-06-07T10:36:41+00:00","description":"El sexo tras una cirug\u00eda de ostom\u00eda es uno de los temas tab\u00fa a plantear en la consulta. Si tienes dudas, este es tu espacio.","breadcrumb":{"@id":"https:\/\/missbowel.com\/sexo-ostomias\/#breadcrumb"},"inLanguage":"en-GB","potentialAction":[{"@type":"ReadAction","target":["https:\/\/missbowel.com\/sexo-ostomias\/"]}]},{"@type":"ImageObject","inLanguage":"en-GB","@id":"https:\/\/missbowel.com\/sexo-ostomias\/#primaryimage","url":"https:\/\/missbowel.com\/wp-content\/uploads\/sexo-con-ostomia.jpg","contentUrl":"https:\/\/missbowel.com\/wp-content\/uploads\/sexo-con-ostomia.jpg","width":1500,"height":278},{"@type":"BreadcrumbList","@id":"https:\/\/missbowel.com\/sexo-ostomias\/#breadcrumb","itemListElement":[{"@type":"ListItem","position":1,"name":"Portada","item":"https:\/\/missbowel.com\/"},{"@type":"ListItem","position":2,"name":"Sexo y vida en pareja"}]},{"@type":"WebSite","@id":"https:\/\/missbowel.com\/#website","url":"https:\/\/missbowel.com\/","name":"Miss Bowel","description":"Productos para ostomias","potentialAction":[{"@type":"SearchAction","target":{"@type":"EntryPoint","urlTemplate":"https:\/\/missbowel.com\/?s={search_term_string}"},"query-input":{"@type":"PropertyValueSpecification","valueRequired":true,"valueName":"search_term_string"}}],"inLanguage":"en-GB"}]}},"_links":{"self":[{"href":"https:\/\/missbowel.com\/en\/wp-json\/wp\/v2\/pages\/70","targetHints":{"allow":["GET"]}}],"collection":[{"href":"https:\/\/missbowel.com\/en\/wp-json\/wp\/v2\/pages"}],"about":[{"href":"https:\/\/missbowel.com\/en\/wp-json\/wp\/v2\/types\/page"}],"author":[{"embeddable":true,"href":"https:\/\/missbowel.com\/en\/wp-json\/wp\/v2\/users\/1"}],"replies":[{"embeddable":true,"href":"https:\/\/missbowel.com\/en\/wp-json\/wp\/v2\/comments?post=70"}],"version-history":[{"count":33,"href":"https:\/\/missbowel.com\/en\/wp-json\/wp\/v2\/pages\/70\/revisions"}],"predecessor-version":[{"id":12802,"href":"https:\/\/missbowel.com\/en\/wp-json\/wp\/v2\/pages\/70\/revisions\/12802"}],"wp:featuredmedia":[{"embeddable":true,"href":"https:\/\/missbowel.com\/en\/wp-json\/wp\/v2\/media\/511"}],"wp:attachment":[{"href":"https:\/\/missbowel.com\/en\/wp-json\/wp\/v2\/media?parent=70"}],"curies":[{"name":"wp","href":"https:\/\/api.w.org\/{rel}","templated":true}]}}