{"id":79,"date":"2017-11-13T18:40:21","date_gmt":"2017-11-13T17:40:21","guid":{"rendered":"http:\/\/missbowel.francastillo.com\/?page_id=79"},"modified":"2019-06-07T12:29:25","modified_gmt":"2019-06-07T10:29:25","slug":"que-es-un-ostomia","status":"publish","type":"page","link":"https:\/\/missbowel.com\/en\/que-es-un-ostomia\/","title":{"rendered":"Qu\u00e9 es un ostom\u00eda"},"content":{"rendered":"<div class=\"wpb-content-wrapper\"><div      class=\"vc_row wpb_row section vc_row-fluid\" style=' text-align:left;'><div class=\"full_section_inner clearfix\"><div class=\"wpb_column vc_column_container vc_col-sm-12\"><div class=\"vc_column-inner\"><div class=\"wpb_wrapper\">\n\t<div class=\"wpb_text_column wpb_content_element\">\n\t\t<div class=\"wpb_wrapper\">\n\t\t\t<p>&nbsp;<\/p>\n<h3 style=\"text-align: center;\">Conoce tu tipo de ostom\u00eda<\/h3>\n<p>&nbsp;<\/p>\n<p style=\"text-align: justify;\">Una ostom\u00eda es una abertura artificial (estoma) creada quir\u00fargicamente desde el cuerpo hacia afuera para permitir el paso de orina y heces.\u00a0Puede ser permanente (de por vida), por ejemplo cuando se extirpa un \u00f3rgano, o temporal cuando un \u00f3rgano necesita sanar y luego reconstruirse.<\/p>\n<p>&nbsp;<\/p>\n<p>Existen distintos tipos de ostom\u00edas:<\/p>\n<p>&nbsp;<\/p>\n<h4 style=\"text-align: justify;\">Ileostom\u00eda<\/h4>\n<p>&nbsp;<\/p>\n<p style=\"text-align: justify;\">Es una abertura en la pared abdominal realizada mediante cirug\u00eda donde el extremo terminal del ile\u00f3n (la parte m\u00e1s baja del intestino delgado) se \u00a0reubica a trav\u00e9s de esta abertura para formar un estoma. Normalmente se sit\u00faa en el lado inferior derecho del abdomen.<\/p>\n<p>&nbsp;<\/p>\n<h4 style=\"text-align: justify;\">Colostom\u00eda<\/h4>\n<p>&nbsp;<\/p>\n<p style=\"text-align: justify;\">Es una abertura en la pared abdominal realizada mediante cirug\u00eda donde un extremo del colon (intestino grueso) pasa a trav\u00e9s de esta abertura formando un estoma. La ubicaci\u00f3n del estoma en el abdomen depende de la zona del colon que se use para construirlo. Podemos encontrarlos en el lado izquierdo, derecho o centro del abdomen. Tambi\u00e9n variar\u00e1 de tama\u00f1o dependiendo de su ubicaci\u00f3n.<\/p>\n<p>&nbsp;<\/p>\n<h4 style=\"text-align: justify;\">Urostom\u00eda<\/h4>\n<p>&nbsp;<\/p>\n<p style=\"text-align: justify;\">Es una derivaci\u00f3n del conducto urinario hacia una abertura en la pared del abdomen que se lleva a cabo mediante cirug\u00eda. La orina se expulsa a trav\u00e9s de este estoma y se recoge en una bolsa.<\/p>\n<p>&nbsp;<\/p>\n<p><img loading=\"lazy\" decoding=\"async\" class=\"wp-image-547 aligncenter\" src=\"https:\/\/missbowel.com\/wp-content\/uploads\/Estoma-bolsa-colostomia-1024x874.png\" alt=\"Colostomia con bolsa colocada\" width=\"464\" height=\"314\" \/><\/p>\n<p>&nbsp;<\/p>\n\n\t\t<\/div> \n\t<\/div> <\/div><\/div><\/div><\/div><\/div>\n<\/div>","protected":false},"excerpt":{"rendered":"&nbsp; Conoce tu tipo de ostom\u00eda &nbsp; Una ostom\u00eda es...","protected":false},"author":1,"featured_media":0,"parent":0,"menu_order":0,"comment_status":"closed","ping_status":"closed","template":"","meta":{"footnotes":""},"class_list":["post-79","page","type-page","status-publish","hentry"],"yoast_head":"<!-- This site is optimized with the Yoast SEO plugin v26.5 - https:\/\/yoast.com\/wordpress\/plugins\/seo\/ -->\n<title>Qu\u00e9 es un ostom\u00eda - Miss Bowel<\/title>\n<meta name=\"robots\" content=\"index, follow, max-snippet:-1, max-image-preview:large, max-video-preview:-1\" \/>\n<link rel=\"canonical\" href=\"https:\/\/missbowel.com\/en\/que-es-un-ostomia\/\" \/>\n<meta property=\"og:locale\" content=\"en_GB\" \/>\n<meta property=\"og:type\" content=\"article\" \/>\n<meta property=\"og:title\" content=\"Qu\u00e9 es un ostom\u00eda - Miss Bowel\" \/>\n<meta property=\"og:url\" content=\"https:\/\/missbowel.com\/en\/que-es-un-ostomia\/\" \/>\n<meta property=\"og:site_name\" content=\"Miss Bowel\" \/>\n<meta property=\"article:modified_time\" content=\"2019-06-07T10:29:25+00:00\" \/>\n<meta property=\"og:image\" content=\"https:\/\/missbowel.com\/wp-content\/uploads\/Estoma-bolsa-colostomia-1024x874.png\" \/>\n<meta name=\"twitter:card\" content=\"summary_large_image\" \/>\n<meta name=\"twitter:label1\" content=\"Estimated reading time\" \/>\n\t<meta name=\"twitter:data1\" content=\"1 minute\" \/>\n<script type=\"application\/ld+json\" class=\"yoast-schema-graph\">{\"@context\":\"https:\/\/schema.org\",\"@graph\":[{\"@type\":\"WebPage\",\"@id\":\"https:\/\/missbowel.com\/que-es-un-ostomia\/\",\"url\":\"https:\/\/missbowel.com\/que-es-un-ostomia\/\",\"name\":\"Qu\u00e9 es un ostom\u00eda - Miss Bowel\",\"isPartOf\":{\"@id\":\"https:\/\/missbowel.com\/#website\"},\"primaryImageOfPage\":{\"@id\":\"https:\/\/missbowel.com\/que-es-un-ostomia\/#primaryimage\"},\"image\":{\"@id\":\"https:\/\/missbowel.com\/que-es-un-ostomia\/#primaryimage\"},\"thumbnailUrl\":\"https:\/\/missbowel.com\/wp-content\/uploads\/Estoma-bolsa-colostomia-1024x874.png\",\"datePublished\":\"2017-11-13T17:40:21+00:00\",\"dateModified\":\"2019-06-07T10:29:25+00:00\",\"breadcrumb\":{\"@id\":\"https:\/\/missbowel.com\/que-es-un-ostomia\/#breadcrumb\"},\"inLanguage\":\"en-GB\",\"potentialAction\":[{\"@type\":\"ReadAction\",\"target\":[\"https:\/\/missbowel.com\/que-es-un-ostomia\/\"]}]},{\"@type\":\"ImageObject\",\"inLanguage\":\"en-GB\",\"@id\":\"https:\/\/missbowel.com\/que-es-un-ostomia\/#primaryimage\",\"url\":\"https:\/\/missbowel.com\/wp-content\/uploads\/Estoma-bolsa-colostomia-1024x874.png\",\"contentUrl\":\"https:\/\/missbowel.com\/wp-content\/uploads\/Estoma-bolsa-colostomia-1024x874.png\"},{\"@type\":\"BreadcrumbList\",\"@id\":\"https:\/\/missbowel.com\/que-es-un-ostomia\/#breadcrumb\",\"itemListElement\":[{\"@type\":\"ListItem\",\"position\":1,\"name\":\"Portada\",\"item\":\"https:\/\/missbowel.com\/\"},{\"@type\":\"ListItem\",\"position\":2,\"name\":\"Qu\u00e9 es un ostom\u00eda\"}]},{\"@type\":\"WebSite\",\"@id\":\"https:\/\/missbowel.com\/#website\",\"url\":\"https:\/\/missbowel.com\/\",\"name\":\"Miss Bowel\",\"description\":\"Productos para ostomias\",\"potentialAction\":[{\"@type\":\"SearchAction\",\"target\":{\"@type\":\"EntryPoint\",\"urlTemplate\":\"https:\/\/missbowel.com\/?s={search_term_string}\"},\"query-input\":{\"@type\":\"PropertyValueSpecification\",\"valueRequired\":true,\"valueName\":\"search_term_string\"}}],\"inLanguage\":\"en-GB\"}]}<\/script>\n<!-- \/ Yoast SEO plugin. -->","yoast_head_json":{"title":"Qu\u00e9 es un ostom\u00eda - Miss Bowel","robots":{"index":"index","follow":"follow","max-snippet":"max-snippet:-1","max-image-preview":"max-image-preview:large","max-video-preview":"max-video-preview:-1"},"canonical":"https:\/\/missbowel.com\/en\/que-es-un-ostomia\/","og_locale":"en_GB","og_type":"article","og_title":"Qu\u00e9 es un ostom\u00eda - Miss Bowel","og_url":"https:\/\/missbowel.com\/en\/que-es-un-ostomia\/","og_site_name":"Miss Bowel","article_modified_time":"2019-06-07T10:29:25+00:00","og_image":[{"url":"https:\/\/missbowel.com\/wp-content\/uploads\/Estoma-bolsa-colostomia-1024x874.png","type":"","width":"","height":""}],"twitter_card":"summary_large_image","twitter_misc":{"Estimated reading time":"1 minute"},"schema":{"@context":"https:\/\/schema.org","@graph":[{"@type":"WebPage","@id":"https:\/\/missbowel.com\/que-es-un-ostomia\/","url":"https:\/\/missbowel.com\/que-es-un-ostomia\/","name":"Qu\u00e9 es un ostom\u00eda - Miss Bowel","isPartOf":{"@id":"https:\/\/missbowel.com\/#website"},"primaryImageOfPage":{"@id":"https:\/\/missbowel.com\/que-es-un-ostomia\/#primaryimage"},"image":{"@id":"https:\/\/missbowel.com\/que-es-un-ostomia\/#primaryimage"},"thumbnailUrl":"https:\/\/missbowel.com\/wp-content\/uploads\/Estoma-bolsa-colostomia-1024x874.png","datePublished":"2017-11-13T17:40:21+00:00","dateModified":"2019-06-07T10:29:25+00:00","breadcrumb":{"@id":"https:\/\/missbowel.com\/que-es-un-ostomia\/#breadcrumb"},"inLanguage":"en-GB","potentialAction":[{"@type":"ReadAction","target":["https:\/\/missbowel.com\/que-es-un-ostomia\/"]}]},{"@type":"ImageObject","inLanguage":"en-GB","@id":"https:\/\/missbowel.com\/que-es-un-ostomia\/#primaryimage","url":"https:\/\/missbowel.com\/wp-content\/uploads\/Estoma-bolsa-colostomia-1024x874.png","contentUrl":"https:\/\/missbowel.com\/wp-content\/uploads\/Estoma-bolsa-colostomia-1024x874.png"},{"@type":"BreadcrumbList","@id":"https:\/\/missbowel.com\/que-es-un-ostomia\/#breadcrumb","itemListElement":[{"@type":"ListItem","position":1,"name":"Portada","item":"https:\/\/missbowel.com\/"},{"@type":"ListItem","position":2,"name":"Qu\u00e9 es un ostom\u00eda"}]},{"@type":"WebSite","@id":"https:\/\/missbowel.com\/#website","url":"https:\/\/missbowel.com\/","name":"Miss Bowel","description":"Productos para ostomias","potentialAction":[{"@type":"SearchAction","target":{"@type":"EntryPoint","urlTemplate":"https:\/\/missbowel.com\/?s={search_term_string}"},"query-input":{"@type":"PropertyValueSpecification","valueRequired":true,"valueName":"search_term_string"}}],"inLanguage":"en-GB"}]}},"_links":{"self":[{"href":"https:\/\/missbowel.com\/en\/wp-json\/wp\/v2\/pages\/79","targetHints":{"allow":["GET"]}}],"collection":[{"href":"https:\/\/missbowel.com\/en\/wp-json\/wp\/v2\/pages"}],"about":[{"href":"https:\/\/missbowel.com\/en\/wp-json\/wp\/v2\/types\/page"}],"author":[{"embeddable":true,"href":"https:\/\/missbowel.com\/en\/wp-json\/wp\/v2\/users\/1"}],"replies":[{"embeddable":true,"href":"https:\/\/missbowel.com\/en\/wp-json\/wp\/v2\/comments?post=79"}],"version-history":[{"count":4,"href":"https:\/\/missbowel.com\/en\/wp-json\/wp\/v2\/pages\/79\/revisions"}],"predecessor-version":[{"id":12790,"href":"https:\/\/missbowel.com\/en\/wp-json\/wp\/v2\/pages\/79\/revisions\/12790"}],"wp:attachment":[{"href":"https:\/\/missbowel.com\/en\/wp-json\/wp\/v2\/media?parent=79"}],"curies":[{"name":"wp","href":"https:\/\/api.w.org\/{rel}","templated":true}]}}