{"id":86,"date":"2017-11-14T17:38:57","date_gmt":"2017-11-14T16:38:57","guid":{"rendered":"http:\/\/missbowel.francastillo.com\/?page_id=86"},"modified":"2019-06-07T12:30:07","modified_gmt":"2019-06-07T10:30:07","slug":"bolsa-de-ostomia-2","status":"publish","type":"page","link":"https:\/\/missbowel.com\/en\/bolsa-de-ostomia-2\/","title":{"rendered":"Bolsa de ostom\u00eda"},"content":{"rendered":"<div class=\"wpb-content-wrapper\"><div      class=\"vc_row wpb_row section vc_row-fluid\" style=' text-align:left;'><div class=\"full_section_inner clearfix\"><div class=\"wpb_column vc_column_container vc_col-sm-12\"><div class=\"vc_column-inner\"><div class=\"wpb_wrapper\">\n\t<div class=\"wpb_text_column wpb_content_element\">\n\t\t<div class=\"wpb_wrapper\">\n\t\t\t<h3 style=\"text-align: center;\">Familiarizarse con la bolsa de ostom\u00eda<\/h3>\n<p>&nbsp;<\/p>\n<p>La bolsa de ostom\u00eda es una bolsa pl\u00e1stica de alta resistencia colocada en el abdomen para recoger las heces o la orina. Si acaban de ostomizarte, conocer las caracter\u00edsticas de la bolsa te ayudar\u00e1 a empezar a sentirte m\u00e1s c\u00f3modo en esta nueva etapa.<\/p>\n<p>&nbsp;<\/p>\n<h4>Tipos de bolsa de ostom\u00eda<\/h4>\n<p>&nbsp;<\/p>\n<ul>\n<li>Bolsa de ostom\u00eda abierta<\/li>\n<li>Bolsa de ostom\u00eda cerrada<\/li>\n<li>Bolsa de ostom\u00eda de una pieza<\/li>\n<li>Bolsa de ostom\u00eda de dos piezas<\/li>\n<\/ul>\n<p>&nbsp;<\/p>\n<p>Encontrar\u00e1s en el mercado bolsas de ostom\u00eda transparentes u opacas, de diferentes tama\u00f1os y de marcas comerciales como Hollister, Braun, Convatec o Coloplast entre otras.<\/p>\n<h4>\u00bfBolsa de ostom\u00eda abierta o cerrada?<\/h4>\n<p>&nbsp;<\/p>\n<p>La orina debe recogerse en bolsas abiertas que \u00a0facilitan el vaciado.<\/p>\n<p>&nbsp;<\/p>\n<p>En el caso de las heces, estas \u00a0pueden ser l\u00edquidas, pastosas o s\u00f3lidas dependiendo el tipo de cirug\u00eda realizada. Esto determinar\u00e1 el tipo de bolsa que se utilice.<\/p>\n<p>&nbsp;<\/p>\n<p>Las bolsas de ostom\u00eda abiertas se recomiendan cuando las heces son l\u00edquidas. Normalmente esto sucede en las ileostom\u00edas. Y bolsas cerradas \u00a0cuando las heces son muy pastosas o s\u00f3lidas, normalmente es el caso de las colostom\u00edas.<\/p>\n<p>&nbsp;<\/p>\n<h4>\u00bfC\u00f3mo es la bolsa de ostom\u00eda de una pieza?<\/h4>\n<p>&nbsp;<\/p>\n<p>La bolsa y el adhesivo o disco (que es lo que se adhiere al abdomen) forman un todo. El disco se adhiere y se quita cada vez que se cambia la bolsa. El dispositivo se cambiar\u00e1 tantas veces como se llene la bolsa. Los sistemas de una pieza suelen ser m\u00e1s discretos y c\u00f3modos pero irritan m\u00e1s la piel.<\/p>\n<p>&nbsp;<\/p>\n<h4>\u00bfC\u00f3mo es la bolsa de ostom\u00eda de dos piezas?<\/h4>\n<p>&nbsp;<\/p>\n<p style=\"text-align: justify;\">En este tipo de sistema, la bolsa y el disco o adhesivo est\u00e1n separados. El disco puede permanecer adherido a la piel durante varios d\u00edas, y es la bolsa lo que se cambiar\u00e1 o vaciar\u00e1 cuando sea necesario. Los sistemas de dos piezas se aconsejan para personas que tienen la piel sensible.<\/p>\n<h4>\u00a0<\/h4>\n<h4>Cambio de la bolsa<\/h4>\n<p>&nbsp;<\/p>\n<ul>\n<li>Retira la bolsa despegando el disco siempre desde la parte superior, despacio y sin tirones.<\/li>\n<li>Lava el estoma con agua y jab\u00f3n.<\/li>\n<li>Seca suavemente a toquecitos con una toalla seca y limpia.<\/li>\n<li>Mide el estoma con ayuda de una plantilla medidora<\/li>\n<li>Recorta el disco con las medidas del estoma.<\/li>\n<li>Si el sistema es de una pieza, coloca la bolsa pegando el disco de abajo a arriba para poder ver el estoma.<\/li>\n<li>Si el sistema es de dos piezas, primero coloca el disco y luego adhiere la bolsa encajando las gu\u00edas y presionando. Comprueba siempre que la uni\u00f3n de ambas piezas es correcta.<\/li>\n<\/ul>\n<p>&nbsp;<\/p>\n<p><span style=\"font-size: 18pt;\"><strong>\u00a1IMPORTANTE!<\/strong><\/span><\/p>\n<p>&nbsp;<\/p>\n<p>La bolsa debe cambiarse cuando el contenido supere la mitad de la misma.<\/p>\n<p>&nbsp;<\/p>\n<p>Es muy importante que el contenido fecal no est\u00e9 en contacto con la piel periestomal (la que rodea el estoma) para no irritarla, por eso es muy importante recortar el disco adhesivo con el di\u00e1metro justo que tenga el estoma.<\/p>\n\n\t\t<\/div> \n\t<\/div> <div class=\"separator  transparent\" style=\"margin-bottom: 80px;\"><\/div>\n<\/div><\/div><\/div><\/div><\/div>\n<\/div>","protected":false},"excerpt":{"rendered":"Familiarizarse con la bolsa de ostom\u00eda &nbsp; La bolsa de...","protected":false},"author":1,"featured_media":0,"parent":0,"menu_order":0,"comment_status":"closed","ping_status":"closed","template":"","meta":{"footnotes":""},"class_list":["post-86","page","type-page","status-publish","hentry"],"yoast_head":"<!-- This site is optimized with the Yoast SEO plugin v26.5 - https:\/\/yoast.com\/wordpress\/plugins\/seo\/ -->\n<title>Bolsa de ostom\u00eda - Miss Bowel<\/title>\n<meta name=\"robots\" content=\"index, follow, max-snippet:-1, max-image-preview:large, max-video-preview:-1\" \/>\n<link rel=\"canonical\" href=\"https:\/\/missbowel.com\/en\/bolsa-de-ostomia-2\/\" \/>\n<meta property=\"og:locale\" content=\"en_GB\" \/>\n<meta property=\"og:type\" content=\"article\" \/>\n<meta property=\"og:title\" content=\"Bolsa de ostom\u00eda - Miss Bowel\" \/>\n<meta property=\"og:url\" content=\"https:\/\/missbowel.com\/en\/bolsa-de-ostomia-2\/\" \/>\n<meta property=\"og:site_name\" content=\"Miss Bowel\" \/>\n<meta property=\"article:modified_time\" content=\"2019-06-07T10:30:07+00:00\" \/>\n<meta name=\"twitter:card\" content=\"summary_large_image\" \/>\n<meta name=\"twitter:label1\" content=\"Estimated reading time\" \/>\n\t<meta name=\"twitter:data1\" content=\"3 minutes\" \/>\n<script type=\"application\/ld+json\" class=\"yoast-schema-graph\">{\"@context\":\"https:\/\/schema.org\",\"@graph\":[{\"@type\":\"WebPage\",\"@id\":\"https:\/\/missbowel.com\/bolsa-de-ostomia-2\/\",\"url\":\"https:\/\/missbowel.com\/bolsa-de-ostomia-2\/\",\"name\":\"Bolsa de ostom\u00eda - Miss Bowel\",\"isPartOf\":{\"@id\":\"https:\/\/missbowel.com\/#website\"},\"datePublished\":\"2017-11-14T16:38:57+00:00\",\"dateModified\":\"2019-06-07T10:30:07+00:00\",\"breadcrumb\":{\"@id\":\"https:\/\/missbowel.com\/bolsa-de-ostomia-2\/#breadcrumb\"},\"inLanguage\":\"en-GB\",\"potentialAction\":[{\"@type\":\"ReadAction\",\"target\":[\"https:\/\/missbowel.com\/bolsa-de-ostomia-2\/\"]}]},{\"@type\":\"BreadcrumbList\",\"@id\":\"https:\/\/missbowel.com\/bolsa-de-ostomia-2\/#breadcrumb\",\"itemListElement\":[{\"@type\":\"ListItem\",\"position\":1,\"name\":\"Portada\",\"item\":\"https:\/\/missbowel.com\/\"},{\"@type\":\"ListItem\",\"position\":2,\"name\":\"Bolsa de ostom\u00eda\"}]},{\"@type\":\"WebSite\",\"@id\":\"https:\/\/missbowel.com\/#website\",\"url\":\"https:\/\/missbowel.com\/\",\"name\":\"Miss Bowel\",\"description\":\"Productos para ostomias\",\"potentialAction\":[{\"@type\":\"SearchAction\",\"target\":{\"@type\":\"EntryPoint\",\"urlTemplate\":\"https:\/\/missbowel.com\/?s={search_term_string}\"},\"query-input\":{\"@type\":\"PropertyValueSpecification\",\"valueRequired\":true,\"valueName\":\"search_term_string\"}}],\"inLanguage\":\"en-GB\"}]}<\/script>\n<!-- \/ Yoast SEO plugin. -->","yoast_head_json":{"title":"Bolsa de ostom\u00eda - Miss Bowel","robots":{"index":"index","follow":"follow","max-snippet":"max-snippet:-1","max-image-preview":"max-image-preview:large","max-video-preview":"max-video-preview:-1"},"canonical":"https:\/\/missbowel.com\/en\/bolsa-de-ostomia-2\/","og_locale":"en_GB","og_type":"article","og_title":"Bolsa de ostom\u00eda - Miss Bowel","og_url":"https:\/\/missbowel.com\/en\/bolsa-de-ostomia-2\/","og_site_name":"Miss Bowel","article_modified_time":"2019-06-07T10:30:07+00:00","twitter_card":"summary_large_image","twitter_misc":{"Estimated reading time":"3 minutes"},"schema":{"@context":"https:\/\/schema.org","@graph":[{"@type":"WebPage","@id":"https:\/\/missbowel.com\/bolsa-de-ostomia-2\/","url":"https:\/\/missbowel.com\/bolsa-de-ostomia-2\/","name":"Bolsa de ostom\u00eda - Miss Bowel","isPartOf":{"@id":"https:\/\/missbowel.com\/#website"},"datePublished":"2017-11-14T16:38:57+00:00","dateModified":"2019-06-07T10:30:07+00:00","breadcrumb":{"@id":"https:\/\/missbowel.com\/bolsa-de-ostomia-2\/#breadcrumb"},"inLanguage":"en-GB","potentialAction":[{"@type":"ReadAction","target":["https:\/\/missbowel.com\/bolsa-de-ostomia-2\/"]}]},{"@type":"BreadcrumbList","@id":"https:\/\/missbowel.com\/bolsa-de-ostomia-2\/#breadcrumb","itemListElement":[{"@type":"ListItem","position":1,"name":"Portada","item":"https:\/\/missbowel.com\/"},{"@type":"ListItem","position":2,"name":"Bolsa de ostom\u00eda"}]},{"@type":"WebSite","@id":"https:\/\/missbowel.com\/#website","url":"https:\/\/missbowel.com\/","name":"Miss Bowel","description":"Productos para ostomias","potentialAction":[{"@type":"SearchAction","target":{"@type":"EntryPoint","urlTemplate":"https:\/\/missbowel.com\/?s={search_term_string}"},"query-input":{"@type":"PropertyValueSpecification","valueRequired":true,"valueName":"search_term_string"}}],"inLanguage":"en-GB"}]}},"_links":{"self":[{"href":"https:\/\/missbowel.com\/en\/wp-json\/wp\/v2\/pages\/86","targetHints":{"allow":["GET"]}}],"collection":[{"href":"https:\/\/missbowel.com\/en\/wp-json\/wp\/v2\/pages"}],"about":[{"href":"https:\/\/missbowel.com\/en\/wp-json\/wp\/v2\/types\/page"}],"author":[{"embeddable":true,"href":"https:\/\/missbowel.com\/en\/wp-json\/wp\/v2\/users\/1"}],"replies":[{"embeddable":true,"href":"https:\/\/missbowel.com\/en\/wp-json\/wp\/v2\/comments?post=86"}],"version-history":[{"count":6,"href":"https:\/\/missbowel.com\/en\/wp-json\/wp\/v2\/pages\/86\/revisions"}],"predecessor-version":[{"id":12791,"href":"https:\/\/missbowel.com\/en\/wp-json\/wp\/v2\/pages\/86\/revisions\/12791"}],"wp:attachment":[{"href":"https:\/\/missbowel.com\/en\/wp-json\/wp\/v2\/media?parent=86"}],"curies":[{"name":"wp","href":"https:\/\/api.w.org\/{rel}","templated":true}]}}