{"id":90,"date":"2017-11-14T17:41:46","date_gmt":"2017-11-14T16:41:46","guid":{"rendered":"http:\/\/missbowel.francastillo.com\/?page_id=90"},"modified":"2019-06-07T12:32:23","modified_gmt":"2019-06-07T10:32:23","slug":"higiene-del-estoma-2","status":"publish","type":"page","link":"https:\/\/missbowel.com\/en\/higiene-del-estoma-2\/","title":{"rendered":"Higiene del estoma"},"content":{"rendered":"<div class=\"wpb-content-wrapper\"><div class=\"vc_row wpb_row section vc_row-fluid\" style=' text-align:left;'><div class=\"full_section_inner clearfix\"><div class=\"wpb_column vc_column_container vc_col-sm-12\"><div class=\"vc_column-inner\"><div class=\"wpb_wrapper\">\n\t<div class=\"wpb_single_image wpb_content_element vc_align_left\">\n\t\t<div class=\"wpb_wrapper\">\n\t\t\t\n\t\t\t<div class=\"vc_single_image-wrapper   vc_box_border_grey\"><img loading=\"lazy\" decoding=\"async\" width=\"1499\" height=\"298\" src=\"https:\/\/missbowel.com\/wp-content\/uploads\/Limpieza-higiene-estoma-e1511529492722.jpg\" class=\"vc_single_image-img attachment-full\" alt=\"Como mantener limpio el estoma\" title=\"Limpieza-higiene-estoma\" srcset=\"https:\/\/missbowel.com\/wp-content\/uploads\/Limpieza-higiene-estoma-e1511529492722.jpg 1499w, https:\/\/missbowel.com\/wp-content\/uploads\/Limpieza-higiene-estoma-e1511529492722-300x60.jpg 300w, https:\/\/missbowel.com\/wp-content\/uploads\/Limpieza-higiene-estoma-e1511529492722-768x153.jpg 768w, https:\/\/missbowel.com\/wp-content\/uploads\/Limpieza-higiene-estoma-e1511529492722-1024x204.jpg 1024w\" sizes=\"auto, (max-width: 1499px) 100vw, 1499px\" \/><\/div>\n\t\t<\/div>\n\t<\/div>\n<div class=\"separator  transparent\" style=\"margin-top: 30px;\"><\/div>\n<\/div><\/div><\/div><\/div><\/div><div      class=\"vc_row wpb_row section vc_row-fluid\" style=' text-align:left;'><div class=\"full_section_inner clearfix\"><div class=\"wpb_column vc_column_container vc_col-sm-12\"><div class=\"vc_column-inner\"><div class=\"wpb_wrapper\">\n\t<div class=\"wpb_text_column wpb_content_element\">\n\t\t<div class=\"wpb_wrapper\">\n\t\t\t<h3 style=\"text-align: center;\">Cuidados y lavados para un estoma sano<\/h3>\n<p>&nbsp;<\/p>\n<p>Una buena higiene del estoma es muy importante, ya que ayuda a conservar el buen estado de la piel y evita que se irrite. Los momentos m\u00e1s adecuados para la limpieza de tu estoma son las primeras horas de la ma\u00f1ana o antes de las comidas, ya que es cuando la cantidad de contenido intestinal es menor.<\/p>\n<p>&nbsp;<\/p>\n<p>Antes de empezar con la limpieza del estoma, es aconsejable que prepares todo el material que vas a necesitar. De este modo, evitar\u00e1s sustos o imprevistos.<\/p>\n\n\t\t<\/div> \n\t<\/div> <div class=\"separator  transparent\" style=\"margin-top: 30px;\"><\/div>\n<\/div><\/div><\/div><\/div><\/div><div      class=\"vc_row wpb_row section vc_row-fluid\" style=' text-align:left;'><div class=\"full_section_inner clearfix\"><div class=\"wpb_column vc_column_container vc_col-sm-4\"><div class=\"vc_column-inner\"><div class=\"wpb_wrapper\">\n\t<div class=\"wpb_single_image wpb_content_element vc_align_left\">\n\t\t<div class=\"wpb_wrapper\">\n\t\t\t\n\t\t\t<div class=\"vc_single_image-wrapper   vc_box_border_grey\"><img loading=\"lazy\" decoding=\"async\" width=\"768\" height=\"512\" src=\"https:\/\/missbowel.com\/wp-content\/uploads\/Higiene-estoma.jpg\" class=\"vc_single_image-img attachment-full\" alt=\"\" title=\"Higiene-estoma\" srcset=\"https:\/\/missbowel.com\/wp-content\/uploads\/Higiene-estoma.jpg 768w, https:\/\/missbowel.com\/wp-content\/uploads\/Higiene-estoma-300x200.jpg 300w, https:\/\/missbowel.com\/wp-content\/uploads\/Higiene-estoma-700x467.jpg 700w, https:\/\/missbowel.com\/wp-content\/uploads\/Higiene-estoma-600x400.jpg 600w\" sizes=\"auto, (max-width: 768px) 100vw, 768px\" \/><\/div>\n\t\t<\/div>\n\t<\/div>\n<div class=\"separator  transparent\" style=\"margin-top: 30px;\"><\/div>\n<\/div><\/div><\/div><div class=\"wpb_column vc_column_container vc_col-sm-8\"><div class=\"vc_column-inner\"><div class=\"wpb_wrapper\">\n\t<div class=\"wpb_text_column wpb_content_element\">\n\t\t<div class=\"wpb_wrapper\">\n\t\t\t<h4>\u00bfQu\u00e9 material necesitas?<\/h4>\n<p>&nbsp;<\/p>\n<ul>\n<li>Agua templada<\/li>\n<li>Jab\u00f3n o gel neutro<\/li>\n<li>Una esponja suave (por ejemplo, una esponja marina de beb\u00e9)<\/li>\n<li>Una toalla de algod\u00f3n o pa\u00f1uelos de papel<\/li>\n<li>La bolsa o e dispositivo nuevo que vas a utilizar<\/li>\n<\/ul>\n\n\t\t<\/div> \n\t<\/div> <\/div><\/div><\/div><\/div><\/div><div      class=\"vc_row wpb_row section vc_row-fluid\" style=' text-align:left;'><div class=\"full_section_inner clearfix\"><div class=\"wpb_column vc_column_container vc_col-sm-12\"><div class=\"vc_column-inner\"><div class=\"wpb_wrapper\">\n\t<div class=\"wpb_text_column wpb_content_element\">\n\t\t<div class=\"wpb_wrapper\">\n\t\t\t<h4>La limpieza paso a paso<\/h4>\n<p>&nbsp;<\/p>\n<ol>\n<li>Retira la bolsa y el disco siempre despeg\u00e1ndolo de arriba a abajo para evitar fugas.<\/li>\n<li>Limpia tu ostom\u00eda con agua templada y jab\u00f3n neutro. Utiliza una esponja suave. Seca la zona a toquecitos. Si tu piel est\u00e1 muy irritada puedes utilizar un secador de pelo con aire fr\u00edo o caliente.<\/li>\n<li>Coloca el nuevo dispositivo.<\/li>\n<li>No apliques cremas o aceites porque si la piel no est\u00e1 bien seca o has usado cremas, el dispositivo de ostom\u00eda no se adherir\u00e1 correctamente.<\/li>\n<\/ol>\n<h4>\u00a0<\/h4>\n<h4>\u00a0<\/h4>\n<h4>La ducha, \u00bfcon bolsa o sin bolsa?<\/h4>\n<p>&nbsp;<\/p>\n<p>Puedes ducharte con bolsa o sin ella, pero hacerlo sin bolsa es mucho m\u00e1s placentero y te permite no tener que estar pendiente. Pru\u00e9balo y disfruta.<\/p>\n<p>&nbsp;<\/p>\n<p>Si te duchas con la bolsa puesta, debes tener en cuenta que las bolsas de ostom\u00eda tienen un filtro por donde salen los gases que no debe mojarse para funcionar correctamente. Para evitarlo, t\u00e1palo con un adhesivo (normalmente los encontrar\u00e1s en el interior de la caja de ostom\u00eda). Algunas personas ostomizadas llevan a cabo el cambio de bolsa despu\u00e9s de la ducha.<\/p>\n<p>&nbsp;<\/p>\n<h4>Recomendaciones<\/h4>\n<p>&nbsp;<\/p>\n<p>No roc\u00edes la ostom\u00eda con agua a presi\u00f3n ni demasiado caliente.<\/p>\n<p>Si el estoma sangra un poco, aplica agua fr\u00eda y haz presi\u00f3n sobre ella hasta que cese.<\/p>\n<p>No uses alcoholes ni yodos, el estoma no es una herida por lo que s\u00f3lo es necesario lavarlo con jab\u00f3n neutro.<\/p>\n<p>&nbsp;<\/p>\n\n\t\t<\/div> \n\t<\/div> <\/div><\/div><\/div><\/div><\/div>\n<\/div>","protected":false},"excerpt":{"rendered":"Cuidados y lavados para un estoma sano &nbsp; Una buena...","protected":false},"author":1,"featured_media":559,"parent":0,"menu_order":0,"comment_status":"closed","ping_status":"closed","template":"","meta":{"footnotes":""},"class_list":["post-90","page","type-page","status-publish","has-post-thumbnail","hentry"],"yoast_head":"<!-- This site is optimized with the Yoast SEO plugin v26.5 - https:\/\/yoast.com\/wordpress\/plugins\/seo\/ -->\n<title>Higiene y cuidados del estoma en pacientes ostomizados - Miss Bowel<\/title>\n<meta name=\"description\" content=\"La higiene del estoma es b\u00e1sica para conservar el buen estado de la piel y evitar que se irrite. Usa siempre material adecuado y sigue estos consejos.\" \/>\n<meta name=\"robots\" content=\"index, follow, max-snippet:-1, max-image-preview:large, max-video-preview:-1\" \/>\n<link rel=\"canonical\" href=\"https:\/\/missbowel.com\/en\/higiene-del-estoma-2\/\" \/>\n<meta property=\"og:locale\" content=\"en_GB\" \/>\n<meta property=\"og:type\" content=\"article\" \/>\n<meta property=\"og:title\" content=\"Higiene y cuidados del estoma en pacientes ostomizados - Miss Bowel\" \/>\n<meta property=\"og:description\" content=\"La higiene del estoma es b\u00e1sica para conservar el buen estado de la piel y evitar que se irrite. Usa siempre material adecuado y sigue estos consejos.\" \/>\n<meta property=\"og:url\" content=\"https:\/\/missbowel.com\/en\/higiene-del-estoma-2\/\" \/>\n<meta property=\"og:site_name\" content=\"Miss Bowel\" \/>\n<meta property=\"article:modified_time\" content=\"2019-06-07T10:32:23+00:00\" \/>\n<meta property=\"og:image\" content=\"https:\/\/missbowel.com\/wp-content\/uploads\/Limpieza-higiene-estoma-e1511529492722.jpg\" \/>\n\t<meta property=\"og:image:width\" content=\"1499\" \/>\n\t<meta property=\"og:image:height\" content=\"298\" \/>\n\t<meta property=\"og:image:type\" content=\"image\/jpeg\" \/>\n<meta name=\"twitter:card\" content=\"summary_large_image\" \/>\n<meta name=\"twitter:label1\" content=\"Estimated reading time\" \/>\n\t<meta name=\"twitter:data1\" content=\"3 minutes\" \/>\n<script type=\"application\/ld+json\" class=\"yoast-schema-graph\">{\"@context\":\"https:\/\/schema.org\",\"@graph\":[{\"@type\":\"WebPage\",\"@id\":\"https:\/\/missbowel.com\/higiene-del-estoma-2\/\",\"url\":\"https:\/\/missbowel.com\/higiene-del-estoma-2\/\",\"name\":\"Higiene y cuidados del estoma en pacientes ostomizados - Miss Bowel\",\"isPartOf\":{\"@id\":\"https:\/\/missbowel.com\/#website\"},\"primaryImageOfPage\":{\"@id\":\"https:\/\/missbowel.com\/higiene-del-estoma-2\/#primaryimage\"},\"image\":{\"@id\":\"https:\/\/missbowel.com\/higiene-del-estoma-2\/#primaryimage\"},\"thumbnailUrl\":\"https:\/\/missbowel.com\/wp-content\/uploads\/Limpieza-higiene-estoma-e1511529492722.jpg\",\"datePublished\":\"2017-11-14T16:41:46+00:00\",\"dateModified\":\"2019-06-07T10:32:23+00:00\",\"description\":\"La higiene del estoma es b\u00e1sica para conservar el buen estado de la piel y evitar que se irrite. Usa siempre material adecuado y sigue estos consejos.\",\"breadcrumb\":{\"@id\":\"https:\/\/missbowel.com\/higiene-del-estoma-2\/#breadcrumb\"},\"inLanguage\":\"en-GB\",\"potentialAction\":[{\"@type\":\"ReadAction\",\"target\":[\"https:\/\/missbowel.com\/higiene-del-estoma-2\/\"]}]},{\"@type\":\"ImageObject\",\"inLanguage\":\"en-GB\",\"@id\":\"https:\/\/missbowel.com\/higiene-del-estoma-2\/#primaryimage\",\"url\":\"https:\/\/missbowel.com\/wp-content\/uploads\/Limpieza-higiene-estoma-e1511529492722.jpg\",\"contentUrl\":\"https:\/\/missbowel.com\/wp-content\/uploads\/Limpieza-higiene-estoma-e1511529492722.jpg\",\"width\":1499,\"height\":298,\"caption\":\"Como mantener limpio el estoma\"},{\"@type\":\"BreadcrumbList\",\"@id\":\"https:\/\/missbowel.com\/higiene-del-estoma-2\/#breadcrumb\",\"itemListElement\":[{\"@type\":\"ListItem\",\"position\":1,\"name\":\"Portada\",\"item\":\"https:\/\/missbowel.com\/\"},{\"@type\":\"ListItem\",\"position\":2,\"name\":\"Higiene del estoma\"}]},{\"@type\":\"WebSite\",\"@id\":\"https:\/\/missbowel.com\/#website\",\"url\":\"https:\/\/missbowel.com\/\",\"name\":\"Miss Bowel\",\"description\":\"Productos para ostomias\",\"potentialAction\":[{\"@type\":\"SearchAction\",\"target\":{\"@type\":\"EntryPoint\",\"urlTemplate\":\"https:\/\/missbowel.com\/?s={search_term_string}\"},\"query-input\":{\"@type\":\"PropertyValueSpecification\",\"valueRequired\":true,\"valueName\":\"search_term_string\"}}],\"inLanguage\":\"en-GB\"}]}<\/script>\n<!-- \/ Yoast SEO plugin. -->","yoast_head_json":{"title":"Higiene y cuidados del estoma en pacientes ostomizados - Miss Bowel","description":"La higiene del estoma es b\u00e1sica para conservar el buen estado de la piel y evitar que se irrite. Usa siempre material adecuado y sigue estos consejos.","robots":{"index":"index","follow":"follow","max-snippet":"max-snippet:-1","max-image-preview":"max-image-preview:large","max-video-preview":"max-video-preview:-1"},"canonical":"https:\/\/missbowel.com\/en\/higiene-del-estoma-2\/","og_locale":"en_GB","og_type":"article","og_title":"Higiene y cuidados del estoma en pacientes ostomizados - Miss Bowel","og_description":"La higiene del estoma es b\u00e1sica para conservar el buen estado de la piel y evitar que se irrite. Usa siempre material adecuado y sigue estos consejos.","og_url":"https:\/\/missbowel.com\/en\/higiene-del-estoma-2\/","og_site_name":"Miss Bowel","article_modified_time":"2019-06-07T10:32:23+00:00","og_image":[{"width":1499,"height":298,"url":"https:\/\/missbowel.com\/wp-content\/uploads\/Limpieza-higiene-estoma-e1511529492722.jpg","type":"image\/jpeg"}],"twitter_card":"summary_large_image","twitter_misc":{"Estimated reading time":"3 minutes"},"schema":{"@context":"https:\/\/schema.org","@graph":[{"@type":"WebPage","@id":"https:\/\/missbowel.com\/higiene-del-estoma-2\/","url":"https:\/\/missbowel.com\/higiene-del-estoma-2\/","name":"Higiene y cuidados del estoma en pacientes ostomizados - Miss Bowel","isPartOf":{"@id":"https:\/\/missbowel.com\/#website"},"primaryImageOfPage":{"@id":"https:\/\/missbowel.com\/higiene-del-estoma-2\/#primaryimage"},"image":{"@id":"https:\/\/missbowel.com\/higiene-del-estoma-2\/#primaryimage"},"thumbnailUrl":"https:\/\/missbowel.com\/wp-content\/uploads\/Limpieza-higiene-estoma-e1511529492722.jpg","datePublished":"2017-11-14T16:41:46+00:00","dateModified":"2019-06-07T10:32:23+00:00","description":"La higiene del estoma es b\u00e1sica para conservar el buen estado de la piel y evitar que se irrite. Usa siempre material adecuado y sigue estos consejos.","breadcrumb":{"@id":"https:\/\/missbowel.com\/higiene-del-estoma-2\/#breadcrumb"},"inLanguage":"en-GB","potentialAction":[{"@type":"ReadAction","target":["https:\/\/missbowel.com\/higiene-del-estoma-2\/"]}]},{"@type":"ImageObject","inLanguage":"en-GB","@id":"https:\/\/missbowel.com\/higiene-del-estoma-2\/#primaryimage","url":"https:\/\/missbowel.com\/wp-content\/uploads\/Limpieza-higiene-estoma-e1511529492722.jpg","contentUrl":"https:\/\/missbowel.com\/wp-content\/uploads\/Limpieza-higiene-estoma-e1511529492722.jpg","width":1499,"height":298,"caption":"Como mantener limpio el estoma"},{"@type":"BreadcrumbList","@id":"https:\/\/missbowel.com\/higiene-del-estoma-2\/#breadcrumb","itemListElement":[{"@type":"ListItem","position":1,"name":"Portada","item":"https:\/\/missbowel.com\/"},{"@type":"ListItem","position":2,"name":"Higiene del estoma"}]},{"@type":"WebSite","@id":"https:\/\/missbowel.com\/#website","url":"https:\/\/missbowel.com\/","name":"Miss Bowel","description":"Productos para ostomias","potentialAction":[{"@type":"SearchAction","target":{"@type":"EntryPoint","urlTemplate":"https:\/\/missbowel.com\/?s={search_term_string}"},"query-input":{"@type":"PropertyValueSpecification","valueRequired":true,"valueName":"search_term_string"}}],"inLanguage":"en-GB"}]}},"_links":{"self":[{"href":"https:\/\/missbowel.com\/en\/wp-json\/wp\/v2\/pages\/90","targetHints":{"allow":["GET"]}}],"collection":[{"href":"https:\/\/missbowel.com\/en\/wp-json\/wp\/v2\/pages"}],"about":[{"href":"https:\/\/missbowel.com\/en\/wp-json\/wp\/v2\/types\/page"}],"author":[{"embeddable":true,"href":"https:\/\/missbowel.com\/en\/wp-json\/wp\/v2\/users\/1"}],"replies":[{"embeddable":true,"href":"https:\/\/missbowel.com\/en\/wp-json\/wp\/v2\/comments?post=90"}],"version-history":[{"count":17,"href":"https:\/\/missbowel.com\/en\/wp-json\/wp\/v2\/pages\/90\/revisions"}],"predecessor-version":[{"id":12796,"href":"https:\/\/missbowel.com\/en\/wp-json\/wp\/v2\/pages\/90\/revisions\/12796"}],"wp:featuredmedia":[{"embeddable":true,"href":"https:\/\/missbowel.com\/en\/wp-json\/wp\/v2\/media\/559"}],"wp:attachment":[{"href":"https:\/\/missbowel.com\/en\/wp-json\/wp\/v2\/media?parent=90"}],"curies":[{"name":"wp","href":"https:\/\/api.w.org\/{rel}","templated":true}]}}