{"id":92,"date":"2017-11-14T17:44:49","date_gmt":"2017-11-14T16:44:49","guid":{"rendered":"http:\/\/missbowel.francastillo.com\/?page_id=92"},"modified":"2017-11-23T18:34:12","modified_gmt":"2017-11-23T17:34:12","slug":"embajador-miss-bowel","status":"publish","type":"page","link":"https:\/\/missbowel.com\/en\/embajador-miss-bowel\/","title":{"rendered":"El embajador Miss Bowel"},"content":{"rendered":"<h1 style=\"text-align: center;\"><strong><span style=\"font-size: 36pt;\">Empoderamiento e historias que conquistan<\/span><\/strong><\/h1>\n<p>&nbsp;<\/p>\n<p><img loading=\"lazy\" decoding=\"async\" class=\"alignleft wp-image-495\" src=\"https:\/\/missbowel.com\/wp-content\/uploads\/Tanit-embajadora-missbowel-1.jpg\" alt=\"\" width=\"392\" height=\"416\" srcset=\"https:\/\/missbowel.com\/wp-content\/uploads\/Tanit-embajadora-missbowel-1.jpg 823w, https:\/\/missbowel.com\/wp-content\/uploads\/Tanit-embajadora-missbowel-1-283x300.jpg 283w, https:\/\/missbowel.com\/wp-content\/uploads\/Tanit-embajadora-missbowel-1-768x815.jpg 768w\" sizes=\"auto, (max-width: 392px) 100vw, 392px\" \/><\/p>\n<p style=\"text-align: justify;\"><span style=\"font-size: 14pt; color: #000000;\">Tanit Tubau conquist\u00f3 el coraz\u00f3n de Miss Bowel con su historia ya hace unos a\u00f1os. De hecho, nos ha acompa\u00f1ado pr\u00e1cticamente desde que empezamos con nuestra andadura. Ella es nuestra embajadora oficial por su coraje, por su esp\u00edritu de lucha y por sus ganas de vivir, por su alegr\u00eda, su eterna sonrisa y sobre todo por c\u00f3mo sabe contagiarnos esa sabia actitud que ella tiene ante la vida.<\/span><\/p>\n<p><span style=\"font-size: 24pt;\">Este es un pedazo de su historia contada por ella misma&#8230;<\/span><\/p>\n<p style=\"text-align: justify;\">Me presento, soy Tanit y tengo la enfermedad de Crohn desde los 9 a\u00f1os. Ahora tendr\u00edais que contestarme todos: \u201cHola Tanit, bienvenida\u201d. Y ya parecer\u00eda un grupo de apoyo para superar alg\u00fan tipo de trauma. Pero no, tener una enfermedad cr\u00f3nica no solamente tendr\u00eda que marcarnos negativamente, hay que pensar que una nueva forma de entender la vida se abre delante de ti, y hay que aprovechar tu nueva filosof\u00eda y sobretodo la vida.<\/p>\n<p><span style=\"color: #000000;\"><strong>\u00bfC\u00f3mo super\u00e9 el shock?<\/strong><\/span><\/p>\n<p>La \u00fanica manera de superar el shock de tener como eterna compa\u00f1era a una molesta enfermedad, es enfrentarse a ella con una sonrisa y con ganas de comerte el mundo: siempre me gusta decir que toda mala situaci\u00f3n tiene su parte buena.<\/p>\n<p>\u201c\u00a1Esta t\u00eda est\u00e1 loca!\u201d, pensar\u00e9is algunos, y no os quito la raz\u00f3n, sino no hubiera titulado mi blog <span style=\"text-decoration: underline;\"><span style=\"color: #e86f6f; text-decoration: underline;\"><a style=\"color: #e86f6f; text-decoration: underline;\" href=\"http:\/\/www.ungramodelocura.com\">www.ungramodelocura.com<\/a><\/span><\/span>, pero es que \u201cgracias\u201d a pasarlas muy \u201cduras\u201d he aprendido muchas cosas que sino quiz\u00e1s jam\u00e1s las hubiera sabido.<\/p>\n<p>&nbsp;<\/p>\n<h1><\/h1>\n<h2 style=\"text-align: center;\"><span style=\"font-size: 24pt;\">\u00bfQuieres convertirte en un embajador Miss Bowel?<\/span><\/h2>\n<p style=\"text-align: justify;\">Buscamos historias lo suficientemente inspiradoras para que ayuden a recuperar la confianza, y sobre todo transmitir que un estilo de vida activo es posible. El embajador MBW comparte tambi\u00e9n sus experiencias con los productos Miss Bowel y c\u00f3mo han contribuido a mejorar su calidad de vida.<\/p>\n<p style=\"text-align: justify;\">Un embajador Miss Bowel tiene una actitud positiva ante su ostom\u00eda y siente los productos Miss Bowel como un medio para una vida f\u00e1cil y normal.<br \/>\nAnte todo, ser embajador tiene mucho de actitud, coraje y confianza.<\/p>\n<p style=\"text-align: justify;\">La figura del embajador tiene mucho peso, confiamos en su opini\u00f3n y su experiencia, y por eso las rigurosas pruebas que hacemos a nuestros productos pasan, entre otros, por el filtro del embajador. De este modo, conseguimos crear productos funcionales, c\u00f3modos, elegantes y de larga duraci\u00f3n.<\/p>\n<p style=\"text-align: justify;\">\u00bfEst\u00e1s feliz con tus productos Miss Bowel? \u00bfHan supuesto un antes y un despu\u00e9s? \u00bfQuieres compartir tu historia y decir a los dem\u00e1s c\u00f3mo te han ayudado los productos Miss Bowel?<\/p>\n<h2 style=\"text-align: center;\"><span style=\"font-size: 24pt;\">C\u00f3mo ser un embajador MBW<\/span><\/h2>\n<p>M\u00e1ndanos tu testimonio de c\u00f3mo m\u00ednimo 2-3 l\u00edneas, m\u00e1ximo 2 p\u00e1rrafos para compartir en la web y en nuestras redes sociales.<\/p>\n<p>En este testimonio, h\u00e1blanos de tu vida con una ostom\u00eda, cualquier consejo que creas que puede ayudar a la comunidad. Piensa que nos has de hablar de ti, nuestro embajador, y no tiene que estar centrado en Miss Bowel.<\/p>\n<ul>\n<li>\u00bfCu\u00e1l fue el desencadenante de tu ostom\u00eda?<\/li>\n<li>\u00bfPor qu\u00e9 escogiste usar los productos Miss Bowel?<\/li>\n<li>\u00bfQu\u00e9 haces para que nuestro mundo sea mejor?<\/li>\n<li>\u00bfC\u00f3mo inspiras o motivas a otros?<\/li>\n<li>\u00bfQu\u00e9 quieres que sepan los dem\u00e1s sobre tu vida despu\u00e9s de la operaci\u00f3n?<\/li>\n<\/ul>\n<p>Necesitaremos 3 fotos de alta calidad, incluyendo como m\u00ednimo 1 foto con los siguientes criterios:<\/p>\n<p>Foto 1. <strong><span style=\"color: #333333;\">Miss Bowel<\/span>.<\/strong> Queremos verte orgullos@ mostrando tu accesorio Miss Bowel (aunque solo asome).<br \/>\nFoto 2. \u00a0<span style=\"color: #000000;\"><strong>En acci\u00f3n<\/strong><\/span>. Imagen en acci\u00f3n con tu accesorio Miss Bowel. Nos gusta saber que bailas, haces deporte, juegas con tus hijos\u2026<br \/>\nFoto 3. <span style=\"color: #000000;\"><strong>Un instante de vida<\/strong><\/span>. Queremos verte realmente feliz \u263a<\/p>\n<p style=\"padding-left: 30px;\">M\u00e1ndanoslo todo a info@missbowel.com<\/p>\n<p><span style=\"font-size: 14pt;\"><strong>Proceso de selecci\u00f3n<\/strong><\/span><\/p>\n<p>Ser embajador MBW pasa por un proceso de selecci\u00f3n. Somos varias personas las que evaluamos a cada candidat@, siempre desde el respeto y el cari\u00f1o, pues como os hemos comentado para nosotros la figura del embajador tiene mucho peso.<\/p>\n<p>Si eres seleccionad@ nos pondremos en contacto contigo.<\/p>","protected":false},"excerpt":{"rendered":"<p>Empoderamiento e historias que conquistan &nbsp; Tanit Tubau conquist\u00f3 el&#8230;<\/p>","protected":false},"author":1,"featured_media":0,"parent":0,"menu_order":0,"comment_status":"closed","ping_status":"closed","template":"","meta":{"footnotes":""},"class_list":["post-92","page","type-page","status-publish","hentry"],"yoast_head":"<!-- This site is optimized with the Yoast SEO plugin v26.5 - https:\/\/yoast.com\/wordpress\/plugins\/seo\/ -->\n<title>Convi\u00e9rtete en embajador de marca Miss Bowel - Pacientes ostomizados<\/title>\n<meta name=\"description\" content=\"\u00bfQuieres ser un embajador MBW? Buscamos historias inspiradoras para pacientes ostomizados. Si crees que la tuya lo es, \u00a1cont\u00e1ctanos ya!\" \/>\n<meta name=\"robots\" content=\"index, follow, max-snippet:-1, max-image-preview:large, max-video-preview:-1\" \/>\n<link rel=\"canonical\" href=\"https:\/\/missbowel.com\/en\/embajador-miss-bowel\/\" \/>\n<meta property=\"og:locale\" content=\"en_GB\" \/>\n<meta property=\"og:type\" content=\"article\" \/>\n<meta property=\"og:title\" content=\"Convi\u00e9rtete en embajador de marca Miss Bowel - Pacientes ostomizados\" \/>\n<meta property=\"og:description\" content=\"\u00bfQuieres ser un embajador MBW? Buscamos historias inspiradoras para pacientes ostomizados. Si crees que la tuya lo es, \u00a1cont\u00e1ctanos ya!\" \/>\n<meta property=\"og:url\" content=\"https:\/\/missbowel.com\/en\/embajador-miss-bowel\/\" \/>\n<meta property=\"og:site_name\" content=\"Miss Bowel\" \/>\n<meta property=\"article:modified_time\" content=\"2017-11-23T17:34:12+00:00\" \/>\n<meta property=\"og:image\" content=\"https:\/\/missbowel.com\/wp-content\/uploads\/Tanit-embajadora-missbowel-1.jpg\" \/>\n<meta name=\"twitter:card\" content=\"summary_large_image\" \/>\n<meta name=\"twitter:label1\" content=\"Estimated reading time\" \/>\n\t<meta name=\"twitter:data1\" content=\"3 minutes\" \/>\n<script type=\"application\/ld+json\" class=\"yoast-schema-graph\">{\"@context\":\"https:\/\/schema.org\",\"@graph\":[{\"@type\":\"WebPage\",\"@id\":\"https:\/\/missbowel.com\/embajador-miss-bowel\/\",\"url\":\"https:\/\/missbowel.com\/embajador-miss-bowel\/\",\"name\":\"Convi\u00e9rtete en embajador de marca Miss Bowel - Pacientes ostomizados\",\"isPartOf\":{\"@id\":\"https:\/\/missbowel.com\/#website\"},\"primaryImageOfPage\":{\"@id\":\"https:\/\/missbowel.com\/embajador-miss-bowel\/#primaryimage\"},\"image\":{\"@id\":\"https:\/\/missbowel.com\/embajador-miss-bowel\/#primaryimage\"},\"thumbnailUrl\":\"https:\/\/missbowel.com\/wp-content\/uploads\/Tanit-embajadora-missbowel-1.jpg\",\"datePublished\":\"2017-11-14T16:44:49+00:00\",\"dateModified\":\"2017-11-23T17:34:12+00:00\",\"description\":\"\u00bfQuieres ser un embajador MBW? Buscamos historias inspiradoras para pacientes ostomizados. Si crees que la tuya lo es, \u00a1cont\u00e1ctanos ya!\",\"breadcrumb\":{\"@id\":\"https:\/\/missbowel.com\/embajador-miss-bowel\/#breadcrumb\"},\"inLanguage\":\"en-GB\",\"potentialAction\":[{\"@type\":\"ReadAction\",\"target\":[\"https:\/\/missbowel.com\/embajador-miss-bowel\/\"]}]},{\"@type\":\"ImageObject\",\"inLanguage\":\"en-GB\",\"@id\":\"https:\/\/missbowel.com\/embajador-miss-bowel\/#primaryimage\",\"url\":\"https:\/\/missbowel.com\/wp-content\/uploads\/Tanit-embajadora-missbowel-1.jpg\",\"contentUrl\":\"https:\/\/missbowel.com\/wp-content\/uploads\/Tanit-embajadora-missbowel-1.jpg\"},{\"@type\":\"BreadcrumbList\",\"@id\":\"https:\/\/missbowel.com\/embajador-miss-bowel\/#breadcrumb\",\"itemListElement\":[{\"@type\":\"ListItem\",\"position\":1,\"name\":\"Portada\",\"item\":\"https:\/\/missbowel.com\/\"},{\"@type\":\"ListItem\",\"position\":2,\"name\":\"El embajador Miss Bowel\"}]},{\"@type\":\"WebSite\",\"@id\":\"https:\/\/missbowel.com\/#website\",\"url\":\"https:\/\/missbowel.com\/\",\"name\":\"Miss Bowel\",\"description\":\"Productos para ostomias\",\"potentialAction\":[{\"@type\":\"SearchAction\",\"target\":{\"@type\":\"EntryPoint\",\"urlTemplate\":\"https:\/\/missbowel.com\/?s={search_term_string}\"},\"query-input\":{\"@type\":\"PropertyValueSpecification\",\"valueRequired\":true,\"valueName\":\"search_term_string\"}}],\"inLanguage\":\"en-GB\"}]}<\/script>\n<!-- \/ Yoast SEO plugin. -->","yoast_head_json":{"title":"Convi\u00e9rtete en embajador de marca Miss Bowel - Pacientes ostomizados","description":"\u00bfQuieres ser un embajador MBW? Buscamos historias inspiradoras para pacientes ostomizados. Si crees que la tuya lo es, \u00a1cont\u00e1ctanos ya!","robots":{"index":"index","follow":"follow","max-snippet":"max-snippet:-1","max-image-preview":"max-image-preview:large","max-video-preview":"max-video-preview:-1"},"canonical":"https:\/\/missbowel.com\/en\/embajador-miss-bowel\/","og_locale":"en_GB","og_type":"article","og_title":"Convi\u00e9rtete en embajador de marca Miss Bowel - Pacientes ostomizados","og_description":"\u00bfQuieres ser un embajador MBW? Buscamos historias inspiradoras para pacientes ostomizados. Si crees que la tuya lo es, \u00a1cont\u00e1ctanos ya!","og_url":"https:\/\/missbowel.com\/en\/embajador-miss-bowel\/","og_site_name":"Miss Bowel","article_modified_time":"2017-11-23T17:34:12+00:00","og_image":[{"url":"https:\/\/missbowel.com\/wp-content\/uploads\/Tanit-embajadora-missbowel-1.jpg","type":"","width":"","height":""}],"twitter_card":"summary_large_image","twitter_misc":{"Estimated reading time":"3 minutes"},"schema":{"@context":"https:\/\/schema.org","@graph":[{"@type":"WebPage","@id":"https:\/\/missbowel.com\/embajador-miss-bowel\/","url":"https:\/\/missbowel.com\/embajador-miss-bowel\/","name":"Convi\u00e9rtete en embajador de marca Miss Bowel - Pacientes ostomizados","isPartOf":{"@id":"https:\/\/missbowel.com\/#website"},"primaryImageOfPage":{"@id":"https:\/\/missbowel.com\/embajador-miss-bowel\/#primaryimage"},"image":{"@id":"https:\/\/missbowel.com\/embajador-miss-bowel\/#primaryimage"},"thumbnailUrl":"https:\/\/missbowel.com\/wp-content\/uploads\/Tanit-embajadora-missbowel-1.jpg","datePublished":"2017-11-14T16:44:49+00:00","dateModified":"2017-11-23T17:34:12+00:00","description":"\u00bfQuieres ser un embajador MBW? Buscamos historias inspiradoras para pacientes ostomizados. Si crees que la tuya lo es, \u00a1cont\u00e1ctanos ya!","breadcrumb":{"@id":"https:\/\/missbowel.com\/embajador-miss-bowel\/#breadcrumb"},"inLanguage":"en-GB","potentialAction":[{"@type":"ReadAction","target":["https:\/\/missbowel.com\/embajador-miss-bowel\/"]}]},{"@type":"ImageObject","inLanguage":"en-GB","@id":"https:\/\/missbowel.com\/embajador-miss-bowel\/#primaryimage","url":"https:\/\/missbowel.com\/wp-content\/uploads\/Tanit-embajadora-missbowel-1.jpg","contentUrl":"https:\/\/missbowel.com\/wp-content\/uploads\/Tanit-embajadora-missbowel-1.jpg"},{"@type":"BreadcrumbList","@id":"https:\/\/missbowel.com\/embajador-miss-bowel\/#breadcrumb","itemListElement":[{"@type":"ListItem","position":1,"name":"Portada","item":"https:\/\/missbowel.com\/"},{"@type":"ListItem","position":2,"name":"El embajador Miss Bowel"}]},{"@type":"WebSite","@id":"https:\/\/missbowel.com\/#website","url":"https:\/\/missbowel.com\/","name":"Miss Bowel","description":"Productos para ostomias","potentialAction":[{"@type":"SearchAction","target":{"@type":"EntryPoint","urlTemplate":"https:\/\/missbowel.com\/?s={search_term_string}"},"query-input":{"@type":"PropertyValueSpecification","valueRequired":true,"valueName":"search_term_string"}}],"inLanguage":"en-GB"}]}},"_links":{"self":[{"href":"https:\/\/missbowel.com\/en\/wp-json\/wp\/v2\/pages\/92","targetHints":{"allow":["GET"]}}],"collection":[{"href":"https:\/\/missbowel.com\/en\/wp-json\/wp\/v2\/pages"}],"about":[{"href":"https:\/\/missbowel.com\/en\/wp-json\/wp\/v2\/types\/page"}],"author":[{"embeddable":true,"href":"https:\/\/missbowel.com\/en\/wp-json\/wp\/v2\/users\/1"}],"replies":[{"embeddable":true,"href":"https:\/\/missbowel.com\/en\/wp-json\/wp\/v2\/comments?post=92"}],"version-history":[{"count":11,"href":"https:\/\/missbowel.com\/en\/wp-json\/wp\/v2\/pages\/92\/revisions"}],"predecessor-version":[{"id":500,"href":"https:\/\/missbowel.com\/en\/wp-json\/wp\/v2\/pages\/92\/revisions\/500"}],"wp:attachment":[{"href":"https:\/\/missbowel.com\/en\/wp-json\/wp\/v2\/media?parent=92"}],"curies":[{"name":"wp","href":"https:\/\/api.w.org\/{rel}","templated":true}]}}