{"id":96,"date":"2017-11-14T17:47:37","date_gmt":"2017-11-14T16:47:37","guid":{"rendered":"http:\/\/missbowel.francastillo.com\/?page_id=96"},"modified":"2019-06-07T12:35:31","modified_gmt":"2019-06-07T10:35:31","slug":"deporte-y-ostomia","status":"publish","type":"page","link":"https:\/\/missbowel.com\/en\/vivir-con-una-ostomia\/deporte-y-ostomia\/","title":{"rendered":"Deporte y ostom\u00eda"},"content":{"rendered":"<div class=\"wpb-content-wrapper\"><div class=\"vc_row wpb_row section vc_row-fluid\" style=' text-align:left;'><div class=\"full_section_inner clearfix\"><div class=\"wpb_column vc_column_container vc_col-sm-12\"><div class=\"vc_column-inner\"><div class=\"wpb_wrapper\">\n\t<div class=\"wpb_single_image wpb_content_element vc_align_left\">\n\t\t<div class=\"wpb_wrapper\">\n\t\t\t\n\t\t\t<div class=\"vc_single_image-wrapper   vc_box_border_grey\"><img loading=\"lazy\" decoding=\"async\" width=\"1286\" height=\"346\" src=\"https:\/\/missbowel.com\/wp-content\/uploads\/deportes-y-ostom\u00eda.jpg\" class=\"vc_single_image-img attachment-full\" alt=\"\" title=\"deportes y ostom\u00eda\" srcset=\"https:\/\/missbowel.com\/wp-content\/uploads\/deportes-y-ostom\u00eda.jpg 1286w, https:\/\/missbowel.com\/wp-content\/uploads\/deportes-y-ostom\u00eda-300x81.jpg 300w, https:\/\/missbowel.com\/wp-content\/uploads\/deportes-y-ostom\u00eda-768x207.jpg 768w, https:\/\/missbowel.com\/wp-content\/uploads\/deportes-y-ostom\u00eda-1024x276.jpg 1024w\" sizes=\"auto, (max-width: 1286px) 100vw, 1286px\" \/><\/div>\n\t\t<\/div>\n\t<\/div>\n<\/div><\/div><\/div><\/div><\/div><div      class=\"vc_row wpb_row section vc_row-fluid\" style=' text-align:left;'><div class=\"full_section_inner clearfix\"><div class=\"wpb_column vc_column_container vc_col-sm-12\"><div class=\"vc_column-inner\"><div class=\"wpb_wrapper\"><div class=\"separator  transparent\" style=\"margin-top: 30px;\"><\/div>\n\n\t<div class=\"wpb_text_column wpb_content_element\">\n\t\t<div class=\"wpb_wrapper\">\n\t\t\t<h3 style=\"text-align: center;\">Siente la libertad de practicar deporte<\/h3>\n<p>&nbsp;<\/p>\n<p>Tras la recuperaci\u00f3n de la cirug\u00eda, no existe ninguna raz\u00f3n m\u00e9dica por la que no se pueda practicar deporte siendo portador de una bolsa de ostom\u00eda.<\/p>\n<p>&nbsp;<\/p>\n<p><img loading=\"lazy\" decoding=\"async\" class=\"size-medium wp-image-889 alignleft\" src=\"\/wp-content\/uploads\/IMG_2279-300x300.jpg\" alt=\"\" width=\"300\" height=\"300\" srcset=\"https:\/\/missbowel.com\/wp-content\/uploads\/IMG_2279-300x300.jpg 300w, https:\/\/missbowel.com\/wp-content\/uploads\/IMG_2279-150x150.jpg 150w, https:\/\/missbowel.com\/wp-content\/uploads\/IMG_2279-768x768.jpg 768w, https:\/\/missbowel.com\/wp-content\/uploads\/IMG_2279-1024x1024.jpg 1024w, https:\/\/missbowel.com\/wp-content\/uploads\/IMG_2279-180x180.jpg 180w, https:\/\/missbowel.com\/wp-content\/uploads\/IMG_2279-600x600.jpg 600w, https:\/\/missbowel.com\/wp-content\/uploads\/IMG_2279.jpg 1600w\" sizes=\"auto, (max-width: 300px) 100vw, 300px\" \/><\/p>\n<p>El ejercicio f\u00edsico es beneficioso para todo el mundo, pero en el caso de los ostomizados, mantener un peso saludable y los m\u00fasculos tonificados es muy importante para ayudar a prevenir hernias en el estoma. El deporte tambi\u00e9n posee importantes beneficios desde el punto de vista psicol\u00f3gico, recuerda el mens sana in corpore sano.<\/p>\n<p>&nbsp;<\/p>\n<p>As\u00ed que si est\u00e1s ostomizado, es recomendable que recuperes cuanto antes las mismas actividades f\u00edsicas y deportivas que realizabas antes de la cirug\u00eda. Si lo tuyo nunca ha sido el deporte, busca alguna actividad que te divierta, ahora es un buen momento para iniciarte.<\/p>\n<p>&nbsp;<\/p>\n<p>Para acabar de recuperarte de la cirug\u00eda, puedes empezar caminando o dando peque\u00f1os paseos e ir aumentando de forma gradual la actividad. En poco tiempo, estar\u00e1s de nuevo en forma para practicar tu deporte favorito.<\/p>\n\n\t\t<\/div> \n\t<\/div> <\/div><\/div><\/div><\/div><\/div><div      class=\"vc_row wpb_row section vc_row-fluid\" style=' text-align:left;'><div class=\"full_section_inner clearfix\"><div class=\"wpb_column vc_column_container vc_col-sm-12\"><div class=\"vc_column-inner\"><div class=\"wpb_wrapper\"><div class=\"separator  transparent\" style=\"margin-top: 30px;\"><\/div>\n\n\t<div class=\"wpb_text_column wpb_content_element\">\n\t\t<div class=\"wpb_wrapper\">\n\t\t\t<h4>Bolsa, ostom\u00eda y consejos generales<\/h4>\n<p>&nbsp;<\/p>\n<p>Al estar ostomizado, es aconsejable que vac\u00edes o cambies la bolsa de ostom\u00eda antes de iniciar cualquier actividad. Aseg\u00farate que el disco est\u00e1 bien adherido a la piel para evitar fugas.<\/p>\n<p>&nbsp;<\/p>\n<p>Recuerda que la hidrataci\u00f3n es fundamental, independientemente del tipo de ejercicio que hagas. Lleva siempre contigo un botell\u00edn de agua. Mejor si evitas las bebidas carbonatadas o con cafe\u00edna, ya que pueden aumentar la producci\u00f3n de gases y favorecer la evacuaci\u00f3n.<\/p>\n<p>&nbsp;<\/p>\n<p>Te sentir\u00e1s m\u00e1s seguro y c\u00f3modo si utilizas accesorios o prendas que te ayuden a fijar la bolsa de ostom\u00eda y se adecuen al deporte que vayas a practicar, pero es importante que no te opriman para favorecer el vaciado del estoma.<\/p>\n<p>&nbsp;<\/p>\n<p>Puedes utilizar <a href=\"\/en\/product-category\/bandas\/\">bandas de algod\u00f3n<\/a>, <a href=\"\/en\/product\/banda-bano-lycra-para-cubrir-ostomias\/\">bandas de \u00a0lycra<\/a>\u00a0 o el <a href=\"\/en\/product\/ostomysport\/\">ostomysport<\/a>\u00a0 muy recomendado para deportes acu\u00e1ticos.<\/p>\n\n\t\t<\/div> \n\t<\/div> <\/div><\/div><\/div><\/div><\/div><div      class=\"vc_row wpb_row section vc_row-fluid\" style=' text-align:left;'><div class=\"full_section_inner clearfix\"><div class=\"wpb_column vc_column_container vc_col-sm-12\"><div class=\"vc_column-inner\"><div class=\"wpb_wrapper\"><div class=\"separator  transparent\" style=\"margin-top: 30px;\"><\/div>\n\n\t<div class=\"wpb_text_column wpb_content_element\">\n\t\t<div class=\"wpb_wrapper\">\n\t\t\t<h4>Adec\u00faa tu ostom\u00eda a tu deporte favorito<\/h4>\n<p>&nbsp;<\/p>\n<p><strong>Deportes al aire libre.<\/strong> Si practicas deporte al aire libre, protege siempre tu piel, el estoma y la bolsa del sol. Puedes utilizar<a href=\"\/en\/product-category\/fundas\/\"> fundas<\/a> o cubre estomas espec\u00edficos.<\/p>\n<p>&nbsp;<\/p>\n<p><img loading=\"lazy\" decoding=\"async\" class=\"alignleft wp-image-899 size-medium\" src=\"\/wp-content\/uploads\/pexels-photo-261260-300x225.jpg\" alt=\"\" width=\"300\" height=\"225\" srcset=\"https:\/\/missbowel.com\/wp-content\/uploads\/pexels-photo-261260-300x225.jpg 300w, https:\/\/missbowel.com\/wp-content\/uploads\/pexels-photo-261260.jpg 467w\" sizes=\"auto, (max-width: 300px) 100vw, 300px\" \/><\/p>\n<p><strong>Deportes y actividades acu\u00e1ticas<\/strong>. Tanto en los deportes acu\u00e1ticos, como si decides disfrutar de un d\u00eda de playa o piscina, debes tener en cuenta que las placas o dispositivos adhesivos actuales son resistentes al cloro y al agua de mar, pero para que aguanten bien no deben colocarse nunca justo antes de sumergirse ni prolongar mucho el tiempo del ba\u00f1o. Si tienes dudas o no est\u00e1s muy seguro, puedes hacer la prueba en casa sumergiendo la bolsa en la ba\u00f1era.<\/p>\n<p>&nbsp;<\/p>\n<p>Evita que entre agua en la bolsa a trav\u00e9s de los filtros, deben estar siempre tapados. Existen dispositivos para ello.<\/p>\n<p>&nbsp;<\/p>\n<p>Un traje de ba\u00f1o o un accesorio que fije la bolsa y alargue la funci\u00f3n adhesiva del disco mientras est\u00e9s sumergido, te ayudar\u00e1 a sentirte m\u00e1s seguro.<\/p>\n<p>&nbsp;<\/p>\n<p>El <a href=\"\/en\/product\/ostomysport\/\">ostomysport<\/a> es una opci\u00f3n que te ayudar\u00e1 a sentirte muy c\u00f3modo para la pr\u00e1ctica de deportes acu\u00e1ticos. Para disfrutar de un d\u00eda de playa o piscina, las <a href=\"\/en\/product\/banda-lycra-para-cubrir-ostomias-color-azul-marino-bano\/\">bandas de lycra<\/a>\u00a0 son la opci\u00f3n perfecta. Intenta evitar trajes de neopreno o ba\u00f1adores que te opriman mucho.<\/p>\n<p>&nbsp;<\/p>\n<p><img loading=\"lazy\" decoding=\"async\" class=\"size-medium wp-image-900 alignleft\" src=\"\/wp-content\/uploads\/pexels-photo-67386-300x200.jpg\" alt=\"\" width=\"300\" height=\"200\" srcset=\"https:\/\/missbowel.com\/wp-content\/uploads\/pexels-photo-67386-300x200.jpg 300w, https:\/\/missbowel.com\/wp-content\/uploads\/pexels-photo-67386.jpg 525w\" sizes=\"auto, (max-width: 300px) 100vw, 300px\" \/><\/p>\n<p>Si decides darte un homenaje y disfrutar de una sesi\u00f3n spa o un balneario, evita los chorros o la presi\u00f3n de agua directamente en el abdomen.<\/p>\n<p>&nbsp;<\/p>\n<p><strong>Deportes de alto impacto.<\/strong> Debes tener un especial cuidado con los deportes de contacto, violentos o bruscos como el boxeo, artes marciales, rugby, levantamiento de pesas&#8230; Conviene que evites los impactos directos sobre el estoma o forzar mucho la musculatura abdominal, ya que podr\u00edas lesionarte o provocar una hernia o prolapso de tu estoma.<\/p>\n<p>&nbsp;<\/p>\n<p><strong>Ciclismo.<\/strong> En el caso de las personas que se les extirpa el recto, pueden tener molestias al montar en bicicleta. Estas molestias se reducen si utilizan un sill\u00edn m\u00e1s suave o \u00a0acolchado, con abertura central, para disminuir la presi\u00f3n que se realiza en esa zona.<\/p>\n<p>&nbsp;<\/p>\n<p>Ante una molestia o anomal\u00eda practicando deporte o cualquier otro tipo de actividad, cons\u00faltalo siempre con tu m\u00e9dico o estomaterapeuta, ellos te dar\u00e1n las mejores pautas y consejos para que la ostom\u00eda no sea un impedimento en tus actividades.<\/p>\n<p>&nbsp;<\/p>\n\n\t\t<\/div> \n\t<\/div> <div class=\"separator  transparent\" style=\"margin-top: 80px;\"><\/div>\n<\/div><\/div><\/div><\/div><\/div>\n<\/div>","protected":false},"excerpt":{"rendered":"Siente la libertad de practicar deporte &nbsp; Tras la recuperaci\u00f3n...","protected":false},"author":1,"featured_media":907,"parent":399,"menu_order":0,"comment_status":"closed","ping_status":"closed","template":"","meta":{"footnotes":""},"class_list":["post-96","page","type-page","status-publish","has-post-thumbnail","hentry"],"yoast_head":"<!-- This site is optimized with the Yoast SEO plugin v26.5 - https:\/\/yoast.com\/wordpress\/plugins\/seo\/ -->\n<title>Deporte y ostom\u00eda - Miss Bowel<\/title>\n<meta name=\"robots\" content=\"index, follow, max-snippet:-1, max-image-preview:large, max-video-preview:-1\" \/>\n<link rel=\"canonical\" href=\"https:\/\/missbowel.com\/en\/vivir-con-una-ostomia\/deporte-y-ostomia\/\" \/>\n<meta property=\"og:locale\" content=\"en_GB\" \/>\n<meta property=\"og:type\" content=\"article\" \/>\n<meta property=\"og:title\" content=\"Deporte y ostom\u00eda - Miss Bowel\" \/>\n<meta property=\"og:url\" content=\"https:\/\/missbowel.com\/en\/vivir-con-una-ostomia\/deporte-y-ostomia\/\" \/>\n<meta property=\"og:site_name\" content=\"Miss Bowel\" \/>\n<meta property=\"article:modified_time\" content=\"2019-06-07T10:35:31+00:00\" \/>\n<meta property=\"og:image\" content=\"https:\/\/missbowel.com\/wp-content\/uploads\/deportes-y-ostom\u00eda.jpg\" \/>\n\t<meta property=\"og:image:width\" content=\"1286\" \/>\n\t<meta property=\"og:image:height\" content=\"346\" \/>\n\t<meta property=\"og:image:type\" content=\"image\/jpeg\" \/>\n<meta name=\"twitter:card\" content=\"summary_large_image\" \/>\n<meta name=\"twitter:label1\" content=\"Estimated reading time\" \/>\n\t<meta name=\"twitter:data1\" content=\"5 minutes\" \/>\n<script type=\"application\/ld+json\" class=\"yoast-schema-graph\">{\"@context\":\"https:\/\/schema.org\",\"@graph\":[{\"@type\":\"WebPage\",\"@id\":\"https:\/\/missbowel.com\/vivir-con-una-ostomia\/deporte-y-ostomia\/\",\"url\":\"https:\/\/missbowel.com\/vivir-con-una-ostomia\/deporte-y-ostomia\/\",\"name\":\"Deporte y ostom\u00eda - Miss Bowel\",\"isPartOf\":{\"@id\":\"https:\/\/missbowel.com\/#website\"},\"primaryImageOfPage\":{\"@id\":\"https:\/\/missbowel.com\/vivir-con-una-ostomia\/deporte-y-ostomia\/#primaryimage\"},\"image\":{\"@id\":\"https:\/\/missbowel.com\/vivir-con-una-ostomia\/deporte-y-ostomia\/#primaryimage\"},\"thumbnailUrl\":\"https:\/\/missbowel.com\/wp-content\/uploads\/deportes-y-ostom\u00eda.jpg\",\"datePublished\":\"2017-11-14T16:47:37+00:00\",\"dateModified\":\"2019-06-07T10:35:31+00:00\",\"breadcrumb\":{\"@id\":\"https:\/\/missbowel.com\/vivir-con-una-ostomia\/deporte-y-ostomia\/#breadcrumb\"},\"inLanguage\":\"en-GB\",\"potentialAction\":[{\"@type\":\"ReadAction\",\"target\":[\"https:\/\/missbowel.com\/vivir-con-una-ostomia\/deporte-y-ostomia\/\"]}]},{\"@type\":\"ImageObject\",\"inLanguage\":\"en-GB\",\"@id\":\"https:\/\/missbowel.com\/vivir-con-una-ostomia\/deporte-y-ostomia\/#primaryimage\",\"url\":\"https:\/\/missbowel.com\/wp-content\/uploads\/deportes-y-ostom\u00eda.jpg\",\"contentUrl\":\"https:\/\/missbowel.com\/wp-content\/uploads\/deportes-y-ostom\u00eda.jpg\",\"width\":1286,\"height\":346},{\"@type\":\"BreadcrumbList\",\"@id\":\"https:\/\/missbowel.com\/vivir-con-una-ostomia\/deporte-y-ostomia\/#breadcrumb\",\"itemListElement\":[{\"@type\":\"ListItem\",\"position\":1,\"name\":\"Portada\",\"item\":\"https:\/\/missbowel.com\/\"},{\"@type\":\"ListItem\",\"position\":2,\"name\":\"Vivir con una ostom\u00eda\",\"item\":\"https:\/\/missbowel.com\/vivir-con-una-ostomia\/\"},{\"@type\":\"ListItem\",\"position\":3,\"name\":\"Deporte y ostom\u00eda\"}]},{\"@type\":\"WebSite\",\"@id\":\"https:\/\/missbowel.com\/#website\",\"url\":\"https:\/\/missbowel.com\/\",\"name\":\"Miss Bowel\",\"description\":\"Productos para ostomias\",\"potentialAction\":[{\"@type\":\"SearchAction\",\"target\":{\"@type\":\"EntryPoint\",\"urlTemplate\":\"https:\/\/missbowel.com\/?s={search_term_string}\"},\"query-input\":{\"@type\":\"PropertyValueSpecification\",\"valueRequired\":true,\"valueName\":\"search_term_string\"}}],\"inLanguage\":\"en-GB\"}]}<\/script>\n<!-- \/ Yoast SEO plugin. -->","yoast_head_json":{"title":"Deporte y ostom\u00eda - Miss Bowel","robots":{"index":"index","follow":"follow","max-snippet":"max-snippet:-1","max-image-preview":"max-image-preview:large","max-video-preview":"max-video-preview:-1"},"canonical":"https:\/\/missbowel.com\/en\/vivir-con-una-ostomia\/deporte-y-ostomia\/","og_locale":"en_GB","og_type":"article","og_title":"Deporte y ostom\u00eda - Miss Bowel","og_url":"https:\/\/missbowel.com\/en\/vivir-con-una-ostomia\/deporte-y-ostomia\/","og_site_name":"Miss Bowel","article_modified_time":"2019-06-07T10:35:31+00:00","og_image":[{"width":1286,"height":346,"url":"https:\/\/missbowel.com\/wp-content\/uploads\/deportes-y-ostom\u00eda.jpg","type":"image\/jpeg"}],"twitter_card":"summary_large_image","twitter_misc":{"Estimated reading time":"5 minutes"},"schema":{"@context":"https:\/\/schema.org","@graph":[{"@type":"WebPage","@id":"https:\/\/missbowel.com\/vivir-con-una-ostomia\/deporte-y-ostomia\/","url":"https:\/\/missbowel.com\/vivir-con-una-ostomia\/deporte-y-ostomia\/","name":"Deporte y ostom\u00eda - Miss Bowel","isPartOf":{"@id":"https:\/\/missbowel.com\/#website"},"primaryImageOfPage":{"@id":"https:\/\/missbowel.com\/vivir-con-una-ostomia\/deporte-y-ostomia\/#primaryimage"},"image":{"@id":"https:\/\/missbowel.com\/vivir-con-una-ostomia\/deporte-y-ostomia\/#primaryimage"},"thumbnailUrl":"https:\/\/missbowel.com\/wp-content\/uploads\/deportes-y-ostom\u00eda.jpg","datePublished":"2017-11-14T16:47:37+00:00","dateModified":"2019-06-07T10:35:31+00:00","breadcrumb":{"@id":"https:\/\/missbowel.com\/vivir-con-una-ostomia\/deporte-y-ostomia\/#breadcrumb"},"inLanguage":"en-GB","potentialAction":[{"@type":"ReadAction","target":["https:\/\/missbowel.com\/vivir-con-una-ostomia\/deporte-y-ostomia\/"]}]},{"@type":"ImageObject","inLanguage":"en-GB","@id":"https:\/\/missbowel.com\/vivir-con-una-ostomia\/deporte-y-ostomia\/#primaryimage","url":"https:\/\/missbowel.com\/wp-content\/uploads\/deportes-y-ostom\u00eda.jpg","contentUrl":"https:\/\/missbowel.com\/wp-content\/uploads\/deportes-y-ostom\u00eda.jpg","width":1286,"height":346},{"@type":"BreadcrumbList","@id":"https:\/\/missbowel.com\/vivir-con-una-ostomia\/deporte-y-ostomia\/#breadcrumb","itemListElement":[{"@type":"ListItem","position":1,"name":"Portada","item":"https:\/\/missbowel.com\/"},{"@type":"ListItem","position":2,"name":"Vivir con una ostom\u00eda","item":"https:\/\/missbowel.com\/vivir-con-una-ostomia\/"},{"@type":"ListItem","position":3,"name":"Deporte y ostom\u00eda"}]},{"@type":"WebSite","@id":"https:\/\/missbowel.com\/#website","url":"https:\/\/missbowel.com\/","name":"Miss Bowel","description":"Productos para ostomias","potentialAction":[{"@type":"SearchAction","target":{"@type":"EntryPoint","urlTemplate":"https:\/\/missbowel.com\/?s={search_term_string}"},"query-input":{"@type":"PropertyValueSpecification","valueRequired":true,"valueName":"search_term_string"}}],"inLanguage":"en-GB"}]}},"_links":{"self":[{"href":"https:\/\/missbowel.com\/en\/wp-json\/wp\/v2\/pages\/96","targetHints":{"allow":["GET"]}}],"collection":[{"href":"https:\/\/missbowel.com\/en\/wp-json\/wp\/v2\/pages"}],"about":[{"href":"https:\/\/missbowel.com\/en\/wp-json\/wp\/v2\/types\/page"}],"author":[{"embeddable":true,"href":"https:\/\/missbowel.com\/en\/wp-json\/wp\/v2\/users\/1"}],"replies":[{"embeddable":true,"href":"https:\/\/missbowel.com\/en\/wp-json\/wp\/v2\/comments?post=96"}],"version-history":[{"count":14,"href":"https:\/\/missbowel.com\/en\/wp-json\/wp\/v2\/pages\/96\/revisions"}],"predecessor-version":[{"id":12800,"href":"https:\/\/missbowel.com\/en\/wp-json\/wp\/v2\/pages\/96\/revisions\/12800"}],"up":[{"embeddable":true,"href":"https:\/\/missbowel.com\/en\/wp-json\/wp\/v2\/pages\/399"}],"wp:featuredmedia":[{"embeddable":true,"href":"https:\/\/missbowel.com\/en\/wp-json\/wp\/v2\/media\/907"}],"wp:attachment":[{"href":"https:\/\/missbowel.com\/en\/wp-json\/wp\/v2\/media?parent=96"}],"curies":[{"name":"wp","href":"https:\/\/api.w.org\/{rel}","templated":true}]}}