{"id":99,"date":"2017-11-14T17:52:26","date_gmt":"2017-11-14T16:52:26","guid":{"rendered":"http:\/\/missbowel.francastillo.com\/?page_id=99"},"modified":"2019-06-07T12:43:44","modified_gmt":"2019-06-07T10:43:44","slug":"la-la-z-diccionario-ostomias","status":"publish","type":"page","link":"https:\/\/missbowel.com\/en\/la-la-z-diccionario-ostomias\/","title":{"rendered":"De la A a la Z \u2013 Diccionario de ostom\u00edas"},"content":{"rendered":"<div class=\"wpb-content-wrapper\"><div      class=\"vc_row wpb_row section vc_row-fluid\" style=' text-align:left;'><div class=\"full_section_inner clearfix\"><div class=\"wpb_column vc_column_container vc_col-sm-12\"><div class=\"vc_column-inner\"><div class=\"wpb_wrapper\">\n\t<div class=\"wpb_text_column wpb_content_element\">\n\t\t<div class=\"wpb_wrapper\">\n\t\t\t<h3 style=\"text-align: center;\">Tu ostom\u00eda sin dudas<\/h3>\n<p>&nbsp;<\/p>\n<h4>AINES<\/h4>\n<p>Antiinflamatorios no esteroideos (AINES). Son sustancias qu\u00edmicas con efecto antiinflamatorio, analg\u00e9sico y antipir\u00e9tico.<\/p>\n<p>&nbsp;<\/p>\n<h4>Anastomosis<\/h4>\n<p>La uni\u00f3n de los dos extremos sanos del intestino tras extirpar la parte enferma.<\/p>\n<p>&nbsp;<\/p>\n<h4>Anastomosis ileorectal<\/h4>\n<p>Uni\u00f3n del \u00edleon al recto tras haber extirpado el colon.<\/p>\n<p>&nbsp;<\/p>\n<h4>Ano<\/h4>\n<p>Extremo final del tubo digestivo. A trav\u00e9s del ano se expulsan las heces.<\/p>\n<p>&nbsp;<\/p>\n<h4>Barrera de Piel<\/h4>\n<p>Cualquier sustancia utilizada para cubrir la piel alrededor de la ostom\u00eda y protegerla de las heces o de la orina.<\/p>\n<p>&nbsp;<\/p>\n<h4>Bolsa o dispositivo colector<\/h4>\n<p>Sirve para la recogida de las heces o la orina que se expulsa por el estoma.<\/p>\n<p>&nbsp;<\/p>\n<h4>C\u00e1psula endosc\u00f3pica<\/h4>\n<p>C\u00e1psula con c\u00e1mara que permite visualizar el tubo digestivo desde la boca hasta el ano gracias a las im\u00e1genes que emite en un ordenador.<\/p>\n<p>&nbsp;<\/p>\n<h4>Cistectom\u00eda<\/h4>\n<p>Extirpaci\u00f3n quir\u00fargica de la vejiga. Suele ser necesario alg\u00fan tipo de desviaci\u00f3n vesical o urostom\u00eda.<\/p>\n<p>&nbsp;<\/p>\n<h4>Cistitis Intersticial<\/h4>\n<p>Inflamaci\u00f3n de la pared de la vejiga de causa desconocida.<\/p>\n<p>&nbsp;<\/p>\n<h4>Citolog\u00eda de la orina<\/h4>\n<p>Orina examinada bajo el microscopio para buscar c\u00e9lulas cancerosas y precancerosas.<\/p>\n<p>&nbsp;<\/p>\n<h4>Cistoscopia<\/h4>\n<p>Examen urol\u00f3gico que consiste en introducir un endoscopio (tubo con una l\u00e1mpara el\u00e9ctrica y un sistema \u00f3ptico) en el interior de la vejiga, a trav\u00e9s de la uretra, para visualizarla.<\/p>\n<p>&nbsp;<\/p>\n<h4>Colectom\u00eda<\/h4>\n<p>Resecci\u00f3n quir\u00fargica o extirpaci\u00f3n parcial o total del colon.<\/p>\n<p>&nbsp;<\/p>\n<h4>Colectom\u00eda abdominal total<\/h4>\n<p>Extirpaci\u00f3n del intestino grueso o colon. Despu\u00e9s de extirparlo se une el extremo final del intestino delgado al recto.<\/p>\n<p>&nbsp;<\/p>\n<h4>Colectom\u00eda total con reservorio ileoanal (en J)<\/h4>\n<p>Procedimiento en el que se extirpa todo el colon y se utiliza el \u00edleon (parte final del intestino delgado) para construir una bolsa de unos 150 ml. Sustituye la funci\u00f3n de almacenamiento de heces que realiza normalmente el recto.<\/p>\n<p>&nbsp;<\/p>\n<h4>Colitis indeterminada<\/h4>\n<p>Es una enfermedad inflamatoria intestinal en la que es dif\u00edcil diferenciar si se trata de una Colitis Ulcerosa o una enfermedad de Crohn.<\/p>\n<p>&nbsp;<\/p>\n<h4>Colitis Ulcerosa (CU)<\/h4>\n<p>Enfermedad inflamatoria intestinal del colon y recto en la cual se forman \u00falceras en el revestimiento intestinal. Los s\u00edntomas principales de esta enfermedad son diarrea, c\u00f3licos y sangrado.<\/p>\n<p>&nbsp;<\/p>\n<h4>Colonoscopia<\/h4>\n<p>Prueba que consiste en la introducci\u00f3n a trav\u00e9s del recto de un tubo con una c\u00e1mara en su extremo para visualizar el estado de las paredes intestinales. Se utiliza a modo de prueba diagn\u00f3stica y permite la extracci\u00f3n de biopsias.<\/p>\n<p>&nbsp;<\/p>\n<h4>Colostom\u00eda<\/h4>\n<p>Es la exteriorizaci\u00f3n del colon a trav\u00e9s de la pared abdominal, aboc\u00e1ndolo a la piel con el objeto de crear una salida artificial de las heces.<\/p>\n<p>&nbsp;<\/p>\n<h4>Continencia<\/h4>\n<p>La habilidad de contener las heces, gas u orina dentro del cuerpo de forma voluntaria.<\/p>\n<p>&nbsp;<\/p>\n<h4>Dispositivo abierto<\/h4>\n<p>Bolsa de ostom\u00eda abierta por la parte inferior, de este modo cuando la bolsa est\u00e1 llena puede vaciarse.<\/p>\n<p>&nbsp;<\/p>\n<h4>Dispositivo cerrado<\/h4>\n<p>Bolsa de ostom\u00eda en la que todo el contorno aparece sellado, sin que exista una abertura o v\u00e1lvula por la cual se pueda vaciar el contenido.<\/p>\n<p>&nbsp;<\/p>\n<h4>Dispositivo de una pieza<\/h4>\n<p>Bolsa en la que la l\u00e1mina adhesiva o disco va unido a la bolsa recolectora formando una sola unidad.<\/p>\n<p>&nbsp;<\/p>\n<h4>Dispositivo de dos piezas<\/h4>\n<p>Bolsa compuesta por dos elementos separados: una placa adhesiva o disco que se adhiere a la piel por un lado, y una bolsa de recogida que se acopla despu\u00e9s a la placa.<\/p>\n<p>&nbsp;<\/p>\n<h4>Diverticulitis<\/h4>\n<p>Enfermedad sobre la inflamaci\u00f3n de los divert\u00edculos (peque\u00f1as bolsas que se forman en el colon).<\/p>\n<p>&nbsp;<\/p>\n<h4>Diverticulosis<\/h4>\n<p>Presencia de divert\u00edculos (peque\u00f1as bolsas en el colon).<\/p>\n<p>&nbsp;<\/p>\n<h4>Electrolitos<\/h4>\n<p>Sales y minerales corporales necesarios para la salud.<\/p>\n<p>&nbsp;<\/p>\n<h4>Enema opaco<\/h4>\n<p>T\u00e9cnica diagn\u00f3stica que permite visualizar el intestino grueso o colon a trav\u00e9s de rayos X tras administrar un contraste (habitualmente bario) por v\u00eda rectal.<\/p>\n<p>&nbsp;<\/p>\n<h4>Enfermedad de Crohn (EC)<\/h4>\n<p>Enfermedad intestinal inflamatoria que puede afectar a cualquier parte del tubo digestivo.<\/p>\n<p>&nbsp;<\/p>\n<h4>Enfermedad Intestinal Inflamatoria (EII)<\/h4>\n<p>T\u00e9rmino general para colitis ulcerosa y enfermedad de Crohn. Es una afecci\u00f3n cr\u00f3nica que causa inflamaci\u00f3n e hinchaz\u00f3n en el tubo digestivo o la pared intestinal.<\/p>\n<p>&nbsp;<\/p>\n<h4>Estenosis<\/h4>\n<p>Estrechamiento (constricci\u00f3n) de un conducto o canal.<\/p>\n<p>&nbsp;<\/p>\n<h4>Estoma (abertura)<\/h4>\n<p>Palabra griega que significa boca o abertura hacia el exterior.<\/p>\n<p>&nbsp;<\/p>\n<h4>F\u00edstula<\/h4>\n<p>Es la comunicaci\u00f3n, abertura o conexi\u00f3n anormal entre 2 \u00f3rganos internos, o desde un \u00f3rgano interno hasta la superficie del cuerpo.<\/p>\n<p>&nbsp;<\/p>\n<h4>F\u00edstula entero ent\u00e9rica<\/h4>\n<p>Formaci\u00f3n de una f\u00edstula entre dos asas intestinales (entre dos zonas del intestino).<\/p>\n<p>&nbsp;<\/p>\n<h4>F\u00edstula enterocut\u00e1nea<\/h4>\n<p>F\u00edstula que comunica el intestino con la piel.<\/p>\n<p>&nbsp;<\/p>\n<h4>Granulomas<\/h4>\n<p>Crecimiento de peque\u00f1as masas carnosas que puede aparecer en la piel alrededor del estoma.<\/p>\n<p>&nbsp;<\/p>\n<h4>Hernia (abdominal)<\/h4>\n<p>Protusi\u00f3n de un \u00f3rgano interno a trav\u00e9s de la musculatura abdominal. Tambi\u00e9n puede herniarse un estoma.<\/p>\n<p>&nbsp;<\/p>\n<h4>Ileon<\/h4>\n<p>Es la parte final del intestino delgado. Se comunica con el colon a trav\u00e9s de la v\u00e1vula ileocecal. Su funci\u00f3n es absorber la vitamina B12 y las sales biliares.<\/p>\n<p>&nbsp;<\/p>\n<h4>Ileostom\u00eda<\/h4>\n<p>Es la exteriorizaci\u00f3n del \u00edleon a la pared abdominal. Las heces producidas en este caso son fluidas, continuas y muy irritantes.<\/p>\n<p>&nbsp;<\/p>\n<h4>Incontinencia<\/h4>\n<p>P\u00e9rdida del control en la eliminaci\u00f3n de orina, gas o heces.<\/p>\n<p>&nbsp;<\/p>\n<h4>Intestino delgado<\/h4>\n<p>Parte del tubo digestivo que se inicia despu\u00e9s del est\u00f3mago y acaba en el colon. Se divide en tres porciones: duodeno, yeyuno e \u00edleon.<\/p>\n<p>&nbsp;<\/p>\n<h4>Intestino grueso o colon<\/h4>\n<p>Parte del tubo digestivo que se inicia tras el intestino delgado. Est\u00e1 formado por varias porciones: el ciego, el colon ascendente, el colon transverso, el colon descendente, el sigma y el recto, terminando en el ano.<\/p>\n<p>&nbsp;<\/p>\n<h4>Irrigaci\u00f3n<\/h4>\n<p>Es un lavado intestinal por medio de la introducci\u00f3n de agua a temperatura corporal a trav\u00e9s del estoma.<\/p>\n<p>&nbsp;<\/p>\n<h4>Lactosa<\/h4>\n<p>Az\u00facar presente en la leche.<\/p>\n<p>&nbsp;<\/p>\n<h4>L\u00e1mina adhesiva o disco<\/h4>\n<p>Parte de la bolsa que se pega a la piel.<\/p>\n<p>&nbsp;<\/p>\n<h4>Laparoscopia<\/h4>\n<p>T\u00e9cnica que permite llevar a cabo una operaci\u00f3n quir\u00fargica a trav\u00e9s de peque\u00f1os orificios utilizando instrumentos especiales, en vez de llevar a cabo una incisi\u00f3n o corte grande.<\/p>\n<p>&nbsp;<\/p>\n<h4>Megacolon t\u00f3xico<\/h4>\n<p>Dilataci\u00f3n aguda del colon que ocurre cuando la inflamaci\u00f3n se extiende desde la mucosa a las restantes capas del colon y puede llevar a que el colon se perfore.<\/p>\n<p>&nbsp;<\/p>\n<h4>Moco<\/h4>\n<p>Sustancia lubricante producida por el tracto digestivo.<\/p>\n<p>&nbsp;<\/p>\n<h4>Nefrostom\u00eda<\/h4>\n<p>Abertura quir\u00fargica del ri\u00f1\u00f3n a la piel. En esta desviaci\u00f3n urinaria, se utiliza un cat\u00e9ter (tubo de nefrostom\u00eda) para hacer salir la orina.<\/p>\n<p>&nbsp;<\/p>\n<h4>Ostom\u00eda<\/h4>\n<p>Abertura en el abdomen por donde se exterioriza el intestino y se eliminan las heces. Existen varios tipos de ostom\u00edas como las colostom\u00edas, las ileostom\u00edas y las urostom\u00edas.<\/p>\n<p>&nbsp;<\/p>\n<h4>Ostom\u00edas temporales<\/h4>\n<p>Cuando se realiza una ostom\u00eda por un tiempo y luego se cierra uniendo de nuevo el intestino.<\/p>\n<p>&nbsp;<\/p>\n<h4>Ostom\u00edas permanentes o definitivas<\/h4>\n<p>Cuando no es posible la reconstrucci\u00f3n del intestino, por lo que la ostom\u00eda ser\u00e1 para siempre.<\/p>\n<p>&nbsp;<\/p>\n<h4>Ostomizado<\/h4>\n<p>Nombre que recibe la persona que tiene una colostom\u00eda, ileostom\u00eda o urostom\u00eda.<\/p>\n<p>&nbsp;<\/p>\n<h4>Obstrucci\u00f3n<\/h4>\n<p>Bloqueo del intestino delgado o grueso que evita el paso normal de los contenidos intestinales. Los signos de la obstrucci\u00f3n son v\u00f3mitos, dolor abdominal y distensi\u00f3n del abdomen.<\/p>\n<p>&nbsp;<\/p>\n<h4>Pancaking<\/h4>\n<p>Cuando las heces son demasiado espesas y pegajosas y se depositan alrededor de la parte superior de la bolsa o alrededor del estoma.<\/p>\n<p>&nbsp;<\/p>\n<h4>Pancolitis<\/h4>\n<p>Inflamaci\u00f3n de todo el colon.<\/p>\n<p>&nbsp;<\/p>\n<h4>Perianal<\/h4>\n<p>Zona alrededor del ano.<\/p>\n<p>&nbsp;<\/p>\n<h4>Piel periestomal<\/h4>\n<p>Piel que rodea el estoma.<\/p>\n<p>&nbsp;<\/p>\n<h4>Placa adhesiva convexa<\/h4>\n<p>Se utiliza en los estomas que est\u00e1n a ras de piel (planos) o los que est\u00e1n hundidos hacia el interior (retra\u00eddos).<\/p>\n<p>&nbsp;<\/p>\n<h4>Proctitis ulcerosa<\/h4>\n<p>Nombre que recibe la colitis ulcerosa cuando solo afecta al recto o parte final del colon.<\/p>\n<p>&nbsp;<\/p>\n<h4>Proctocolectom\u00eda<\/h4>\n<p>Extirpaci\u00f3n quir\u00fargica del colon, recto y ano con la creaci\u00f3n de una ileostom\u00eda permanente; proctocolectom\u00eda total con ileostom\u00eda.<\/p>\n<p>&nbsp;<\/p>\n<h4>Recto<\/h4>\n<p>La \u00faltima porci\u00f3n del intestino grueso que une el colon al ano.<\/p>\n<p>&nbsp;<\/p>\n<h4>Reflujo<\/h4>\n<p>Fluir hacia atr\u00e1s. Por ejemplo, cuando la orina fluye hacia atr\u00e1s de la vejiga en direcci\u00f3n a los ri\u00f1ones.<\/p>\n<p>&nbsp;<\/p>\n<h4>Resecci\u00f3n<\/h4>\n<p>Extirpaci\u00f3n quir\u00fargica de una porci\u00f3n enferma de intestino.<\/p>\n<p>&nbsp;<\/p>\n<h4>Reservorio<\/h4>\n<p>Estructura anat\u00f3mica o bolsa que se realiza con el intestino delgado cuando se extirpa el colon. Sirve para almacenar o retener las heces.<\/p>\n<p>&nbsp;<\/p>\n<h4>Reservoritis (bolsitis)<\/h4>\n<p>Inflamaci\u00f3n aguda del reservorio.<\/p>\n<p>&nbsp;<\/p>\n<h4>S\u00edndrome de intestino corto (SIC)<\/h4>\n<p>Cuando hay una mala absorci\u00f3n de los alimentos debido a que se ha extirpado una parte del intestino.<\/p>\n<p>&nbsp;<\/p>\n<h4>TAC<\/h4>\n<p>La tomograf\u00eda axial computarizada o TAC, tambi\u00e9n conocida como esc\u00e1ner o TC (tomograf\u00eda computarizada), es una prueba diagn\u00f3stica que, a trav\u00e9s del uso de rayos X, permite obtener im\u00e1genes radiogr\u00e1ficas del interior del organismo en forma de cortes trasversales o, si es necesario, en forma de im\u00e1genes tridimensionales.<\/p>\n<p>&nbsp;<\/p>\n<h4>Tap\u00f3n u obturador<\/h4>\n<p>Pieza que se coloca taponando el estoma e impidiendo la salida de las heces.<\/p>\n<p>&nbsp;<\/p>\n<h4>Tenesmo rectal<\/h4>\n<p>Sensaci\u00f3n constante de tener que defecar aun no expulsando nada acompa\u00f1ado de dolor, c\u00f3licos y esfuerzos involuntarios.<\/p>\n<p>&nbsp;<\/p>\n<h4>Tenesmo vesical o tenesmo urinario<\/h4>\n<p>Deseo constante de orinar y con escasa cantidad de orina.<\/p>\n<p>&nbsp;<\/p>\n<h4>Tiempo de tr\u00e1nsito<\/h4>\n<p>El tiempo que pasa desde que se ingiere el alimento hasta que pasan las heces, ya sea por el ano o por el estoma.<\/p>\n<p>&nbsp;<\/p>\n<h4>Ur\u00e9ter<\/h4>\n<p>Conductos por los que desciende la orina desde los ri\u00f1ones a la vejiga.<\/p>\n<p>&nbsp;<\/p>\n<h4>Ureterostom\u00eda<\/h4>\n<p>Procedimiento de ostom\u00eda en el cual uno o ambos ur\u00e9teres son exteriorizados a la piel y forman uno (unilateral) o dos estomas (bilateral).<\/p>\n<p>&nbsp;<\/p>\n<h4>Urostom\u00eda<\/h4>\n<p>Procedimiento quir\u00fargico que consiste en derivar el flujo de la orina a trav\u00e9s de un estoma hacia el exterior.<\/p>\n<p>&nbsp;<\/p>\n<h4>Urostom\u00eda tipo Bricker (vejiga ileal)<\/h4>\n<p>T\u00e9cnica quir\u00fargica por la cual se elimina la vejiga y se conectan los ur\u00e9teres a una porci\u00f3n del intestino delgado (ileon) que sale al exterior formando un estoma.<\/p>\n<p>&nbsp;<\/p>\n<h4>Vejiga Neurog\u00e9nica<\/h4>\n<p>Trastorno vesical debido a una funci\u00f3n nerviosa anormal.<\/p>\n\n\t\t<\/div> \n\t<\/div> <div class=\"separator  transparent\" style=\"margin-top: 80px;\"><\/div>\n<\/div><\/div><\/div><\/div><\/div>\n<\/div>","protected":false},"excerpt":{"rendered":"Tu ostom\u00eda sin dudas &nbsp; AINES Antiinflamatorios no esteroideos (AINES)....","protected":false},"author":1,"featured_media":488,"parent":0,"menu_order":0,"comment_status":"closed","ping_status":"closed","template":"","meta":{"footnotes":""},"class_list":["post-99","page","type-page","status-publish","has-post-thumbnail","hentry"],"yoast_head":"<!-- This site is optimized with the Yoast SEO plugin v26.5 - https:\/\/yoast.com\/wordpress\/plugins\/seo\/ -->\n<title>De la A a la Z \u2013 Diccionario de ostom\u00edas - Miss Bowel<\/title>\n<meta name=\"robots\" content=\"index, follow, max-snippet:-1, max-image-preview:large, max-video-preview:-1\" \/>\n<link rel=\"canonical\" href=\"https:\/\/missbowel.com\/en\/la-la-z-diccionario-ostomias\/\" \/>\n<meta property=\"og:locale\" content=\"en_GB\" \/>\n<meta property=\"og:type\" content=\"article\" \/>\n<meta property=\"og:title\" content=\"De la A a la Z \u2013 Diccionario de ostom\u00edas - Miss Bowel\" \/>\n<meta property=\"og:url\" content=\"https:\/\/missbowel.com\/en\/la-la-z-diccionario-ostomias\/\" \/>\n<meta property=\"og:site_name\" content=\"Miss Bowel\" \/>\n<meta property=\"article:modified_time\" content=\"2019-06-07T10:43:44+00:00\" \/>\n<meta property=\"og:image\" content=\"https:\/\/missbowel.com\/wp-content\/uploads\/Diccionario-ostomias-e1511454323712.jpeg\" \/>\n\t<meta property=\"og:image:width\" content=\"1920\" \/>\n\t<meta property=\"og:image:height\" content=\"355\" \/>\n\t<meta property=\"og:image:type\" content=\"image\/jpeg\" \/>\n<meta name=\"twitter:card\" content=\"summary_large_image\" \/>\n<meta name=\"twitter:label1\" content=\"Estimated reading time\" \/>\n\t<meta name=\"twitter:data1\" content=\"9 minutes\" \/>\n<script type=\"application\/ld+json\" class=\"yoast-schema-graph\">{\"@context\":\"https:\/\/schema.org\",\"@graph\":[{\"@type\":\"WebPage\",\"@id\":\"https:\/\/missbowel.com\/la-la-z-diccionario-ostomias\/\",\"url\":\"https:\/\/missbowel.com\/la-la-z-diccionario-ostomias\/\",\"name\":\"De la A a la Z \u2013 Diccionario de ostom\u00edas - Miss Bowel\",\"isPartOf\":{\"@id\":\"https:\/\/missbowel.com\/#website\"},\"primaryImageOfPage\":{\"@id\":\"https:\/\/missbowel.com\/la-la-z-diccionario-ostomias\/#primaryimage\"},\"image\":{\"@id\":\"https:\/\/missbowel.com\/la-la-z-diccionario-ostomias\/#primaryimage\"},\"thumbnailUrl\":\"https:\/\/missbowel.com\/wp-content\/uploads\/Diccionario-ostomias-e1511454323712.jpeg\",\"datePublished\":\"2017-11-14T16:52:26+00:00\",\"dateModified\":\"2019-06-07T10:43:44+00:00\",\"breadcrumb\":{\"@id\":\"https:\/\/missbowel.com\/la-la-z-diccionario-ostomias\/#breadcrumb\"},\"inLanguage\":\"en-GB\",\"potentialAction\":[{\"@type\":\"ReadAction\",\"target\":[\"https:\/\/missbowel.com\/la-la-z-diccionario-ostomias\/\"]}]},{\"@type\":\"ImageObject\",\"inLanguage\":\"en-GB\",\"@id\":\"https:\/\/missbowel.com\/la-la-z-diccionario-ostomias\/#primaryimage\",\"url\":\"https:\/\/missbowel.com\/wp-content\/uploads\/Diccionario-ostomias-e1511454323712.jpeg\",\"contentUrl\":\"https:\/\/missbowel.com\/wp-content\/uploads\/Diccionario-ostomias-e1511454323712.jpeg\",\"width\":1920,\"height\":355,\"caption\":\"diccionario tecnicismos de la ostomia\"},{\"@type\":\"BreadcrumbList\",\"@id\":\"https:\/\/missbowel.com\/la-la-z-diccionario-ostomias\/#breadcrumb\",\"itemListElement\":[{\"@type\":\"ListItem\",\"position\":1,\"name\":\"Portada\",\"item\":\"https:\/\/missbowel.com\/\"},{\"@type\":\"ListItem\",\"position\":2,\"name\":\"De la A a la Z \u2013 Diccionario de ostom\u00edas\"}]},{\"@type\":\"WebSite\",\"@id\":\"https:\/\/missbowel.com\/#website\",\"url\":\"https:\/\/missbowel.com\/\",\"name\":\"Miss Bowel\",\"description\":\"Productos para ostomias\",\"potentialAction\":[{\"@type\":\"SearchAction\",\"target\":{\"@type\":\"EntryPoint\",\"urlTemplate\":\"https:\/\/missbowel.com\/?s={search_term_string}\"},\"query-input\":{\"@type\":\"PropertyValueSpecification\",\"valueRequired\":true,\"valueName\":\"search_term_string\"}}],\"inLanguage\":\"en-GB\"}]}<\/script>\n<!-- \/ Yoast SEO plugin. -->","yoast_head_json":{"title":"De la A a la Z \u2013 Diccionario de ostom\u00edas - Miss Bowel","robots":{"index":"index","follow":"follow","max-snippet":"max-snippet:-1","max-image-preview":"max-image-preview:large","max-video-preview":"max-video-preview:-1"},"canonical":"https:\/\/missbowel.com\/en\/la-la-z-diccionario-ostomias\/","og_locale":"en_GB","og_type":"article","og_title":"De la A a la Z \u2013 Diccionario de ostom\u00edas - Miss Bowel","og_url":"https:\/\/missbowel.com\/en\/la-la-z-diccionario-ostomias\/","og_site_name":"Miss Bowel","article_modified_time":"2019-06-07T10:43:44+00:00","og_image":[{"width":1920,"height":355,"url":"https:\/\/missbowel.com\/wp-content\/uploads\/Diccionario-ostomias-e1511454323712.jpeg","type":"image\/jpeg"}],"twitter_card":"summary_large_image","twitter_misc":{"Estimated reading time":"9 minutes"},"schema":{"@context":"https:\/\/schema.org","@graph":[{"@type":"WebPage","@id":"https:\/\/missbowel.com\/la-la-z-diccionario-ostomias\/","url":"https:\/\/missbowel.com\/la-la-z-diccionario-ostomias\/","name":"De la A a la Z \u2013 Diccionario de ostom\u00edas - Miss Bowel","isPartOf":{"@id":"https:\/\/missbowel.com\/#website"},"primaryImageOfPage":{"@id":"https:\/\/missbowel.com\/la-la-z-diccionario-ostomias\/#primaryimage"},"image":{"@id":"https:\/\/missbowel.com\/la-la-z-diccionario-ostomias\/#primaryimage"},"thumbnailUrl":"https:\/\/missbowel.com\/wp-content\/uploads\/Diccionario-ostomias-e1511454323712.jpeg","datePublished":"2017-11-14T16:52:26+00:00","dateModified":"2019-06-07T10:43:44+00:00","breadcrumb":{"@id":"https:\/\/missbowel.com\/la-la-z-diccionario-ostomias\/#breadcrumb"},"inLanguage":"en-GB","potentialAction":[{"@type":"ReadAction","target":["https:\/\/missbowel.com\/la-la-z-diccionario-ostomias\/"]}]},{"@type":"ImageObject","inLanguage":"en-GB","@id":"https:\/\/missbowel.com\/la-la-z-diccionario-ostomias\/#primaryimage","url":"https:\/\/missbowel.com\/wp-content\/uploads\/Diccionario-ostomias-e1511454323712.jpeg","contentUrl":"https:\/\/missbowel.com\/wp-content\/uploads\/Diccionario-ostomias-e1511454323712.jpeg","width":1920,"height":355,"caption":"diccionario tecnicismos de la ostomia"},{"@type":"BreadcrumbList","@id":"https:\/\/missbowel.com\/la-la-z-diccionario-ostomias\/#breadcrumb","itemListElement":[{"@type":"ListItem","position":1,"name":"Portada","item":"https:\/\/missbowel.com\/"},{"@type":"ListItem","position":2,"name":"De la A a la Z \u2013 Diccionario de ostom\u00edas"}]},{"@type":"WebSite","@id":"https:\/\/missbowel.com\/#website","url":"https:\/\/missbowel.com\/","name":"Miss Bowel","description":"Productos para ostomias","potentialAction":[{"@type":"SearchAction","target":{"@type":"EntryPoint","urlTemplate":"https:\/\/missbowel.com\/?s={search_term_string}"},"query-input":{"@type":"PropertyValueSpecification","valueRequired":true,"valueName":"search_term_string"}}],"inLanguage":"en-GB"}]}},"_links":{"self":[{"href":"https:\/\/missbowel.com\/en\/wp-json\/wp\/v2\/pages\/99","targetHints":{"allow":["GET"]}}],"collection":[{"href":"https:\/\/missbowel.com\/en\/wp-json\/wp\/v2\/pages"}],"about":[{"href":"https:\/\/missbowel.com\/en\/wp-json\/wp\/v2\/types\/page"}],"author":[{"embeddable":true,"href":"https:\/\/missbowel.com\/en\/wp-json\/wp\/v2\/users\/1"}],"replies":[{"embeddable":true,"href":"https:\/\/missbowel.com\/en\/wp-json\/wp\/v2\/comments?post=99"}],"version-history":[{"count":5,"href":"https:\/\/missbowel.com\/en\/wp-json\/wp\/v2\/pages\/99\/revisions"}],"predecessor-version":[{"id":12808,"href":"https:\/\/missbowel.com\/en\/wp-json\/wp\/v2\/pages\/99\/revisions\/12808"}],"wp:featuredmedia":[{"embeddable":true,"href":"https:\/\/missbowel.com\/en\/wp-json\/wp\/v2\/media\/488"}],"wp:attachment":[{"href":"https:\/\/missbowel.com\/en\/wp-json\/wp\/v2\/media?parent=99"}],"curies":[{"name":"wp","href":"https:\/\/api.w.org\/{rel}","templated":true}]}}