{"id":1087,"date":"2017-12-28T12:49:26","date_gmt":"2017-12-28T11:49:26","guid":{"rendered":"https:\/\/missbowel.com\/?post_type=product&#038;p=1087"},"modified":"2026-04-15T19:22:34","modified_gmt":"2026-04-15T17:22:34","slug":"ostomylove-hombre","status":"publish","type":"product","link":"https:\/\/missbowel.com\/en\/product\/ostomylove-hombre\/","title":{"rendered":"Ostomylove para hombre"},"content":{"rendered":"<p><strong><span style=\"color: #000000; font-size: 14pt;\">Es para ti si\u2026<\/span><\/strong><\/p>\n<ul>\n<li>Te gusta disfrutar de tu sexualidad.<\/li>\n<li>Necesitas fijar tu bolsa y despreocuparte de ella durante tus relaciones sexuales.<\/li>\n<li>Est\u00e1s buscando una soluci\u00f3n para poder tener relaciones sexuales sin ropa pero manteniendo tu bolsa de osotm\u00eda fija y segura.<\/li>\n<li>Quieres minimizar los ruidos y olores cuando est\u00e1s con tu pareja.<\/li>\n<li>Eres de los que la comodidad est\u00e1 por encima de todo.<\/li>\n<li>Necesitas sentirte sexy y atractivo.<\/li>\n<\/ul>\n<p><span style=\"color: #000000; font-size: 14pt;\"><strong>Te gustar\u00e1 porque\u2026<\/strong><\/span><\/p>\n<ul>\n<li>Es f\u00e1cil de colocar y se adapta al cuerpo sea cual sea tu talla.<\/li>\n<li>Te servir\u00e1 igual si recuperas peso tras la cirug\u00eda<\/li>\n<li>Podr\u00e1s moverte y cambiar de posturas sin preocuparte por tu bolsa de ostom\u00eda.<\/li>\n<li>Su dise\u00f1o da un toque de erotismo a tus encuentros amorosos.<\/li>\n<\/ul>\n<p><span style=\"font-size: 14pt; color: #000000;\"><strong>Puedes pon\u00e9rtela\u2026<\/strong><\/span><\/p>\n<ul>\n<li>Para mantener relaciones sexuales.<\/li>\n<li>Para lucir m\u00e1s atractivo ante tu pareja.<\/li>\n<li>Si necesitas una dosis extra de confianza cuando te desnudas.<\/li>\n<li>Si piensas vivir una noche de pasi\u00f3n y locura.<\/li>\n<\/ul>\n<p><span style=\"color: #000000; font-size: 14pt;\"><strong>\u00bfC\u00f3mo se coloca el Ostomysport?<\/strong><\/span><\/p>\n<div style=\"width: 428px;\" class=\"wp-video\"><video class=\"wp-video-shortcode\" id=\"video-1087-1\" width=\"428\" height=\"240\" poster=\"https:\/\/missbowel.com\/wp-content\/uploads\/Ostomylove-Ostomysport-colocaci\u00f3n-Peque\u00f1o-mov-image.jpg\" preload=\"metadata\" controls=\"controls\"><source type=\"video\/mp4\" src=\"https:\/\/missbowel.com\/wp-content\/uploads\/Ostomylove-Ostomysport-colocaci\u00f3n-Peque\u00f1o.mp4?_=1\" \/><a href=\"https:\/\/missbowel.com\/wp-content\/uploads\/Ostomylove-Ostomysport-colocaci\u00f3n-Peque\u00f1o.mp4\">https:\/\/missbowel.com\/wp-content\/uploads\/Ostomylove-Ostomysport-colocaci\u00f3n-Peque\u00f1o.mp4<\/a><\/video><\/div>\n<p>&nbsp;<\/p>\n<p><span style=\"font-size: 14pt; color: #000000;\"><strong>Recomendaciones<\/strong><\/span><\/p>\n<ul>\n<li>L\u00e1vala a m\u00e1quina todas las veces que quieras. El Ostomylove de Miss Bowel no se estropea.<\/li>\n<\/ul>\n<p><span style=\"font-size: 14pt; color: #000000;\"><strong>\u00bfTodav\u00eda tienes dudas?<\/strong><\/span><\/p>\n<p>Consulta las FAQS y si no escr\u00edbenos a <a href=\"mailto:info@missbowel.com\">info@missbowel.com<\/a>. Prometemos contestarte cuanto antes.<\/p>\n<p>&nbsp;<\/p>\n<p style=\"text-align: left;\"><span style=\"font-size: 14pt; color: #000000;\">Avalado por:<\/span><\/p>\n<p><a href=\"https:\/\/www.geteii.com\/\"><img loading=\"lazy\" decoding=\"async\" class=\"alignleft wp-image-504\" src=\"https:\/\/missbowel.com\/wp-content\/uploads\/logo-geteii.png\" alt=\"GETEII\" width=\"180\" height=\"89\" srcset=\"https:\/\/missbowel.com\/wp-content\/uploads\/logo-geteii.png 320w, https:\/\/missbowel.com\/wp-content\/uploads\/logo-geteii-300x148.png 300w\" sizes=\"auto, (max-width: 180px) 100vw, 180px\" \/><img loading=\"lazy\" decoding=\"async\" class=\"wp-image-502 alignleft\" src=\"https:\/\/missbowel.com\/wp-content\/uploads\/nou_logo.jpg\" alt=\"Logo Accu Catalunya\" width=\"124\" height=\"135\" srcset=\"https:\/\/missbowel.com\/wp-content\/uploads\/nou_logo.jpg 600w, https:\/\/missbowel.com\/wp-content\/uploads\/nou_logo-275x300.jpg 275w\" sizes=\"auto, (max-width: 124px) 100vw, 124px\" \/><\/a><\/p>","protected":false},"excerpt":{"rendered":"<p>El Ostomylove, confeccionado en neopreno, est\u00e1 pensado para cubrir, fijar y proteger de forma totalmente segura la bolsa de colostom\u00eda, ileostom\u00eda o urostom\u00eda durante tus relaciones sexuales. Te permite estar desnudo ya que sujeta la bolsa a la perfecci\u00f3n. Minimiza olores y ruidos. Su dise\u00f1o recuerda a la ropa interior, por lo que te har\u00e1 sentir sexy y atractivo.<\/p>\n<p>Se adapta a cualquier tipo de ostom\u00eda, situadas tanto a la izquierda como a la derecha del abdomen. TALLA \u00daNICA: est\u00e1 dise\u00f1ado con unas tiras ajustables para adaptar el tama\u00f1o sea cual sea tu talla.<\/p>\n<p>Compatible con:<\/p>\n<ul>\n<li>Bolsas ostom\u00eda Coloplast<\/li>\n<li>Bolsas ostom\u00eda Hollister<\/li>\n<li>Bolsas ostom\u00eda Convatec<\/li>\n<li>Bolsas ostom\u00eda Braun<\/li>\n<\/ul>","protected":false},"featured_media":1080,"comment_status":"open","ping_status":"closed","template":"","meta":[],"product_brand":[],"product_cat":[19,17],"product_tag":[],"class_list":{"0":"post-1087","1":"product","2":"type-product","3":"status-publish","4":"has-post-thumbnail","6":"product_cat-ostomylove","7":"product_cat-hombre","9":"first","10":"instock","11":"taxable","12":"shipping-taxable","13":"purchasable","14":"product-type-simple"},"yoast_head":"<!-- This site is optimized with the Yoast SEO plugin v26.5 - https:\/\/yoast.com\/wordpress\/plugins\/seo\/ -->\n<title>Ostomylove para relaciones sexuales en pacientes ostomizados<\/title>\n<meta name=\"description\" content=\"El ostomylove de Miss Bowel est\u00e1 especialmente dise\u00f1ado para los pacientes que portan bolsa de ostom\u00eda mantengan relaciones sexuales con total confianza.\" \/>\n<meta name=\"robots\" content=\"index, follow, max-snippet:-1, max-image-preview:large, max-video-preview:-1\" \/>\n<link rel=\"canonical\" href=\"https:\/\/missbowel.com\/en\/product\/ostomylove-hombre\/\" \/>\n<meta property=\"og:locale\" content=\"en_GB\" \/>\n<meta property=\"og:type\" content=\"article\" \/>\n<meta property=\"og:title\" content=\"Ostomylove para relaciones sexuales en pacientes ostomizados\" \/>\n<meta property=\"og:description\" content=\"El ostomylove de Miss Bowel est\u00e1 especialmente dise\u00f1ado para los pacientes que portan bolsa de ostom\u00eda mantengan relaciones sexuales con total confianza.\" \/>\n<meta property=\"og:url\" content=\"https:\/\/missbowel.com\/en\/product\/ostomylove-hombre\/\" \/>\n<meta property=\"og:site_name\" content=\"Miss Bowel\" \/>\n<meta property=\"article:modified_time\" content=\"2026-04-15T17:22:34+00:00\" \/>\n<meta property=\"og:image\" content=\"https:\/\/missbowel.com\/wp-content\/uploads\/Ostomylove-hombre-derecha.jpeg\" \/>\n\t<meta property=\"og:image:width\" content=\"1597\" \/>\n\t<meta property=\"og:image:height\" content=\"1600\" \/>\n\t<meta property=\"og:image:type\" content=\"image\/jpeg\" \/>\n<meta name=\"twitter:card\" content=\"summary_large_image\" \/>\n<meta name=\"twitter:label1\" content=\"Estimated reading time\" \/>\n\t<meta name=\"twitter:data1\" content=\"2 minutes\" \/>\n<script type=\"application\/ld+json\" class=\"yoast-schema-graph\">{\"@context\":\"https:\/\/schema.org\",\"@graph\":[{\"@type\":\"WebPage\",\"@id\":\"https:\/\/missbowel.com\/producto\/ostomylove-hombre\/\",\"url\":\"https:\/\/missbowel.com\/producto\/ostomylove-hombre\/\",\"name\":\"Ostomylove para relaciones sexuales en pacientes ostomizados\",\"isPartOf\":{\"@id\":\"https:\/\/missbowel.com\/#website\"},\"primaryImageOfPage\":{\"@id\":\"https:\/\/missbowel.com\/producto\/ostomylove-hombre\/#primaryimage\"},\"image\":{\"@id\":\"https:\/\/missbowel.com\/producto\/ostomylove-hombre\/#primaryimage\"},\"thumbnailUrl\":\"https:\/\/missbowel.com\/wp-content\/uploads\/Ostomylove-hombre-derecha.jpeg\",\"datePublished\":\"2017-12-28T11:49:26+00:00\",\"dateModified\":\"2026-04-15T17:22:34+00:00\",\"description\":\"El ostomylove de Miss Bowel est\u00e1 especialmente dise\u00f1ado para los pacientes que portan bolsa de ostom\u00eda mantengan relaciones sexuales con total confianza.\",\"breadcrumb\":{\"@id\":\"https:\/\/missbowel.com\/producto\/ostomylove-hombre\/#breadcrumb\"},\"inLanguage\":\"en-GB\",\"potentialAction\":[{\"@type\":\"ReadAction\",\"target\":[\"https:\/\/missbowel.com\/producto\/ostomylove-hombre\/\"]}]},{\"@type\":\"ImageObject\",\"inLanguage\":\"en-GB\",\"@id\":\"https:\/\/missbowel.com\/producto\/ostomylove-hombre\/#primaryimage\",\"url\":\"https:\/\/missbowel.com\/wp-content\/uploads\/Ostomylove-hombre-derecha.jpeg\",\"contentUrl\":\"https:\/\/missbowel.com\/wp-content\/uploads\/Ostomylove-hombre-derecha.jpeg\",\"width\":1597,\"height\":1600,\"caption\":\"Accesorio Ostomylove para hombre para preservar la bolsa de ostomia durante las relaciones sexuales\"},{\"@type\":\"BreadcrumbList\",\"@id\":\"https:\/\/missbowel.com\/producto\/ostomylove-hombre\/#breadcrumb\",\"itemListElement\":[{\"@type\":\"ListItem\",\"position\":1,\"name\":\"Portada\",\"item\":\"https:\/\/missbowel.com\/\"},{\"@type\":\"ListItem\",\"position\":2,\"name\":\"Tienda ostom\u00edas\",\"item\":\"https:\/\/missbowel.com\/tienda-ostomias\/\"},{\"@type\":\"ListItem\",\"position\":3,\"name\":\"Ostomylove para hombre\"}]},{\"@type\":\"WebSite\",\"@id\":\"https:\/\/missbowel.com\/#website\",\"url\":\"https:\/\/missbowel.com\/\",\"name\":\"Miss Bowel\",\"description\":\"Productos para ostomias\",\"potentialAction\":[{\"@type\":\"SearchAction\",\"target\":{\"@type\":\"EntryPoint\",\"urlTemplate\":\"https:\/\/missbowel.com\/?s={search_term_string}\"},\"query-input\":{\"@type\":\"PropertyValueSpecification\",\"valueRequired\":true,\"valueName\":\"search_term_string\"}}],\"inLanguage\":\"en-GB\"}]}<\/script>\n<!-- \/ Yoast SEO plugin. -->","yoast_head_json":{"title":"Ostomylove para relaciones sexuales en pacientes ostomizados","description":"El ostomylove de Miss Bowel est\u00e1 especialmente dise\u00f1ado para los pacientes que portan bolsa de ostom\u00eda mantengan relaciones sexuales con total confianza.","robots":{"index":"index","follow":"follow","max-snippet":"max-snippet:-1","max-image-preview":"max-image-preview:large","max-video-preview":"max-video-preview:-1"},"canonical":"https:\/\/missbowel.com\/en\/product\/ostomylove-hombre\/","og_locale":"en_GB","og_type":"article","og_title":"Ostomylove para relaciones sexuales en pacientes ostomizados","og_description":"El ostomylove de Miss Bowel est\u00e1 especialmente dise\u00f1ado para los pacientes que portan bolsa de ostom\u00eda mantengan relaciones sexuales con total confianza.","og_url":"https:\/\/missbowel.com\/en\/product\/ostomylove-hombre\/","og_site_name":"Miss Bowel","article_modified_time":"2026-04-15T17:22:34+00:00","og_image":[{"width":1597,"height":1600,"url":"https:\/\/missbowel.com\/wp-content\/uploads\/Ostomylove-hombre-derecha.jpeg","type":"image\/jpeg"}],"twitter_card":"summary_large_image","twitter_misc":{"Estimated reading time":"2 minutes"},"schema":{"@context":"https:\/\/schema.org","@graph":[{"@type":"WebPage","@id":"https:\/\/missbowel.com\/producto\/ostomylove-hombre\/","url":"https:\/\/missbowel.com\/producto\/ostomylove-hombre\/","name":"Ostomylove para relaciones sexuales en pacientes ostomizados","isPartOf":{"@id":"https:\/\/missbowel.com\/#website"},"primaryImageOfPage":{"@id":"https:\/\/missbowel.com\/producto\/ostomylove-hombre\/#primaryimage"},"image":{"@id":"https:\/\/missbowel.com\/producto\/ostomylove-hombre\/#primaryimage"},"thumbnailUrl":"https:\/\/missbowel.com\/wp-content\/uploads\/Ostomylove-hombre-derecha.jpeg","datePublished":"2017-12-28T11:49:26+00:00","dateModified":"2026-04-15T17:22:34+00:00","description":"El ostomylove de Miss Bowel est\u00e1 especialmente dise\u00f1ado para los pacientes que portan bolsa de ostom\u00eda mantengan relaciones sexuales con total confianza.","breadcrumb":{"@id":"https:\/\/missbowel.com\/producto\/ostomylove-hombre\/#breadcrumb"},"inLanguage":"en-GB","potentialAction":[{"@type":"ReadAction","target":["https:\/\/missbowel.com\/producto\/ostomylove-hombre\/"]}]},{"@type":"ImageObject","inLanguage":"en-GB","@id":"https:\/\/missbowel.com\/producto\/ostomylove-hombre\/#primaryimage","url":"https:\/\/missbowel.com\/wp-content\/uploads\/Ostomylove-hombre-derecha.jpeg","contentUrl":"https:\/\/missbowel.com\/wp-content\/uploads\/Ostomylove-hombre-derecha.jpeg","width":1597,"height":1600,"caption":"Accesorio Ostomylove para hombre para preservar la bolsa de ostomia durante las relaciones sexuales"},{"@type":"BreadcrumbList","@id":"https:\/\/missbowel.com\/producto\/ostomylove-hombre\/#breadcrumb","itemListElement":[{"@type":"ListItem","position":1,"name":"Portada","item":"https:\/\/missbowel.com\/"},{"@type":"ListItem","position":2,"name":"Tienda ostom\u00edas","item":"https:\/\/missbowel.com\/tienda-ostomias\/"},{"@type":"ListItem","position":3,"name":"Ostomylove para hombre"}]},{"@type":"WebSite","@id":"https:\/\/missbowel.com\/#website","url":"https:\/\/missbowel.com\/","name":"Miss Bowel","description":"Productos para ostomias","potentialAction":[{"@type":"SearchAction","target":{"@type":"EntryPoint","urlTemplate":"https:\/\/missbowel.com\/?s={search_term_string}"},"query-input":{"@type":"PropertyValueSpecification","valueRequired":true,"valueName":"search_term_string"}}],"inLanguage":"en-GB"}]}},"_links":{"self":[{"href":"https:\/\/missbowel.com\/en\/wp-json\/wp\/v2\/product\/1087","targetHints":{"allow":["GET"]}}],"collection":[{"href":"https:\/\/missbowel.com\/en\/wp-json\/wp\/v2\/product"}],"about":[{"href":"https:\/\/missbowel.com\/en\/wp-json\/wp\/v2\/types\/product"}],"replies":[{"embeddable":true,"href":"https:\/\/missbowel.com\/en\/wp-json\/wp\/v2\/comments?post=1087"}],"wp:featuredmedia":[{"embeddable":true,"href":"https:\/\/missbowel.com\/en\/wp-json\/wp\/v2\/media\/1080"}],"wp:attachment":[{"href":"https:\/\/missbowel.com\/en\/wp-json\/wp\/v2\/media?parent=1087"}],"wp:term":[{"taxonomy":"product_brand","embeddable":true,"href":"https:\/\/missbowel.com\/en\/wp-json\/wp\/v2\/product_brand?post=1087"},{"taxonomy":"product_cat","embeddable":true,"href":"https:\/\/missbowel.com\/en\/wp-json\/wp\/v2\/product_cat?post=1087"},{"taxonomy":"product_tag","embeddable":true,"href":"https:\/\/missbowel.com\/en\/wp-json\/wp\/v2\/product_tag?post=1087"}],"curies":[{"name":"wp","href":"https:\/\/api.w.org\/{rel}","templated":true}]}}