{"id":1101,"date":"2025-03-08T14:12:40","date_gmt":"2025-03-08T13:12:40","guid":{"rendered":"https:\/\/missbowel.com\/?post_type=product&#038;p=1101"},"modified":"2026-04-10T21:02:19","modified_gmt":"2026-04-10T19:02:19","slug":"banda-ostomia-hombre-negro","status":"publish","type":"product","link":"https:\/\/missbowel.com\/en\/product\/banda-ostomia-hombre-negro\/","title":{"rendered":"Banda para cubrir ostom\u00eda color negro | Hombre"},"content":{"rendered":"<p><strong>Es para ti si\u2026<\/strong><\/p>\n<ul>\n<li>Est\u00e1s buscando una soluci\u00f3n c\u00f3moda para practicar deporte, ir a la playa o cualquier actividad que requiera movimiento.<\/li>\n<li>Necesitas una dosis extra de confianza y seguridad con tu bolsa.<\/li>\n<li>Eres de los que la comodidad est\u00e1 por encima de todo.<\/li>\n<li>Buscas una soluci\u00f3n para disimular tu bolsa de ostom\u00eda bajo la ropa.<strong>\u00a0<\/strong><\/li>\n<\/ul>\n<p><strong>Te gustar\u00e1 porque\u2026<\/strong><\/p>\n<ul>\n<li>Es f\u00e1cil de colocar y se adapta al cuerpo gracias a su tejido 95% algod\u00f3n, 5% elast\u00e1n.<\/li>\n<li>Es discreta, solo t\u00fa sabr\u00e1s que la llevas bajo la ropa.<\/li>\n<li>Tanto si te gusta ir ajustado como si lo tuyo son las camisas y pantalones anchos, la banda Miss Bowel tiene cabida en tu armario.<\/li>\n<li>El efecto faja es suave, no oprime, lo que permite el llenado de la bolsa.<\/li>\n<li>Es ligera, con una costura lateral.<\/li>\n<\/ul>\n<p><strong>Puedes pon\u00e9rtela\u2026<\/strong><\/p>\n<ul>\n<li>\u00a1Todos los d\u00edas y a todas horas! Para el d\u00eda a d\u00eda es el complemento perfecto.<\/li>\n<li>Para dormir y evitar posibles escapes.<\/li>\n<\/ul>\n<p><strong>Recomendaciones<\/strong><\/p>\n<ul>\n<li>L\u00e1vala a m\u00e1quina todas las veces que quieras. La banda Miss Bowel no se estropea.<\/li>\n<li>No te la pongas nunca mojada o h\u00fameda para que tu piel no se irrite.<\/li>\n<li>Si la quieres para hacer deporte, te aconsejamos que cojas una talla que te quede un poco ajustada por medida.<\/li>\n<li>Y si lo tuyo es deporte de alto impacto, el <strong><span style=\"color: #e84545;\"><a style=\"color: #e84545;\" href=\"https:\/\/missbowel.com\/en\/product\/ostomysport\/\"><u>Ostomysport<\/u><\/a>\u00a0<\/span><\/strong>es la opci\u00f3n para ti por el tipo de tejido que tiene.<\/li>\n<\/ul>\n<p><strong>\u00bfDudas con la talla?\u00a0<\/strong><strong>Te damos las pautas para que no te equivoques<\/strong><\/p>\n<p><strong>\u00a0<\/strong>Es muy f\u00e1cil, mide tu cintura y a continuaci\u00f3n busca tu equivalencia en esta tabla<\/p>\n<p>S\u00a0\u00a0\u00a0\u00a0 65cm-79cm<\/p>\n<p>M\u00a0\u00a0\u00a0\u00a0 80cm \u2013 94cm<\/p>\n<p>L\u00a0\u00a0\u00a0\u00a0 95cm \u2013 104cm<\/p>\n<p>XL\u00a0 a partir de 105 cm<\/p>\n<p>Compatible con:<\/p>\n<ul>\n<li>Bolsas ostom\u00eda Coloplast<\/li>\n<li>Bolsas ostom\u00eda Hollister<\/li>\n<li>Bolsas ostom\u00eda Convatec<\/li>\n<li>Bolsas ostom\u00eda Braun<\/li>\n<\/ul>","protected":false},"excerpt":{"rendered":"<p>Banda para cubrir ostom\u00eda de tejido suave. Fija tanto la bolsa de colostom\u00eda, ileostom\u00eda como la de urostom\u00eda. Gracias a la elasticidad de la tela, la bolsa queda sujeta, evitando cualquier tipo de desplazamiento sin oprimir.<\/p>\n<p>S\u00a0\u00a0\u00a0\u00a0 65cm-79cm<\/p>\n<p>M\u00a0\u00a0\u00a0\u00a0 80cm \u2013 94cm<\/p>\n<p>L\u00a0\u00a0\u00a0\u00a0 95cm \u2013 104cm<\/p>\n<p>XL\u00a0 a partir de 105 cm<\/p>\n<p>&nbsp;<\/p>","protected":false},"featured_media":1090,"comment_status":"open","ping_status":"closed","template":"","meta":[],"product_brand":[],"product_cat":[18,17],"product_tag":[23,25,24],"class_list":{"0":"post-1101","1":"product","2":"type-product","3":"status-publish","4":"has-post-thumbnail","6":"product_cat-bandas","7":"product_cat-hombre","8":"product_tag-banda","9":"product_tag-deporte","10":"product_tag-faja","12":"first","13":"instock","14":"taxable","15":"shipping-taxable","16":"purchasable","17":"product-type-variable"},"yoast_head":"<!-- This site is optimized with the Yoast SEO plugin v26.5 - https:\/\/yoast.com\/wordpress\/plugins\/seo\/ -->\n<title>Banda para cubrir ostom\u00eda color beige modelo para mujer | Miss Bowel<\/title>\n<meta name=\"description\" content=\"Banda o faja ligera para cubrir y fijar la bolsa de ostom\u00eda de tejido suave. Apta para colostom\u00eda, urostom\u00eda e ileostom\u00eda.\" \/>\n<meta name=\"robots\" content=\"index, follow, max-snippet:-1, max-image-preview:large, max-video-preview:-1\" \/>\n<link rel=\"canonical\" href=\"https:\/\/missbowel.com\/en\/product\/banda-ostomia-hombre-negro\/\" \/>\n<meta property=\"og:locale\" content=\"en_GB\" \/>\n<meta property=\"og:type\" content=\"article\" \/>\n<meta property=\"og:title\" content=\"Banda para cubrir ostom\u00eda color beige modelo para mujer | Miss Bowel\" \/>\n<meta property=\"og:description\" content=\"Banda o faja ligera para cubrir y fijar la bolsa de ostom\u00eda de tejido suave. Apta para colostom\u00eda, urostom\u00eda e ileostom\u00eda.\" \/>\n<meta property=\"og:url\" content=\"https:\/\/missbowel.com\/en\/product\/banda-ostomia-hombre-negro\/\" \/>\n<meta property=\"og:site_name\" content=\"Miss Bowel\" \/>\n<meta property=\"article:modified_time\" content=\"2026-04-10T19:02:19+00:00\" \/>\n<meta property=\"og:image\" content=\"https:\/\/missbowel.com\/wp-content\/uploads\/Banda-hombre-negro-e1514466874816.jpeg\" \/>\n\t<meta property=\"og:image:width\" content=\"1096\" \/>\n\t<meta property=\"og:image:height\" content=\"1108\" \/>\n\t<meta property=\"og:image:type\" content=\"image\/jpeg\" \/>\n<meta name=\"twitter:card\" content=\"summary_large_image\" \/>\n<meta name=\"twitter:label1\" content=\"Estimated reading time\" \/>\n\t<meta name=\"twitter:data1\" content=\"2 minutes\" \/>\n<script type=\"application\/ld+json\" class=\"yoast-schema-graph\">{\"@context\":\"https:\/\/schema.org\",\"@graph\":[{\"@type\":\"WebPage\",\"@id\":\"https:\/\/missbowel.com\/producto\/banda-ostomia-hombre-negro\/\",\"url\":\"https:\/\/missbowel.com\/producto\/banda-ostomia-hombre-negro\/\",\"name\":\"Banda para cubrir ostom\u00eda color beige modelo para mujer | Miss Bowel\",\"isPartOf\":{\"@id\":\"https:\/\/missbowel.com\/#website\"},\"primaryImageOfPage\":{\"@id\":\"https:\/\/missbowel.com\/producto\/banda-ostomia-hombre-negro\/#primaryimage\"},\"image\":{\"@id\":\"https:\/\/missbowel.com\/producto\/banda-ostomia-hombre-negro\/#primaryimage\"},\"thumbnailUrl\":\"https:\/\/missbowel.com\/wp-content\/uploads\/Banda-hombre-negro-e1514466874816.jpeg\",\"datePublished\":\"2025-03-08T13:12:40+00:00\",\"dateModified\":\"2026-04-10T19:02:19+00:00\",\"description\":\"Banda o faja ligera para cubrir y fijar la bolsa de ostom\u00eda de tejido suave. Apta para colostom\u00eda, urostom\u00eda e ileostom\u00eda.\",\"breadcrumb\":{\"@id\":\"https:\/\/missbowel.com\/producto\/banda-ostomia-hombre-negro\/#breadcrumb\"},\"inLanguage\":\"en-GB\",\"potentialAction\":[{\"@type\":\"ReadAction\",\"target\":[\"https:\/\/missbowel.com\/producto\/banda-ostomia-hombre-negro\/\"]}]},{\"@type\":\"ImageObject\",\"inLanguage\":\"en-GB\",\"@id\":\"https:\/\/missbowel.com\/producto\/banda-ostomia-hombre-negro\/#primaryimage\",\"url\":\"https:\/\/missbowel.com\/wp-content\/uploads\/Banda-hombre-negro-e1514466874816.jpeg\",\"contentUrl\":\"https:\/\/missbowel.com\/wp-content\/uploads\/Banda-hombre-negro-e1514466874816.jpeg\",\"width\":1096,\"height\":1108,\"caption\":\"Banda para cubrir bolsa de ostom\u00eda color negro para hombre\"},{\"@type\":\"BreadcrumbList\",\"@id\":\"https:\/\/missbowel.com\/producto\/banda-ostomia-hombre-negro\/#breadcrumb\",\"itemListElement\":[{\"@type\":\"ListItem\",\"position\":1,\"name\":\"Portada\",\"item\":\"https:\/\/missbowel.com\/\"},{\"@type\":\"ListItem\",\"position\":2,\"name\":\"Tienda ostom\u00edas\",\"item\":\"https:\/\/missbowel.com\/tienda-ostomias\/\"},{\"@type\":\"ListItem\",\"position\":3,\"name\":\"Banda para cubrir ostom\u00eda color negro | Hombre\"}]},{\"@type\":\"WebSite\",\"@id\":\"https:\/\/missbowel.com\/#website\",\"url\":\"https:\/\/missbowel.com\/\",\"name\":\"Miss Bowel\",\"description\":\"Productos para ostomias\",\"potentialAction\":[{\"@type\":\"SearchAction\",\"target\":{\"@type\":\"EntryPoint\",\"urlTemplate\":\"https:\/\/missbowel.com\/?s={search_term_string}\"},\"query-input\":{\"@type\":\"PropertyValueSpecification\",\"valueRequired\":true,\"valueName\":\"search_term_string\"}}],\"inLanguage\":\"en-GB\"}]}<\/script>\n<!-- \/ Yoast SEO plugin. -->","yoast_head_json":{"title":"Banda para cubrir ostom\u00eda color beige modelo para mujer | Miss Bowel","description":"Banda o faja ligera para cubrir y fijar la bolsa de ostom\u00eda de tejido suave. Apta para colostom\u00eda, urostom\u00eda e ileostom\u00eda.","robots":{"index":"index","follow":"follow","max-snippet":"max-snippet:-1","max-image-preview":"max-image-preview:large","max-video-preview":"max-video-preview:-1"},"canonical":"https:\/\/missbowel.com\/en\/product\/banda-ostomia-hombre-negro\/","og_locale":"en_GB","og_type":"article","og_title":"Banda para cubrir ostom\u00eda color beige modelo para mujer | Miss Bowel","og_description":"Banda o faja ligera para cubrir y fijar la bolsa de ostom\u00eda de tejido suave. Apta para colostom\u00eda, urostom\u00eda e ileostom\u00eda.","og_url":"https:\/\/missbowel.com\/en\/product\/banda-ostomia-hombre-negro\/","og_site_name":"Miss Bowel","article_modified_time":"2026-04-10T19:02:19+00:00","og_image":[{"width":1096,"height":1108,"url":"https:\/\/missbowel.com\/wp-content\/uploads\/Banda-hombre-negro-e1514466874816.jpeg","type":"image\/jpeg"}],"twitter_card":"summary_large_image","twitter_misc":{"Estimated reading time":"2 minutes"},"schema":{"@context":"https:\/\/schema.org","@graph":[{"@type":"WebPage","@id":"https:\/\/missbowel.com\/producto\/banda-ostomia-hombre-negro\/","url":"https:\/\/missbowel.com\/producto\/banda-ostomia-hombre-negro\/","name":"Banda para cubrir ostom\u00eda color beige modelo para mujer | Miss Bowel","isPartOf":{"@id":"https:\/\/missbowel.com\/#website"},"primaryImageOfPage":{"@id":"https:\/\/missbowel.com\/producto\/banda-ostomia-hombre-negro\/#primaryimage"},"image":{"@id":"https:\/\/missbowel.com\/producto\/banda-ostomia-hombre-negro\/#primaryimage"},"thumbnailUrl":"https:\/\/missbowel.com\/wp-content\/uploads\/Banda-hombre-negro-e1514466874816.jpeg","datePublished":"2025-03-08T13:12:40+00:00","dateModified":"2026-04-10T19:02:19+00:00","description":"Banda o faja ligera para cubrir y fijar la bolsa de ostom\u00eda de tejido suave. Apta para colostom\u00eda, urostom\u00eda e ileostom\u00eda.","breadcrumb":{"@id":"https:\/\/missbowel.com\/producto\/banda-ostomia-hombre-negro\/#breadcrumb"},"inLanguage":"en-GB","potentialAction":[{"@type":"ReadAction","target":["https:\/\/missbowel.com\/producto\/banda-ostomia-hombre-negro\/"]}]},{"@type":"ImageObject","inLanguage":"en-GB","@id":"https:\/\/missbowel.com\/producto\/banda-ostomia-hombre-negro\/#primaryimage","url":"https:\/\/missbowel.com\/wp-content\/uploads\/Banda-hombre-negro-e1514466874816.jpeg","contentUrl":"https:\/\/missbowel.com\/wp-content\/uploads\/Banda-hombre-negro-e1514466874816.jpeg","width":1096,"height":1108,"caption":"Banda para cubrir bolsa de ostom\u00eda color negro para hombre"},{"@type":"BreadcrumbList","@id":"https:\/\/missbowel.com\/producto\/banda-ostomia-hombre-negro\/#breadcrumb","itemListElement":[{"@type":"ListItem","position":1,"name":"Portada","item":"https:\/\/missbowel.com\/"},{"@type":"ListItem","position":2,"name":"Tienda ostom\u00edas","item":"https:\/\/missbowel.com\/tienda-ostomias\/"},{"@type":"ListItem","position":3,"name":"Banda para cubrir ostom\u00eda color negro | Hombre"}]},{"@type":"WebSite","@id":"https:\/\/missbowel.com\/#website","url":"https:\/\/missbowel.com\/","name":"Miss Bowel","description":"Productos para ostomias","potentialAction":[{"@type":"SearchAction","target":{"@type":"EntryPoint","urlTemplate":"https:\/\/missbowel.com\/?s={search_term_string}"},"query-input":{"@type":"PropertyValueSpecification","valueRequired":true,"valueName":"search_term_string"}}],"inLanguage":"en-GB"}]}},"_links":{"self":[{"href":"https:\/\/missbowel.com\/en\/wp-json\/wp\/v2\/product\/1101","targetHints":{"allow":["GET"]}}],"collection":[{"href":"https:\/\/missbowel.com\/en\/wp-json\/wp\/v2\/product"}],"about":[{"href":"https:\/\/missbowel.com\/en\/wp-json\/wp\/v2\/types\/product"}],"replies":[{"embeddable":true,"href":"https:\/\/missbowel.com\/en\/wp-json\/wp\/v2\/comments?post=1101"}],"wp:featuredmedia":[{"embeddable":true,"href":"https:\/\/missbowel.com\/en\/wp-json\/wp\/v2\/media\/1090"}],"wp:attachment":[{"href":"https:\/\/missbowel.com\/en\/wp-json\/wp\/v2\/media?parent=1101"}],"wp:term":[{"taxonomy":"product_brand","embeddable":true,"href":"https:\/\/missbowel.com\/en\/wp-json\/wp\/v2\/product_brand?post=1101"},{"taxonomy":"product_cat","embeddable":true,"href":"https:\/\/missbowel.com\/en\/wp-json\/wp\/v2\/product_cat?post=1101"},{"taxonomy":"product_tag","embeddable":true,"href":"https:\/\/missbowel.com\/en\/wp-json\/wp\/v2\/product_tag?post=1101"}],"curies":[{"name":"wp","href":"https:\/\/api.w.org\/{rel}","templated":true}]}}