{"id":11152,"date":"2025-02-02T12:29:58","date_gmt":"2025-02-02T11:29:58","guid":{"rendered":"https:\/\/missbowel.com\/?post_type=product&#038;p=11152"},"modified":"2026-04-27T12:10:00","modified_gmt":"2026-04-27T10:10:00","slug":"banador-de-hombre-color-negro-con-bolsillo-interior","status":"publish","type":"product","link":"https:\/\/missbowel.com\/en\/product\/banador-de-hombre-color-negro-con-bolsillo-interior\/","title":{"rendered":"Ba\u00f1ador de hombre color negro con bolsillo interior"},"content":{"rendered":"<p><strong>Es para ti si\u2026<\/strong><\/p>\n<ul>\n<li>Te gusta disfrutar del agua.<\/li>\n<li>Est\u00e1s buscando una soluci\u00f3n para practicar deportes acu\u00e1ticos, ir a la playa, a la piscina o realizar cualquier actividad relacionada con el agua.<\/li>\n<li>Eres de los que la comodidad est\u00e1 por encima de todo.<\/li>\n<li>Necesitas una dosis extra de confianza y seguridad con tu bolsa de ostom\u00eda durante el ba\u00f1o.<\/li>\n<\/ul>\n<p><strong>Te gustar\u00e1 porque\u2026<\/strong><\/p>\n<ul>\n<li>Puedes lucirlo tal cual si te gustan los ba\u00f1adores ajustados.<\/li>\n<li>Se puede llevar debajo de tu ba\u00f1ador de tela habitual.<\/li>\n<li>Gracias al bolsillo interior tu bolsa quedar\u00e1 sujeta y dir\u00e1s adi\u00f3s al roce de la bolsa en tu piel.<\/li>\n<li>La cintura alta cubre totalmente tu bolsa.<\/li>\n<li>El tejido de licra, se seca r\u00e1pidamente.<\/li>\n<li>Sujeta sin oprimir, lo que permite el llenado de la bolsa.<\/li>\n<\/ul>\n<p><strong>Puedes pon\u00e9rtelo\u2026<\/strong><\/p>\n<ul>\n<li>Para ir a la playa o a la piscina.<\/li>\n<li>Para pasar un d\u00eda relajado en un balneario o en aguas termales<\/li>\n<li>Para practicar deportesacu\u00e1ticos. Ya no hay excusas para nadar, lanzarte a probar el kitesurf, padel-surf, kayak\u2026<\/li>\n<\/ul>\n<p><strong>Recomendaciones<\/strong><\/p>\n<ul>\n<li>L\u00e1vala a m\u00e1quina todas las veces que quieras. El ba\u00f1ador de Miss Bowel no se estropea.<\/li>\n<li>Si prefieres llevar tu ba\u00f1ador de siempre puedes utilizar las<a href=\"https:\/\/missbowel.com\/en\/product\/banda-de-bano-en-lycra-negra-unisex\/?v=04c19fa1e772\"> bandas de ba\u00f1o<\/a> que te ayudar\u00e1n a cubrir y sujetar la bolsa mientras disfrutas del agua.<\/li>\n<\/ul>\n<p><strong>Dudas con la talla? <\/strong><strong>Te damos las pautas para que no te equivoques<\/strong><\/p>\n<p>Es muy f\u00e1cil, mide tu cintura y a continuaci\u00f3n busca tu equivalencia en esta tabla<\/p>\n<p>S \u00a0 \u00a0 \u00a070cm- 75cm<br \/>\nM \u00a0 \u00a0 76cm &#8211; 83cm<br \/>\nL \u00a0 \u00a0 \u00a084cm &#8211; 91cm<br \/>\nXL \u00a0 \u00a092cm &#8211; 101cm<\/p>\n<p>XXL 102cm- 110cm<\/p>\n<p><strong>Compatible con:<\/strong><\/p>\n<p>Bolsas ostom\u00eda Coloplast<\/p>\n<p>Bolsas ostom\u00eda Hollister<\/p>\n<p>Bolsas ostom\u00eda Convatec<\/p>\n<p>Bolsas ostom\u00eda Braun<\/p>\n<hr \/>\n<div><span style=\"font-size: 14pt;\"><strong>Avalado por:<\/strong><\/span><\/div>\n<div class=\"div-avalados\"><a class=\"logos-avalado\" href=\"https:\/\/www.accucatalunya.cat\/es\/\" target=\"_blank\" rel=\"noopener noreferrer\"><img loading=\"lazy\" decoding=\"async\" class=\"alignnone wp-image-579 size-full\" src=\"https:\/\/missbowel.com\/wp-content\/uploads\/accu-catalunya.jpg\" alt=\"\" width=\"104\" height=\"100\" \/><\/a> <a class=\"logos-avalado\" href=\"https:\/\/www.geteii.com\/\" target=\"_blank\" rel=\"noopener noreferrer\"><img loading=\"lazy\" decoding=\"async\" class=\"alignnone wp-image-580 size-thumbnail\" src=\"https:\/\/missbowel.com\/wp-content\/uploads\/geteii-150x100.jpg\" alt=\"\" width=\"150\" height=\"100\" \/><\/a><\/div>","protected":false},"excerpt":{"rendered":"<p>El ba\u00f1ador de hombre confeccionado en licra con forro interior de textura suave y delicada est\u00e1 pensado para cubrir, fijar y proteger la bolsa de colostom\u00eda, ileostom\u00eda o urostom\u00eda en el agua. \u00a0Gracias a su bolsillo interno confeccionado con la misma tela del forro la bolsa queda sujeta y ayuda a evitar cualquier tipo de desplazamiento. \u00a0La cintura alta permite cubrir la bolsa en su totalidad sin tener que mostrarla si no se desea.<\/p>\n<p>La elasticidad de la licra hace que el ba\u00f1ador\u00a0 no oprima. Su dise\u00f1o est\u00e1 pensado para lucirlo solo o bajo el ba\u00f1ador de tela habitual.<\/p>\n<p>Ideal \u00a0para disfrutar del mar y la piscina o realizar\u00a0 cualquier deporte acu\u00e1tico.<\/p>\n<p>&nbsp;<\/p>\n<p>Mide tu cintura y elige tu talla:<\/p>\n<p>S \u00a0 \u00a0 \u00a070cm- 75cm<\/p>\n<p>M \u00a0 \u00a0 76cm &#8211; 83cm<br \/>\nL \u00a0 \u00a0 \u00a084cm &#8211; 91cm<br \/>\nXL \u00a0 \u00a092cm &#8211; 101cm<\/p>\n<p>XXL 102cm- 110cm<\/p>","protected":false},"featured_media":11206,"comment_status":"open","ping_status":"closed","template":"","meta":[],"product_brand":[],"product_cat":[30,17],"product_tag":[23,25,24],"class_list":{"0":"post-11152","1":"product","2":"type-product","3":"status-publish","4":"has-post-thumbnail","6":"product_cat-deporte-y-bano","7":"product_cat-hombre","8":"product_tag-banda","9":"product_tag-deporte","10":"product_tag-faja","12":"first","13":"instock","14":"taxable","15":"shipping-taxable","16":"purchasable","17":"product-type-variable"},"yoast_head":"<!-- This site is optimized with the Yoast SEO plugin v26.5 - https:\/\/yoast.com\/wordpress\/plugins\/seo\/ -->\n<title>Ba\u00f1ador de hombre con bolsillo interno para ostomizados<\/title>\n<meta name=\"description\" content=\"Ba\u00f1ador de hombre con bolsillo interno en tejido suave de lycra. Cubre y fija la bolsa de colostom\u00eda, ileostom\u00eda o urostom\u00eda.\" \/>\n<meta name=\"robots\" content=\"index, follow, max-snippet:-1, max-image-preview:large, max-video-preview:-1\" \/>\n<link rel=\"canonical\" href=\"https:\/\/missbowel.com\/en\/product\/banador-de-hombre-color-negro-con-bolsillo-interior\/\" \/>\n<meta property=\"og:locale\" content=\"en_GB\" \/>\n<meta property=\"og:type\" content=\"article\" \/>\n<meta property=\"og:title\" content=\"Ba\u00f1ador de hombre con bolsillo interno para ostomizados\" \/>\n<meta property=\"og:description\" content=\"Ba\u00f1ador de hombre con bolsillo interno en tejido suave de lycra. Cubre y fija la bolsa de colostom\u00eda, ileostom\u00eda o urostom\u00eda.\" \/>\n<meta property=\"og:url\" content=\"https:\/\/missbowel.com\/en\/product\/banador-de-hombre-color-negro-con-bolsillo-interior\/\" \/>\n<meta property=\"og:site_name\" content=\"Miss Bowel\" \/>\n<meta property=\"article:modified_time\" content=\"2026-04-27T10:10:00+00:00\" \/>\n<meta property=\"og:image\" content=\"https:\/\/missbowel.com\/wp-content\/uploads\/0-6.jpg\" \/>\n\t<meta property=\"og:image:width\" content=\"919\" \/>\n\t<meta property=\"og:image:height\" content=\"919\" \/>\n\t<meta property=\"og:image:type\" content=\"image\/jpeg\" \/>\n<meta name=\"twitter:card\" content=\"summary_large_image\" \/>\n<meta name=\"twitter:label1\" content=\"Estimated reading time\" \/>\n\t<meta name=\"twitter:data1\" content=\"2 minutes\" \/>\n<script type=\"application\/ld+json\" class=\"yoast-schema-graph\">{\"@context\":\"https:\/\/schema.org\",\"@graph\":[{\"@type\":\"WebPage\",\"@id\":\"https:\/\/missbowel.com\/producto\/banador-de-hombre-color-negro-con-bolsillo-interior\/\",\"url\":\"https:\/\/missbowel.com\/producto\/banador-de-hombre-color-negro-con-bolsillo-interior\/\",\"name\":\"Ba\u00f1ador de hombre con bolsillo interno para ostomizados\",\"isPartOf\":{\"@id\":\"https:\/\/missbowel.com\/#website\"},\"primaryImageOfPage\":{\"@id\":\"https:\/\/missbowel.com\/producto\/banador-de-hombre-color-negro-con-bolsillo-interior\/#primaryimage\"},\"image\":{\"@id\":\"https:\/\/missbowel.com\/producto\/banador-de-hombre-color-negro-con-bolsillo-interior\/#primaryimage\"},\"thumbnailUrl\":\"https:\/\/missbowel.com\/wp-content\/uploads\/0-6.jpg\",\"datePublished\":\"2025-02-02T11:29:58+00:00\",\"dateModified\":\"2026-04-27T10:10:00+00:00\",\"description\":\"Ba\u00f1ador de hombre con bolsillo interno en tejido suave de lycra. Cubre y fija la bolsa de colostom\u00eda, ileostom\u00eda o urostom\u00eda.\",\"breadcrumb\":{\"@id\":\"https:\/\/missbowel.com\/producto\/banador-de-hombre-color-negro-con-bolsillo-interior\/#breadcrumb\"},\"inLanguage\":\"en-GB\",\"potentialAction\":[{\"@type\":\"ReadAction\",\"target\":[\"https:\/\/missbowel.com\/producto\/banador-de-hombre-color-negro-con-bolsillo-interior\/\"]}]},{\"@type\":\"ImageObject\",\"inLanguage\":\"en-GB\",\"@id\":\"https:\/\/missbowel.com\/producto\/banador-de-hombre-color-negro-con-bolsillo-interior\/#primaryimage\",\"url\":\"https:\/\/missbowel.com\/wp-content\/uploads\/0-6.jpg\",\"contentUrl\":\"https:\/\/missbowel.com\/wp-content\/uploads\/0-6.jpg\",\"width\":919,\"height\":919},{\"@type\":\"BreadcrumbList\",\"@id\":\"https:\/\/missbowel.com\/producto\/banador-de-hombre-color-negro-con-bolsillo-interior\/#breadcrumb\",\"itemListElement\":[{\"@type\":\"ListItem\",\"position\":1,\"name\":\"Portada\",\"item\":\"https:\/\/missbowel.com\/\"},{\"@type\":\"ListItem\",\"position\":2,\"name\":\"Tienda ostom\u00edas\",\"item\":\"https:\/\/missbowel.com\/tienda-ostomias\/\"},{\"@type\":\"ListItem\",\"position\":3,\"name\":\"Ba\u00f1ador de hombre color negro con bolsillo interior\"}]},{\"@type\":\"WebSite\",\"@id\":\"https:\/\/missbowel.com\/#website\",\"url\":\"https:\/\/missbowel.com\/\",\"name\":\"Miss Bowel\",\"description\":\"Productos para ostomias\",\"potentialAction\":[{\"@type\":\"SearchAction\",\"target\":{\"@type\":\"EntryPoint\",\"urlTemplate\":\"https:\/\/missbowel.com\/?s={search_term_string}\"},\"query-input\":{\"@type\":\"PropertyValueSpecification\",\"valueRequired\":true,\"valueName\":\"search_term_string\"}}],\"inLanguage\":\"en-GB\"}]}<\/script>\n<!-- \/ Yoast SEO plugin. -->","yoast_head_json":{"title":"Ba\u00f1ador de hombre con bolsillo interno para ostomizados","description":"Ba\u00f1ador de hombre con bolsillo interno en tejido suave de lycra. Cubre y fija la bolsa de colostom\u00eda, ileostom\u00eda o urostom\u00eda.","robots":{"index":"index","follow":"follow","max-snippet":"max-snippet:-1","max-image-preview":"max-image-preview:large","max-video-preview":"max-video-preview:-1"},"canonical":"https:\/\/missbowel.com\/en\/product\/banador-de-hombre-color-negro-con-bolsillo-interior\/","og_locale":"en_GB","og_type":"article","og_title":"Ba\u00f1ador de hombre con bolsillo interno para ostomizados","og_description":"Ba\u00f1ador de hombre con bolsillo interno en tejido suave de lycra. Cubre y fija la bolsa de colostom\u00eda, ileostom\u00eda o urostom\u00eda.","og_url":"https:\/\/missbowel.com\/en\/product\/banador-de-hombre-color-negro-con-bolsillo-interior\/","og_site_name":"Miss Bowel","article_modified_time":"2026-04-27T10:10:00+00:00","og_image":[{"width":919,"height":919,"url":"https:\/\/missbowel.com\/wp-content\/uploads\/0-6.jpg","type":"image\/jpeg"}],"twitter_card":"summary_large_image","twitter_misc":{"Estimated reading time":"2 minutes"},"schema":{"@context":"https:\/\/schema.org","@graph":[{"@type":"WebPage","@id":"https:\/\/missbowel.com\/producto\/banador-de-hombre-color-negro-con-bolsillo-interior\/","url":"https:\/\/missbowel.com\/producto\/banador-de-hombre-color-negro-con-bolsillo-interior\/","name":"Ba\u00f1ador de hombre con bolsillo interno para ostomizados","isPartOf":{"@id":"https:\/\/missbowel.com\/#website"},"primaryImageOfPage":{"@id":"https:\/\/missbowel.com\/producto\/banador-de-hombre-color-negro-con-bolsillo-interior\/#primaryimage"},"image":{"@id":"https:\/\/missbowel.com\/producto\/banador-de-hombre-color-negro-con-bolsillo-interior\/#primaryimage"},"thumbnailUrl":"https:\/\/missbowel.com\/wp-content\/uploads\/0-6.jpg","datePublished":"2025-02-02T11:29:58+00:00","dateModified":"2026-04-27T10:10:00+00:00","description":"Ba\u00f1ador de hombre con bolsillo interno en tejido suave de lycra. Cubre y fija la bolsa de colostom\u00eda, ileostom\u00eda o urostom\u00eda.","breadcrumb":{"@id":"https:\/\/missbowel.com\/producto\/banador-de-hombre-color-negro-con-bolsillo-interior\/#breadcrumb"},"inLanguage":"en-GB","potentialAction":[{"@type":"ReadAction","target":["https:\/\/missbowel.com\/producto\/banador-de-hombre-color-negro-con-bolsillo-interior\/"]}]},{"@type":"ImageObject","inLanguage":"en-GB","@id":"https:\/\/missbowel.com\/producto\/banador-de-hombre-color-negro-con-bolsillo-interior\/#primaryimage","url":"https:\/\/missbowel.com\/wp-content\/uploads\/0-6.jpg","contentUrl":"https:\/\/missbowel.com\/wp-content\/uploads\/0-6.jpg","width":919,"height":919},{"@type":"BreadcrumbList","@id":"https:\/\/missbowel.com\/producto\/banador-de-hombre-color-negro-con-bolsillo-interior\/#breadcrumb","itemListElement":[{"@type":"ListItem","position":1,"name":"Portada","item":"https:\/\/missbowel.com\/"},{"@type":"ListItem","position":2,"name":"Tienda ostom\u00edas","item":"https:\/\/missbowel.com\/tienda-ostomias\/"},{"@type":"ListItem","position":3,"name":"Ba\u00f1ador de hombre color negro con bolsillo interior"}]},{"@type":"WebSite","@id":"https:\/\/missbowel.com\/#website","url":"https:\/\/missbowel.com\/","name":"Miss Bowel","description":"Productos para ostomias","potentialAction":[{"@type":"SearchAction","target":{"@type":"EntryPoint","urlTemplate":"https:\/\/missbowel.com\/?s={search_term_string}"},"query-input":{"@type":"PropertyValueSpecification","valueRequired":true,"valueName":"search_term_string"}}],"inLanguage":"en-GB"}]}},"_links":{"self":[{"href":"https:\/\/missbowel.com\/en\/wp-json\/wp\/v2\/product\/11152","targetHints":{"allow":["GET"]}}],"collection":[{"href":"https:\/\/missbowel.com\/en\/wp-json\/wp\/v2\/product"}],"about":[{"href":"https:\/\/missbowel.com\/en\/wp-json\/wp\/v2\/types\/product"}],"replies":[{"embeddable":true,"href":"https:\/\/missbowel.com\/en\/wp-json\/wp\/v2\/comments?post=11152"}],"wp:featuredmedia":[{"embeddable":true,"href":"https:\/\/missbowel.com\/en\/wp-json\/wp\/v2\/media\/11206"}],"wp:attachment":[{"href":"https:\/\/missbowel.com\/en\/wp-json\/wp\/v2\/media?parent=11152"}],"wp:term":[{"taxonomy":"product_brand","embeddable":true,"href":"https:\/\/missbowel.com\/en\/wp-json\/wp\/v2\/product_brand?post=11152"},{"taxonomy":"product_cat","embeddable":true,"href":"https:\/\/missbowel.com\/en\/wp-json\/wp\/v2\/product_cat?post=11152"},{"taxonomy":"product_tag","embeddable":true,"href":"https:\/\/missbowel.com\/en\/wp-json\/wp\/v2\/product_tag?post=11152"}],"curies":[{"name":"wp","href":"https:\/\/api.w.org\/{rel}","templated":true}]}}