{"id":15318,"date":"2019-01-06T15:29:46","date_gmt":"2019-01-06T14:29:46","guid":{"rendered":"https:\/\/missbowel.com\/?post_type=product&#038;p=15318"},"modified":"2026-04-09T13:35:40","modified_gmt":"2026-04-09T11:35:40","slug":"duo-boxers-de-algodon-gris-con-bolsillo-interno","status":"publish","type":"product","link":"https:\/\/missbowel.com\/en\/product\/duo-boxers-de-algodon-gris-con-bolsillo-interno\/","title":{"rendered":"Duo b\u00f3xers de algod\u00f3n Gris con bolsillo interno"},"content":{"rendered":"<p><strong>Es para ti si\u2026<\/strong><\/p>\n<ul>\n<li>Te gusta lucir bien por fuera y por dentro.<\/li>\n<li>El roce con la bolsa en la piel te resulta una molestia.<\/li>\n<li>Est\u00e1s buscando una soluci\u00f3n c\u00f3moda para tu vida diaria.<\/li>\n<li>Necesitas una dosis extra de confianza y seguridad con tu bolsa de ostom\u00eda mientras duermes.<\/li>\n<li>Buscas una soluci\u00f3n para disimular tu bolsa de ostom\u00eda bajo la ropa.<\/li>\n<\/ul>\n<p><strong>\u00a0<\/strong><strong>Te gustar\u00e1 porque\u2026<\/strong><\/p>\n<ul>\n<li>Tiene un bolsillo interno para preservar la bolsa.<\/li>\n<li>Se adapta al cuerpo gracias a su agradable tejido 95% algod\u00f3n, 5% elast\u00e1n.<\/li>\n<li>Su cintura alta te ayudar\u00e1 a cubrir totalmente el dispositivo.<\/li>\n<li>Si te gusta la discreci\u00f3n, solo tu sabr\u00e1s que llevas bolsa.<\/li>\n<li>Sujeta pero no oprime, lo que permite el llenado de la bolsa.<\/li>\n<li>Es ligero y muy confortable.<\/li>\n<\/ul>\n<p><strong>Puedes pon\u00e9rtelo\u2026<\/strong><\/p>\n<ul>\n<li>Para tu d\u00eda a d\u00eda .<\/li>\n<li>Para realizar cualquier actividad.<\/li>\n<li>Para dormir m\u00e1s seguro y confortable.<\/li>\n<li>Para lucir sexy y atractivo.<\/li>\n<\/ul>\n<p><strong>Recomendaciones<\/strong><\/p>\n<ul>\n<li>L\u00e1vala a m\u00e1quina todas las veces que quieras. El b\u00f3xer de Miss Bowel no se estropea.<\/li>\n<li>Si prefieres llevar tu calzoncillo habitual puedes utilizar las bandas de algod\u00f3n (enlace) bajo la ropa que te ayudar\u00e1n a cubrir y sujetar la bolsa y disimularla bajo la ropa.<\/li>\n<\/ul>\n<p><strong>\u00bfDudas con la talla?<br \/>\n<\/strong>Te damos las pautas para que no te equivoques<strong>.<\/strong><\/p>\n<p>Es muy f\u00e1cil, mide tu cintura y a continuaci\u00f3n busca tu equivalencia en esta tabla<\/p>\n<p>XS \u00a0 64cm-69cm<\/p>\n<p>S \u00a0 \u00a0 \u00a070cm- 75cm<br \/>\nM \u00a0 \u00a0 76cm &#8211; 83cm<br \/>\nL \u00a0 \u00a0 \u00a084cm &#8211; 91cm<br \/>\nXL \u00a0 \u00a092cm &#8211; 101cm<\/p>\n<p>XXL 102cm- 110cm<\/p>\n<p><strong>Compatible con:<\/strong><\/p>\n<p>Bolsas ostom\u00eda Coloplast<\/p>\n<p>Bolsas ostom\u00eda Hollister<\/p>\n<p>Bolsas ostom\u00eda Convatec<\/p>\n<p>Bolsas ostom\u00eda Braun<\/p>\n<p><strong>Informaci\u00f3n adicional<br \/>\n<\/strong>Peso: 40g<\/p>","protected":false},"excerpt":{"rendered":"<p><span style=\"font-size: 14pt;\"><strong><span style=\"color: #ff0000;\">Ahorrate casi 10\u20ac y disfruta de la comodidad cada d\u00eda<\/span><\/strong><\/span><\/p>\n<p><span style=\"color: #000000;\">El b\u00f3xer de algod\u00f3n est\u00e1 confeccionado en una tela de textura suave y delicada pensado para cubrir, fijar y proteger la bolsa de colostom\u00eda, ileostom\u00eda o urostom\u00eda las 24 horas del d\u00eda. Posee un bolsillo interno compatible con ostom\u00edas a ambos lados del abdomen que ayuda a evitar cualquier tipo de desplazamiento de la bolsa y evitar el roce del dispositivo con la piel. La cintura alta ofrece un extra de seguridad, el calzoncillo cubre la bolsa en su totalidad sin tener que mostrarla si no se desea.<\/span><\/p>\n<p><span style=\"color: #000000;\">El b\u00f3xer de Miss Bowel proporciona seguridad y confort para el d\u00eda y la noche.<\/span><\/p>\n<p><span style=\"color: #000000;\">Mide tu cintura y elige tu talla:<\/span><\/p>\n<p><span style=\"color: #000000;\">XS \u00a0 64cm-69cm<\/span><\/p>\n<p><span style=\"color: #000000;\">S \u00a0 \u00a0 \u00a070cm- 75cm<\/span><br \/>\n<span style=\"color: #000000;\">M \u00a0 \u00a0 76cm &#8211; 83cm<\/span><br \/>\n<span style=\"color: #000000;\">L \u00a0 \u00a0 \u00a084cm &#8211; 91cm<\/span><br \/>\n<span style=\"color: #000000;\">XL \u00a0 \u00a092cm &#8211; 101cm<\/span><\/p>\n<p><span style=\"color: #000000;\">XXL \u00a0102cm- 110cm<\/span><\/p>","protected":false},"featured_media":15324,"comment_status":"open","ping_status":"closed","template":"","meta":[],"product_brand":[],"product_cat":[72,17],"product_tag":[23,25,24],"class_list":{"0":"post-15318","1":"product","2":"type-product","3":"status-publish","4":"has-post-thumbnail","6":"product_cat-ropa-interior","7":"product_cat-hombre","8":"product_tag-banda","9":"product_tag-deporte","10":"product_tag-faja","12":"first","13":"instock","14":"taxable","15":"shipping-taxable","16":"purchasable","17":"product-type-variable"},"yoast_head":"<!-- This site is optimized with the Yoast SEO plugin v26.5 - https:\/\/yoast.com\/wordpress\/plugins\/seo\/ -->\n<title>Calzoncillo de algod\u00f3n con bolsillo interno<\/title>\n<meta name=\"description\" content=\"B\u00f3xer de algod\u00f3n con bolsillo inerno y cintura ancha para cubrir y sujetar la bolsa se ostom\u00eda\" \/>\n<meta name=\"robots\" content=\"index, follow, max-snippet:-1, max-image-preview:large, max-video-preview:-1\" \/>\n<link rel=\"canonical\" href=\"https:\/\/missbowel.com\/en\/product\/duo-boxers-de-algodon-gris-con-bolsillo-interno\/\" \/>\n<meta property=\"og:locale\" content=\"en_GB\" \/>\n<meta property=\"og:type\" content=\"article\" \/>\n<meta property=\"og:title\" content=\"Calzoncillo de algod\u00f3n con bolsillo interno\" \/>\n<meta property=\"og:description\" content=\"B\u00f3xer de algod\u00f3n con bolsillo inerno y cintura ancha para cubrir y sujetar la bolsa se ostom\u00eda\" \/>\n<meta property=\"og:url\" content=\"https:\/\/missbowel.com\/en\/product\/duo-boxers-de-algodon-gris-con-bolsillo-interno\/\" \/>\n<meta property=\"og:site_name\" content=\"Miss Bowel\" \/>\n<meta property=\"article:modified_time\" content=\"2026-04-09T11:35:40+00:00\" \/>\n<meta property=\"og:image\" content=\"https:\/\/missbowel.com\/wp-content\/uploads\/0-10.jpg\" \/>\n\t<meta property=\"og:image:width\" content=\"943\" \/>\n\t<meta property=\"og:image:height\" content=\"943\" \/>\n\t<meta property=\"og:image:type\" content=\"image\/jpeg\" \/>\n<meta name=\"twitter:card\" content=\"summary_large_image\" \/>\n<meta name=\"twitter:label1\" content=\"Estimated reading time\" \/>\n\t<meta name=\"twitter:data1\" content=\"2 minutes\" \/>\n<script type=\"application\/ld+json\" class=\"yoast-schema-graph\">{\"@context\":\"https:\/\/schema.org\",\"@graph\":[{\"@type\":\"WebPage\",\"@id\":\"https:\/\/missbowel.com\/producto\/duo-boxers-de-algodon-gris-con-bolsillo-interno\/\",\"url\":\"https:\/\/missbowel.com\/producto\/duo-boxers-de-algodon-gris-con-bolsillo-interno\/\",\"name\":\"Calzoncillo de algod\u00f3n con bolsillo interno\",\"isPartOf\":{\"@id\":\"https:\/\/missbowel.com\/#website\"},\"primaryImageOfPage\":{\"@id\":\"https:\/\/missbowel.com\/producto\/duo-boxers-de-algodon-gris-con-bolsillo-interno\/#primaryimage\"},\"image\":{\"@id\":\"https:\/\/missbowel.com\/producto\/duo-boxers-de-algodon-gris-con-bolsillo-interno\/#primaryimage\"},\"thumbnailUrl\":\"https:\/\/missbowel.com\/wp-content\/uploads\/0-10.jpg\",\"datePublished\":\"2019-01-06T14:29:46+00:00\",\"dateModified\":\"2026-04-09T11:35:40+00:00\",\"description\":\"B\u00f3xer de algod\u00f3n con bolsillo inerno y cintura ancha para cubrir y sujetar la bolsa se ostom\u00eda\",\"breadcrumb\":{\"@id\":\"https:\/\/missbowel.com\/producto\/duo-boxers-de-algodon-gris-con-bolsillo-interno\/#breadcrumb\"},\"inLanguage\":\"en-GB\",\"potentialAction\":[{\"@type\":\"ReadAction\",\"target\":[\"https:\/\/missbowel.com\/producto\/duo-boxers-de-algodon-gris-con-bolsillo-interno\/\"]}]},{\"@type\":\"ImageObject\",\"inLanguage\":\"en-GB\",\"@id\":\"https:\/\/missbowel.com\/producto\/duo-boxers-de-algodon-gris-con-bolsillo-interno\/#primaryimage\",\"url\":\"https:\/\/missbowel.com\/wp-content\/uploads\/0-10.jpg\",\"contentUrl\":\"https:\/\/missbowel.com\/wp-content\/uploads\/0-10.jpg\",\"width\":943,\"height\":943,\"caption\":\"calzoncillo colostomia\"},{\"@type\":\"BreadcrumbList\",\"@id\":\"https:\/\/missbowel.com\/producto\/duo-boxers-de-algodon-gris-con-bolsillo-interno\/#breadcrumb\",\"itemListElement\":[{\"@type\":\"ListItem\",\"position\":1,\"name\":\"Portada\",\"item\":\"https:\/\/missbowel.com\/\"},{\"@type\":\"ListItem\",\"position\":2,\"name\":\"Tienda ostom\u00edas\",\"item\":\"https:\/\/missbowel.com\/tienda-ostomias\/\"},{\"@type\":\"ListItem\",\"position\":3,\"name\":\"Duo b\u00f3xers de algod\u00f3n Gris con bolsillo interno\"}]},{\"@type\":\"WebSite\",\"@id\":\"https:\/\/missbowel.com\/#website\",\"url\":\"https:\/\/missbowel.com\/\",\"name\":\"Miss Bowel\",\"description\":\"Productos para ostomias\",\"potentialAction\":[{\"@type\":\"SearchAction\",\"target\":{\"@type\":\"EntryPoint\",\"urlTemplate\":\"https:\/\/missbowel.com\/?s={search_term_string}\"},\"query-input\":{\"@type\":\"PropertyValueSpecification\",\"valueRequired\":true,\"valueName\":\"search_term_string\"}}],\"inLanguage\":\"en-GB\"}]}<\/script>\n<!-- \/ Yoast SEO plugin. -->","yoast_head_json":{"title":"Calzoncillo de algod\u00f3n con bolsillo interno","description":"B\u00f3xer de algod\u00f3n con bolsillo inerno y cintura ancha para cubrir y sujetar la bolsa se ostom\u00eda","robots":{"index":"index","follow":"follow","max-snippet":"max-snippet:-1","max-image-preview":"max-image-preview:large","max-video-preview":"max-video-preview:-1"},"canonical":"https:\/\/missbowel.com\/en\/product\/duo-boxers-de-algodon-gris-con-bolsillo-interno\/","og_locale":"en_GB","og_type":"article","og_title":"Calzoncillo de algod\u00f3n con bolsillo interno","og_description":"B\u00f3xer de algod\u00f3n con bolsillo inerno y cintura ancha para cubrir y sujetar la bolsa se ostom\u00eda","og_url":"https:\/\/missbowel.com\/en\/product\/duo-boxers-de-algodon-gris-con-bolsillo-interno\/","og_site_name":"Miss Bowel","article_modified_time":"2026-04-09T11:35:40+00:00","og_image":[{"width":943,"height":943,"url":"https:\/\/missbowel.com\/wp-content\/uploads\/0-10.jpg","type":"image\/jpeg"}],"twitter_card":"summary_large_image","twitter_misc":{"Estimated reading time":"2 minutes"},"schema":{"@context":"https:\/\/schema.org","@graph":[{"@type":"WebPage","@id":"https:\/\/missbowel.com\/producto\/duo-boxers-de-algodon-gris-con-bolsillo-interno\/","url":"https:\/\/missbowel.com\/producto\/duo-boxers-de-algodon-gris-con-bolsillo-interno\/","name":"Calzoncillo de algod\u00f3n con bolsillo interno","isPartOf":{"@id":"https:\/\/missbowel.com\/#website"},"primaryImageOfPage":{"@id":"https:\/\/missbowel.com\/producto\/duo-boxers-de-algodon-gris-con-bolsillo-interno\/#primaryimage"},"image":{"@id":"https:\/\/missbowel.com\/producto\/duo-boxers-de-algodon-gris-con-bolsillo-interno\/#primaryimage"},"thumbnailUrl":"https:\/\/missbowel.com\/wp-content\/uploads\/0-10.jpg","datePublished":"2019-01-06T14:29:46+00:00","dateModified":"2026-04-09T11:35:40+00:00","description":"B\u00f3xer de algod\u00f3n con bolsillo inerno y cintura ancha para cubrir y sujetar la bolsa se ostom\u00eda","breadcrumb":{"@id":"https:\/\/missbowel.com\/producto\/duo-boxers-de-algodon-gris-con-bolsillo-interno\/#breadcrumb"},"inLanguage":"en-GB","potentialAction":[{"@type":"ReadAction","target":["https:\/\/missbowel.com\/producto\/duo-boxers-de-algodon-gris-con-bolsillo-interno\/"]}]},{"@type":"ImageObject","inLanguage":"en-GB","@id":"https:\/\/missbowel.com\/producto\/duo-boxers-de-algodon-gris-con-bolsillo-interno\/#primaryimage","url":"https:\/\/missbowel.com\/wp-content\/uploads\/0-10.jpg","contentUrl":"https:\/\/missbowel.com\/wp-content\/uploads\/0-10.jpg","width":943,"height":943,"caption":"calzoncillo colostomia"},{"@type":"BreadcrumbList","@id":"https:\/\/missbowel.com\/producto\/duo-boxers-de-algodon-gris-con-bolsillo-interno\/#breadcrumb","itemListElement":[{"@type":"ListItem","position":1,"name":"Portada","item":"https:\/\/missbowel.com\/"},{"@type":"ListItem","position":2,"name":"Tienda ostom\u00edas","item":"https:\/\/missbowel.com\/tienda-ostomias\/"},{"@type":"ListItem","position":3,"name":"Duo b\u00f3xers de algod\u00f3n Gris con bolsillo interno"}]},{"@type":"WebSite","@id":"https:\/\/missbowel.com\/#website","url":"https:\/\/missbowel.com\/","name":"Miss Bowel","description":"Productos para ostomias","potentialAction":[{"@type":"SearchAction","target":{"@type":"EntryPoint","urlTemplate":"https:\/\/missbowel.com\/?s={search_term_string}"},"query-input":{"@type":"PropertyValueSpecification","valueRequired":true,"valueName":"search_term_string"}}],"inLanguage":"en-GB"}]}},"_links":{"self":[{"href":"https:\/\/missbowel.com\/en\/wp-json\/wp\/v2\/product\/15318","targetHints":{"allow":["GET"]}}],"collection":[{"href":"https:\/\/missbowel.com\/en\/wp-json\/wp\/v2\/product"}],"about":[{"href":"https:\/\/missbowel.com\/en\/wp-json\/wp\/v2\/types\/product"}],"replies":[{"embeddable":true,"href":"https:\/\/missbowel.com\/en\/wp-json\/wp\/v2\/comments?post=15318"}],"wp:featuredmedia":[{"embeddable":true,"href":"https:\/\/missbowel.com\/en\/wp-json\/wp\/v2\/media\/15324"}],"wp:attachment":[{"href":"https:\/\/missbowel.com\/en\/wp-json\/wp\/v2\/media?parent=15318"}],"wp:term":[{"taxonomy":"product_brand","embeddable":true,"href":"https:\/\/missbowel.com\/en\/wp-json\/wp\/v2\/product_brand?post=15318"},{"taxonomy":"product_cat","embeddable":true,"href":"https:\/\/missbowel.com\/en\/wp-json\/wp\/v2\/product_cat?post=15318"},{"taxonomy":"product_tag","embeddable":true,"href":"https:\/\/missbowel.com\/en\/wp-json\/wp\/v2\/product_tag?post=15318"}],"curies":[{"name":"wp","href":"https:\/\/api.w.org\/{rel}","templated":true}]}}