{"id":16581,"date":"2019-10-13T15:39:16","date_gmt":"2019-10-13T13:39:16","guid":{"rendered":"https:\/\/missbowel.com\/?post_type=product&#038;p=16581"},"modified":"2026-03-09T10:19:44","modified_gmt":"2026-03-09T09:19:44","slug":"braguita-de-algodon-negra-con-puntilla-a-los-lados","status":"publish","type":"product","link":"https:\/\/missbowel.com\/en\/product\/braguita-de-algodon-negra-con-puntilla-a-los-lados\/","title":{"rendered":"Braguita de algod\u00f3n negra con puntilla a los lados"},"content":{"rendered":"<p><strong>Es para ti si\u2026<\/strong><\/p>\n<ul>\n<li>Te gusta lucir bien por fuera y por dentro.<\/li>\n<li>El roce con la bolsa en la piel te resulta una molestia.<\/li>\n<li>Est\u00e1s buscando una soluci\u00f3n c\u00f3moda para tu vida diaria.<\/li>\n<li>Necesitas una dosis extra de confianza y seguridad con tu bolsa de ostom\u00eda mientras duermes.<\/li>\n<li>Buscas una soluci\u00f3n para disimular tu bolsa de ostom\u00eda bajo la ropa.<\/li>\n<\/ul>\n<p><strong>\u00a0<\/strong><strong>Te gustar\u00e1 porque\u2026<\/strong><\/p>\n<ul>\n<li>Tiene un bolsillo interno para preservar la bolsa.<\/li>\n<li>Se adapta al cuerpo gracias a su agradable tejido 95% algod\u00f3n, 5% elast\u00e1n.<\/li>\n<li>Su cintura alta te ayudar\u00e1 a cubrir totalmente el dispositivo.<\/li>\n<li>Si te gusta la discreci\u00f3n, solo tu sabr\u00e1s que llevas bolsa.<\/li>\n<li>Sujeta pero no oprime, lo que permite el llenado de la bolsa.<\/li>\n<li>Es ligera y muy confortable.<\/li>\n<\/ul>\n<p><strong>Puedes pon\u00e9rtelo\u2026<\/strong><\/p>\n<ul>\n<li>Para tu d\u00eda a d\u00eda .<\/li>\n<li>Para realizar cualquier actividad.<\/li>\n<li>Para dormir m\u00e1s segura y confortable.<\/li>\n<li>Para lucir sexy y atractiva.<\/li>\n<\/ul>\n<p><strong>Recomendaciones<\/strong><\/p>\n<ul>\n<li>L\u00e1vala a m\u00e1quina todas las veces que quieras. La braguita de Miss Bowel no se estropea.<\/li>\n<li>Si prefieres llevar tu ropa interior habitual puedes utilizar las <a href=\"https:\/\/missbowel.com\/en\/product-category\/bandas\/\">bandas de algod\u00f3n<\/a> \u00a0bajo la ropa que te ayudar\u00e1n a cubrir y sujetar la bolsa y disimular la bolsa.<\/li>\n<\/ul>\n<p><strong>\u00bfDudas con la talla?<br \/>\n<\/strong>Te damos las pautas para que no te equivoques<strong>.<\/strong><\/p>\n<p>Es muy f\u00e1cil, mide tu cintura y a continuaci\u00f3n busca tu equivalencia en esta tabla.<\/p>\n<p>S \u00a0 \u00a0 \u00a070cm- 75cm<br \/>\nM \u00a0 \u00a0 76cm &#8211; 83cm<br \/>\nL \u00a0 \u00a0 \u00a084cm &#8211; 91cm<br \/>\nXL \u00a0 \u00a092cm &#8211; 101cm<\/p>\n<p>XXL 102cm- 110cm<\/p>\n<p><strong>Compatible con:<\/strong><\/p>\n<p>Bolsas ostom\u00eda Coloplast<\/p>\n<p>Bolsas ostom\u00eda Hollister<\/p>\n<p>Bolsas ostom\u00eda Convatec<\/p>\n<p>Bolsas ostom\u00eda Braun<\/p>\n<p><strong>Informaci\u00f3n adicional<br \/>\n<\/strong>Peso: 40g<\/p>","protected":false},"excerpt":{"rendered":"<p>Braguita b\u00e1sica de cintura alta y bolsillo interno.<\/p>\n<p><span style=\"color: #000000;\">La braguita de algod\u00f3n est\u00e1 confeccionada en una tela de textura suave y delicada pensada para cubrir, fijar y proteger la bolsa de colostom\u00eda, ileostom\u00eda o urostom\u00eda las 24 horas del d\u00eda. Posee un bolsillo interno compatible con ostom\u00edas a ambos lados del abdomen que ayuda a evitar cualquier tipo de desplazamiento de la bolsa y evitar el roce del dispositivo con la piel. La cintura alta ofrece un extra de seguridad, la braguita cubre la bolsa en su totalidad sin tener que mostrarla si no se desea.<\/span><\/p>\n<p><span style=\"color: #000000;\">La braguita de Miss Bowel proporciona seguridad y confort para el d\u00eda y la noche.<\/span><\/p>\n<p><span style=\"color: #000000;\">Mide tu cintura y elige tu talla:<\/span><\/p>\n<p><span style=\"color: #000000;\">S \u00a0 \u00a0 \u00a070cm- 75cm<\/span><br \/>\n<span style=\"color: #000000;\">M \u00a0 \u00a0 76cm &#8211; 83cm<\/span><br \/>\n<span style=\"color: #000000;\">L \u00a0 \u00a0 \u00a084cm &#8211; 91cm<\/span><br \/>\n<span style=\"color: #000000;\">XL \u00a0 \u00a092cm &#8211; 101cm<\/span><\/p>\n<p><span style=\"color: #000000;\">XXL \u00a0102cm- 110cm<\/span><\/p>","protected":false},"featured_media":16587,"comment_status":"open","ping_status":"closed","template":"","meta":[],"product_brand":[],"product_cat":[72,16],"product_tag":[23,25,24],"class_list":{"0":"post-16581","1":"product","2":"type-product","3":"status-publish","4":"has-post-thumbnail","6":"product_cat-ropa-interior","7":"product_cat-mujer","8":"product_tag-banda","9":"product_tag-deporte","10":"product_tag-faja","12":"first","13":"instock","14":"taxable","15":"shipping-taxable","16":"purchasable","17":"product-type-variable"},"yoast_head":"<!-- This site is optimized with the Yoast SEO plugin v26.5 - https:\/\/yoast.com\/wordpress\/plugins\/seo\/ -->\n<title>Braguita de algod\u00f3n con bolsillo interno y cintura alta<\/title>\n<meta name=\"description\" content=\"Braguita de algod\u00f3n con bolsillo inerno y cintura ancha para cubrir y sujetar la bolsa se ostom\u00eda.\" \/>\n<meta name=\"robots\" content=\"index, follow, max-snippet:-1, max-image-preview:large, max-video-preview:-1\" \/>\n<link rel=\"canonical\" href=\"https:\/\/missbowel.com\/en\/product\/braguita-de-algodon-negra-con-puntilla-a-los-lados\/\" \/>\n<meta property=\"og:locale\" content=\"en_GB\" \/>\n<meta property=\"og:type\" content=\"article\" \/>\n<meta property=\"og:title\" content=\"Braguita de algod\u00f3n con bolsillo interno y cintura alta\" \/>\n<meta property=\"og:description\" content=\"Braguita de algod\u00f3n con bolsillo inerno y cintura ancha para cubrir y sujetar la bolsa se ostom\u00eda.\" \/>\n<meta property=\"og:url\" content=\"https:\/\/missbowel.com\/en\/product\/braguita-de-algodon-negra-con-puntilla-a-los-lados\/\" \/>\n<meta property=\"og:site_name\" content=\"Miss Bowel\" \/>\n<meta property=\"article:modified_time\" content=\"2026-03-09T09:19:44+00:00\" \/>\n<meta property=\"og:image\" content=\"https:\/\/missbowel.com\/wp-content\/uploads\/1-5-3.jpeg\" \/>\n\t<meta property=\"og:image:width\" content=\"761\" \/>\n\t<meta property=\"og:image:height\" content=\"761\" \/>\n\t<meta property=\"og:image:type\" content=\"image\/jpeg\" \/>\n<meta name=\"twitter:card\" content=\"summary_large_image\" \/>\n<meta name=\"twitter:label1\" content=\"Estimated reading time\" \/>\n\t<meta name=\"twitter:data1\" content=\"2 minutes\" \/>\n<script type=\"application\/ld+json\" class=\"yoast-schema-graph\">{\"@context\":\"https:\/\/schema.org\",\"@graph\":[{\"@type\":\"WebPage\",\"@id\":\"https:\/\/missbowel.com\/producto\/braguita-de-algodon-negra-con-puntilla-a-los-lados\/\",\"url\":\"https:\/\/missbowel.com\/producto\/braguita-de-algodon-negra-con-puntilla-a-los-lados\/\",\"name\":\"Braguita de algod\u00f3n con bolsillo interno y cintura alta\",\"isPartOf\":{\"@id\":\"https:\/\/missbowel.com\/#website\"},\"primaryImageOfPage\":{\"@id\":\"https:\/\/missbowel.com\/producto\/braguita-de-algodon-negra-con-puntilla-a-los-lados\/#primaryimage\"},\"image\":{\"@id\":\"https:\/\/missbowel.com\/producto\/braguita-de-algodon-negra-con-puntilla-a-los-lados\/#primaryimage\"},\"thumbnailUrl\":\"https:\/\/missbowel.com\/wp-content\/uploads\/1-5-3.jpeg\",\"datePublished\":\"2019-10-13T13:39:16+00:00\",\"dateModified\":\"2026-03-09T09:19:44+00:00\",\"description\":\"Braguita de algod\u00f3n con bolsillo inerno y cintura ancha para cubrir y sujetar la bolsa se ostom\u00eda.\",\"breadcrumb\":{\"@id\":\"https:\/\/missbowel.com\/producto\/braguita-de-algodon-negra-con-puntilla-a-los-lados\/#breadcrumb\"},\"inLanguage\":\"en-GB\",\"potentialAction\":[{\"@type\":\"ReadAction\",\"target\":[\"https:\/\/missbowel.com\/producto\/braguita-de-algodon-negra-con-puntilla-a-los-lados\/\"]}]},{\"@type\":\"ImageObject\",\"inLanguage\":\"en-GB\",\"@id\":\"https:\/\/missbowel.com\/producto\/braguita-de-algodon-negra-con-puntilla-a-los-lados\/#primaryimage\",\"url\":\"https:\/\/missbowel.com\/wp-content\/uploads\/1-5-3.jpeg\",\"contentUrl\":\"https:\/\/missbowel.com\/wp-content\/uploads\/1-5-3.jpeg\",\"width\":761,\"height\":761,\"caption\":\"Braguitas ostomizadas\"},{\"@type\":\"BreadcrumbList\",\"@id\":\"https:\/\/missbowel.com\/producto\/braguita-de-algodon-negra-con-puntilla-a-los-lados\/#breadcrumb\",\"itemListElement\":[{\"@type\":\"ListItem\",\"position\":1,\"name\":\"Portada\",\"item\":\"https:\/\/missbowel.com\/\"},{\"@type\":\"ListItem\",\"position\":2,\"name\":\"Tienda ostom\u00edas\",\"item\":\"https:\/\/missbowel.com\/tienda-ostomias\/\"},{\"@type\":\"ListItem\",\"position\":3,\"name\":\"Braguita de algod\u00f3n negra con puntilla a los lados\"}]},{\"@type\":\"WebSite\",\"@id\":\"https:\/\/missbowel.com\/#website\",\"url\":\"https:\/\/missbowel.com\/\",\"name\":\"Miss Bowel\",\"description\":\"Productos para ostomias\",\"potentialAction\":[{\"@type\":\"SearchAction\",\"target\":{\"@type\":\"EntryPoint\",\"urlTemplate\":\"https:\/\/missbowel.com\/?s={search_term_string}\"},\"query-input\":{\"@type\":\"PropertyValueSpecification\",\"valueRequired\":true,\"valueName\":\"search_term_string\"}}],\"inLanguage\":\"en-GB\"}]}<\/script>\n<!-- \/ Yoast SEO plugin. -->","yoast_head_json":{"title":"Braguita de algod\u00f3n con bolsillo interno y cintura alta","description":"Braguita de algod\u00f3n con bolsillo inerno y cintura ancha para cubrir y sujetar la bolsa se ostom\u00eda.","robots":{"index":"index","follow":"follow","max-snippet":"max-snippet:-1","max-image-preview":"max-image-preview:large","max-video-preview":"max-video-preview:-1"},"canonical":"https:\/\/missbowel.com\/en\/product\/braguita-de-algodon-negra-con-puntilla-a-los-lados\/","og_locale":"en_GB","og_type":"article","og_title":"Braguita de algod\u00f3n con bolsillo interno y cintura alta","og_description":"Braguita de algod\u00f3n con bolsillo inerno y cintura ancha para cubrir y sujetar la bolsa se ostom\u00eda.","og_url":"https:\/\/missbowel.com\/en\/product\/braguita-de-algodon-negra-con-puntilla-a-los-lados\/","og_site_name":"Miss Bowel","article_modified_time":"2026-03-09T09:19:44+00:00","og_image":[{"width":761,"height":761,"url":"https:\/\/missbowel.com\/wp-content\/uploads\/1-5-3.jpeg","type":"image\/jpeg"}],"twitter_card":"summary_large_image","twitter_misc":{"Estimated reading time":"2 minutes"},"schema":{"@context":"https:\/\/schema.org","@graph":[{"@type":"WebPage","@id":"https:\/\/missbowel.com\/producto\/braguita-de-algodon-negra-con-puntilla-a-los-lados\/","url":"https:\/\/missbowel.com\/producto\/braguita-de-algodon-negra-con-puntilla-a-los-lados\/","name":"Braguita de algod\u00f3n con bolsillo interno y cintura alta","isPartOf":{"@id":"https:\/\/missbowel.com\/#website"},"primaryImageOfPage":{"@id":"https:\/\/missbowel.com\/producto\/braguita-de-algodon-negra-con-puntilla-a-los-lados\/#primaryimage"},"image":{"@id":"https:\/\/missbowel.com\/producto\/braguita-de-algodon-negra-con-puntilla-a-los-lados\/#primaryimage"},"thumbnailUrl":"https:\/\/missbowel.com\/wp-content\/uploads\/1-5-3.jpeg","datePublished":"2019-10-13T13:39:16+00:00","dateModified":"2026-03-09T09:19:44+00:00","description":"Braguita de algod\u00f3n con bolsillo inerno y cintura ancha para cubrir y sujetar la bolsa se ostom\u00eda.","breadcrumb":{"@id":"https:\/\/missbowel.com\/producto\/braguita-de-algodon-negra-con-puntilla-a-los-lados\/#breadcrumb"},"inLanguage":"en-GB","potentialAction":[{"@type":"ReadAction","target":["https:\/\/missbowel.com\/producto\/braguita-de-algodon-negra-con-puntilla-a-los-lados\/"]}]},{"@type":"ImageObject","inLanguage":"en-GB","@id":"https:\/\/missbowel.com\/producto\/braguita-de-algodon-negra-con-puntilla-a-los-lados\/#primaryimage","url":"https:\/\/missbowel.com\/wp-content\/uploads\/1-5-3.jpeg","contentUrl":"https:\/\/missbowel.com\/wp-content\/uploads\/1-5-3.jpeg","width":761,"height":761,"caption":"Braguitas ostomizadas"},{"@type":"BreadcrumbList","@id":"https:\/\/missbowel.com\/producto\/braguita-de-algodon-negra-con-puntilla-a-los-lados\/#breadcrumb","itemListElement":[{"@type":"ListItem","position":1,"name":"Portada","item":"https:\/\/missbowel.com\/"},{"@type":"ListItem","position":2,"name":"Tienda ostom\u00edas","item":"https:\/\/missbowel.com\/tienda-ostomias\/"},{"@type":"ListItem","position":3,"name":"Braguita de algod\u00f3n negra con puntilla a los lados"}]},{"@type":"WebSite","@id":"https:\/\/missbowel.com\/#website","url":"https:\/\/missbowel.com\/","name":"Miss Bowel","description":"Productos para ostomias","potentialAction":[{"@type":"SearchAction","target":{"@type":"EntryPoint","urlTemplate":"https:\/\/missbowel.com\/?s={search_term_string}"},"query-input":{"@type":"PropertyValueSpecification","valueRequired":true,"valueName":"search_term_string"}}],"inLanguage":"en-GB"}]}},"_links":{"self":[{"href":"https:\/\/missbowel.com\/en\/wp-json\/wp\/v2\/product\/16581","targetHints":{"allow":["GET"]}}],"collection":[{"href":"https:\/\/missbowel.com\/en\/wp-json\/wp\/v2\/product"}],"about":[{"href":"https:\/\/missbowel.com\/en\/wp-json\/wp\/v2\/types\/product"}],"replies":[{"embeddable":true,"href":"https:\/\/missbowel.com\/en\/wp-json\/wp\/v2\/comments?post=16581"}],"wp:featuredmedia":[{"embeddable":true,"href":"https:\/\/missbowel.com\/en\/wp-json\/wp\/v2\/media\/16587"}],"wp:attachment":[{"href":"https:\/\/missbowel.com\/en\/wp-json\/wp\/v2\/media?parent=16581"}],"wp:term":[{"taxonomy":"product_brand","embeddable":true,"href":"https:\/\/missbowel.com\/en\/wp-json\/wp\/v2\/product_brand?post=16581"},{"taxonomy":"product_cat","embeddable":true,"href":"https:\/\/missbowel.com\/en\/wp-json\/wp\/v2\/product_cat?post=16581"},{"taxonomy":"product_tag","embeddable":true,"href":"https:\/\/missbowel.com\/en\/wp-json\/wp\/v2\/product_tag?post=16581"}],"curies":[{"name":"wp","href":"https:\/\/api.w.org\/{rel}","templated":true}]}}