{"id":16802,"date":"2018-01-25T16:29:23","date_gmt":"2018-01-25T15:29:23","guid":{"rendered":"https:\/\/missbowel.com\/?post_type=product&#038;p=16802"},"modified":"2026-03-23T18:38:47","modified_gmt":"2026-03-23T17:38:47","slug":"duo-banda-beige-con-bolsillo-interno-para-proteger-ostomia-unisex","status":"publish","type":"product","link":"https:\/\/missbowel.com\/en\/product\/duo-banda-beige-con-bolsillo-interno-para-proteger-ostomia-unisex\/","title":{"rendered":"Duo banda beige con bolsillo interno para proteger ostom\u00eda | Unisex"},"content":{"rendered":"<p><strong>Es para ti si\u2026<\/strong><\/p>\n<ul>\n<li>Las rozaduras con la bolsa son una molestia.<\/li>\n<li>Tienes la piel irritada por el contacto con la bolsa de ostom\u00eda.<\/li>\n<li>Est\u00e1s buscando una soluci\u00f3n c\u00f3moda para tu vida diaria.<\/li>\n<li>Necesitas una dosis extra de confianza y seguridad con tu bolsa.<\/li>\n<li>Eres de los que la comodidad est\u00e1 por encima de todo.<\/li>\n<li>Buscas una soluci\u00f3n para disimular tu bolsa de ostom\u00eda bajo la ropa.<strong>\u00a0<\/strong><\/li>\n<\/ul>\n<p><strong>Te gustar\u00e1 porque\u2026<\/strong><\/p>\n<ul>\n<li>Tiene un bolsillo interno para preservar la bolsa.<\/li>\n<li>Se adapta al cuerpo gracias a su tejido 95% algod\u00f3n, 5% elast\u00e1n.<\/li>\n<li>Es discreta, solo t\u00fa sabr\u00e1s que la llevas bajo la ropa.<\/li>\n<li>Tanto si te gusta ir ajustado como si lo tuyo son las camisas y pantalones anchos, la banda doble Miss Bowel tiene cabida en tu armario.<\/li>\n<li>El efecto faja es suave, no oprime, lo que permite el llenado de la bolsa.<\/li>\n<li>Es ligera, y confortable.<\/li>\n<\/ul>\n<p><strong>Puedes pon\u00e9rtela\u2026<\/strong><\/p>\n<ul>\n<li>\u00a1Todos los d\u00edas y a todas horas! Para el d\u00eda a d\u00eda es el complemento perfecto.<\/li>\n<li>Para dormir y evitar posibles escapes.<\/li>\n<\/ul>\n<p><strong>Recomendaciones<\/strong><\/p>\n<ul>\n<li>L\u00e1vala a m\u00e1quina todas las veces que quieras. La banda doble Miss Bowel no se estropea.<\/li>\n<li>No te la pongas nunca mojada o h\u00fameda para que tu piel no se irrite.<\/li>\n<li>Si la quieres para hacer deporte, te aconsejamos que cojas una talla que te quede un poco ajustada por medida.<\/li>\n<li>Y si lo tuyo es deporte de alto impacto, el <strong><span style=\"color: #e84545;\"><a style=\"color: #e84545;\" href=\"https:\/\/missbowel.com\/en\/product\/ostomysport\/\"><u>Ostomysport<\/u><\/a>\u00a0<\/span><\/strong>es la opci\u00f3n para ti por el tipo de tejido (neopreno) que tiene.<\/li>\n<\/ul>\n<p><strong>\u00bfDudas con la talla?\u00a0<\/strong><strong>Te damos las pautas para que no te equivoques<\/strong><\/p>\n<p><strong>\u00a0<\/strong>Es muy f\u00e1cil, mide tu cintura y a continuaci\u00f3n busca tu equivalencia en esta tabla<\/p>\n<p>S\u00a0\u00a0\u00a0\u00a0 65cm-79cm<\/p>\n<p>M\u00a0\u00a0\u00a0\u00a0 80cm \u2013 94cm<\/p>\n<p>L\u00a0\u00a0\u00a0\u00a0 95cm \u2013 104cm<\/p>\n<p>XL\u00a0 a partir de 105 cm<\/p>\n<p>Compatible con:<\/p>\n<ul>\n<li>Bolsas ostom\u00eda Coloplast<\/li>\n<li>Bolsas ostom\u00eda Hollister<\/li>\n<li>Bolsas ostom\u00eda Convatec<\/li>\n<li>Bolsas ostom\u00eda Braun<\/li>\n<\/ul>","protected":false},"excerpt":{"rendered":"<p><span style=\"color: #ff0000;\"><strong>Ah\u00f3rrate 6 \u20ac<\/strong>\u00a0y consigue las dos bandas indispensables en tu armario.<\/span><\/p>\n<p>Banda con bolsillo interno para proteger la bolsa de ostom\u00eda y mantenerla aislada del contacto con la piel. Fija tanto la bolsa de colostom\u00eda, ileostom\u00eda como la de urostom\u00eda. Gracias a la elasticidad de la tela, la bolsa queda sujeta, evitando cualquier tipo de desplazamiento sin oprimir. Disponible en negro y beige.<\/p>\n<p>S\u00a0\u00a0\u00a0\u00a0 65cm-79cm<\/p>\n<p>M\u00a0\u00a0\u00a0\u00a0 80cm \u2013 94cm<\/p>\n<p>L\u00a0\u00a0\u00a0\u00a0 95cm \u2013 104cm<\/p>\n<p>XL\u00a0 a partir de 105 cm<\/p>\n<p>&nbsp;<\/p>","protected":false},"featured_media":16807,"comment_status":"open","ping_status":"closed","template":"","meta":[],"product_brand":[],"product_cat":[18,17],"product_tag":[23,24],"class_list":{"0":"post-16802","1":"product","2":"type-product","3":"status-publish","4":"has-post-thumbnail","6":"product_cat-bandas","7":"product_cat-hombre","8":"product_tag-banda","9":"product_tag-faja","11":"first","12":"instock","13":"taxable","14":"shipping-taxable","15":"purchasable","16":"product-type-variable"},"yoast_head":"<!-- This site is optimized with the Yoast SEO plugin v26.5 - https:\/\/yoast.com\/wordpress\/plugins\/seo\/ -->\n<title>Banda con bolsillo interno para cubrir ostom\u00eda | Miss Bowel<\/title>\n<meta name=\"description\" content=\"Banda o faja ligera con bolsillo interno para cubrir y fijar la bolsa de ostom\u00eda de tejido suave. Apta para colostom\u00eda, urostom\u00eda e ileostom\u00eda.\" \/>\n<meta name=\"robots\" content=\"index, follow, max-snippet:-1, max-image-preview:large, max-video-preview:-1\" \/>\n<link rel=\"canonical\" href=\"https:\/\/missbowel.com\/en\/product\/duo-banda-beige-con-bolsillo-interno-para-proteger-ostomia-unisex\/\" \/>\n<meta property=\"og:locale\" content=\"en_GB\" \/>\n<meta property=\"og:type\" content=\"article\" \/>\n<meta property=\"og:title\" content=\"Banda con bolsillo interno para cubrir ostom\u00eda | Miss Bowel\" \/>\n<meta property=\"og:description\" content=\"Banda o faja ligera con bolsillo interno para cubrir y fijar la bolsa de ostom\u00eda de tejido suave. Apta para colostom\u00eda, urostom\u00eda e ileostom\u00eda.\" \/>\n<meta property=\"og:url\" content=\"https:\/\/missbowel.com\/en\/product\/duo-banda-beige-con-bolsillo-interno-para-proteger-ostomia-unisex\/\" \/>\n<meta property=\"og:site_name\" content=\"Miss Bowel\" \/>\n<meta property=\"article:modified_time\" content=\"2026-03-23T17:38:47+00:00\" \/>\n<meta property=\"og:image\" content=\"https:\/\/missbowel.com\/wp-content\/uploads\/1-16.jpeg\" \/>\n\t<meta property=\"og:image:width\" content=\"761\" \/>\n\t<meta property=\"og:image:height\" content=\"761\" \/>\n\t<meta property=\"og:image:type\" content=\"image\/jpeg\" \/>\n<meta name=\"twitter:card\" content=\"summary_large_image\" \/>\n<meta name=\"twitter:label1\" content=\"Estimated reading time\" \/>\n\t<meta name=\"twitter:data1\" content=\"2 minutes\" \/>\n<script type=\"application\/ld+json\" class=\"yoast-schema-graph\">{\"@context\":\"https:\/\/schema.org\",\"@graph\":[{\"@type\":\"WebPage\",\"@id\":\"https:\/\/missbowel.com\/producto\/duo-banda-beige-con-bolsillo-interno-para-proteger-ostomia-unisex\/\",\"url\":\"https:\/\/missbowel.com\/producto\/duo-banda-beige-con-bolsillo-interno-para-proteger-ostomia-unisex\/\",\"name\":\"Banda con bolsillo interno para cubrir ostom\u00eda | Miss Bowel\",\"isPartOf\":{\"@id\":\"https:\/\/missbowel.com\/#website\"},\"primaryImageOfPage\":{\"@id\":\"https:\/\/missbowel.com\/producto\/duo-banda-beige-con-bolsillo-interno-para-proteger-ostomia-unisex\/#primaryimage\"},\"image\":{\"@id\":\"https:\/\/missbowel.com\/producto\/duo-banda-beige-con-bolsillo-interno-para-proteger-ostomia-unisex\/#primaryimage\"},\"thumbnailUrl\":\"https:\/\/missbowel.com\/wp-content\/uploads\/1-16.jpeg\",\"datePublished\":\"2018-01-25T15:29:23+00:00\",\"dateModified\":\"2026-03-23T17:38:47+00:00\",\"description\":\"Banda o faja ligera con bolsillo interno para cubrir y fijar la bolsa de ostom\u00eda de tejido suave. Apta para colostom\u00eda, urostom\u00eda e ileostom\u00eda.\",\"breadcrumb\":{\"@id\":\"https:\/\/missbowel.com\/producto\/duo-banda-beige-con-bolsillo-interno-para-proteger-ostomia-unisex\/#breadcrumb\"},\"inLanguage\":\"en-GB\",\"potentialAction\":[{\"@type\":\"ReadAction\",\"target\":[\"https:\/\/missbowel.com\/producto\/duo-banda-beige-con-bolsillo-interno-para-proteger-ostomia-unisex\/\"]}]},{\"@type\":\"ImageObject\",\"inLanguage\":\"en-GB\",\"@id\":\"https:\/\/missbowel.com\/producto\/duo-banda-beige-con-bolsillo-interno-para-proteger-ostomia-unisex\/#primaryimage\",\"url\":\"https:\/\/missbowel.com\/wp-content\/uploads\/1-16.jpeg\",\"contentUrl\":\"https:\/\/missbowel.com\/wp-content\/uploads\/1-16.jpeg\",\"width\":761,\"height\":761,\"caption\":\"Duo banda ostom\u00edas\"},{\"@type\":\"BreadcrumbList\",\"@id\":\"https:\/\/missbowel.com\/producto\/duo-banda-beige-con-bolsillo-interno-para-proteger-ostomia-unisex\/#breadcrumb\",\"itemListElement\":[{\"@type\":\"ListItem\",\"position\":1,\"name\":\"Portada\",\"item\":\"https:\/\/missbowel.com\/\"},{\"@type\":\"ListItem\",\"position\":2,\"name\":\"Tienda ostom\u00edas\",\"item\":\"https:\/\/missbowel.com\/tienda-ostomias\/\"},{\"@type\":\"ListItem\",\"position\":3,\"name\":\"Duo banda beige con bolsillo interno para proteger ostom\u00eda | Unisex\"}]},{\"@type\":\"WebSite\",\"@id\":\"https:\/\/missbowel.com\/#website\",\"url\":\"https:\/\/missbowel.com\/\",\"name\":\"Miss Bowel\",\"description\":\"Productos para ostomias\",\"potentialAction\":[{\"@type\":\"SearchAction\",\"target\":{\"@type\":\"EntryPoint\",\"urlTemplate\":\"https:\/\/missbowel.com\/?s={search_term_string}\"},\"query-input\":{\"@type\":\"PropertyValueSpecification\",\"valueRequired\":true,\"valueName\":\"search_term_string\"}}],\"inLanguage\":\"en-GB\"}]}<\/script>\n<!-- \/ Yoast SEO plugin. -->","yoast_head_json":{"title":"Banda con bolsillo interno para cubrir ostom\u00eda | Miss Bowel","description":"Banda o faja ligera con bolsillo interno para cubrir y fijar la bolsa de ostom\u00eda de tejido suave. Apta para colostom\u00eda, urostom\u00eda e ileostom\u00eda.","robots":{"index":"index","follow":"follow","max-snippet":"max-snippet:-1","max-image-preview":"max-image-preview:large","max-video-preview":"max-video-preview:-1"},"canonical":"https:\/\/missbowel.com\/en\/product\/duo-banda-beige-con-bolsillo-interno-para-proteger-ostomia-unisex\/","og_locale":"en_GB","og_type":"article","og_title":"Banda con bolsillo interno para cubrir ostom\u00eda | Miss Bowel","og_description":"Banda o faja ligera con bolsillo interno para cubrir y fijar la bolsa de ostom\u00eda de tejido suave. Apta para colostom\u00eda, urostom\u00eda e ileostom\u00eda.","og_url":"https:\/\/missbowel.com\/en\/product\/duo-banda-beige-con-bolsillo-interno-para-proteger-ostomia-unisex\/","og_site_name":"Miss Bowel","article_modified_time":"2026-03-23T17:38:47+00:00","og_image":[{"width":761,"height":761,"url":"https:\/\/missbowel.com\/wp-content\/uploads\/1-16.jpeg","type":"image\/jpeg"}],"twitter_card":"summary_large_image","twitter_misc":{"Estimated reading time":"2 minutes"},"schema":{"@context":"https:\/\/schema.org","@graph":[{"@type":"WebPage","@id":"https:\/\/missbowel.com\/producto\/duo-banda-beige-con-bolsillo-interno-para-proteger-ostomia-unisex\/","url":"https:\/\/missbowel.com\/producto\/duo-banda-beige-con-bolsillo-interno-para-proteger-ostomia-unisex\/","name":"Banda con bolsillo interno para cubrir ostom\u00eda | Miss Bowel","isPartOf":{"@id":"https:\/\/missbowel.com\/#website"},"primaryImageOfPage":{"@id":"https:\/\/missbowel.com\/producto\/duo-banda-beige-con-bolsillo-interno-para-proteger-ostomia-unisex\/#primaryimage"},"image":{"@id":"https:\/\/missbowel.com\/producto\/duo-banda-beige-con-bolsillo-interno-para-proteger-ostomia-unisex\/#primaryimage"},"thumbnailUrl":"https:\/\/missbowel.com\/wp-content\/uploads\/1-16.jpeg","datePublished":"2018-01-25T15:29:23+00:00","dateModified":"2026-03-23T17:38:47+00:00","description":"Banda o faja ligera con bolsillo interno para cubrir y fijar la bolsa de ostom\u00eda de tejido suave. Apta para colostom\u00eda, urostom\u00eda e ileostom\u00eda.","breadcrumb":{"@id":"https:\/\/missbowel.com\/producto\/duo-banda-beige-con-bolsillo-interno-para-proteger-ostomia-unisex\/#breadcrumb"},"inLanguage":"en-GB","potentialAction":[{"@type":"ReadAction","target":["https:\/\/missbowel.com\/producto\/duo-banda-beige-con-bolsillo-interno-para-proteger-ostomia-unisex\/"]}]},{"@type":"ImageObject","inLanguage":"en-GB","@id":"https:\/\/missbowel.com\/producto\/duo-banda-beige-con-bolsillo-interno-para-proteger-ostomia-unisex\/#primaryimage","url":"https:\/\/missbowel.com\/wp-content\/uploads\/1-16.jpeg","contentUrl":"https:\/\/missbowel.com\/wp-content\/uploads\/1-16.jpeg","width":761,"height":761,"caption":"Duo banda ostom\u00edas"},{"@type":"BreadcrumbList","@id":"https:\/\/missbowel.com\/producto\/duo-banda-beige-con-bolsillo-interno-para-proteger-ostomia-unisex\/#breadcrumb","itemListElement":[{"@type":"ListItem","position":1,"name":"Portada","item":"https:\/\/missbowel.com\/"},{"@type":"ListItem","position":2,"name":"Tienda ostom\u00edas","item":"https:\/\/missbowel.com\/tienda-ostomias\/"},{"@type":"ListItem","position":3,"name":"Duo banda beige con bolsillo interno para proteger ostom\u00eda | Unisex"}]},{"@type":"WebSite","@id":"https:\/\/missbowel.com\/#website","url":"https:\/\/missbowel.com\/","name":"Miss Bowel","description":"Productos para ostomias","potentialAction":[{"@type":"SearchAction","target":{"@type":"EntryPoint","urlTemplate":"https:\/\/missbowel.com\/?s={search_term_string}"},"query-input":{"@type":"PropertyValueSpecification","valueRequired":true,"valueName":"search_term_string"}}],"inLanguage":"en-GB"}]}},"_links":{"self":[{"href":"https:\/\/missbowel.com\/en\/wp-json\/wp\/v2\/product\/16802","targetHints":{"allow":["GET"]}}],"collection":[{"href":"https:\/\/missbowel.com\/en\/wp-json\/wp\/v2\/product"}],"about":[{"href":"https:\/\/missbowel.com\/en\/wp-json\/wp\/v2\/types\/product"}],"replies":[{"embeddable":true,"href":"https:\/\/missbowel.com\/en\/wp-json\/wp\/v2\/comments?post=16802"}],"wp:featuredmedia":[{"embeddable":true,"href":"https:\/\/missbowel.com\/en\/wp-json\/wp\/v2\/media\/16807"}],"wp:attachment":[{"href":"https:\/\/missbowel.com\/en\/wp-json\/wp\/v2\/media?parent=16802"}],"wp:term":[{"taxonomy":"product_brand","embeddable":true,"href":"https:\/\/missbowel.com\/en\/wp-json\/wp\/v2\/product_brand?post=16802"},{"taxonomy":"product_cat","embeddable":true,"href":"https:\/\/missbowel.com\/en\/wp-json\/wp\/v2\/product_cat?post=16802"},{"taxonomy":"product_tag","embeddable":true,"href":"https:\/\/missbowel.com\/en\/wp-json\/wp\/v2\/product_tag?post=16802"}],"curies":[{"name":"wp","href":"https:\/\/api.w.org\/{rel}","templated":true}]}}