{"id":24251,"date":"2020-10-30T17:22:24","date_gmt":"2020-10-30T16:22:24","guid":{"rendered":"https:\/\/missbowel.com\/?post_type=product&#038;p=24251"},"modified":"2025-04-28T11:15:23","modified_gmt":"2025-04-28T09:15:23","slug":"recetas-sin-fibra","status":"publish","type":"product","link":"https:\/\/missbowel.com\/en\/product\/recetas-sin-fibra\/","title":{"rendered":"RECETAS SIN FIBRA"},"content":{"rendered":"<h1 class=\"text-h5 mb-2\" data-v-09c423a5=\"\"><span style=\"font-size: 18pt;\">COMER RICO Y SIN RESIDUOS TAMBIEN ES POSIBLE<\/span><\/h1>\n<p>\u00bfSin fibra, no hay para\u00edso? Un dieta baja en residuos dejar\u00e1 de ser el triste plato de arroz hervido con pechuga de pollo. En estas p\u00e1ginas no s\u00f3lo encontrar\u00e1s muchas recetas sanas y deliciosas; llenas de color, vitaminas y otros nutrientes. Sino que tambien aprender\u00e1s a conocer que alimentos y c\u00f3mo cocinarlos para ayudarte a disminuir los molestos s\u00edntomas que acompa\u00f1an la enfermedad: gases, diarrea, n\u00e1useas, pesadez, inflamaci\u00f3n, . Como dec\u00eda Hip\u00f3crates muy sabiamente: Que la comida sea tu alimento y el alimento, tu medicina&#8221;.<\/p>\n<div>\u00a0<\/div>","protected":false},"excerpt":{"rendered":"<p>RECETAS SIN FIBRA<\/p>\n<p>Autora: Judit Soto<\/p>","protected":false},"featured_media":24261,"comment_status":"open","ping_status":"closed","template":"","meta":[],"product_brand":[],"product_cat":[84],"product_tag":[],"class_list":{"0":"post-24251","1":"product","2":"type-product","3":"status-publish","4":"has-post-thumbnail","6":"product_cat-e-books","8":"first","9":"instock","10":"taxable","11":"shipping-taxable","12":"purchasable","13":"product-type-simple"},"yoast_head":"<!-- This site is optimized with the Yoast SEO plugin v26.5 - https:\/\/yoast.com\/wordpress\/plugins\/seo\/ -->\n<title>Recetas sin fibra por Judit Soto<\/title>\n<meta name=\"robots\" content=\"index, follow, max-snippet:-1, max-image-preview:large, max-video-preview:-1\" \/>\n<link rel=\"canonical\" href=\"https:\/\/missbowel.com\/en\/product\/recetas-sin-fibra\/\" \/>\n<meta property=\"og:locale\" content=\"en_GB\" \/>\n<meta property=\"og:type\" content=\"article\" \/>\n<meta property=\"og:title\" content=\"Recetas sin fibra por Judit Soto\" \/>\n<meta property=\"og:description\" content=\"RECETAS SIN FIBRA Autora: Judit Soto\" \/>\n<meta property=\"og:url\" content=\"https:\/\/missbowel.com\/en\/product\/recetas-sin-fibra\/\" \/>\n<meta property=\"og:site_name\" content=\"Miss Bowel\" \/>\n<meta property=\"article:modified_time\" content=\"2025-04-28T09:15:23+00:00\" \/>\n<meta property=\"og:image\" content=\"https:\/\/missbowel.com\/wp-content\/uploads\/0-1-1.jpg\" \/>\n\t<meta property=\"og:image:width\" content=\"820\" \/>\n\t<meta property=\"og:image:height\" content=\"820\" \/>\n\t<meta property=\"og:image:type\" content=\"image\/jpeg\" \/>\n<meta name=\"twitter:card\" content=\"summary_large_image\" \/>\n<meta name=\"twitter:label1\" content=\"Estimated reading time\" \/>\n\t<meta name=\"twitter:data1\" content=\"1 minute\" \/>\n<script type=\"application\/ld+json\" class=\"yoast-schema-graph\">{\"@context\":\"https:\/\/schema.org\",\"@graph\":[{\"@type\":\"WebPage\",\"@id\":\"https:\/\/missbowel.com\/producto\/recetas-sin-fibra\/\",\"url\":\"https:\/\/missbowel.com\/producto\/recetas-sin-fibra\/\",\"name\":\"Recetas sin fibra por Judit Soto\",\"isPartOf\":{\"@id\":\"https:\/\/missbowel.com\/#website\"},\"primaryImageOfPage\":{\"@id\":\"https:\/\/missbowel.com\/producto\/recetas-sin-fibra\/#primaryimage\"},\"image\":{\"@id\":\"https:\/\/missbowel.com\/producto\/recetas-sin-fibra\/#primaryimage\"},\"thumbnailUrl\":\"https:\/\/missbowel.com\/wp-content\/uploads\/0-1-1.jpg\",\"datePublished\":\"2020-10-30T16:22:24+00:00\",\"dateModified\":\"2025-04-28T09:15:23+00:00\",\"breadcrumb\":{\"@id\":\"https:\/\/missbowel.com\/producto\/recetas-sin-fibra\/#breadcrumb\"},\"inLanguage\":\"en-GB\",\"potentialAction\":[{\"@type\":\"ReadAction\",\"target\":[\"https:\/\/missbowel.com\/producto\/recetas-sin-fibra\/\"]}]},{\"@type\":\"ImageObject\",\"inLanguage\":\"en-GB\",\"@id\":\"https:\/\/missbowel.com\/producto\/recetas-sin-fibra\/#primaryimage\",\"url\":\"https:\/\/missbowel.com\/wp-content\/uploads\/0-1-1.jpg\",\"contentUrl\":\"https:\/\/missbowel.com\/wp-content\/uploads\/0-1-1.jpg\",\"width\":820,\"height\":820,\"caption\":\"Recetas sin fibra\"},{\"@type\":\"BreadcrumbList\",\"@id\":\"https:\/\/missbowel.com\/producto\/recetas-sin-fibra\/#breadcrumb\",\"itemListElement\":[{\"@type\":\"ListItem\",\"position\":1,\"name\":\"Portada\",\"item\":\"https:\/\/missbowel.com\/\"},{\"@type\":\"ListItem\",\"position\":2,\"name\":\"Tienda ostom\u00edas\",\"item\":\"https:\/\/missbowel.com\/tienda-ostomias\/\"},{\"@type\":\"ListItem\",\"position\":3,\"name\":\"RECETAS SIN FIBRA\"}]},{\"@type\":\"WebSite\",\"@id\":\"https:\/\/missbowel.com\/#website\",\"url\":\"https:\/\/missbowel.com\/\",\"name\":\"Miss Bowel\",\"description\":\"Productos para ostomias\",\"potentialAction\":[{\"@type\":\"SearchAction\",\"target\":{\"@type\":\"EntryPoint\",\"urlTemplate\":\"https:\/\/missbowel.com\/?s={search_term_string}\"},\"query-input\":{\"@type\":\"PropertyValueSpecification\",\"valueRequired\":true,\"valueName\":\"search_term_string\"}}],\"inLanguage\":\"en-GB\"}]}<\/script>\n<!-- \/ Yoast SEO plugin. -->","yoast_head_json":{"title":"Recetas sin fibra por Judit Soto","robots":{"index":"index","follow":"follow","max-snippet":"max-snippet:-1","max-image-preview":"max-image-preview:large","max-video-preview":"max-video-preview:-1"},"canonical":"https:\/\/missbowel.com\/en\/product\/recetas-sin-fibra\/","og_locale":"en_GB","og_type":"article","og_title":"Recetas sin fibra por Judit Soto","og_description":"RECETAS SIN FIBRA Autora: Judit Soto","og_url":"https:\/\/missbowel.com\/en\/product\/recetas-sin-fibra\/","og_site_name":"Miss Bowel","article_modified_time":"2025-04-28T09:15:23+00:00","og_image":[{"width":820,"height":820,"url":"https:\/\/missbowel.com\/wp-content\/uploads\/0-1-1.jpg","type":"image\/jpeg"}],"twitter_card":"summary_large_image","twitter_misc":{"Estimated reading time":"1 minute"},"schema":{"@context":"https:\/\/schema.org","@graph":[{"@type":"WebPage","@id":"https:\/\/missbowel.com\/producto\/recetas-sin-fibra\/","url":"https:\/\/missbowel.com\/producto\/recetas-sin-fibra\/","name":"Recetas sin fibra por Judit Soto","isPartOf":{"@id":"https:\/\/missbowel.com\/#website"},"primaryImageOfPage":{"@id":"https:\/\/missbowel.com\/producto\/recetas-sin-fibra\/#primaryimage"},"image":{"@id":"https:\/\/missbowel.com\/producto\/recetas-sin-fibra\/#primaryimage"},"thumbnailUrl":"https:\/\/missbowel.com\/wp-content\/uploads\/0-1-1.jpg","datePublished":"2020-10-30T16:22:24+00:00","dateModified":"2025-04-28T09:15:23+00:00","breadcrumb":{"@id":"https:\/\/missbowel.com\/producto\/recetas-sin-fibra\/#breadcrumb"},"inLanguage":"en-GB","potentialAction":[{"@type":"ReadAction","target":["https:\/\/missbowel.com\/producto\/recetas-sin-fibra\/"]}]},{"@type":"ImageObject","inLanguage":"en-GB","@id":"https:\/\/missbowel.com\/producto\/recetas-sin-fibra\/#primaryimage","url":"https:\/\/missbowel.com\/wp-content\/uploads\/0-1-1.jpg","contentUrl":"https:\/\/missbowel.com\/wp-content\/uploads\/0-1-1.jpg","width":820,"height":820,"caption":"Recetas sin fibra"},{"@type":"BreadcrumbList","@id":"https:\/\/missbowel.com\/producto\/recetas-sin-fibra\/#breadcrumb","itemListElement":[{"@type":"ListItem","position":1,"name":"Portada","item":"https:\/\/missbowel.com\/"},{"@type":"ListItem","position":2,"name":"Tienda ostom\u00edas","item":"https:\/\/missbowel.com\/tienda-ostomias\/"},{"@type":"ListItem","position":3,"name":"RECETAS SIN FIBRA"}]},{"@type":"WebSite","@id":"https:\/\/missbowel.com\/#website","url":"https:\/\/missbowel.com\/","name":"Miss Bowel","description":"Productos para ostomias","potentialAction":[{"@type":"SearchAction","target":{"@type":"EntryPoint","urlTemplate":"https:\/\/missbowel.com\/?s={search_term_string}"},"query-input":{"@type":"PropertyValueSpecification","valueRequired":true,"valueName":"search_term_string"}}],"inLanguage":"en-GB"}]}},"_links":{"self":[{"href":"https:\/\/missbowel.com\/en\/wp-json\/wp\/v2\/product\/24251","targetHints":{"allow":["GET"]}}],"collection":[{"href":"https:\/\/missbowel.com\/en\/wp-json\/wp\/v2\/product"}],"about":[{"href":"https:\/\/missbowel.com\/en\/wp-json\/wp\/v2\/types\/product"}],"replies":[{"embeddable":true,"href":"https:\/\/missbowel.com\/en\/wp-json\/wp\/v2\/comments?post=24251"}],"wp:featuredmedia":[{"embeddable":true,"href":"https:\/\/missbowel.com\/en\/wp-json\/wp\/v2\/media\/24261"}],"wp:attachment":[{"href":"https:\/\/missbowel.com\/en\/wp-json\/wp\/v2\/media?parent=24251"}],"wp:term":[{"taxonomy":"product_brand","embeddable":true,"href":"https:\/\/missbowel.com\/en\/wp-json\/wp\/v2\/product_brand?post=24251"},{"taxonomy":"product_cat","embeddable":true,"href":"https:\/\/missbowel.com\/en\/wp-json\/wp\/v2\/product_cat?post=24251"},{"taxonomy":"product_tag","embeddable":true,"href":"https:\/\/missbowel.com\/en\/wp-json\/wp\/v2\/product_tag?post=24251"}],"curies":[{"name":"wp","href":"https:\/\/api.w.org\/{rel}","templated":true}]}}