{"id":24442,"date":"2020-12-21T14:49:28","date_gmt":"2020-12-21T13:49:28","guid":{"rendered":"https:\/\/missbowel.com\/?post_type=product&#038;p=24442"},"modified":"2025-01-31T21:12:18","modified_gmt":"2025-01-31T20:12:18","slug":"100-preguntas-y-respuestas-sobre-la-eii","status":"publish","type":"product","link":"https:\/\/missbowel.com\/en\/product\/100-preguntas-y-respuestas-sobre-la-eii\/","title":{"rendered":"eBook 100 preguntas y respuestas sobre la EII"},"content":{"rendered":"<p>eBook\u00a0 100 preguntas y respuestas sobre las EII<\/p>\n<p>Autoras: Ester Navarro y Laura Ma\u00edn. Enfermeras de Pr\u00e1ctica Avanzada en la Enfermedad Inflamatoria Intestinal<\/p>\n<p>N\u00ba de p\u00e1ginas : 65<\/p>\n<p>-Introducci\u00f3n<\/p>\n<p>-Diccionario breve para entender lo que nos explican en las consultas<\/p>\n<p>-Preguntas frecuentes que realizan los pacientes en las consultas de EI<\/p>\n<ul>\n<li>Sobre anatom\u00eda y funcionamiento del sistema digestivo<\/li>\n<li>Sobre la enfermedad<\/li>\n<li>Sobre las pruebas de diagn\u00f3sticas<\/li>\n<li>Sobre el tratamiento<\/li>\n<li>Sobre h\u00e1bitos de vida saludable<\/li>\n<li>Sobre calidad de Vida<\/li>\n<li>Sobre embarazo y sexualidad<\/li>\n<li>Sobre viajar con una EII<\/li>\n<li>Sobre aspectos laborales<\/li>\n<li>Sobre ni\u00f1os y adolescentes<\/li>\n<li>Sobre asociaciones de pacientes<\/li>\n<li>Sobre donde encontrar informaci\u00f3n fiable<\/li>\n<\/ul>\n<p>-Bibliograf\u00eda<\/p>\n<p>&nbsp;<\/p>\n<p>&nbsp;<\/p>","protected":false},"excerpt":{"rendered":"<h4 style=\"margin-bottom: 30px;\"><span style=\"color: #000000;\"><strong><span style=\"color: #ff0000;\">E-Book\u00a0<\/span><\/strong><\/span><\/h4>\n<p>Autoras: Laura Mar\u00edn y Ester Navarro<\/p>\n<h3><span style=\"color: #003366; font-size: 14pt;\">Un libro imprescindible y pr\u00e1ctico para entender lo que nos explican en las consultas m\u00e9dicas<\/span><\/h3>\n<p>Ambas pensamos que dar informaci\u00f3n es regalar salud, regalar autocontrol, autonom\u00eda e incluso libertad.<\/p>\n<p>Hemos querido recopilar las<strong> preguntas m\u00e1s frecuentes<\/strong> con las que nos encontramos en nuestra consulta.<\/p>\n<p>Adem\u00e1s de crear <strong>un peque\u00f1o diccionario<\/strong> con terminolog\u00eda que en muchas ocasiones dificulta entender un informe o la explicaci\u00f3n de alg\u00fan profesional que da por hecho que todos conocemos.<\/p>\n<h4 style=\"margin-bottom: 30px;\"><span style=\"color: #000000;\">Tres formatos, escoge el que prefieras (mobi, epub, pdf)<\/span><\/h4>\n<p>&nbsp;<\/p>\n<p>&nbsp;<\/p>\n<h4 style=\"margin-bottom: 30px;\">\u00a0<\/h4>","protected":false},"featured_media":24456,"comment_status":"open","ping_status":"closed","template":"","meta":[],"product_brand":[],"product_cat":[84],"product_tag":[],"class_list":{"0":"post-24442","1":"product","2":"type-product","3":"status-publish","4":"has-post-thumbnail","6":"product_cat-e-books","8":"first","9":"instock","10":"downloadable","11":"virtual","12":"taxable","13":"purchasable","14":"product-type-simple"},"yoast_head":"<!-- This site is optimized with the Yoast SEO plugin v26.5 - https:\/\/yoast.com\/wordpress\/plugins\/seo\/ -->\n<title>eBook 100 preguntas y respuestas sobre la EII - Miss Bowel<\/title>\n<meta name=\"robots\" content=\"index, follow, max-snippet:-1, max-image-preview:large, max-video-preview:-1\" \/>\n<link rel=\"canonical\" href=\"https:\/\/missbowel.com\/en\/product\/100-preguntas-y-respuestas-sobre-la-eii\/\" \/>\n<meta property=\"og:locale\" content=\"en_GB\" \/>\n<meta property=\"og:type\" content=\"article\" \/>\n<meta property=\"og:title\" content=\"eBook 100 preguntas y respuestas sobre la EII - Miss Bowel\" \/>\n<meta property=\"og:description\" content=\"E-Book\u00a0 Autoras: Laura Mar\u00edn y Ester Navarro Un libro imprescindible y pr\u00e1ctico para entender lo que nos explican en las consultas m\u00e9dicas Ambas pensamos que dar informaci\u00f3n es regalar salud, regalar autocontrol, autonom\u00eda e incluso libertad. Hemos querido recopilar las preguntas m\u00e1s frecuentes con las que nos encontramos en nuestra consulta. Adem\u00e1s de crear un peque\u00f1o diccionario con terminolog\u00eda que en muchas ocasiones dificulta entender un informe o la explicaci\u00f3n de alg\u00fan profesional que da por hecho que todos conocemos. Tres formatos, escoge el que prefieras (mobi, epub, pdf) &nbsp; &nbsp; \u00a0\" \/>\n<meta property=\"og:url\" content=\"https:\/\/missbowel.com\/en\/product\/100-preguntas-y-respuestas-sobre-la-eii\/\" \/>\n<meta property=\"og:site_name\" content=\"Miss Bowel\" \/>\n<meta property=\"article:modified_time\" content=\"2025-01-31T20:12:18+00:00\" \/>\n<meta property=\"og:image\" content=\"https:\/\/missbowel.com\/wp-content\/uploads\/eBook-Crohn.png\" \/>\n\t<meta property=\"og:image:width\" content=\"1080\" \/>\n\t<meta property=\"og:image:height\" content=\"1080\" \/>\n\t<meta property=\"og:image:type\" content=\"image\/png\" \/>\n<meta name=\"twitter:card\" content=\"summary_large_image\" \/>\n<meta name=\"twitter:label1\" content=\"Estimated reading time\" \/>\n\t<meta name=\"twitter:data1\" content=\"1 minute\" \/>\n<script type=\"application\/ld+json\" class=\"yoast-schema-graph\">{\"@context\":\"https:\/\/schema.org\",\"@graph\":[{\"@type\":\"WebPage\",\"@id\":\"https:\/\/missbowel.com\/producto\/100-preguntas-y-respuestas-sobre-la-eii\/\",\"url\":\"https:\/\/missbowel.com\/producto\/100-preguntas-y-respuestas-sobre-la-eii\/\",\"name\":\"eBook 100 preguntas y respuestas sobre la EII - Miss Bowel\",\"isPartOf\":{\"@id\":\"https:\/\/missbowel.com\/#website\"},\"primaryImageOfPage\":{\"@id\":\"https:\/\/missbowel.com\/producto\/100-preguntas-y-respuestas-sobre-la-eii\/#primaryimage\"},\"image\":{\"@id\":\"https:\/\/missbowel.com\/producto\/100-preguntas-y-respuestas-sobre-la-eii\/#primaryimage\"},\"thumbnailUrl\":\"https:\/\/missbowel.com\/wp-content\/uploads\/eBook-Crohn.png\",\"datePublished\":\"2020-12-21T13:49:28+00:00\",\"dateModified\":\"2025-01-31T20:12:18+00:00\",\"breadcrumb\":{\"@id\":\"https:\/\/missbowel.com\/producto\/100-preguntas-y-respuestas-sobre-la-eii\/#breadcrumb\"},\"inLanguage\":\"en-GB\",\"potentialAction\":[{\"@type\":\"ReadAction\",\"target\":[\"https:\/\/missbowel.com\/producto\/100-preguntas-y-respuestas-sobre-la-eii\/\"]}]},{\"@type\":\"ImageObject\",\"inLanguage\":\"en-GB\",\"@id\":\"https:\/\/missbowel.com\/producto\/100-preguntas-y-respuestas-sobre-la-eii\/#primaryimage\",\"url\":\"https:\/\/missbowel.com\/wp-content\/uploads\/eBook-Crohn.png\",\"contentUrl\":\"https:\/\/missbowel.com\/wp-content\/uploads\/eBook-Crohn.png\",\"width\":1080,\"height\":1080,\"caption\":\"Crohn\"},{\"@type\":\"BreadcrumbList\",\"@id\":\"https:\/\/missbowel.com\/producto\/100-preguntas-y-respuestas-sobre-la-eii\/#breadcrumb\",\"itemListElement\":[{\"@type\":\"ListItem\",\"position\":1,\"name\":\"Portada\",\"item\":\"https:\/\/missbowel.com\/\"},{\"@type\":\"ListItem\",\"position\":2,\"name\":\"Tienda ostom\u00edas\",\"item\":\"https:\/\/missbowel.com\/tienda-ostomias\/\"},{\"@type\":\"ListItem\",\"position\":3,\"name\":\"eBook 100 preguntas y respuestas sobre la EII\"}]},{\"@type\":\"WebSite\",\"@id\":\"https:\/\/missbowel.com\/#website\",\"url\":\"https:\/\/missbowel.com\/\",\"name\":\"Miss Bowel\",\"description\":\"Productos para ostomias\",\"potentialAction\":[{\"@type\":\"SearchAction\",\"target\":{\"@type\":\"EntryPoint\",\"urlTemplate\":\"https:\/\/missbowel.com\/?s={search_term_string}\"},\"query-input\":{\"@type\":\"PropertyValueSpecification\",\"valueRequired\":true,\"valueName\":\"search_term_string\"}}],\"inLanguage\":\"en-GB\"}]}<\/script>\n<!-- \/ Yoast SEO plugin. -->","yoast_head_json":{"title":"eBook 100 preguntas y respuestas sobre la EII - Miss Bowel","robots":{"index":"index","follow":"follow","max-snippet":"max-snippet:-1","max-image-preview":"max-image-preview:large","max-video-preview":"max-video-preview:-1"},"canonical":"https:\/\/missbowel.com\/en\/product\/100-preguntas-y-respuestas-sobre-la-eii\/","og_locale":"en_GB","og_type":"article","og_title":"eBook 100 preguntas y respuestas sobre la EII - Miss Bowel","og_description":"E-Book\u00a0 Autoras: Laura Mar\u00edn y Ester Navarro Un libro imprescindible y pr\u00e1ctico para entender lo que nos explican en las consultas m\u00e9dicas Ambas pensamos que dar informaci\u00f3n es regalar salud, regalar autocontrol, autonom\u00eda e incluso libertad. Hemos querido recopilar las preguntas m\u00e1s frecuentes con las que nos encontramos en nuestra consulta. Adem\u00e1s de crear un peque\u00f1o diccionario con terminolog\u00eda que en muchas ocasiones dificulta entender un informe o la explicaci\u00f3n de alg\u00fan profesional que da por hecho que todos conocemos. Tres formatos, escoge el que prefieras (mobi, epub, pdf) &nbsp; &nbsp; \u00a0","og_url":"https:\/\/missbowel.com\/en\/product\/100-preguntas-y-respuestas-sobre-la-eii\/","og_site_name":"Miss Bowel","article_modified_time":"2025-01-31T20:12:18+00:00","og_image":[{"width":1080,"height":1080,"url":"https:\/\/missbowel.com\/wp-content\/uploads\/eBook-Crohn.png","type":"image\/png"}],"twitter_card":"summary_large_image","twitter_misc":{"Estimated reading time":"1 minute"},"schema":{"@context":"https:\/\/schema.org","@graph":[{"@type":"WebPage","@id":"https:\/\/missbowel.com\/producto\/100-preguntas-y-respuestas-sobre-la-eii\/","url":"https:\/\/missbowel.com\/producto\/100-preguntas-y-respuestas-sobre-la-eii\/","name":"eBook 100 preguntas y respuestas sobre la EII - Miss Bowel","isPartOf":{"@id":"https:\/\/missbowel.com\/#website"},"primaryImageOfPage":{"@id":"https:\/\/missbowel.com\/producto\/100-preguntas-y-respuestas-sobre-la-eii\/#primaryimage"},"image":{"@id":"https:\/\/missbowel.com\/producto\/100-preguntas-y-respuestas-sobre-la-eii\/#primaryimage"},"thumbnailUrl":"https:\/\/missbowel.com\/wp-content\/uploads\/eBook-Crohn.png","datePublished":"2020-12-21T13:49:28+00:00","dateModified":"2025-01-31T20:12:18+00:00","breadcrumb":{"@id":"https:\/\/missbowel.com\/producto\/100-preguntas-y-respuestas-sobre-la-eii\/#breadcrumb"},"inLanguage":"en-GB","potentialAction":[{"@type":"ReadAction","target":["https:\/\/missbowel.com\/producto\/100-preguntas-y-respuestas-sobre-la-eii\/"]}]},{"@type":"ImageObject","inLanguage":"en-GB","@id":"https:\/\/missbowel.com\/producto\/100-preguntas-y-respuestas-sobre-la-eii\/#primaryimage","url":"https:\/\/missbowel.com\/wp-content\/uploads\/eBook-Crohn.png","contentUrl":"https:\/\/missbowel.com\/wp-content\/uploads\/eBook-Crohn.png","width":1080,"height":1080,"caption":"Crohn"},{"@type":"BreadcrumbList","@id":"https:\/\/missbowel.com\/producto\/100-preguntas-y-respuestas-sobre-la-eii\/#breadcrumb","itemListElement":[{"@type":"ListItem","position":1,"name":"Portada","item":"https:\/\/missbowel.com\/"},{"@type":"ListItem","position":2,"name":"Tienda ostom\u00edas","item":"https:\/\/missbowel.com\/tienda-ostomias\/"},{"@type":"ListItem","position":3,"name":"eBook 100 preguntas y respuestas sobre la EII"}]},{"@type":"WebSite","@id":"https:\/\/missbowel.com\/#website","url":"https:\/\/missbowel.com\/","name":"Miss Bowel","description":"Productos para ostomias","potentialAction":[{"@type":"SearchAction","target":{"@type":"EntryPoint","urlTemplate":"https:\/\/missbowel.com\/?s={search_term_string}"},"query-input":{"@type":"PropertyValueSpecification","valueRequired":true,"valueName":"search_term_string"}}],"inLanguage":"en-GB"}]}},"_links":{"self":[{"href":"https:\/\/missbowel.com\/en\/wp-json\/wp\/v2\/product\/24442","targetHints":{"allow":["GET"]}}],"collection":[{"href":"https:\/\/missbowel.com\/en\/wp-json\/wp\/v2\/product"}],"about":[{"href":"https:\/\/missbowel.com\/en\/wp-json\/wp\/v2\/types\/product"}],"replies":[{"embeddable":true,"href":"https:\/\/missbowel.com\/en\/wp-json\/wp\/v2\/comments?post=24442"}],"wp:featuredmedia":[{"embeddable":true,"href":"https:\/\/missbowel.com\/en\/wp-json\/wp\/v2\/media\/24456"}],"wp:attachment":[{"href":"https:\/\/missbowel.com\/en\/wp-json\/wp\/v2\/media?parent=24442"}],"wp:term":[{"taxonomy":"product_brand","embeddable":true,"href":"https:\/\/missbowel.com\/en\/wp-json\/wp\/v2\/product_brand?post=24442"},{"taxonomy":"product_cat","embeddable":true,"href":"https:\/\/missbowel.com\/en\/wp-json\/wp\/v2\/product_cat?post=24442"},{"taxonomy":"product_tag","embeddable":true,"href":"https:\/\/missbowel.com\/en\/wp-json\/wp\/v2\/product_tag?post=24442"}],"curies":[{"name":"wp","href":"https:\/\/api.w.org\/{rel}","templated":true}]}}