{"id":26341,"date":"2022-07-07T20:48:57","date_gmt":"2022-07-07T18:48:57","guid":{"rendered":"https:\/\/missbowel.com\/?post_type=product&#038;p=26341"},"modified":"2025-12-04T12:20:08","modified_gmt":"2025-12-04T11:20:08","slug":"braguita-de-bikini-coral","status":"publish","type":"product","link":"https:\/\/missbowel.com\/en\/product\/braguita-de-bikini-coral\/","title":{"rendered":"Braguita de bikini coral"},"content":{"rendered":"<p>&nbsp;<\/p>\n<p><strong>Compatible con:<\/strong><\/p>\n<p>Bolsas ostom\u00eda Coloplast<\/p>\n<p>Bolsas ostom\u00eda Hollister<\/p>\n<p>Bolsas ostom\u00eda Convatec<\/p>\n<p>Bolsas ostom\u00eda Braun<\/p>\n<p><strong>Informaci\u00f3n adicional<br \/>\n<\/strong>Peso: 40g<\/p>","protected":false},"excerpt":{"rendered":"<p><span style=\"color: #000000;\">Braguita de bikini\u00a0 confeccionada en lycra y forrada por dentro con una tela de textura suave y delicada pensada para cubrir, fijar y proteger la bolsa de colostom\u00eda, ileostom\u00eda o urostom\u00eda durante el ba\u00f1o. Posee un bolsillo interno compatible con ostom\u00edas a ambos lados del abdomen que ayuda a evitar cualquier tipo de desplazamiento de la bolsa y evitar el roce del dispositivo con la piel. La cintura alta ofrece un extra de seguridad, la braguita de bikini cubre la bolsa en su totalidad sin tener que mostrarla si no se desea.<\/span><\/p>\n<p><span style=\"color: #000000;\">El bikini de Miss Bowel proporciona seguridad y confort durante el ba\u00f1o y las actividades en el agua.<br \/>\n<\/span><\/p>\n<p>Mide tu cintura y elige tu talla:<\/p>\n<p>S\u00a0\u00a0\u00a0\u00a0 65cm-79cm\u00a0<\/p>\n<p>M\u00a0\u00a0\u00a0\u00a0 80cm \u2013 89cm\u00a0<\/p>\n<p>L \u00a0 \u00a0 90cm \u2013 100cm<\/p>\n<p>XL\u00a0 101cm &#8211; 112 cm<\/p>","protected":false},"featured_media":26347,"comment_status":"open","ping_status":"closed","template":"","meta":[],"product_brand":[],"product_cat":[30,16],"product_tag":[74,75,25],"class_list":{"0":"post-26341","1":"product","2":"type-product","3":"status-publish","4":"has-post-thumbnail","6":"product_cat-deporte-y-bano","7":"product_cat-mujer","8":"product_tag-bano","9":"product_tag-bikini","10":"product_tag-deporte","12":"first","13":"instock","14":"taxable","15":"shipping-taxable","16":"purchasable","17":"product-type-variable"},"yoast_head":"<!-- This site is optimized with the Yoast SEO plugin v26.5 - https:\/\/yoast.com\/wordpress\/plugins\/seo\/ -->\n<title>Braguita de bikini Laura<\/title>\n<meta name=\"description\" content=\"Braguita de bikini con bolsillo inerno y cintura ancha para cubrir y sujetar la bolsa se ostom\u00eda\" \/>\n<meta name=\"robots\" content=\"index, follow, max-snippet:-1, max-image-preview:large, max-video-preview:-1\" \/>\n<link rel=\"canonical\" href=\"https:\/\/missbowel.com\/en\/product\/braguita-de-bikini-coral\/\" \/>\n<meta property=\"og:locale\" content=\"en_GB\" \/>\n<meta property=\"og:type\" content=\"article\" \/>\n<meta property=\"og:title\" content=\"Braguita de bikini Laura\" \/>\n<meta property=\"og:description\" content=\"Braguita de bikini con bolsillo inerno y cintura ancha para cubrir y sujetar la bolsa se ostom\u00eda\" \/>\n<meta property=\"og:url\" content=\"https:\/\/missbowel.com\/en\/product\/braguita-de-bikini-coral\/\" \/>\n<meta property=\"og:site_name\" content=\"Miss Bowel\" \/>\n<meta property=\"article:modified_time\" content=\"2025-12-04T11:20:08+00:00\" \/>\n<meta property=\"og:image\" content=\"https:\/\/missbowel.com\/wp-content\/uploads\/0-15-3.jpeg\" \/>\n\t<meta property=\"og:image:width\" content=\"738\" \/>\n\t<meta property=\"og:image:height\" content=\"738\" \/>\n\t<meta property=\"og:image:type\" content=\"image\/jpeg\" \/>\n<meta name=\"twitter:card\" content=\"summary_large_image\" \/>\n<meta name=\"twitter:label1\" content=\"Estimated reading time\" \/>\n\t<meta name=\"twitter:data1\" content=\"1 minute\" \/>\n<script type=\"application\/ld+json\" class=\"yoast-schema-graph\">{\"@context\":\"https:\/\/schema.org\",\"@graph\":[{\"@type\":\"WebPage\",\"@id\":\"https:\/\/missbowel.com\/producto\/braguita-de-bikini-coral\/\",\"url\":\"https:\/\/missbowel.com\/producto\/braguita-de-bikini-coral\/\",\"name\":\"Braguita de bikini Laura\",\"isPartOf\":{\"@id\":\"https:\/\/missbowel.com\/#website\"},\"primaryImageOfPage\":{\"@id\":\"https:\/\/missbowel.com\/producto\/braguita-de-bikini-coral\/#primaryimage\"},\"image\":{\"@id\":\"https:\/\/missbowel.com\/producto\/braguita-de-bikini-coral\/#primaryimage\"},\"thumbnailUrl\":\"https:\/\/missbowel.com\/wp-content\/uploads\/0-15-3.jpeg\",\"datePublished\":\"2022-07-07T18:48:57+00:00\",\"dateModified\":\"2025-12-04T11:20:08+00:00\",\"description\":\"Braguita de bikini con bolsillo inerno y cintura ancha para cubrir y sujetar la bolsa se ostom\u00eda\",\"breadcrumb\":{\"@id\":\"https:\/\/missbowel.com\/producto\/braguita-de-bikini-coral\/#breadcrumb\"},\"inLanguage\":\"en-GB\",\"potentialAction\":[{\"@type\":\"ReadAction\",\"target\":[\"https:\/\/missbowel.com\/producto\/braguita-de-bikini-coral\/\"]}]},{\"@type\":\"ImageObject\",\"inLanguage\":\"en-GB\",\"@id\":\"https:\/\/missbowel.com\/producto\/braguita-de-bikini-coral\/#primaryimage\",\"url\":\"https:\/\/missbowel.com\/wp-content\/uploads\/0-15-3.jpeg\",\"contentUrl\":\"https:\/\/missbowel.com\/wp-content\/uploads\/0-15-3.jpeg\",\"width\":738,\"height\":738},{\"@type\":\"BreadcrumbList\",\"@id\":\"https:\/\/missbowel.com\/producto\/braguita-de-bikini-coral\/#breadcrumb\",\"itemListElement\":[{\"@type\":\"ListItem\",\"position\":1,\"name\":\"Portada\",\"item\":\"https:\/\/missbowel.com\/\"},{\"@type\":\"ListItem\",\"position\":2,\"name\":\"Tienda ostom\u00edas\",\"item\":\"https:\/\/missbowel.com\/tienda-ostomias\/\"},{\"@type\":\"ListItem\",\"position\":3,\"name\":\"Braguita de bikini coral\"}]},{\"@type\":\"WebSite\",\"@id\":\"https:\/\/missbowel.com\/#website\",\"url\":\"https:\/\/missbowel.com\/\",\"name\":\"Miss Bowel\",\"description\":\"Productos para ostomias\",\"potentialAction\":[{\"@type\":\"SearchAction\",\"target\":{\"@type\":\"EntryPoint\",\"urlTemplate\":\"https:\/\/missbowel.com\/?s={search_term_string}\"},\"query-input\":{\"@type\":\"PropertyValueSpecification\",\"valueRequired\":true,\"valueName\":\"search_term_string\"}}],\"inLanguage\":\"en-GB\"}]}<\/script>\n<!-- \/ Yoast SEO plugin. -->","yoast_head_json":{"title":"Braguita de bikini Laura","description":"Braguita de bikini con bolsillo inerno y cintura ancha para cubrir y sujetar la bolsa se ostom\u00eda","robots":{"index":"index","follow":"follow","max-snippet":"max-snippet:-1","max-image-preview":"max-image-preview:large","max-video-preview":"max-video-preview:-1"},"canonical":"https:\/\/missbowel.com\/en\/product\/braguita-de-bikini-coral\/","og_locale":"en_GB","og_type":"article","og_title":"Braguita de bikini Laura","og_description":"Braguita de bikini con bolsillo inerno y cintura ancha para cubrir y sujetar la bolsa se ostom\u00eda","og_url":"https:\/\/missbowel.com\/en\/product\/braguita-de-bikini-coral\/","og_site_name":"Miss Bowel","article_modified_time":"2025-12-04T11:20:08+00:00","og_image":[{"width":738,"height":738,"url":"https:\/\/missbowel.com\/wp-content\/uploads\/0-15-3.jpeg","type":"image\/jpeg"}],"twitter_card":"summary_large_image","twitter_misc":{"Estimated reading time":"1 minute"},"schema":{"@context":"https:\/\/schema.org","@graph":[{"@type":"WebPage","@id":"https:\/\/missbowel.com\/producto\/braguita-de-bikini-coral\/","url":"https:\/\/missbowel.com\/producto\/braguita-de-bikini-coral\/","name":"Braguita de bikini Laura","isPartOf":{"@id":"https:\/\/missbowel.com\/#website"},"primaryImageOfPage":{"@id":"https:\/\/missbowel.com\/producto\/braguita-de-bikini-coral\/#primaryimage"},"image":{"@id":"https:\/\/missbowel.com\/producto\/braguita-de-bikini-coral\/#primaryimage"},"thumbnailUrl":"https:\/\/missbowel.com\/wp-content\/uploads\/0-15-3.jpeg","datePublished":"2022-07-07T18:48:57+00:00","dateModified":"2025-12-04T11:20:08+00:00","description":"Braguita de bikini con bolsillo inerno y cintura ancha para cubrir y sujetar la bolsa se ostom\u00eda","breadcrumb":{"@id":"https:\/\/missbowel.com\/producto\/braguita-de-bikini-coral\/#breadcrumb"},"inLanguage":"en-GB","potentialAction":[{"@type":"ReadAction","target":["https:\/\/missbowel.com\/producto\/braguita-de-bikini-coral\/"]}]},{"@type":"ImageObject","inLanguage":"en-GB","@id":"https:\/\/missbowel.com\/producto\/braguita-de-bikini-coral\/#primaryimage","url":"https:\/\/missbowel.com\/wp-content\/uploads\/0-15-3.jpeg","contentUrl":"https:\/\/missbowel.com\/wp-content\/uploads\/0-15-3.jpeg","width":738,"height":738},{"@type":"BreadcrumbList","@id":"https:\/\/missbowel.com\/producto\/braguita-de-bikini-coral\/#breadcrumb","itemListElement":[{"@type":"ListItem","position":1,"name":"Portada","item":"https:\/\/missbowel.com\/"},{"@type":"ListItem","position":2,"name":"Tienda ostom\u00edas","item":"https:\/\/missbowel.com\/tienda-ostomias\/"},{"@type":"ListItem","position":3,"name":"Braguita de bikini coral"}]},{"@type":"WebSite","@id":"https:\/\/missbowel.com\/#website","url":"https:\/\/missbowel.com\/","name":"Miss Bowel","description":"Productos para ostomias","potentialAction":[{"@type":"SearchAction","target":{"@type":"EntryPoint","urlTemplate":"https:\/\/missbowel.com\/?s={search_term_string}"},"query-input":{"@type":"PropertyValueSpecification","valueRequired":true,"valueName":"search_term_string"}}],"inLanguage":"en-GB"}]}},"_links":{"self":[{"href":"https:\/\/missbowel.com\/en\/wp-json\/wp\/v2\/product\/26341","targetHints":{"allow":["GET"]}}],"collection":[{"href":"https:\/\/missbowel.com\/en\/wp-json\/wp\/v2\/product"}],"about":[{"href":"https:\/\/missbowel.com\/en\/wp-json\/wp\/v2\/types\/product"}],"replies":[{"embeddable":true,"href":"https:\/\/missbowel.com\/en\/wp-json\/wp\/v2\/comments?post=26341"}],"wp:featuredmedia":[{"embeddable":true,"href":"https:\/\/missbowel.com\/en\/wp-json\/wp\/v2\/media\/26347"}],"wp:attachment":[{"href":"https:\/\/missbowel.com\/en\/wp-json\/wp\/v2\/media?parent=26341"}],"wp:term":[{"taxonomy":"product_brand","embeddable":true,"href":"https:\/\/missbowel.com\/en\/wp-json\/wp\/v2\/product_brand?post=26341"},{"taxonomy":"product_cat","embeddable":true,"href":"https:\/\/missbowel.com\/en\/wp-json\/wp\/v2\/product_cat?post=26341"},{"taxonomy":"product_tag","embeddable":true,"href":"https:\/\/missbowel.com\/en\/wp-json\/wp\/v2\/product_tag?post=26341"}],"curies":[{"name":"wp","href":"https:\/\/api.w.org\/{rel}","templated":true}]}}