{"id":26719,"date":"2022-12-28T17:04:28","date_gmt":"2022-12-28T16:04:28","guid":{"rendered":"https:\/\/missbowel.com\/?post_type=product&#038;p=26719"},"modified":"2026-02-11T19:02:53","modified_gmt":"2026-02-11T18:02:53","slug":"cudateii-guia-habitos-saludables","status":"publish","type":"product","link":"https:\/\/missbowel.com\/en\/product\/cudateii-guia-habitos-saludables\/","title":{"rendered":"CuidatEII.  Gu\u00eda de h\u00e1bitos saludables"},"content":{"rendered":"<p style=\"text-align: justify;\"><strong>CUIDATEII<\/strong> es una gu\u00eda elaborada con el objetivo de poder proporcionarte una herramienta donde puedas encontrar la evidencia\u00a0cient\u00edfica publicada en relaci\u00f3n con la importancia de los h\u00e1bitos de vida saludables\u00a0para mantener una vida plena y sana y aumentar el bienestar tanto si tienes una Enfermedad Inflamatoria \u00a0Intestinal como si eres un profesional interesado en esta \u00e1rea y necesitas\u00a0mejorar las competencias necesarias \u00a0para acompa\u00f1ar a las\u00a0personas a las que cuidamos en este proceso.<\/p>\n<p style=\"text-align: justify;\">\nDeseamos que la disfrutes tanto como nosotras escribi\u00e9ndola, tanto si eres profesional\u00a0de la salud como si te han diagnosticado una enfermedad cr\u00f3nica, t\u00fa eres el principal\u00a0protagonista de esta historia. Nos hace felices pensar que estas p\u00e1ginas pueden\u00a0servirte de inspiraci\u00f3n para aprender a cuidarte en todos los sentidos.<\/p>\n<p>&nbsp;<\/p>\n<p>&nbsp;<\/p>","protected":false},"excerpt":{"rendered":"<p><span style=\"font-size: 14pt; color: #003366;\"><strong>CuidatEII<\/strong><\/span><\/p>\n<p><strong>Gu\u00eda de h\u00e1bitos saludables para personas diagnosticadas de Crohn y Colitis Ulcerosa o profesionales de la salud interesados en esta \u00e1rea.<\/strong><\/p>\n<p>AUTORAS:\u00a0<\/p>\n<p>Ester Navarro Correal<\/p>\n<p>Laura Mar\u00edn S\u00e1nchez<\/p>\n<p>Editoria :\u00a02023 ERGON\u00ae<\/p>\n<p>ISBN: 978-84-19230-58-4<br \/>\nDep\u00f3sito legal: M-29454-2022<\/p>\n<p>Nutrici\u00f3n, actividad f\u00edsica, gesti\u00f3n del estr\u00e9s, salud de las emociones, promover la no existencia de h\u00e1bitos t\u00f3xicos, salud sexual, uso de las redes sociales, medidas preventivas para el cuidado de la salud.<\/p>","protected":false},"featured_media":26727,"comment_status":"open","ping_status":"closed","template":"","meta":[],"product_brand":[],"product_cat":[85,84],"product_tag":[],"class_list":{"0":"post-26719","1":"product","2":"type-product","3":"status-publish","4":"has-post-thumbnail","6":"product_cat-cuidateii","7":"product_cat-e-books","9":"first","10":"instock","11":"taxable","12":"shipping-taxable","13":"purchasable","14":"product-type-simple"},"yoast_head":"<!-- This site is optimized with the Yoast SEO plugin v26.5 - https:\/\/yoast.com\/wordpress\/plugins\/seo\/ -->\n<title>CUIDATEII. Gu\u00eda de h\u00e1bitos saludables.<\/title>\n<meta name=\"description\" content=\"CUIDATEII\" \/>\n<meta name=\"robots\" content=\"index, follow, max-snippet:-1, max-image-preview:large, max-video-preview:-1\" \/>\n<link rel=\"canonical\" href=\"https:\/\/missbowel.com\/en\/product\/cudateii-guia-habitos-saludables\/\" \/>\n<meta property=\"og:locale\" content=\"en_GB\" \/>\n<meta property=\"og:type\" content=\"article\" \/>\n<meta property=\"og:title\" content=\"CUIDATEII. Gu\u00eda de h\u00e1bitos saludables.\" \/>\n<meta property=\"og:description\" content=\"CUIDATEII\" \/>\n<meta property=\"og:url\" content=\"https:\/\/missbowel.com\/en\/product\/cudateii-guia-habitos-saludables\/\" \/>\n<meta property=\"og:site_name\" content=\"Miss Bowel\" \/>\n<meta property=\"article:modified_time\" content=\"2026-02-11T18:02:53+00:00\" \/>\n<meta property=\"og:image\" content=\"https:\/\/missbowel.com\/wp-content\/uploads\/0-9-5.jpeg\" \/>\n\t<meta property=\"og:image:width\" content=\"725\" \/>\n\t<meta property=\"og:image:height\" content=\"725\" \/>\n\t<meta property=\"og:image:type\" content=\"image\/jpeg\" \/>\n<meta name=\"twitter:card\" content=\"summary_large_image\" \/>\n<meta name=\"twitter:label1\" content=\"Estimated reading time\" \/>\n\t<meta name=\"twitter:data1\" content=\"1 minute\" \/>\n<script type=\"application\/ld+json\" class=\"yoast-schema-graph\">{\"@context\":\"https:\/\/schema.org\",\"@graph\":[{\"@type\":\"WebPage\",\"@id\":\"https:\/\/missbowel.com\/producto\/cudateii-guia-habitos-saludables\/\",\"url\":\"https:\/\/missbowel.com\/producto\/cudateii-guia-habitos-saludables\/\",\"name\":\"CUIDATEII. Gu\u00eda de h\u00e1bitos saludables.\",\"isPartOf\":{\"@id\":\"https:\/\/missbowel.com\/#website\"},\"primaryImageOfPage\":{\"@id\":\"https:\/\/missbowel.com\/producto\/cudateii-guia-habitos-saludables\/#primaryimage\"},\"image\":{\"@id\":\"https:\/\/missbowel.com\/producto\/cudateii-guia-habitos-saludables\/#primaryimage\"},\"thumbnailUrl\":\"https:\/\/missbowel.com\/wp-content\/uploads\/0-9-5.jpeg\",\"datePublished\":\"2022-12-28T16:04:28+00:00\",\"dateModified\":\"2026-02-11T18:02:53+00:00\",\"description\":\"CUIDATEII\",\"breadcrumb\":{\"@id\":\"https:\/\/missbowel.com\/producto\/cudateii-guia-habitos-saludables\/#breadcrumb\"},\"inLanguage\":\"en-GB\",\"potentialAction\":[{\"@type\":\"ReadAction\",\"target\":[\"https:\/\/missbowel.com\/producto\/cudateii-guia-habitos-saludables\/\"]}]},{\"@type\":\"ImageObject\",\"inLanguage\":\"en-GB\",\"@id\":\"https:\/\/missbowel.com\/producto\/cudateii-guia-habitos-saludables\/#primaryimage\",\"url\":\"https:\/\/missbowel.com\/wp-content\/uploads\/0-9-5.jpeg\",\"contentUrl\":\"https:\/\/missbowel.com\/wp-content\/uploads\/0-9-5.jpeg\",\"width\":725,\"height\":725},{\"@type\":\"BreadcrumbList\",\"@id\":\"https:\/\/missbowel.com\/producto\/cudateii-guia-habitos-saludables\/#breadcrumb\",\"itemListElement\":[{\"@type\":\"ListItem\",\"position\":1,\"name\":\"Portada\",\"item\":\"https:\/\/missbowel.com\/\"},{\"@type\":\"ListItem\",\"position\":2,\"name\":\"Tienda ostom\u00edas\",\"item\":\"https:\/\/missbowel.com\/tienda-ostomias\/\"},{\"@type\":\"ListItem\",\"position\":3,\"name\":\"CuidatEII. Gu\u00eda de h\u00e1bitos saludables\"}]},{\"@type\":\"WebSite\",\"@id\":\"https:\/\/missbowel.com\/#website\",\"url\":\"https:\/\/missbowel.com\/\",\"name\":\"Miss Bowel\",\"description\":\"Productos para ostomias\",\"potentialAction\":[{\"@type\":\"SearchAction\",\"target\":{\"@type\":\"EntryPoint\",\"urlTemplate\":\"https:\/\/missbowel.com\/?s={search_term_string}\"},\"query-input\":{\"@type\":\"PropertyValueSpecification\",\"valueRequired\":true,\"valueName\":\"search_term_string\"}}],\"inLanguage\":\"en-GB\"}]}<\/script>\n<!-- \/ Yoast SEO plugin. -->","yoast_head_json":{"title":"CUIDATEII. Gu\u00eda de h\u00e1bitos saludables.","description":"CUIDATEII","robots":{"index":"index","follow":"follow","max-snippet":"max-snippet:-1","max-image-preview":"max-image-preview:large","max-video-preview":"max-video-preview:-1"},"canonical":"https:\/\/missbowel.com\/en\/product\/cudateii-guia-habitos-saludables\/","og_locale":"en_GB","og_type":"article","og_title":"CUIDATEII. Gu\u00eda de h\u00e1bitos saludables.","og_description":"CUIDATEII","og_url":"https:\/\/missbowel.com\/en\/product\/cudateii-guia-habitos-saludables\/","og_site_name":"Miss Bowel","article_modified_time":"2026-02-11T18:02:53+00:00","og_image":[{"width":725,"height":725,"url":"https:\/\/missbowel.com\/wp-content\/uploads\/0-9-5.jpeg","type":"image\/jpeg"}],"twitter_card":"summary_large_image","twitter_misc":{"Estimated reading time":"1 minute"},"schema":{"@context":"https:\/\/schema.org","@graph":[{"@type":"WebPage","@id":"https:\/\/missbowel.com\/producto\/cudateii-guia-habitos-saludables\/","url":"https:\/\/missbowel.com\/producto\/cudateii-guia-habitos-saludables\/","name":"CUIDATEII. Gu\u00eda de h\u00e1bitos saludables.","isPartOf":{"@id":"https:\/\/missbowel.com\/#website"},"primaryImageOfPage":{"@id":"https:\/\/missbowel.com\/producto\/cudateii-guia-habitos-saludables\/#primaryimage"},"image":{"@id":"https:\/\/missbowel.com\/producto\/cudateii-guia-habitos-saludables\/#primaryimage"},"thumbnailUrl":"https:\/\/missbowel.com\/wp-content\/uploads\/0-9-5.jpeg","datePublished":"2022-12-28T16:04:28+00:00","dateModified":"2026-02-11T18:02:53+00:00","description":"CUIDATEII","breadcrumb":{"@id":"https:\/\/missbowel.com\/producto\/cudateii-guia-habitos-saludables\/#breadcrumb"},"inLanguage":"en-GB","potentialAction":[{"@type":"ReadAction","target":["https:\/\/missbowel.com\/producto\/cudateii-guia-habitos-saludables\/"]}]},{"@type":"ImageObject","inLanguage":"en-GB","@id":"https:\/\/missbowel.com\/producto\/cudateii-guia-habitos-saludables\/#primaryimage","url":"https:\/\/missbowel.com\/wp-content\/uploads\/0-9-5.jpeg","contentUrl":"https:\/\/missbowel.com\/wp-content\/uploads\/0-9-5.jpeg","width":725,"height":725},{"@type":"BreadcrumbList","@id":"https:\/\/missbowel.com\/producto\/cudateii-guia-habitos-saludables\/#breadcrumb","itemListElement":[{"@type":"ListItem","position":1,"name":"Portada","item":"https:\/\/missbowel.com\/"},{"@type":"ListItem","position":2,"name":"Tienda ostom\u00edas","item":"https:\/\/missbowel.com\/tienda-ostomias\/"},{"@type":"ListItem","position":3,"name":"CuidatEII. Gu\u00eda de h\u00e1bitos saludables"}]},{"@type":"WebSite","@id":"https:\/\/missbowel.com\/#website","url":"https:\/\/missbowel.com\/","name":"Miss Bowel","description":"Productos para ostomias","potentialAction":[{"@type":"SearchAction","target":{"@type":"EntryPoint","urlTemplate":"https:\/\/missbowel.com\/?s={search_term_string}"},"query-input":{"@type":"PropertyValueSpecification","valueRequired":true,"valueName":"search_term_string"}}],"inLanguage":"en-GB"}]}},"_links":{"self":[{"href":"https:\/\/missbowel.com\/en\/wp-json\/wp\/v2\/product\/26719","targetHints":{"allow":["GET"]}}],"collection":[{"href":"https:\/\/missbowel.com\/en\/wp-json\/wp\/v2\/product"}],"about":[{"href":"https:\/\/missbowel.com\/en\/wp-json\/wp\/v2\/types\/product"}],"replies":[{"embeddable":true,"href":"https:\/\/missbowel.com\/en\/wp-json\/wp\/v2\/comments?post=26719"}],"wp:featuredmedia":[{"embeddable":true,"href":"https:\/\/missbowel.com\/en\/wp-json\/wp\/v2\/media\/26727"}],"wp:attachment":[{"href":"https:\/\/missbowel.com\/en\/wp-json\/wp\/v2\/media?parent=26719"}],"wp:term":[{"taxonomy":"product_brand","embeddable":true,"href":"https:\/\/missbowel.com\/en\/wp-json\/wp\/v2\/product_brand?post=26719"},{"taxonomy":"product_cat","embeddable":true,"href":"https:\/\/missbowel.com\/en\/wp-json\/wp\/v2\/product_cat?post=26719"},{"taxonomy":"product_tag","embeddable":true,"href":"https:\/\/missbowel.com\/en\/wp-json\/wp\/v2\/product_tag?post=26719"}],"curies":[{"name":"wp","href":"https:\/\/api.w.org\/{rel}","templated":true}]}}