{"id":282,"date":"2019-05-21T15:16:15","date_gmt":"2019-05-21T13:16:15","guid":{"rendered":"http:\/\/francastillo.com\/missbowel\/?post_type=product&#038;p=282"},"modified":"2026-03-01T20:07:18","modified_gmt":"2026-03-01T19:07:18","slug":"funda-ostomia-vaquero","status":"publish","type":"product","link":"https:\/\/missbowel.com\/en\/product\/funda-ostomia-vaquero\/","title":{"rendered":"Funda ostom\u00eda vaquero"},"content":{"rendered":"<h2><b>La funda para cubrir la bolsa de ostom\u00eda es para ti si&#8230;<\/b><\/h2>\n<ul>\n<li>Est\u00e1s buscando una soluci\u00f3n est\u00e9tica para cubrir tu bolsa de ostom\u00eda.<\/li>\n<li>Necesitas proteger tu piel de la humedad de la bolsa.<\/li>\n<li>Necesitas una dosis extra de confianza y seguridad con tu bolsa.<\/li>\n<li>Quieres dar personalidad a tu ostom\u00eda.<\/li>\n<li>Eres de los que la comodidad est\u00e1 por encima de todo.<\/li>\n<\/ul>\n<p><strong>Te gustar\u00e1 porque\u2026<\/strong><\/p>\n<ul>\n<li>Es f\u00e1cil de colocar y se adapta perfectamente a cualquier tipo de bolsa.<\/li>\n<li>Es discreta, solo t\u00fa sabr\u00e1s que la llevas bajo la ropa.<\/li>\n<li>Se adapta a cualquier estilo de armario, tanto si te gusta ir ajustado como si lo tuyo son las camisas y pantalones anchos.<\/li>\n<li>Da un toque divertido a tu ostom\u00eda.<\/li>\n<\/ul>\n<p><strong>Puedes pon\u00e9rtela\u2026<\/strong><\/p>\n<ul>\n<li>\u00a1Todos los d\u00edas y a todas horas! Para el d\u00eda a d\u00eda es el complemento perfecto.<\/li>\n<li>Como ropa interior bajo tu camiseta y pantal\u00f3n, o dej\u00e1ndola al descubierto como si fuera una bandolera.<\/li>\n<li>Para dormir. Disfruta del confort y protege tu piel mientras duermes.<\/li>\n<\/ul>\n<p><strong>Recomendaciones<\/strong><\/p>\n<ul>\n<li>L\u00e1vala a m\u00e1quina todas las veces que quieras. La funda no se estropea.<\/li>\n<li>No te la pongas nunca mojada o h\u00fameda para que tu piel no se irrite.<\/li>\n<li>\u00dasala abierta o cerrada seg\u00fan el tipo de bolsa que utilices. Normalmente recomendamos la abierta para las ileostom\u00edas y la cerrada para colostom\u00edas.<\/li>\n<li>Ten en cuenta el tama\u00f1o de tu bolsa antes de pedir la funda.<\/li>\n<\/ul>\n<p><strong>\u00bfDudas con la talla?<\/strong><\/p>\n<p>Te damos las pautas para que no te equivoques:<\/p>\n<ul>\n<li>Mide el ancho y el largo de la bolsa que utilizas.<\/li>\n<li>Comp\u00e1rala con los dos tama\u00f1os de fundas que tenemos (15x18cm 17x23cm).<\/li>\n<li>Pide la que m\u00e1s se aproxime al tama\u00f1o de tu bolsa. No importa si es un poco m\u00e1s grande o m\u00e1s peque\u00f1a, una vez en el interior de la funda queda bien acoplada.<\/li>\n<\/ul>\n<p><strong>\u00bfC\u00f3mo se coloca la funda para bolsas de ostom\u00eda Miss Bowel?<\/strong><\/p>\n<p><iframe loading=\"lazy\" src=\"https:\/\/www.youtube.com\/embed\/zGjWP3Nj60k?rel=0\" width=\"560\" height=\"315\" frameborder=\"0\" allowfullscreen=\"allowfullscreen\"><\/iframe><\/p>","protected":false},"excerpt":{"rendered":"<p>Funda ergon\u00f3mica de tejido suave para cubrir la bolsa de colostom\u00eda, ileostom\u00eda o urostom\u00eda<em>. <\/em>Fabricada en algod\u00f3n 100%, hace de barrera entre la bolsa y la piel ayudando a disminuir la irritaci\u00f3n por el roce y la sensaci\u00f3n de calor y humedad (incluso cuando la bolsa est\u00e1 llena).<\/p>\n<p>Compatible con:<\/p>\n<ul>\n<li>Bolsas ostom\u00eda Coloplast<\/li>\n<li>Bolsas ostom\u00eda Hollister<\/li>\n<li>Bolsas ostom\u00eda Convatec<\/li>\n<li>Bolsas ostom\u00eda Braun<\/li>\n<\/ul>\n<p>Compatible con cualquier tipo de aro, independientemente del tama\u00f1o y de la forma.<\/p>","protected":false},"featured_media":2531,"comment_status":"open","ping_status":"closed","template":"","meta":[],"product_brand":[],"product_cat":[15,16,17],"product_tag":[28,29],"class_list":{"0":"post-282","1":"product","2":"type-product","3":"status-publish","4":"has-post-thumbnail","6":"product_cat-fundas","7":"product_cat-mujer","8":"product_cat-hombre","9":"product_tag-funda","10":"product_tag-proteccion","12":"first","13":"instock","14":"taxable","15":"shipping-taxable","16":"purchasable","17":"product-type-variable"},"yoast_head":"<!-- This site is optimized with the Yoast SEO plugin v26.5 - https:\/\/yoast.com\/wordpress\/plugins\/seo\/ -->\n<title>Funda para cubrir ostom\u00eda tejana | Miss Bowel<\/title>\n<meta name=\"description\" content=\"Funda de algod\u00f3n 100% para cubrir la bolsa de ostom\u00eda. Con patr\u00f3n ergon\u00f3mico, ayuda a disminuir la irritaci\u00f3n por el roce y la sensaci\u00f3n de humedad.\" \/>\n<meta name=\"robots\" content=\"index, follow, max-snippet:-1, max-image-preview:large, max-video-preview:-1\" \/>\n<link rel=\"canonical\" href=\"https:\/\/missbowel.com\/en\/product\/funda-ostomia-vaquero\/\" \/>\n<meta property=\"og:locale\" content=\"en_GB\" \/>\n<meta property=\"og:type\" content=\"article\" \/>\n<meta property=\"og:title\" content=\"Funda para cubrir ostom\u00eda tejana | Miss Bowel\" \/>\n<meta property=\"og:description\" content=\"Funda de algod\u00f3n 100% para cubrir la bolsa de ostom\u00eda. Con patr\u00f3n ergon\u00f3mico, ayuda a disminuir la irritaci\u00f3n por el roce y la sensaci\u00f3n de humedad.\" \/>\n<meta property=\"og:url\" content=\"https:\/\/missbowel.com\/en\/product\/funda-ostomia-vaquero\/\" \/>\n<meta property=\"og:site_name\" content=\"Miss Bowel\" \/>\n<meta property=\"article:modified_time\" content=\"2026-03-01T19:07:18+00:00\" \/>\n<meta property=\"og:image\" content=\"https:\/\/missbowel.com\/wp-content\/uploads\/Funda-tejano-ostomia-delante.jpg\" \/>\n\t<meta property=\"og:image:width\" content=\"331\" \/>\n\t<meta property=\"og:image:height\" content=\"331\" \/>\n\t<meta property=\"og:image:type\" content=\"image\/jpeg\" \/>\n<meta name=\"twitter:card\" content=\"summary_large_image\" \/>\n<meta name=\"twitter:label1\" content=\"Estimated reading time\" \/>\n\t<meta name=\"twitter:data1\" content=\"2 minutes\" \/>\n<script type=\"application\/ld+json\" class=\"yoast-schema-graph\">{\"@context\":\"https:\/\/schema.org\",\"@graph\":[{\"@type\":\"WebPage\",\"@id\":\"https:\/\/missbowel.com\/producto\/funda-ostomia-vaquero\/\",\"url\":\"https:\/\/missbowel.com\/producto\/funda-ostomia-vaquero\/\",\"name\":\"Funda para cubrir ostom\u00eda tejana | Miss Bowel\",\"isPartOf\":{\"@id\":\"https:\/\/missbowel.com\/#website\"},\"primaryImageOfPage\":{\"@id\":\"https:\/\/missbowel.com\/producto\/funda-ostomia-vaquero\/#primaryimage\"},\"image\":{\"@id\":\"https:\/\/missbowel.com\/producto\/funda-ostomia-vaquero\/#primaryimage\"},\"thumbnailUrl\":\"https:\/\/missbowel.com\/wp-content\/uploads\/Funda-tejano-ostomia-delante.jpg\",\"datePublished\":\"2019-05-21T13:16:15+00:00\",\"dateModified\":\"2026-03-01T19:07:18+00:00\",\"description\":\"Funda de algod\u00f3n 100% para cubrir la bolsa de ostom\u00eda. Con patr\u00f3n ergon\u00f3mico, ayuda a disminuir la irritaci\u00f3n por el roce y la sensaci\u00f3n de humedad.\",\"breadcrumb\":{\"@id\":\"https:\/\/missbowel.com\/producto\/funda-ostomia-vaquero\/#breadcrumb\"},\"inLanguage\":\"en-GB\",\"potentialAction\":[{\"@type\":\"ReadAction\",\"target\":[\"https:\/\/missbowel.com\/producto\/funda-ostomia-vaquero\/\"]}]},{\"@type\":\"ImageObject\",\"inLanguage\":\"en-GB\",\"@id\":\"https:\/\/missbowel.com\/producto\/funda-ostomia-vaquero\/#primaryimage\",\"url\":\"https:\/\/missbowel.com\/wp-content\/uploads\/Funda-tejano-ostomia-delante.jpg\",\"contentUrl\":\"https:\/\/missbowel.com\/wp-content\/uploads\/Funda-tejano-ostomia-delante.jpg\",\"width\":331,\"height\":331},{\"@type\":\"BreadcrumbList\",\"@id\":\"https:\/\/missbowel.com\/producto\/funda-ostomia-vaquero\/#breadcrumb\",\"itemListElement\":[{\"@type\":\"ListItem\",\"position\":1,\"name\":\"Portada\",\"item\":\"https:\/\/missbowel.com\/\"},{\"@type\":\"ListItem\",\"position\":2,\"name\":\"Tienda ostom\u00edas\",\"item\":\"https:\/\/missbowel.com\/tienda-ostomias\/\"},{\"@type\":\"ListItem\",\"position\":3,\"name\":\"Funda ostom\u00eda vaquero\"}]},{\"@type\":\"WebSite\",\"@id\":\"https:\/\/missbowel.com\/#website\",\"url\":\"https:\/\/missbowel.com\/\",\"name\":\"Miss Bowel\",\"description\":\"Productos para ostomias\",\"potentialAction\":[{\"@type\":\"SearchAction\",\"target\":{\"@type\":\"EntryPoint\",\"urlTemplate\":\"https:\/\/missbowel.com\/?s={search_term_string}\"},\"query-input\":{\"@type\":\"PropertyValueSpecification\",\"valueRequired\":true,\"valueName\":\"search_term_string\"}}],\"inLanguage\":\"en-GB\"}]}<\/script>\n<!-- \/ Yoast SEO plugin. -->","yoast_head_json":{"title":"Funda para cubrir ostom\u00eda tejana | Miss Bowel","description":"Funda de algod\u00f3n 100% para cubrir la bolsa de ostom\u00eda. Con patr\u00f3n ergon\u00f3mico, ayuda a disminuir la irritaci\u00f3n por el roce y la sensaci\u00f3n de humedad.","robots":{"index":"index","follow":"follow","max-snippet":"max-snippet:-1","max-image-preview":"max-image-preview:large","max-video-preview":"max-video-preview:-1"},"canonical":"https:\/\/missbowel.com\/en\/product\/funda-ostomia-vaquero\/","og_locale":"en_GB","og_type":"article","og_title":"Funda para cubrir ostom\u00eda tejana | Miss Bowel","og_description":"Funda de algod\u00f3n 100% para cubrir la bolsa de ostom\u00eda. Con patr\u00f3n ergon\u00f3mico, ayuda a disminuir la irritaci\u00f3n por el roce y la sensaci\u00f3n de humedad.","og_url":"https:\/\/missbowel.com\/en\/product\/funda-ostomia-vaquero\/","og_site_name":"Miss Bowel","article_modified_time":"2026-03-01T19:07:18+00:00","og_image":[{"width":331,"height":331,"url":"https:\/\/missbowel.com\/wp-content\/uploads\/Funda-tejano-ostomia-delante.jpg","type":"image\/jpeg"}],"twitter_card":"summary_large_image","twitter_misc":{"Estimated reading time":"2 minutes"},"schema":{"@context":"https:\/\/schema.org","@graph":[{"@type":"WebPage","@id":"https:\/\/missbowel.com\/producto\/funda-ostomia-vaquero\/","url":"https:\/\/missbowel.com\/producto\/funda-ostomia-vaquero\/","name":"Funda para cubrir ostom\u00eda tejana | Miss Bowel","isPartOf":{"@id":"https:\/\/missbowel.com\/#website"},"primaryImageOfPage":{"@id":"https:\/\/missbowel.com\/producto\/funda-ostomia-vaquero\/#primaryimage"},"image":{"@id":"https:\/\/missbowel.com\/producto\/funda-ostomia-vaquero\/#primaryimage"},"thumbnailUrl":"https:\/\/missbowel.com\/wp-content\/uploads\/Funda-tejano-ostomia-delante.jpg","datePublished":"2019-05-21T13:16:15+00:00","dateModified":"2026-03-01T19:07:18+00:00","description":"Funda de algod\u00f3n 100% para cubrir la bolsa de ostom\u00eda. Con patr\u00f3n ergon\u00f3mico, ayuda a disminuir la irritaci\u00f3n por el roce y la sensaci\u00f3n de humedad.","breadcrumb":{"@id":"https:\/\/missbowel.com\/producto\/funda-ostomia-vaquero\/#breadcrumb"},"inLanguage":"en-GB","potentialAction":[{"@type":"ReadAction","target":["https:\/\/missbowel.com\/producto\/funda-ostomia-vaquero\/"]}]},{"@type":"ImageObject","inLanguage":"en-GB","@id":"https:\/\/missbowel.com\/producto\/funda-ostomia-vaquero\/#primaryimage","url":"https:\/\/missbowel.com\/wp-content\/uploads\/Funda-tejano-ostomia-delante.jpg","contentUrl":"https:\/\/missbowel.com\/wp-content\/uploads\/Funda-tejano-ostomia-delante.jpg","width":331,"height":331},{"@type":"BreadcrumbList","@id":"https:\/\/missbowel.com\/producto\/funda-ostomia-vaquero\/#breadcrumb","itemListElement":[{"@type":"ListItem","position":1,"name":"Portada","item":"https:\/\/missbowel.com\/"},{"@type":"ListItem","position":2,"name":"Tienda ostom\u00edas","item":"https:\/\/missbowel.com\/tienda-ostomias\/"},{"@type":"ListItem","position":3,"name":"Funda ostom\u00eda vaquero"}]},{"@type":"WebSite","@id":"https:\/\/missbowel.com\/#website","url":"https:\/\/missbowel.com\/","name":"Miss Bowel","description":"Productos para ostomias","potentialAction":[{"@type":"SearchAction","target":{"@type":"EntryPoint","urlTemplate":"https:\/\/missbowel.com\/?s={search_term_string}"},"query-input":{"@type":"PropertyValueSpecification","valueRequired":true,"valueName":"search_term_string"}}],"inLanguage":"en-GB"}]}},"_links":{"self":[{"href":"https:\/\/missbowel.com\/en\/wp-json\/wp\/v2\/product\/282","targetHints":{"allow":["GET"]}}],"collection":[{"href":"https:\/\/missbowel.com\/en\/wp-json\/wp\/v2\/product"}],"about":[{"href":"https:\/\/missbowel.com\/en\/wp-json\/wp\/v2\/types\/product"}],"replies":[{"embeddable":true,"href":"https:\/\/missbowel.com\/en\/wp-json\/wp\/v2\/comments?post=282"}],"wp:featuredmedia":[{"embeddable":true,"href":"https:\/\/missbowel.com\/en\/wp-json\/wp\/v2\/media\/2531"}],"wp:attachment":[{"href":"https:\/\/missbowel.com\/en\/wp-json\/wp\/v2\/media?parent=282"}],"wp:term":[{"taxonomy":"product_brand","embeddable":true,"href":"https:\/\/missbowel.com\/en\/wp-json\/wp\/v2\/product_brand?post=282"},{"taxonomy":"product_cat","embeddable":true,"href":"https:\/\/missbowel.com\/en\/wp-json\/wp\/v2\/product_cat?post=282"},{"taxonomy":"product_tag","embeddable":true,"href":"https:\/\/missbowel.com\/en\/wp-json\/wp\/v2\/product_tag?post=282"}],"curies":[{"name":"wp","href":"https:\/\/api.w.org\/{rel}","templated":true}]}}