{"id":28280,"date":"2025-02-04T11:04:35","date_gmt":"2025-02-04T10:04:35","guid":{"rendered":"https:\/\/missbowel.com\/?post_type=product&#038;p=28280"},"modified":"2026-04-24T12:31:03","modified_gmt":"2026-04-24T10:31:03","slug":"banda-de-neopreno-scuba","status":"publish","type":"product","link":"https:\/\/missbowel.com\/en\/product\/banda-de-neopreno-scuba\/","title":{"rendered":"Banda de Neopreno UNISEX  (SCUBA)"},"content":{"rendered":"<p><strong>Es para ti si\u2026<\/strong><\/p>\n<ul>\n<li>Te gusta disfrutar del verano, la playa y la piscina<\/li>\n<li>Necesitas sentirte seguro en tus actividades de agua<\/li>\n<li>Eres una persona activa y no quieres que tu bolsa te ponga l\u00edmites<\/li>\n<li>Necesitas una dosis extra de confianza y seguridad con tu bolsa de ostom\u00eda mientras practicas deportes acu\u00e1ticos<\/li>\n<li>Buscas una soluci\u00f3n para disimular tu bolsa a la vez que te ayuda a sujetarla<\/li>\n<\/ul>\n<p><strong>\u00a0<\/strong><strong>Te gustar\u00e1 porque\u2026<\/strong><\/p>\n<ul>\n<li>Te sentiras seguro y confortable<\/li>\n<li>Se adapta al cuerpo gracias a su agradable tejido\u00a0<\/li>\n<li>Te ayudar\u00e1 a sujetar y cubrir totalmente el dispositivo.<\/li>\n<li>Si te gusta la discreci\u00f3n, solo tu sabr\u00e1s que llevas bolsa.<\/li>\n<li>Sujeta pero no oprime, lo que permite el llenado de la bolsa.<\/li>\n<li>El neopreno minimiza la humedad, aunque debes tener en cuenta que no aisla<\/li>\n<\/ul>\n<p><strong>Puedes pon\u00e9rtelo\u2026<\/strong><\/p>\n<ul>\n<li>Para ir a la playa o la piscina<\/li>\n<li>Para practicar deportes acu\u00e1ticos<\/li>\n<li>Para sentirte seguro y minimizar la humedad<\/li>\n<\/ul>\n<p><strong>Recomendaciones<\/strong><\/p>\n<ul>\n<li>L\u00e1vala a m\u00e1quina todas las veces que quieras. La banda de neopreno\u00a0 no se estropea.<\/li>\n<\/ul>\n<p><strong>Compatible con cualquier marca de dispositivos para ostom\u00edas:<\/strong><\/p>\n<p>Bolsas ostom\u00eda Coloplast<\/p>\n<p>Bolsas ostom\u00eda Hollister<\/p>\n<p>Bolsas ostom\u00eda Convatec<\/p>\n<p>Bolsas ostom\u00eda Braun<\/p>\n<p><strong>Informaci\u00f3n adicional<br \/>\n<\/strong>Peso: 40g<\/p>","protected":false},"excerpt":{"rendered":"<p><span style=\"color: #000000;\">La banda de neopreno est\u00e1 pensada para que puedas disfurtar del verano sin l\u00edmites<\/span><\/p>\n<p><span style=\"color: #000000;\">Fija y protege tu bolsa de colostom\u00eda, ileostom\u00eda o urostom\u00eda para que puedas paracticar cualquier deporte acu\u00e1tico y disfrutar de la playa o la piscina.<\/span><\/p>\n<p><span style=\"color: #000000;\">Gracias a la eslasticidad del tejido la banda se adapta y\u00a0 la bolsa queda fija y segura evitando cualquier tipo de desplazamiento y fugas. No oprime y permite el vaciado de la bolsa.<\/span><\/p>\n<p>TE AYUDAMOS A ELEGIR LA TALLA<\/p>\n<p>Mide tu cintura y elige (te en cuenta que las medidas son aproximadas)<\/p>\n<p>S \u00a065 cm- 79 cm<\/p>\n<p>M\u00a0 80 cm-94 cm<\/p>\n<p>L\u00a0 95 cm- 104 cm<\/p>\n<p>XL\u00a0 a partir\u00a0 de 105 cm<\/p>","protected":false},"featured_media":28286,"comment_status":"open","ping_status":"closed","template":"","meta":[],"product_brand":[],"product_cat":[61,18,30,16,17],"product_tag":[23,25,24],"class_list":{"0":"post-28280","1":"product","2":"type-product","3":"status-publish","4":"has-post-thumbnail","6":"product_cat-bano","7":"product_cat-bandas","8":"product_cat-deporte-y-bano","9":"product_cat-mujer","10":"product_cat-hombre","11":"product_tag-banda","12":"product_tag-deporte","13":"product_tag-faja","15":"first","16":"instock","17":"taxable","18":"shipping-taxable","19":"purchasable","20":"product-type-variable"},"yoast_head":"<!-- This site is optimized with the Yoast SEO plugin v26.5 - https:\/\/yoast.com\/wordpress\/plugins\/seo\/ -->\n<title>Banda de neopreno negra<\/title>\n<meta name=\"description\" content=\"Banda de neopreno para paracticar deportes acu\u00e1ticos y disfrutar de la playa\" \/>\n<meta name=\"robots\" content=\"index, follow, max-snippet:-1, max-image-preview:large, max-video-preview:-1\" \/>\n<link rel=\"canonical\" href=\"https:\/\/missbowel.com\/en\/product\/banda-de-neopreno-scuba\/\" \/>\n<meta property=\"og:locale\" content=\"en_GB\" \/>\n<meta property=\"og:type\" content=\"article\" \/>\n<meta property=\"og:title\" content=\"Banda de neopreno negra\" \/>\n<meta property=\"og:description\" content=\"Banda de neopreno para paracticar deportes acu\u00e1ticos y disfrutar de la playa\" \/>\n<meta property=\"og:url\" content=\"https:\/\/missbowel.com\/en\/product\/banda-de-neopreno-scuba\/\" \/>\n<meta property=\"og:site_name\" content=\"Miss Bowel\" \/>\n<meta property=\"article:modified_time\" content=\"2026-04-24T10:31:03+00:00\" \/>\n<meta property=\"og:image\" content=\"https:\/\/missbowel.com\/wp-content\/uploads\/0-12.jpg\" \/>\n\t<meta property=\"og:image:width\" content=\"688\" \/>\n\t<meta property=\"og:image:height\" content=\"953\" \/>\n\t<meta property=\"og:image:type\" content=\"image\/jpeg\" \/>\n<meta name=\"twitter:card\" content=\"summary_large_image\" \/>\n<meta name=\"twitter:label1\" content=\"Estimated reading time\" \/>\n\t<meta name=\"twitter:data1\" content=\"2 minutes\" \/>\n<script type=\"application\/ld+json\" class=\"yoast-schema-graph\">{\"@context\":\"https:\/\/schema.org\",\"@graph\":[{\"@type\":\"WebPage\",\"@id\":\"https:\/\/missbowel.com\/producto\/banda-de-neopreno-scuba\/\",\"url\":\"https:\/\/missbowel.com\/producto\/banda-de-neopreno-scuba\/\",\"name\":\"Banda de neopreno negra\",\"isPartOf\":{\"@id\":\"https:\/\/missbowel.com\/#website\"},\"primaryImageOfPage\":{\"@id\":\"https:\/\/missbowel.com\/producto\/banda-de-neopreno-scuba\/#primaryimage\"},\"image\":{\"@id\":\"https:\/\/missbowel.com\/producto\/banda-de-neopreno-scuba\/#primaryimage\"},\"thumbnailUrl\":\"https:\/\/missbowel.com\/wp-content\/uploads\/0-12.jpg\",\"datePublished\":\"2025-02-04T10:04:35+00:00\",\"dateModified\":\"2026-04-24T10:31:03+00:00\",\"description\":\"Banda de neopreno para paracticar deportes acu\u00e1ticos y disfrutar de la playa\",\"breadcrumb\":{\"@id\":\"https:\/\/missbowel.com\/producto\/banda-de-neopreno-scuba\/#breadcrumb\"},\"inLanguage\":\"en-GB\",\"potentialAction\":[{\"@type\":\"ReadAction\",\"target\":[\"https:\/\/missbowel.com\/producto\/banda-de-neopreno-scuba\/\"]}]},{\"@type\":\"ImageObject\",\"inLanguage\":\"en-GB\",\"@id\":\"https:\/\/missbowel.com\/producto\/banda-de-neopreno-scuba\/#primaryimage\",\"url\":\"https:\/\/missbowel.com\/wp-content\/uploads\/0-12.jpg\",\"contentUrl\":\"https:\/\/missbowel.com\/wp-content\/uploads\/0-12.jpg\",\"width\":688,\"height\":953},{\"@type\":\"BreadcrumbList\",\"@id\":\"https:\/\/missbowel.com\/producto\/banda-de-neopreno-scuba\/#breadcrumb\",\"itemListElement\":[{\"@type\":\"ListItem\",\"position\":1,\"name\":\"Portada\",\"item\":\"https:\/\/missbowel.com\/\"},{\"@type\":\"ListItem\",\"position\":2,\"name\":\"Tienda ostom\u00edas\",\"item\":\"https:\/\/missbowel.com\/tienda-ostomias\/\"},{\"@type\":\"ListItem\",\"position\":3,\"name\":\"Banda de Neopreno UNISEX (SCUBA)\"}]},{\"@type\":\"WebSite\",\"@id\":\"https:\/\/missbowel.com\/#website\",\"url\":\"https:\/\/missbowel.com\/\",\"name\":\"Miss Bowel\",\"description\":\"Productos para ostomias\",\"potentialAction\":[{\"@type\":\"SearchAction\",\"target\":{\"@type\":\"EntryPoint\",\"urlTemplate\":\"https:\/\/missbowel.com\/?s={search_term_string}\"},\"query-input\":{\"@type\":\"PropertyValueSpecification\",\"valueRequired\":true,\"valueName\":\"search_term_string\"}}],\"inLanguage\":\"en-GB\"}]}<\/script>\n<!-- \/ Yoast SEO plugin. -->","yoast_head_json":{"title":"Banda de neopreno negra","description":"Banda de neopreno para paracticar deportes acu\u00e1ticos y disfrutar de la playa","robots":{"index":"index","follow":"follow","max-snippet":"max-snippet:-1","max-image-preview":"max-image-preview:large","max-video-preview":"max-video-preview:-1"},"canonical":"https:\/\/missbowel.com\/en\/product\/banda-de-neopreno-scuba\/","og_locale":"en_GB","og_type":"article","og_title":"Banda de neopreno negra","og_description":"Banda de neopreno para paracticar deportes acu\u00e1ticos y disfrutar de la playa","og_url":"https:\/\/missbowel.com\/en\/product\/banda-de-neopreno-scuba\/","og_site_name":"Miss Bowel","article_modified_time":"2026-04-24T10:31:03+00:00","og_image":[{"width":688,"height":953,"url":"https:\/\/missbowel.com\/wp-content\/uploads\/0-12.jpg","type":"image\/jpeg"}],"twitter_card":"summary_large_image","twitter_misc":{"Estimated reading time":"2 minutes"},"schema":{"@context":"https:\/\/schema.org","@graph":[{"@type":"WebPage","@id":"https:\/\/missbowel.com\/producto\/banda-de-neopreno-scuba\/","url":"https:\/\/missbowel.com\/producto\/banda-de-neopreno-scuba\/","name":"Banda de neopreno negra","isPartOf":{"@id":"https:\/\/missbowel.com\/#website"},"primaryImageOfPage":{"@id":"https:\/\/missbowel.com\/producto\/banda-de-neopreno-scuba\/#primaryimage"},"image":{"@id":"https:\/\/missbowel.com\/producto\/banda-de-neopreno-scuba\/#primaryimage"},"thumbnailUrl":"https:\/\/missbowel.com\/wp-content\/uploads\/0-12.jpg","datePublished":"2025-02-04T10:04:35+00:00","dateModified":"2026-04-24T10:31:03+00:00","description":"Banda de neopreno para paracticar deportes acu\u00e1ticos y disfrutar de la playa","breadcrumb":{"@id":"https:\/\/missbowel.com\/producto\/banda-de-neopreno-scuba\/#breadcrumb"},"inLanguage":"en-GB","potentialAction":[{"@type":"ReadAction","target":["https:\/\/missbowel.com\/producto\/banda-de-neopreno-scuba\/"]}]},{"@type":"ImageObject","inLanguage":"en-GB","@id":"https:\/\/missbowel.com\/producto\/banda-de-neopreno-scuba\/#primaryimage","url":"https:\/\/missbowel.com\/wp-content\/uploads\/0-12.jpg","contentUrl":"https:\/\/missbowel.com\/wp-content\/uploads\/0-12.jpg","width":688,"height":953},{"@type":"BreadcrumbList","@id":"https:\/\/missbowel.com\/producto\/banda-de-neopreno-scuba\/#breadcrumb","itemListElement":[{"@type":"ListItem","position":1,"name":"Portada","item":"https:\/\/missbowel.com\/"},{"@type":"ListItem","position":2,"name":"Tienda ostom\u00edas","item":"https:\/\/missbowel.com\/tienda-ostomias\/"},{"@type":"ListItem","position":3,"name":"Banda de Neopreno UNISEX (SCUBA)"}]},{"@type":"WebSite","@id":"https:\/\/missbowel.com\/#website","url":"https:\/\/missbowel.com\/","name":"Miss Bowel","description":"Productos para ostomias","potentialAction":[{"@type":"SearchAction","target":{"@type":"EntryPoint","urlTemplate":"https:\/\/missbowel.com\/?s={search_term_string}"},"query-input":{"@type":"PropertyValueSpecification","valueRequired":true,"valueName":"search_term_string"}}],"inLanguage":"en-GB"}]}},"_links":{"self":[{"href":"https:\/\/missbowel.com\/en\/wp-json\/wp\/v2\/product\/28280","targetHints":{"allow":["GET"]}}],"collection":[{"href":"https:\/\/missbowel.com\/en\/wp-json\/wp\/v2\/product"}],"about":[{"href":"https:\/\/missbowel.com\/en\/wp-json\/wp\/v2\/types\/product"}],"replies":[{"embeddable":true,"href":"https:\/\/missbowel.com\/en\/wp-json\/wp\/v2\/comments?post=28280"}],"wp:featuredmedia":[{"embeddable":true,"href":"https:\/\/missbowel.com\/en\/wp-json\/wp\/v2\/media\/28286"}],"wp:attachment":[{"href":"https:\/\/missbowel.com\/en\/wp-json\/wp\/v2\/media?parent=28280"}],"wp:term":[{"taxonomy":"product_brand","embeddable":true,"href":"https:\/\/missbowel.com\/en\/wp-json\/wp\/v2\/product_brand?post=28280"},{"taxonomy":"product_cat","embeddable":true,"href":"https:\/\/missbowel.com\/en\/wp-json\/wp\/v2\/product_cat?post=28280"},{"taxonomy":"product_tag","embeddable":true,"href":"https:\/\/missbowel.com\/en\/wp-json\/wp\/v2\/product_tag?post=28280"}],"curies":[{"name":"wp","href":"https:\/\/api.w.org\/{rel}","templated":true}]}}