{"id":505,"date":"2017-11-23T19:34:11","date_gmt":"2017-11-23T18:34:11","guid":{"rendered":"https:\/\/missbowel.com\/?post_type=product&#038;p=505"},"modified":"2026-03-21T18:05:10","modified_gmt":"2026-03-21T17:05:10","slug":"ostomysport","status":"publish","type":"product","link":"https:\/\/missbowel.com\/en\/product\/ostomysport\/","title":{"rendered":"Ostomysport mujer"},"content":{"rendered":"<p><span style=\"color: #000000;\"><strong>Es para ti si\u2026<\/strong><\/span><\/p>\n<ul>\n<li>Eres realmente activa.<\/li>\n<li>Te gusta disfrutar del deporte.<\/li>\n<li>Necesitas fijar tu bolsa porque pr\u00e1cticas actividades de alta intensidad.<\/li>\n<li>Est\u00e1s buscando una soluci\u00f3n para practicar deportes acu\u00e1ticos, ir a la playa, a la piscina o realizar cualquier actividad relacionada con el agua.<\/li>\n<li>Eres de los que la comodidad est\u00e1 por encima de todo.<\/li>\n<li>Necesitas una dosis extra de confianza y seguridad con tu bolsa de ostom\u00eda durante el ba\u00f1o o el deporte.<\/li>\n<\/ul>\n<p><span style=\"color: #000000;\"><strong>Te gustar\u00e1 porque\u2026<\/strong><\/span><\/p>\n<ul>\n<li>Es f\u00e1cil de colocar y se adapta al cuerpo sea cual sea tu talla.<\/li>\n<li>Te servir\u00e1 igual si recuperas peso tras la cirug\u00eda<\/li>\n<li>Podr\u00e1s moverte, correr y saltar manteniendo tu bolsa fija y segura.<\/li>\n<li>Podr\u00e1s nadar, bucear y practicar cualquier deporte acu\u00e1tico sin que tu bolsa se mueva y sin que el disco se despegue.<\/li>\n<\/ul>\n<p><span style=\"color: #000000;\"><strong>Puedes pon\u00e9rtela\u2026<\/strong><\/span><\/p>\n<ul>\n<li>Para ir al gimnasio.<\/li>\n<li>Para hacer zumba, yoga, power, pilates o cualquier tipo de danza<\/li>\n<li>Para salir a correr o realizar actividades al aire libre.<\/li>\n<li>Para practicar cualquier deporte acu\u00e1tico. Ya no hay excusas para nadar, lanzarte a probar el kitesurf, padel-surf, kayak\u2026<\/li>\n<li>Para practicar tenis, padel, deportes de equipo.<\/li>\n<li>Para salir una noche y no dejar de bailar.<\/li>\n<\/ul>\n<p><span style=\"color: #000000;\"><strong>\u00bfC\u00f3mo se coloca el Ostomysport?<\/strong><\/span><\/p>\n<div style=\"width: 428px;\" class=\"wp-video\"><video class=\"wp-video-shortcode\" id=\"video-505-1\" width=\"428\" height=\"240\" poster=\"https:\/\/missbowel.com\/wp-content\/uploads\/Ostomylove-Ostomysport-colocaci\u00f3n-Peque\u00f1o-mov-image.jpg\" preload=\"metadata\" controls=\"controls\"><source type=\"video\/mp4\" src=\"https:\/\/missbowel.com\/wp-content\/uploads\/Ostomylove-Ostomysport-colocaci\u00f3n-Peque\u00f1o.mp4?_=1\" \/><a href=\"https:\/\/missbowel.com\/wp-content\/uploads\/Ostomylove-Ostomysport-colocaci\u00f3n-Peque\u00f1o.mp4\">https:\/\/missbowel.com\/wp-content\/uploads\/Ostomylove-Ostomysport-colocaci\u00f3n-Peque\u00f1o.mp4<\/a><\/video><\/div>\n<p>&nbsp;<\/p>\n<p><span style=\"color: #000000;\"><strong>Recomendaciones<\/strong><\/span><\/p>\n<ul>\n<li>L\u00e1vala a m\u00e1quina todas las veces que quieras. El Ostomysport Miss Bowel no se estropea.<\/li>\n<li>Si lo tuyo es tomar el sol y darte un ba\u00f1ito tanto en la playa como en la piscina, te aconsejamos las <strong><span style=\"color: #e84545;\"><a style=\"color: #e84545;\" href=\"https:\/\/missbowel.com\/en\/product\/banda-ostomia-bano-azul\/\">bandas de ba\u00f1o de Miss Bowel<\/a><\/span><\/strong>. Sujetan la bolsa pero no oprimen, secan r\u00e1pido y dan un toque diferente a tu traje de ba\u00f1o.<\/li>\n<\/ul>\n<p><span style=\"color: #000000;\"><strong>\u00bfTodav\u00eda tienes dudas?<\/strong><\/span><\/p>\n<p>Consulta las FAQS y si no escr\u00edbenos a <a href=\"mailto:info@missbowel.com\">info@missbowel.com<\/a>.\u00a0 Prometemos contestarte cuanto antes.<\/p>","protected":false},"excerpt":{"rendered":"<p>El Ostomysport, confeccionado en neopreno est\u00e1 pensado para cubrir, fijar y proteger de forma totalmente segura la bolsa de colostom\u00eda, ileostom\u00eda o urostom\u00eda mientras practicas deporte o actividades de alta intensidad. Muy recomendable para deportes acu\u00e1ticos, ya que el neopreno aumenta la impermeabilidad de la bolsa y retrasa el despegue del disco o dispositivo.<\/p>\n<p>Se adapta a cualquier tipo de ostom\u00eda, situadas tanto a la izquierda o a la derecha del abdomen. <span style=\"color: #000000;\">TALLA \u00daNICA<\/span>: est\u00e1 dise\u00f1ado con tiras ajustables para que puedas utilizarlo sea cual sea tu talla.<\/p>\n<p>Compatible con:<\/p>\n<ul>\n<li>Bolsas ostom\u00eda Coloplast<\/li>\n<li>Bolsas ostom\u00eda Hollister<\/li>\n<li>Bolsas ostom\u00eda Convatec<\/li>\n<li>Bolsas ostom\u00eda Braun<\/li>\n<\/ul>","protected":false},"featured_media":1085,"comment_status":"open","ping_status":"closed","template":"","meta":[],"product_brand":[],"product_cat":[30,16],"product_tag":[25],"class_list":{"0":"post-505","1":"product","2":"type-product","3":"status-publish","4":"has-post-thumbnail","6":"product_cat-deporte-y-bano","7":"product_cat-mujer","8":"product_tag-deporte","10":"first","11":"instock","12":"taxable","13":"shipping-taxable","14":"purchasable","15":"product-type-simple"},"yoast_head":"<!-- This site is optimized with the Yoast SEO plugin v26.5 - https:\/\/yoast.com\/wordpress\/plugins\/seo\/ -->\n<title>Ostomysport mujer - Miss Bowel<\/title>\n<meta name=\"robots\" content=\"index, follow, max-snippet:-1, max-image-preview:large, max-video-preview:-1\" \/>\n<link rel=\"canonical\" href=\"https:\/\/missbowel.com\/en\/product\/ostomysport\/\" \/>\n<meta property=\"og:locale\" content=\"en_GB\" \/>\n<meta property=\"og:type\" content=\"article\" \/>\n<meta property=\"og:title\" content=\"Ostomysport mujer - Miss Bowel\" \/>\n<meta property=\"og:description\" content=\"El Ostomysport, confeccionado en neopreno est\u00e1 pensado para cubrir, fijar y proteger de forma totalmente segura la bolsa de colostom\u00eda, ileostom\u00eda o urostom\u00eda mientras practicas deporte o actividades de alta intensidad. Muy recomendable para deportes acu\u00e1ticos, ya que el neopreno aumenta la impermeabilidad de la bolsa y retrasa el despegue del disco o dispositivo. Se adapta a cualquier tipo de ostom\u00eda, situadas tanto a la izquierda o a la derecha del abdomen. TALLA \u00daNICA: est\u00e1 dise\u00f1ado con tiras ajustables para que puedas utilizarlo sea cual sea tu talla. Compatible con:   Bolsas ostom\u00eda Coloplast  Bolsas ostom\u00eda Hollister  Bolsas ostom\u00eda Convatec  Bolsas ostom\u00eda Braun\" \/>\n<meta property=\"og:url\" content=\"https:\/\/missbowel.com\/en\/product\/ostomysport\/\" \/>\n<meta property=\"og:site_name\" content=\"Miss Bowel\" \/>\n<meta property=\"article:modified_time\" content=\"2026-03-21T17:05:10+00:00\" \/>\n<meta property=\"og:image\" content=\"https:\/\/missbowel.com\/wp-content\/uploads\/Ostomylove-mujer-delante-gris.jpeg\" \/>\n\t<meta property=\"og:image:width\" content=\"1597\" \/>\n\t<meta property=\"og:image:height\" content=\"1600\" \/>\n\t<meta property=\"og:image:type\" content=\"image\/jpeg\" \/>\n<meta name=\"twitter:card\" content=\"summary_large_image\" \/>\n<meta name=\"twitter:label1\" content=\"Estimated reading time\" \/>\n\t<meta name=\"twitter:data1\" content=\"2 minutes\" \/>\n<script type=\"application\/ld+json\" class=\"yoast-schema-graph\">{\"@context\":\"https:\/\/schema.org\",\"@graph\":[{\"@type\":\"WebPage\",\"@id\":\"https:\/\/missbowel.com\/producto\/ostomysport\/\",\"url\":\"https:\/\/missbowel.com\/producto\/ostomysport\/\",\"name\":\"Ostomysport mujer - Miss Bowel\",\"isPartOf\":{\"@id\":\"https:\/\/missbowel.com\/#website\"},\"primaryImageOfPage\":{\"@id\":\"https:\/\/missbowel.com\/producto\/ostomysport\/#primaryimage\"},\"image\":{\"@id\":\"https:\/\/missbowel.com\/producto\/ostomysport\/#primaryimage\"},\"thumbnailUrl\":\"https:\/\/missbowel.com\/wp-content\/uploads\/Ostomylove-mujer-delante-gris.jpeg\",\"datePublished\":\"2017-11-23T18:34:11+00:00\",\"dateModified\":\"2026-03-21T17:05:10+00:00\",\"breadcrumb\":{\"@id\":\"https:\/\/missbowel.com\/producto\/ostomysport\/#breadcrumb\"},\"inLanguage\":\"en-GB\",\"potentialAction\":[{\"@type\":\"ReadAction\",\"target\":[\"https:\/\/missbowel.com\/producto\/ostomysport\/\"]}]},{\"@type\":\"ImageObject\",\"inLanguage\":\"en-GB\",\"@id\":\"https:\/\/missbowel.com\/producto\/ostomysport\/#primaryimage\",\"url\":\"https:\/\/missbowel.com\/wp-content\/uploads\/Ostomylove-mujer-delante-gris.jpeg\",\"contentUrl\":\"https:\/\/missbowel.com\/wp-content\/uploads\/Ostomylove-mujer-delante-gris.jpeg\",\"width\":1597,\"height\":1600,\"caption\":\"Ostomysport para practicar deporte mujer\"},{\"@type\":\"BreadcrumbList\",\"@id\":\"https:\/\/missbowel.com\/producto\/ostomysport\/#breadcrumb\",\"itemListElement\":[{\"@type\":\"ListItem\",\"position\":1,\"name\":\"Portada\",\"item\":\"https:\/\/missbowel.com\/\"},{\"@type\":\"ListItem\",\"position\":2,\"name\":\"Tienda ostom\u00edas\",\"item\":\"https:\/\/missbowel.com\/tienda-ostomias\/\"},{\"@type\":\"ListItem\",\"position\":3,\"name\":\"Ostomysport mujer\"}]},{\"@type\":\"WebSite\",\"@id\":\"https:\/\/missbowel.com\/#website\",\"url\":\"https:\/\/missbowel.com\/\",\"name\":\"Miss Bowel\",\"description\":\"Productos para ostomias\",\"potentialAction\":[{\"@type\":\"SearchAction\",\"target\":{\"@type\":\"EntryPoint\",\"urlTemplate\":\"https:\/\/missbowel.com\/?s={search_term_string}\"},\"query-input\":{\"@type\":\"PropertyValueSpecification\",\"valueRequired\":true,\"valueName\":\"search_term_string\"}}],\"inLanguage\":\"en-GB\"}]}<\/script>\n<!-- \/ Yoast SEO plugin. -->","yoast_head_json":{"title":"Ostomysport mujer - Miss Bowel","robots":{"index":"index","follow":"follow","max-snippet":"max-snippet:-1","max-image-preview":"max-image-preview:large","max-video-preview":"max-video-preview:-1"},"canonical":"https:\/\/missbowel.com\/en\/product\/ostomysport\/","og_locale":"en_GB","og_type":"article","og_title":"Ostomysport mujer - Miss Bowel","og_description":"El Ostomysport, confeccionado en neopreno est\u00e1 pensado para cubrir, fijar y proteger de forma totalmente segura la bolsa de colostom\u00eda, ileostom\u00eda o urostom\u00eda mientras practicas deporte o actividades de alta intensidad. Muy recomendable para deportes acu\u00e1ticos, ya que el neopreno aumenta la impermeabilidad de la bolsa y retrasa el despegue del disco o dispositivo. Se adapta a cualquier tipo de ostom\u00eda, situadas tanto a la izquierda o a la derecha del abdomen. TALLA \u00daNICA: est\u00e1 dise\u00f1ado con tiras ajustables para que puedas utilizarlo sea cual sea tu talla. Compatible con:   Bolsas ostom\u00eda Coloplast  Bolsas ostom\u00eda Hollister  Bolsas ostom\u00eda Convatec  Bolsas ostom\u00eda Braun","og_url":"https:\/\/missbowel.com\/en\/product\/ostomysport\/","og_site_name":"Miss Bowel","article_modified_time":"2026-03-21T17:05:10+00:00","og_image":[{"width":1597,"height":1600,"url":"https:\/\/missbowel.com\/wp-content\/uploads\/Ostomylove-mujer-delante-gris.jpeg","type":"image\/jpeg"}],"twitter_card":"summary_large_image","twitter_misc":{"Estimated reading time":"2 minutes"},"schema":{"@context":"https:\/\/schema.org","@graph":[{"@type":"WebPage","@id":"https:\/\/missbowel.com\/producto\/ostomysport\/","url":"https:\/\/missbowel.com\/producto\/ostomysport\/","name":"Ostomysport mujer - Miss Bowel","isPartOf":{"@id":"https:\/\/missbowel.com\/#website"},"primaryImageOfPage":{"@id":"https:\/\/missbowel.com\/producto\/ostomysport\/#primaryimage"},"image":{"@id":"https:\/\/missbowel.com\/producto\/ostomysport\/#primaryimage"},"thumbnailUrl":"https:\/\/missbowel.com\/wp-content\/uploads\/Ostomylove-mujer-delante-gris.jpeg","datePublished":"2017-11-23T18:34:11+00:00","dateModified":"2026-03-21T17:05:10+00:00","breadcrumb":{"@id":"https:\/\/missbowel.com\/producto\/ostomysport\/#breadcrumb"},"inLanguage":"en-GB","potentialAction":[{"@type":"ReadAction","target":["https:\/\/missbowel.com\/producto\/ostomysport\/"]}]},{"@type":"ImageObject","inLanguage":"en-GB","@id":"https:\/\/missbowel.com\/producto\/ostomysport\/#primaryimage","url":"https:\/\/missbowel.com\/wp-content\/uploads\/Ostomylove-mujer-delante-gris.jpeg","contentUrl":"https:\/\/missbowel.com\/wp-content\/uploads\/Ostomylove-mujer-delante-gris.jpeg","width":1597,"height":1600,"caption":"Ostomysport para practicar deporte mujer"},{"@type":"BreadcrumbList","@id":"https:\/\/missbowel.com\/producto\/ostomysport\/#breadcrumb","itemListElement":[{"@type":"ListItem","position":1,"name":"Portada","item":"https:\/\/missbowel.com\/"},{"@type":"ListItem","position":2,"name":"Tienda ostom\u00edas","item":"https:\/\/missbowel.com\/tienda-ostomias\/"},{"@type":"ListItem","position":3,"name":"Ostomysport mujer"}]},{"@type":"WebSite","@id":"https:\/\/missbowel.com\/#website","url":"https:\/\/missbowel.com\/","name":"Miss Bowel","description":"Productos para ostomias","potentialAction":[{"@type":"SearchAction","target":{"@type":"EntryPoint","urlTemplate":"https:\/\/missbowel.com\/?s={search_term_string}"},"query-input":{"@type":"PropertyValueSpecification","valueRequired":true,"valueName":"search_term_string"}}],"inLanguage":"en-GB"}]}},"_links":{"self":[{"href":"https:\/\/missbowel.com\/en\/wp-json\/wp\/v2\/product\/505","targetHints":{"allow":["GET"]}}],"collection":[{"href":"https:\/\/missbowel.com\/en\/wp-json\/wp\/v2\/product"}],"about":[{"href":"https:\/\/missbowel.com\/en\/wp-json\/wp\/v2\/types\/product"}],"replies":[{"embeddable":true,"href":"https:\/\/missbowel.com\/en\/wp-json\/wp\/v2\/comments?post=505"}],"wp:featuredmedia":[{"embeddable":true,"href":"https:\/\/missbowel.com\/en\/wp-json\/wp\/v2\/media\/1085"}],"wp:attachment":[{"href":"https:\/\/missbowel.com\/en\/wp-json\/wp\/v2\/media?parent=505"}],"wp:term":[{"taxonomy":"product_brand","embeddable":true,"href":"https:\/\/missbowel.com\/en\/wp-json\/wp\/v2\/product_brand?post=505"},{"taxonomy":"product_cat","embeddable":true,"href":"https:\/\/missbowel.com\/en\/wp-json\/wp\/v2\/product_cat?post=505"},{"taxonomy":"product_tag","embeddable":true,"href":"https:\/\/missbowel.com\/en\/wp-json\/wp\/v2\/product_tag?post=505"}],"curies":[{"name":"wp","href":"https:\/\/api.w.org\/{rel}","templated":true}]}}