{"id":9871,"date":"2025-05-01T11:39:36","date_gmt":"2025-05-01T09:39:36","guid":{"rendered":"https:\/\/missbowel.com\/?post_type=product&#038;p=9871"},"modified":"2026-04-28T18:32:42","modified_gmt":"2026-04-28T16:32:42","slug":"banda-de-bano-en-lycra-negra-unisex","status":"publish","type":"product","link":"https:\/\/missbowel.com\/en\/product\/banda-de-bano-en-lycra-negra-unisex\/","title":{"rendered":"Banda de ba\u00f1o en lycra negra | Unisex"},"content":{"rendered":"<p>&nbsp;<\/p>\n<p><strong>Es para ti si\u2026<\/strong><\/p>\n<ul>\n<li>Te gusta disfrutar del agua.<\/li>\n<li>Est\u00e1s buscando una soluci\u00f3n para practicar deportes acu\u00e1ticos, ir a la playa, a la piscina o realizar cualquier actividad relacionada con el agua.<\/li>\n<li>Eres de los que la comodidad est\u00e1 por encima de todo.<\/li>\n<li>Necesitas una dosis extra de confianza y seguridad con tu bolsa de ostom\u00eda durante el ba\u00f1o.<\/li>\n<li>No te gusta sentir la humedad que causan otros tipos de fajas o bandas para ba\u00f1o.<\/li>\n<\/ul>\n<p><strong>\u00a0<\/strong><strong>Te gustar\u00e1 porque\u2026<\/strong><\/p>\n<ul>\n<li>Es f\u00e1cil de colocar y se adapta al cuerpo como un ba\u00f1ador.<\/li>\n<li>Podr\u00e1s ba\u00f1arte con tu ostom\u00eda de forma discreta.<\/li>\n<li>Gracias al tejido de licra, se seca r\u00e1pidamente. Di adi\u00f3s a la humedad.<\/li>\n<li>El efecto faja es suave, no oprime, lo que permite el llenado de la bolsa.<\/li>\n<li>Es ligera, con una costura lateral.<\/li>\n<\/ul>\n<p><strong>Puedes pon\u00e9rtela\u2026<\/strong><\/p>\n<ul>\n<li>Para ir a la playa o a la piscina.<\/li>\n<li>Para pasar un d\u00eda relajado en un balneario o en aguas termales<\/li>\n<li>Para practicar deporte sea o no acu\u00e1tico. Ya no hay excusas para nadar, lanzarte a probar el kitesurf, padel-surf, kayak\u2026<\/li>\n<\/ul>\n<p>\u00bfQuieres ver c\u00f3mo queda la banda? Pincha este video y no pierdas ning\u00fan detalle.<\/p>\n<div style=\"width: 1060px;\" class=\"wp-video\"><video class=\"wp-video-shortcode\" id=\"video-9871-1\" width=\"1060\" height=\"596\" poster=\"https:\/\/missbowel.com\/wp-content\/uploads\/PDSC_4568.jpg\" preload=\"metadata\" controls=\"controls\"><source type=\"video\/mp4\" src=\"https:\/\/missbowel.com\/wp-content\/uploads\/Video-banda-negra.mp4?_=1\" \/><a href=\"https:\/\/missbowel.com\/wp-content\/uploads\/Video-banda-negra.mp4\">https:\/\/missbowel.com\/wp-content\/uploads\/Video-banda-negra.mp4<\/a><\/video><\/div>\n<p><strong>Recomendaciones<\/strong><\/p>\n<ul>\n<li>L\u00e1vala a m\u00e1quina todas las veces que quieras. La banda para ba\u00f1o Miss Bowel no se estropea<\/li>\n<\/ul>\n<p><strong>\u00bfDudas con la talla?\u00a0<\/strong><strong>Te damos las pautas para que no te equivoques<\/strong><\/p>\n<p><strong>\u00a0<\/strong>Es muy f\u00e1cil, mide tu cintura y a continuaci\u00f3n busca tu equivalencia en esta tabla<\/p>\n<p>S\u00a0\u00a0\u00a0\u00a0 65cm-79cm<\/p>\n<p>M\u00a0\u00a0\u00a0\u00a0 80cm \u2013 94cm<\/p>\n<p>L\u00a0\u00a0\u00a0\u00a0 95cm \u2013 104cm<\/p>\n<p>XL\u00a0 a partir de 105 cm<\/p>\n<hr \/>\n<div><span style=\"font-size: 14pt;\"><strong>Avalado por:<\/strong><\/span><\/div>\n<div class=\"div-avalados\"><a class=\"logos-avalado\" href=\"https:\/\/www.accucatalunya.cat\/es\/\" target=\"_blank\" rel=\"noopener noreferrer\"><img loading=\"lazy\" decoding=\"async\" class=\"alignnone wp-image-579 size-full\" src=\"https:\/\/missbowel.com\/wp-content\/uploads\/accu-catalunya.jpg\" alt=\"\" width=\"104\" height=\"100\" \/><\/a> <a class=\"logos-avalado\" href=\"https:\/\/www.geteii.com\/\" target=\"_blank\" rel=\"noopener noreferrer\"><img loading=\"lazy\" decoding=\"async\" class=\"alignnone wp-image-580 size-thumbnail\" src=\"https:\/\/missbowel.com\/wp-content\/uploads\/geteii-150x100.jpg\" alt=\"\" width=\"150\" height=\"100\" \/><\/a><\/div>","protected":false},"excerpt":{"rendered":"<p>La banda para nataci\u00f3n y playa confeccionada en licra est\u00e1 pensada para cubrir, fijar y proteger la bolsa de colostom\u00eda, ileostom\u00eda o urostom\u00eda en el agua. Gracias a la elasticidad de la tela, la bolsa queda sujeta y ayuda a evitar cualquier tipo de desplazamiento. No oprime y permite que disfrutes tanto de los deportes acu\u00e1ticos como del ba\u00f1o en el mar y en la piscina. Ideal tambi\u00e9n para otro tipo de deportes.<\/p>\n<p>Elige tu talla, mide tu cintura y a continuaci\u00f3n busca tu equivalencia en esta tabla<\/p>\n<p>S\u00a0\u00a0\u00a0\u00a0 65cm-79cm<\/p>\n<p>M\u00a0\u00a0\u00a0\u00a0 80cm \u2013 94cm<\/p>\n<p>L\u00a0\u00a0\u00a0\u00a0 95cm \u2013 104cm<\/p>\n<p>XL\u00a0 a partir de 105 cm<\/p>\n<p>&nbsp;<\/p>","protected":false},"featured_media":2542,"comment_status":"open","ping_status":"closed","template":"","meta":[],"product_brand":[],"product_cat":[30,16,17],"product_tag":[23,25,24],"class_list":{"0":"post-9871","1":"product","2":"type-product","3":"status-publish","4":"has-post-thumbnail","6":"product_cat-deporte-y-bano","7":"product_cat-mujer","8":"product_cat-hombre","9":"product_tag-banda","10":"product_tag-deporte","11":"product_tag-faja","13":"first","14":"instock","15":"taxable","16":"shipping-taxable","17":"purchasable","18":"product-type-variable"},"yoast_head":"<!-- This site is optimized with the Yoast SEO plugin v26.5 - https:\/\/yoast.com\/wordpress\/plugins\/seo\/ -->\n<title>Banda de ba\u00f1o para cubrir bolsa ostom\u00eda para playa y piscina<\/title>\n<meta name=\"description\" content=\"Banda de ba\u00f1o apta para playa y piscina en tejido suave de lycra. Cubre y fija la bolsa de colostom\u00eda, ileostom\u00eda o urostom\u00eda.\" \/>\n<meta name=\"robots\" content=\"index, follow, max-snippet:-1, max-image-preview:large, max-video-preview:-1\" \/>\n<link rel=\"canonical\" href=\"https:\/\/missbowel.com\/en\/product\/banda-de-bano-en-lycra-negra-unisex\/\" \/>\n<meta property=\"og:locale\" content=\"en_GB\" \/>\n<meta property=\"og:type\" content=\"article\" \/>\n<meta property=\"og:title\" content=\"Banda de ba\u00f1o para cubrir bolsa ostom\u00eda para playa y piscina\" \/>\n<meta property=\"og:description\" content=\"Banda de ba\u00f1o apta para playa y piscina en tejido suave de lycra. Cubre y fija la bolsa de colostom\u00eda, ileostom\u00eda o urostom\u00eda.\" \/>\n<meta property=\"og:url\" content=\"https:\/\/missbowel.com\/en\/product\/banda-de-bano-en-lycra-negra-unisex\/\" \/>\n<meta property=\"og:site_name\" content=\"Miss Bowel\" \/>\n<meta property=\"article:modified_time\" content=\"2026-04-28T16:32:42+00:00\" \/>\n<meta property=\"og:image\" content=\"https:\/\/missbowel.com\/wp-content\/uploads\/Banda-para-cubrir-ostom\u00eda-color-negro-BANDA.jpg\" \/>\n\t<meta property=\"og:image:width\" content=\"662\" \/>\n\t<meta property=\"og:image:height\" content=\"662\" \/>\n\t<meta property=\"og:image:type\" content=\"image\/jpeg\" \/>\n<meta name=\"twitter:card\" content=\"summary_large_image\" \/>\n<meta name=\"twitter:label1\" content=\"Estimated reading time\" \/>\n\t<meta name=\"twitter:data1\" content=\"2 minutes\" \/>\n<script type=\"application\/ld+json\" class=\"yoast-schema-graph\">{\"@context\":\"https:\/\/schema.org\",\"@graph\":[{\"@type\":\"WebPage\",\"@id\":\"https:\/\/missbowel.com\/producto\/banda-de-bano-en-lycra-negra-unisex\/\",\"url\":\"https:\/\/missbowel.com\/producto\/banda-de-bano-en-lycra-negra-unisex\/\",\"name\":\"Banda de ba\u00f1o para cubrir bolsa ostom\u00eda para playa y piscina\",\"isPartOf\":{\"@id\":\"https:\/\/missbowel.com\/#website\"},\"primaryImageOfPage\":{\"@id\":\"https:\/\/missbowel.com\/producto\/banda-de-bano-en-lycra-negra-unisex\/#primaryimage\"},\"image\":{\"@id\":\"https:\/\/missbowel.com\/producto\/banda-de-bano-en-lycra-negra-unisex\/#primaryimage\"},\"thumbnailUrl\":\"https:\/\/missbowel.com\/wp-content\/uploads\/Banda-para-cubrir-ostom\u00eda-color-negro-BANDA.jpg\",\"datePublished\":\"2025-05-01T09:39:36+00:00\",\"dateModified\":\"2026-04-28T16:32:42+00:00\",\"description\":\"Banda de ba\u00f1o apta para playa y piscina en tejido suave de lycra. Cubre y fija la bolsa de colostom\u00eda, ileostom\u00eda o urostom\u00eda.\",\"breadcrumb\":{\"@id\":\"https:\/\/missbowel.com\/producto\/banda-de-bano-en-lycra-negra-unisex\/#breadcrumb\"},\"inLanguage\":\"en-GB\",\"potentialAction\":[{\"@type\":\"ReadAction\",\"target\":[\"https:\/\/missbowel.com\/producto\/banda-de-bano-en-lycra-negra-unisex\/\"]}]},{\"@type\":\"ImageObject\",\"inLanguage\":\"en-GB\",\"@id\":\"https:\/\/missbowel.com\/producto\/banda-de-bano-en-lycra-negra-unisex\/#primaryimage\",\"url\":\"https:\/\/missbowel.com\/wp-content\/uploads\/Banda-para-cubrir-ostom\u00eda-color-negro-BANDA.jpg\",\"contentUrl\":\"https:\/\/missbowel.com\/wp-content\/uploads\/Banda-para-cubrir-ostom\u00eda-color-negro-BANDA.jpg\",\"width\":662,\"height\":662},{\"@type\":\"BreadcrumbList\",\"@id\":\"https:\/\/missbowel.com\/producto\/banda-de-bano-en-lycra-negra-unisex\/#breadcrumb\",\"itemListElement\":[{\"@type\":\"ListItem\",\"position\":1,\"name\":\"Portada\",\"item\":\"https:\/\/missbowel.com\/\"},{\"@type\":\"ListItem\",\"position\":2,\"name\":\"Tienda ostom\u00edas\",\"item\":\"https:\/\/missbowel.com\/tienda-ostomias\/\"},{\"@type\":\"ListItem\",\"position\":3,\"name\":\"Banda de ba\u00f1o en lycra negra | Unisex\"}]},{\"@type\":\"WebSite\",\"@id\":\"https:\/\/missbowel.com\/#website\",\"url\":\"https:\/\/missbowel.com\/\",\"name\":\"Miss Bowel\",\"description\":\"Productos para ostomias\",\"potentialAction\":[{\"@type\":\"SearchAction\",\"target\":{\"@type\":\"EntryPoint\",\"urlTemplate\":\"https:\/\/missbowel.com\/?s={search_term_string}\"},\"query-input\":{\"@type\":\"PropertyValueSpecification\",\"valueRequired\":true,\"valueName\":\"search_term_string\"}}],\"inLanguage\":\"en-GB\"}]}<\/script>\n<!-- \/ Yoast SEO plugin. -->","yoast_head_json":{"title":"Banda de ba\u00f1o para cubrir bolsa ostom\u00eda para playa y piscina","description":"Banda de ba\u00f1o apta para playa y piscina en tejido suave de lycra. Cubre y fija la bolsa de colostom\u00eda, ileostom\u00eda o urostom\u00eda.","robots":{"index":"index","follow":"follow","max-snippet":"max-snippet:-1","max-image-preview":"max-image-preview:large","max-video-preview":"max-video-preview:-1"},"canonical":"https:\/\/missbowel.com\/en\/product\/banda-de-bano-en-lycra-negra-unisex\/","og_locale":"en_GB","og_type":"article","og_title":"Banda de ba\u00f1o para cubrir bolsa ostom\u00eda para playa y piscina","og_description":"Banda de ba\u00f1o apta para playa y piscina en tejido suave de lycra. Cubre y fija la bolsa de colostom\u00eda, ileostom\u00eda o urostom\u00eda.","og_url":"https:\/\/missbowel.com\/en\/product\/banda-de-bano-en-lycra-negra-unisex\/","og_site_name":"Miss Bowel","article_modified_time":"2026-04-28T16:32:42+00:00","og_image":[{"width":662,"height":662,"url":"https:\/\/missbowel.com\/wp-content\/uploads\/Banda-para-cubrir-ostom\u00eda-color-negro-BANDA.jpg","type":"image\/jpeg"}],"twitter_card":"summary_large_image","twitter_misc":{"Estimated reading time":"2 minutes"},"schema":{"@context":"https:\/\/schema.org","@graph":[{"@type":"WebPage","@id":"https:\/\/missbowel.com\/producto\/banda-de-bano-en-lycra-negra-unisex\/","url":"https:\/\/missbowel.com\/producto\/banda-de-bano-en-lycra-negra-unisex\/","name":"Banda de ba\u00f1o para cubrir bolsa ostom\u00eda para playa y piscina","isPartOf":{"@id":"https:\/\/missbowel.com\/#website"},"primaryImageOfPage":{"@id":"https:\/\/missbowel.com\/producto\/banda-de-bano-en-lycra-negra-unisex\/#primaryimage"},"image":{"@id":"https:\/\/missbowel.com\/producto\/banda-de-bano-en-lycra-negra-unisex\/#primaryimage"},"thumbnailUrl":"https:\/\/missbowel.com\/wp-content\/uploads\/Banda-para-cubrir-ostom\u00eda-color-negro-BANDA.jpg","datePublished":"2025-05-01T09:39:36+00:00","dateModified":"2026-04-28T16:32:42+00:00","description":"Banda de ba\u00f1o apta para playa y piscina en tejido suave de lycra. Cubre y fija la bolsa de colostom\u00eda, ileostom\u00eda o urostom\u00eda.","breadcrumb":{"@id":"https:\/\/missbowel.com\/producto\/banda-de-bano-en-lycra-negra-unisex\/#breadcrumb"},"inLanguage":"en-GB","potentialAction":[{"@type":"ReadAction","target":["https:\/\/missbowel.com\/producto\/banda-de-bano-en-lycra-negra-unisex\/"]}]},{"@type":"ImageObject","inLanguage":"en-GB","@id":"https:\/\/missbowel.com\/producto\/banda-de-bano-en-lycra-negra-unisex\/#primaryimage","url":"https:\/\/missbowel.com\/wp-content\/uploads\/Banda-para-cubrir-ostom\u00eda-color-negro-BANDA.jpg","contentUrl":"https:\/\/missbowel.com\/wp-content\/uploads\/Banda-para-cubrir-ostom\u00eda-color-negro-BANDA.jpg","width":662,"height":662},{"@type":"BreadcrumbList","@id":"https:\/\/missbowel.com\/producto\/banda-de-bano-en-lycra-negra-unisex\/#breadcrumb","itemListElement":[{"@type":"ListItem","position":1,"name":"Portada","item":"https:\/\/missbowel.com\/"},{"@type":"ListItem","position":2,"name":"Tienda ostom\u00edas","item":"https:\/\/missbowel.com\/tienda-ostomias\/"},{"@type":"ListItem","position":3,"name":"Banda de ba\u00f1o en lycra negra | Unisex"}]},{"@type":"WebSite","@id":"https:\/\/missbowel.com\/#website","url":"https:\/\/missbowel.com\/","name":"Miss Bowel","description":"Productos para ostomias","potentialAction":[{"@type":"SearchAction","target":{"@type":"EntryPoint","urlTemplate":"https:\/\/missbowel.com\/?s={search_term_string}"},"query-input":{"@type":"PropertyValueSpecification","valueRequired":true,"valueName":"search_term_string"}}],"inLanguage":"en-GB"}]}},"_links":{"self":[{"href":"https:\/\/missbowel.com\/en\/wp-json\/wp\/v2\/product\/9871","targetHints":{"allow":["GET"]}}],"collection":[{"href":"https:\/\/missbowel.com\/en\/wp-json\/wp\/v2\/product"}],"about":[{"href":"https:\/\/missbowel.com\/en\/wp-json\/wp\/v2\/types\/product"}],"replies":[{"embeddable":true,"href":"https:\/\/missbowel.com\/en\/wp-json\/wp\/v2\/comments?post=9871"}],"wp:featuredmedia":[{"embeddable":true,"href":"https:\/\/missbowel.com\/en\/wp-json\/wp\/v2\/media\/2542"}],"wp:attachment":[{"href":"https:\/\/missbowel.com\/en\/wp-json\/wp\/v2\/media?parent=9871"}],"wp:term":[{"taxonomy":"product_brand","embeddable":true,"href":"https:\/\/missbowel.com\/en\/wp-json\/wp\/v2\/product_brand?post=9871"},{"taxonomy":"product_cat","embeddable":true,"href":"https:\/\/missbowel.com\/en\/wp-json\/wp\/v2\/product_cat?post=9871"},{"taxonomy":"product_tag","embeddable":true,"href":"https:\/\/missbowel.com\/en\/wp-json\/wp\/v2\/product_tag?post=9871"}],"curies":[{"name":"wp","href":"https:\/\/api.w.org\/{rel}","templated":true}]}}